{"id":39200,"date":"2016-09-25T23:28:35","date_gmt":"2016-09-25T23:28:35","guid":{"rendered":"https:\/\/www.myaquastore.com\/product\/pompe-submersible-pour-bassin-de-carpes-koi-de-jardin\/"},"modified":"2025-03-16T09:06:49","modified_gmt":"2025-03-16T09:06:49","slug":"pompe-submersible-pour-bassin-de-carpes-koi-de-jardin","status":"publish","type":"product","link":"https:\/\/www.myaquastore.com\/fr\/product\/pompe-submersible-pour-bassin-de-carpes-koi-de-jardin\/","title":{"rendered":"Pompe submersible pour bassin de carpes ko\u00ef de jardin"},"content":{"rendered":"<div style=\"clear:both\"><\/div>\n<p style=\"text-align:center\"> <span style=\"font-size:24px\"> <strong><span style=\"color:#333399\">Pompe submersible pour \u00e9tang de jardin \u00e0 carpes ko\u00ef<\/span> <\/strong><span style=\"color:#000080\"><strong> <\/strong><\/span><\/span><\/p>\n<div id=\"ali-anchor-AliPostDhMb-q4abp\" style=\"padding-top:8px\" data-section=\"AliPostDhMb-q4abp\" data-section-title=\"Description du produit\">\n<div id=\"ali-title-AliPostDhMb-q4abp\" style=\"border-bottom:#ddd 1px solid;padding-bottom:8px;padding-top:8px;padding-left:0px;padding-right:0px\"><span style=\"font-weight:bold;color:#333;padding-bottom:8px;padding-top:8px;padding-left:10px;line-height:12px;padding-right:10px;background-color:#ddd\">Description du produit<\/span><\/div>\n<div style=\"padding-bottom:10px;padding-top:10px;padding-left:0px;padding-right:0px\">\n<\/div>\n<\/div>\n<p style=\"text-align:center\"><span style=\"font-size:14px;color:#ff6600\"><strong>Sp\u00e9cifications<\/strong><\/span><\/p>\n<p style=\"text-align:center\"><span style=\"font-size:14px;color:#ff6600\"><strong>1. pompe de conversion de fr\u00e9quence efficace comme puissance.<\/strong><\/span><\/p>\n<p style=\"text-align:center\"><span style=\"font-size:14px;color:#ff6600\"><strong>2. sortie utilisant un joint de tuyau polyvalent, adapt\u00e9 \u00e0 une vari\u00e9t\u00e9 de connexions de tuyaux.<\/strong><\/span><\/p>\n<p style=\"text-align:center\"><span style=\"font-size:14px;color:#ff6600\"><strong>3. D\u00e9bit d&rsquo;eau r\u00e9glable.<\/strong><\/span><\/p>\n<p style=\"text-align:center\"><span style=\"font-size:14px;color:#ff6600\"><strong>4. Ajusteur de ceinture, flexible, pratique pour r\u00e9gler la hauteur.<\/strong><\/span><\/p>\n<p style=\"text-align:center\"><span style=\"font-size:14px;color:#ff6600\"><strong>5. Tous types de styles de fontaines, pour r\u00e9pondre \u00e0 vos diff\u00e9rents besoins de visualisation.<\/strong><\/span><\/p>\n<p style=\"text-align:center\">\n<table class=\"aliDataTable\" style=\"height:159px;width:700px\">\n<tbody>\n<tr align=\"left\">\n<td style=\"width:53.25pt\" valign=\"top\">\n<p><span style=\"font-size:10.5pt\">Mod\u00e8le<\/span><\/p>\n<\/td>\n<td style=\"width:53.25pt\" valign=\"top\">\n<p><span style=\"font-size:10.5pt\">Tension<\/span><\/p>\n<\/td>\n<td style=\"width:53.25pt\" valign=\"top\">\n<p><span style=\"font-size:10.5pt\">Fr\u00e9quence<\/span><\/p>\n<\/td>\n<td style=\"width:53.25pt\" valign=\"top\">\n<p><span style=\"font-size:10.5pt\">Puissance<\/span><\/p>\n<\/td>\n<td style=\"width:53.25pt\" valign=\"top\">\n<p><span style=\"font-size:10.5pt\">H-max<\/span><\/p>\n<\/td>\n<td style=\"width:53.25pt\" valign=\"top\">\n<p><span style=\"font-size:10.5pt\">Sortie<\/span><\/p>\n<\/td>\n<td style=\"width:53.3pt\" valign=\"top\">\n<p><span style=\"font-size:10.5pt\">Dimensions<\/span><\/p>\n<\/td>\n<\/tr>\n<tr align=\"left\">\n<td valign=\"top\">\n<p><span style=\"font-size:10.5pt\">JTP-4000RF<\/span><\/p>\n<\/td>\n<td valign=\"top\">\n<p><span style=\"font-size:10.5pt\">110V\/220V\/240V<\/span><\/p>\n<\/td>\n<td valign=\"top\">\n<p><span style=\"font-size:9pt;font-family:'Verdana'\">50Hz\/60Hz<\/span><\/p>\n<\/td>\n<td valign=\"top\">\n<p><span style=\"font-size:10.5pt\">25W<\/span><\/p>\n<\/td>\n<td valign=\"top\">\n<p><span style=\"font-size:10.5pt\">3,2 m<\/span><\/p>\n<\/td>\n<td valign=\"top\">\n<p><span style=\"font-size:10.5pt\">4000L\/h<\/span><\/p>\n<\/td>\n<td valign=\"top\">\n<p><span style=\"font-size:10.5pt\">252*123*137mm<\/span><\/p>\n<\/td>\n<\/tr>\n<tr align=\"left\">\n<td valign=\"top\">\n<p><span style=\"font-size:10.5pt\">JTP-5000RF<\/span><\/p>\n<\/td>\n<td valign=\"top\">\n<p><span style=\"font-size:10.5pt\">110V\/220V\/240V<\/span><\/p>\n<\/td>\n<td valign=\"top\">\n<p><span style=\"font-size:9pt;font-family:'Verdana';background:#ffffff;color:#000000\">50Hz\/60Hz<\/span><\/p>\n<\/td>\n<td valign=\"top\">\n<p><span style=\"font-size:10.5pt\">30W<\/span><\/p>\n<\/td>\n<td valign=\"top\">\n<p><span style=\"font-size:10.5pt\">3,6 m<\/span><\/p>\n<\/td>\n<td valign=\"top\">\n<p><span style=\"font-size:10.5pt\">5\u00a0000\u00a0L\/h<\/span><\/p>\n<\/td>\n<td valign=\"top\">\n<p><span style=\"font-size:10.5pt\">252*123*137mm<\/span><\/p>\n<\/td>\n<\/tr>\n<tr align=\"left\">\n<td valign=\"top\">\n<p><span style=\"font-size:10.5pt\">JTP-6000RF<\/span><\/p>\n<\/td>\n<td valign=\"top\">\n<p><span style=\"font-size:10.5pt\">110V\/220V\/240V<\/span><\/p>\n<\/td>\n<td valign=\"top\">\n<p><span style=\"font-size:9pt;font-family:'Verdana'\">50Hz\/60Hz<\/span><\/p>\n<\/td>\n<td valign=\"top\">\n<p><span style=\"font-size:10.5pt\">40W<\/span><\/p>\n<\/td>\n<td valign=\"top\">\n<p><span style=\"font-size:10.5pt\">4,0 m<\/span><\/p>\n<\/td>\n<td valign=\"top\">\n<p><span style=\"font-size:10.5pt\">6000L\/h<\/span><\/p>\n<\/td>\n<td valign=\"top\">\n<p><span style=\"font-size:10.5pt\">252*123*137mm<\/span><\/p>\n<\/td>\n<\/tr>\n<tr align=\"left\">\n<td valign=\"top\">\n<p><span style=\"font-size:10.5pt\">JTP-7000RF<\/span><\/p>\n<\/td>\n<td valign=\"top\">\n<p><span style=\"font-size:10.5pt\">110V\/220V\/240V<\/span><\/p>\n<\/td>\n<td valign=\"top\">\n<p><span style=\"font-size:9pt;font-family:'Verdana';background:#ffffff;color:#000000\">50Hz\/60Hz<\/span><\/p>\n<\/td>\n<td valign=\"top\">\n<p><span style=\"font-size:10.5pt\">50W<\/span><\/p>\n<\/td>\n<td valign=\"top\">\n<p><span style=\"font-size:10.5pt\">4,4 m<\/span><\/p>\n<\/td>\n<td valign=\"top\">\n<p><span style=\"font-size:10.5pt\">7 000 L\/h<\/span><\/p>\n<\/td>\n<td valign=\"top\">\n<p><span style=\"font-size:10.5pt\">252*123*137mm<\/span><\/p>\n<\/td>\n<\/tr>\n<tr align=\"left\">\n<td valign=\"top\">\n<p><span style=\"font-size:10.5pt\">JTP-8000RF<\/span><\/p>\n<\/td>\n<td valign=\"top\">\n<p><span style=\"font-size:10.5pt\">110V\/220V\/240V<\/span><\/p>\n<\/td>\n<td valign=\"top\">\n<p><span style=\"font-size:9pt;font-family:'Verdana'\">50Hz\/60Hz<\/span><\/p>\n<\/td>\n<td valign=\"top\">\n<p><span style=\"font-size:10.5pt\">60W<\/span><\/p>\n<\/td>\n<td valign=\"top\">\n<p><span style=\"font-size:10.5pt\">4,8 m<\/span><\/p>\n<\/td>\n<td valign=\"top\">\n<p><span style=\"font-size:10.5pt\">8000L\/h<\/span><\/p>\n<\/td>\n<td valign=\"top\">\n<p><span style=\"font-size:10.5pt\">252*123*137mm<\/span><\/p>\n<\/td>\n<\/tr>\n<tr align=\"left\">\n<td valign=\"top\">\n<p><span style=\"font-size:10.5pt\">JTP-9000RF<\/span><\/p>\n<\/td>\n<td valign=\"top\">\n<p><span style=\"font-size:10.5pt\">110V\/220V\/240V<\/span><\/p>\n<\/td>\n<td valign=\"top\">\n<p><span style=\"font-size:9pt;font-family:'Verdana';background:#ffffff;color:#000000\">50Hz\/60Hz<\/span><\/p>\n<\/td>\n<td valign=\"top\">\n<p><span style=\"font-size:10.5pt\">70W<\/span><\/p>\n<\/td>\n<td valign=\"top\">\n<p><span style=\"font-size:10.5pt\">5,2 m<\/span><\/p>\n<\/td>\n<td valign=\"top\">\n<p><span style=\"font-size:10.5pt\">9 000 L\/h<\/span><\/p>\n<\/td>\n<td valign=\"top\">\n<p><span style=\"font-size:10.5pt\">252*123*137mm<\/span><\/p>\n<\/td>\n<\/tr>\n<\/tbody>\n<\/table>\n<p style=\"text-align:center\"><span style=\"font-size:14px;color:#0000ff\"><strong>S\u00e9rie JTP RF<\/strong><\/span><\/p>\n<p style=\"text-align:center\"><img loading=\"lazy\" decoding=\"async\" alt=\"Pompe submersible pour \u00e9tang de jardin Koi\" src=\"http:\/\/localhost\/media\/import\/detail\/532674237_981.jpg\" width=\"635\" height=\"461\"><img loading=\"lazy\" decoding=\"async\" alt=\"Pompe submersible pour \u00e9tang de jardin Koi\" src=\"http:\/\/localhost\/media\/import\/detail\/532674239_207.jpg\" width=\"629\" height=\"372\"><\/p>\n<p style=\"text-align:center\">\n<p style=\"text-align:center\"><strong><span style=\"font-size:14px;color:#0000ff\">Autres pompes de fontaine similaires<\/span><\/strong><\/p>\n<p style=\"text-align:center\"><img loading=\"lazy\" decoding=\"async\" alt=\"Pompe submersible pour \u00e9tang de jardin Koi\" src=\"http:\/\/localhost\/media\/import\/detail\/532653876_683.jpg\" width=\"625\" height=\"370\"><img loading=\"lazy\" decoding=\"async\" alt=\"Pompe submersible pour \u00e9tang de jardin \u00e0 carpes ko\u00ef\" src=\"http:\/\/localhost\/media\/import\/detail\/532653877_134.jpg\" width=\"611\" height=\"397\"><img loading=\"lazy\" decoding=\"async\" alt=\"Pompe submersible pour \u00e9tang de jardin \u00e0 carpes ko\u00ef\" src=\"http:\/\/localhost\/media\/import\/detail\/532653878_483.jpg\" width=\"609\" height=\"443\"><\/p>\n<p style=\"text-align:center\"><img loading=\"lazy\" decoding=\"async\" alt=\"Pompe submersible pour bassin de jardin Koi\" src=\"http:\/\/localhost\/media\/import\/detail\/532653505_848.jpg\" width=\"614\" height=\"379\"><\/p>\n<p style=\"text-align:center\">\n<p style=\"text-align:center\"><span style=\"font-size:14px;color:#0000ff\"><strong>Diff\u00e9rentes t\u00eates de fontaine cr\u00e9ent diff\u00e9rentes caract\u00e9ristiques de fontaine\u00a0:<\/strong><\/span><\/p>\n<p style=\"text-align:center\"><img loading=\"lazy\" decoding=\"async\" alt=\"Pompe submersible pour bassin de jardin Koi\" src=\"http:\/\/localhost\/media\/import\/detail\/532657093_117.jpg\" width=\"584\" height=\"321\"><\/p>\n<p style=\"text-align:center\"><img decoding=\"async\" alt=\"Pompe submersible pour \u00e9tang de jardin \u00e0 carpes ko\u00ef\" src=\"http:\/\/localhost\/media\/import\/detail\/532655079_607.jpg\"><img decoding=\"async\" alt=\"\u00c9tang de jardin \u00e0 carpes ko\u00ef Pompe submersible\" src=\"http:\/\/localhost\/media\/import\/detail\/532655082_060.jpg\"> <\/p>\n<p style=\"text-align:center\"> <span style=\"font-size:14px\"><strong><span style=\"color:#0000ff\">Fus\u00e9e de style mousse Style<\/span><\/strong><\/span><\/p>\n<p style=\"text-align:center\"><img decoding=\"async\" alt=\"Pompe submersible pour \u00e9tang de jardin \u00e0 carpes ko\u00ef\" src=\"http:\/\/localhost\/media\/import\/detail\/532655084_174.jpg\"><img decoding=\"async\" alt=\"Pompe submersible pour \u00e9tang de jardin \u00e0 carpes ko\u00ef\" src=\"http:\/\/localhost\/media\/import\/detail\/532655086_916.jpg\"><\/p>\n<p style=\"text-align:center\"> <span style=\"font-size:14px\"><strong><span style=\"color:#0000ff\">Style champagne<\/span><\/strong><\/span> <span style=\"font-size:14px\"><strong><span style=\"color:#0000ff\"> Style de tente<\/span><\/strong><\/span><\/p>\n<p style=\"text-align:center\">\n<p style=\"text-align:center\">\n<div id=\"ali-anchor-AliPostDhMb-y1pu6\" style=\"padding-top:8px\" data-section=\"AliPostDhMb-y1pu6\" data-section-title=\"Informations sur la soci\u00e9t\u00e9\"> <\/div>\n","protected":false},"excerpt":{"rendered":"<p>Pompe submersible pour bassin de carpes ko\u00ef de jardin<\/p>\n","protected":false},"featured_media":5763,"comment_status":"open","ping_status":"closed","template":"","meta":[],"product_brand":[],"product_cat":[1380],"product_tag":[],"class_list":{"0":"post-39200","1":"product","2":"type-product","3":"status-publish","4":"has-post-thumbnail","6":"product_cat-pompes-a-eau-et-amp-tetes-motrices","8":"first","9":"instock","10":"shipping-taxable","11":"purchasable","12":"product-type-simple"},"_links":{"self":[{"href":"https:\/\/www.myaquastore.com\/fr\/wp-json\/wp\/v2\/product\/39200","targetHints":{"allow":["GET"]}}],"collection":[{"href":"https:\/\/www.myaquastore.com\/fr\/wp-json\/wp\/v2\/product"}],"about":[{"href":"https:\/\/www.myaquastore.com\/fr\/wp-json\/wp\/v2\/types\/product"}],"replies":[{"embeddable":true,"href":"https:\/\/www.myaquastore.com\/fr\/wp-json\/wp\/v2\/comments?post=39200"}],"wp:featuredmedia":[{"embeddable":true,"href":"https:\/\/www.myaquastore.com\/fr\/wp-json\/wp\/v2\/media\/5763"}],"wp:attachment":[{"href":"https:\/\/www.myaquastore.com\/fr\/wp-json\/wp\/v2\/media?parent=39200"}],"wp:term":[{"taxonomy":"product_brand","embeddable":true,"href":"https:\/\/www.myaquastore.com\/fr\/wp-json\/wp\/v2\/product_brand?post=39200"},{"taxonomy":"product_cat","embeddable":true,"href":"https:\/\/www.myaquastore.com\/fr\/wp-json\/wp\/v2\/product_cat?post=39200"},{"taxonomy":"product_tag","embeddable":true,"href":"https:\/\/www.myaquastore.com\/fr\/wp-json\/wp\/v2\/product_tag?post=39200"}],"curies":[{"name":"wp","href":"https:\/\/api.w.org\/{rel}","templated":true}]}}