{"id":39207,"date":"2016-09-25T23:28:36","date_gmt":"2016-09-25T23:28:36","guid":{"rendered":"https:\/\/www.myaquastore.com\/product\/fournisseur-de-pompe-de-fontaine-de-chine-sunsun-vente-chaude-cqb-2503\/"},"modified":"2025-03-16T09:06:51","modified_gmt":"2025-03-16T09:06:51","slug":"fournisseur-de-pompe-de-fontaine-de-chine-sunsun-vente-chaude-cqb-2503","status":"publish","type":"product","link":"https:\/\/www.myaquastore.com\/fr\/product\/fournisseur-de-pompe-de-fontaine-de-chine-sunsun-vente-chaude-cqb-2503\/","title":{"rendered":"Fournisseur de pompe de fontaine de Chine SUNSUN Vente chaude CQB-2503"},"content":{"rendered":"<div style=\"clear:both\"><\/div>\n<p style=\"text-align:center\"> <span style=\"color:#000080\"> <\/span><span style=\"font-size:18px\"><strong><span style=\"color:#333399\"> <span style=\"color:#000080\"><span style=\"font-size:24px\"><span style=\"font-family:georgia,palatino\"> Fournisseur de pompes de fontaine de Chine SUNSUN Vente chaude <\/span> <\/span> <\/span> <span style=\"color:#ff0000\"> <\/span><\/span> <\/strong><\/span><span style=\"font-size:18px;font-family:georgia,palatino;color:#003300\"><strong> <\/strong><\/span><span style=\"color:#000080\"><strong><span style=\"font-size:16px\"><span style=\"font-size:18px;color:#003300\"><strong> <\/strong><\/span> <br \/><\/span><\/strong><\/span><\/p>\n<p style=\"text-align:center\"><span style=\"color:#000000\"> <\/span><\/p>\n<div id=\"ali-anchor-AliPostDhMb-e1axy\" style=\"padding-top:8px\" data-section=\"AliPostDhMb-e1axy\" data-section-title=\"Description du produit\">\n<div id=\"ali-title-AliPostDhMb-e1axy\" style=\"border-bottom:#ddd 1px solid;padding-bottom:8px;padding-top:8px;padding-left:0px;padding-right:0px\"><span style=\"font-weight:bold;color:#333;padding-bottom:8px;padding-top:8px;padding-left:10px;line-height:12px;padding-right:10px;background-color:#ddd\">Description du produit<\/span><\/div>\n<div style=\"padding-bottom:10px;padding-top:10px;padding-left:0px;padding-right:0px\">\n<\/div>\n<\/div>\n<p style=\"text-align:center\">\n<p style=\"text-align:center\"><span style=\"font-size:14px;color:#000000\"><strong>Sp\u00e9cifications de la fontaine SUNSUN pompes<br \/><\/strong><\/span><\/p>\n<p style=\"text-align:center\"><span style=\"font-size:14px;color:#000000\">1. Appliquer sur les \u00e9tangs, les rocailles, les r\u00e9servoirs d&rsquo;aquarium et les r\u00e9servoirs de fruits de mer avec un \u00e9quipement de recyclage de l&rsquo;eau correspondant.<\/span><\/p>\n<p style=\"text-align:center\"><span style=\"color:#000000\"><span style=\"font-size:14px\">2. Aspiration faible et faible bruit<\/span><span style=\"font-size:14px\">.<\/span><\/span><\/p>\n<p style=\"text-align:center\"><span style=\"color:#000000\"> <\/span><\/p>\n<p style=\"text-align:center\"><span style=\"font-size:14px;color:#000000\">3. Moteur asynchrone standard haute performance avec un nouveau design et une \u00e9conomie d&rsquo;\u00e9nergie jusqu&rsquo;\u00e0 50 % par rapport \u00e0 avant.<\/span><\/p>\n<p style=\"text-align:center\"><span style=\"font-size:14px;color:#000000\">4. La conception du grand panier filtrant rend l&rsquo;entretien beaucoup plus long. Le double joint en r\u00e9sine et l&rsquo;anneau en caoutchouc le rendent plus s\u00fbr \u00e0 utiliser. Arbre en c\u00e9ramique \u00e0 haute r\u00e9sistance et usure, longue dur\u00e9e de vie.<\/span><\/p>\n<p style=\"text-align:center\"><span style=\"font-size:14px;color:#000000\">6. L&rsquo;h\u00e9lice en spirale permet une taille de particules de salet\u00e9 allant jusqu&rsquo;\u00e0 6 mm.<\/span><\/p>\n<p style=\"text-align:center\">\n<p style=\"text-align:center\"><strong><span style=\"font-size:14px;color:#000000\">Param\u00e8tres des pompes de bassin de fontaine SUNSUN<\/span><\/strong><\/p>\n<table class=\"aliDataTable\">\n<tbody>\n<tr align=\"left\">\n<td style=\"width:53.25pt\" valign=\"top\">\n<p><span style=\"font-size:12px\">Mod\u00e8le<\/span><\/p>\n<\/td>\n<td style=\"width:53.25pt\" valign=\"top\">\n<p><span style=\"font-size:12px\">Tension<\/span><\/p>\n<\/td>\n<td style=\"width:53.25pt\" valign=\"top\">\n<p><span style=\"font-size:12px\">Fr\u00e9quence<\/span><\/p>\n<\/td>\n<td style=\"width:53.25pt\" valign=\"top\">\n<p><span style=\"font-size:12px\">Puissance<\/span><\/p>\n<\/td>\n<td style=\"width:53.25pt\" valign=\"top\">\n<p><span style=\"font-size:12px\">H-max<\/span><\/p>\n<\/td>\n<td style=\"width:53.25pt\" valign=\"top\">\n<p><span style=\"font-size:12px\">Sortie<\/span><\/p>\n<\/td>\n<td style=\"width:53.25pt\" valign=\"top\">\n<p><span style=\"font-size:12px\">Adaptateur de tuyau<\/span><\/p>\n<\/td>\n<td style=\"width:53.25pt\" valign=\"top\">\n<p><span style=\"font-size:12px\"> Longueur du c\u00e2ble<\/span><\/p>\n<\/td>\n<td style=\"width:53.3pt\" valign=\"top\">\n<p><span style=\"font-size:12px\">Dimensions<\/span><\/p>\n<\/td>\n<\/tr>\n<tr align=\"left\">\n<td valign=\"top\"><span style=\"font-size:12px\">CQB-2003<\/span><\/td>\n<td valign=\"top\">\n<p><span style=\"font-size:12px\">110V\/220V\/240V<\/span><\/p>\n<\/td>\n<td valign=\"top\">\n<p><span style=\"font-size:12px;font-family:'Verdana'\">50Hz\/60Hz<\/span><\/p>\n<\/td>\n<td valign=\"top\">\n<p><span style=\"font-size:12px\">35W<\/span><\/p>\n<\/td>\n<td valign=\"top\">\n<p><span style=\"font-size:12px\">2,0 m<\/span><\/p>\n<\/td>\n<td valign=\"top\">\n<p><span style=\"font-size:12px\">2300L\/h<\/span><\/p>\n<\/td>\n<td valign=\"top\">\n<p><span style=\"font-size:12px\">3\/4~1<\/span><\/p>\n<\/td>\n<td valign=\"top\">\n<p><span style=\"font-size:12px\"> 10 m<\/span><\/p>\n<\/td>\n<td valign=\"top\">\n<p><span style=\"font-size:12px\">193*99*99mm<\/span><\/p>\n<\/td>\n<\/tr>\n<tr align=\"left\">\n<td valign=\"top\"><span style=\"font-size:12px\">CQB-2503<\/span><\/td>\n<td valign=\"top\">\n<p><span style=\"font-size:12px\">110V\/220V\/240V<\/span><\/p>\n<\/td>\n<td valign=\"top\">\n<p><span style=\"font-size:12px;font-family:'Verdana'\">50Hz\/60Hz<\/span><\/p>\n<\/td>\n<td valign=\"top\">\n<p><span style=\"font-size:12px\">45W<\/span><\/p>\n<\/td>\n<td valign=\"top\">\n<p><span style=\"font-size:12px\">2,5 m<\/span><\/p>\n<\/td>\n<td valign=\"top\">\n<p><span style=\"font-size:12px\">2700L\/h<\/span><\/p>\n<\/td>\n<td valign=\"top\">\n<p><span style=\"font-size:12px\">3\/4~1<\/span><\/p>\n<\/td>\n<td valign=\"top\">\n<p><span style=\"font-size:12px\"> 10 m<\/span><\/p>\n<\/td>\n<td valign=\"top\">\n<p><span style=\"font-size:12px\">193*99*99mm<\/span><\/p>\n<\/td>\n<\/tr>\n<tr align=\"left\">\n<td valign=\"top\"><span style=\"font-size:12px\">CQB-4003<\/span><\/td>\n<td valign=\"top\">\n<p><span style=\"font-size:12px\">110V\/220V\/240V<\/span><\/p>\n<\/td>\n<td valign=\"top\">\n<p><span style=\"font-size:12px;font-family:'Verdana'\">50Hz\/60Hz<\/span><\/p>\n<\/td>\n<td valign=\"top\">\n<p><span style=\"font-size:12px\">55W<\/span><\/p>\n<\/td>\n<td valign=\"top\">\n<p><span style=\"font-size:12px\">2,8\u00a0m<\/span><\/p>\n<\/td>\n<td valign=\"top\">\n<p><span style=\"font-size:12px\">3800L\/h<\/span><\/p>\n<\/td>\n<td valign=\"top\"><span style=\"font-size:12px\">3\/4~1<\/span><\/td>\n<td valign=\"top\"><span style=\"font-size:12px\"> 10 m<\/span><\/td>\n<td valign=\"top\">\n<p><span style=\"font-size:12px\">175*100*100mm<\/span><\/p>\n<\/td>\n<\/tr>\n<tr align=\"left\">\n<td valign=\"top\"><span style=\"font-size:12px\">CQB-5003<\/span><\/td>\n<td valign=\"top\">\n<p><span style=\"font-size:12px\">110V\/220V\/240V<\/span><\/p>\n<\/td>\n<td valign=\"top\">\n<p><span style=\"font-size:12px;font-family:'Verdana'\">50Hz\/60Hz<\/span><\/p>\n<\/td>\n<td valign=\"top\">\n<p><span style=\"font-size:12px\">70W<\/span><\/p>\n<\/td>\n<td valign=\"top\">\n<p><span style=\"font-size:12px\">3,5 m<\/span><\/p>\n<\/td>\n<td valign=\"top\">\n<p><span style=\"font-size:12px\">4600L\/h<\/span><\/p>\n<\/td>\n<td valign=\"top\">\n<p><span style=\"font-size:12px\">3\/4~1<\/span><\/p>\n<\/td>\n<td valign=\"top\">\n<p><span style=\"font-size:12px\"> 10 m<\/span><\/p>\n<\/td>\n<td valign=\"top\">\n<p><span style=\"font-size:12px\">175*100*100mm<\/span><\/p>\n<\/td>\n<\/tr>\n<tr align=\"left\">\n<td valign=\"top\"><span style=\"font-size:12px\">CQB-6003<\/span><\/td>\n<td valign=\"top\">\n<p><span style=\"font-size:12px\">110V\/220V\/240V<\/span><\/p>\n<\/td>\n<td valign=\"top\">\n<p><span style=\"font-size:12px;font-family:'Verdana'\">50Hz\/60Hz<\/span><\/p>\n<\/td>\n<td valign=\"top\">\n<p><span style=\"font-size:12px\"> 95W<\/span><\/p>\n<\/td>\n<td valign=\"top\">\n<p><span style=\"font-size:12px\">4,0 m<\/span><\/p>\n<\/td>\n<td valign=\"top\">\n<p><span style=\"font-size:12px\">5800L\/h<\/span><\/p>\n<\/td>\n<td valign=\"top\">\n<p><span style=\"font-size:12px\">3\/4~1<\/span><\/p>\n<\/td>\n<td valign=\"top\">\n<p><span style=\"font-size:12px\"> 10 m<\/span><\/p>\n<\/td>\n<td valign=\"top\">\n<p><span style=\"font-size:12px\"> 175*100*100mm<\/span><\/p>\n<\/td>\n<\/tr>\n<tr align=\"left\">\n<td valign=\"top\"><span style=\"font-size:12px\">CQB-8003<\/span><\/td>\n<td valign=\"top\">\n<p><span style=\"font-size:12px\">110V\/220V\/240V<\/span><\/p>\n<\/td>\n<td valign=\"top\">\n<p><span style=\"font-size:12px;font-family:'Verdana'\">50Hz\/60Hz<\/span><\/p>\n<\/td>\n<td valign=\"top\">\n<p><span style=\"font-size:12px\"> 140 W<\/span><\/p>\n<\/td>\n<td valign=\"top\">\n<p><span style=\"font-size:12px\">5,0 m<\/span><\/p>\n<\/td>\n<td valign=\"top\">\n<p><span style=\"font-size:12px\">6500L\/h<\/span><\/p>\n<\/td>\n<td valign=\"top\">\n<p><span style=\"font-size:12px\">3\/4~5\/4<\/span><\/p>\n<\/td>\n<td valign=\"top\">\n<p><span style=\"font-size:12px\"> 10 m<\/span><\/p>\n<\/td>\n<td valign=\"top\">\n<p><span style=\"font-size:12px\"> 195*100*100mm<\/span><\/p>\n<\/td>\n<\/tr>\n<\/tbody>\n<\/table>\n<p style=\"text-align:center\"><span style=\"font-size:14px;color:#008000\"><strong><span style=\"color:#000000\">Pompes submersibles pour bassin de fontaine s\u00e9rie CQB<\/span><\/strong><\/span><\/p>\n<p style=\"text-align:center\"><img decoding=\"async\" alt=\"Fournisseur de pompes de fontaine de Chine SUNSUN Hot-sale\" src=\"http:\/\/localhost\/media\/import\/detail\/824225083_385.jpg\"><span style=\"font-size:14px;color:#008000\"><strong><br \/><\/strong><\/span><\/p>\n<p style=\"text-align:center\"><span style=\"font-size:14px;color:#008000\"><strong><img loading=\"lazy\" decoding=\"async\" alt=\"Fournisseur de pompe de fontaine de Chine SUNSUN Vente chaude\" src=\"http:\/\/localhost\/media\/import\/detail\/532807974_786.jpg\" width=\"600\" height=\"588\"><\/strong><\/span><\/p>\n<p style=\"text-align:center\">\n<p style=\"text-align:center\"><span style=\"color:#000000\"><strong><span style=\"font-size:14px\">Autres pompes de bassin de fontaine similaires<\/span><\/strong><\/span><\/p>\n<p style=\"text-align:center\"><img loading=\"lazy\" decoding=\"async\" alt=\"Fournisseur de pompes de fontaine de Chine SUNSUN Vente chaude\" src=\"http:\/\/localhost\/media\/import\/detail\/532653877_134.jpg\" width=\"611\" height=\"397\"><img loading=\"lazy\" decoding=\"async\" alt=\"Fournisseur de pompes de fontaine de Chine SUNSUN Hot-sale\" src=\"http:\/\/localhost\/media\/import\/detail\/532653878_483.jpg\" width=\"609\" height=\"443\"><\/p>\n<p style=\"text-align:center\"><img loading=\"lazy\" decoding=\"async\" alt=\"Fournisseur de pompes de fontaine de Chine SUNSUN Hot-sale\" src=\"http:\/\/localhost\/media\/import\/detail\/532653505_848.jpg\" width=\"614\" height=\"379\"><\/p>\n<p style=\"text-align:center\">\n<p style=\"text-align:center\"><span style=\"font-size:14px;color:#ff6600\"><strong>Diff\u00e9rentes t\u00eates de fontaine cr\u00e9ent diff\u00e9rentes caract\u00e9ristiques de fontaine\u00a0:<\/strong><\/span><\/p>\n<p style=\"text-align:center\"><img loading=\"lazy\" decoding=\"async\" alt=\"Fournisseur de pompe de fontaine de Chine SUNSUN Vente chaude\" src=\"http:\/\/localhost\/media\/import\/detail\/532657093_117.jpg\" width=\"584\" height=\"321\"><\/p>\n<p style=\"text-align:center\"><img loading=\"lazy\" decoding=\"async\" alt=\"Fournisseur de pompe de fontaine de Chine SUNSUN Vente chaude\" src=\"http:\/\/localhost\/media\/import\/detail\/532808285_368.jpg\" width=\"591\" height=\"98\"><\/p>\n<p style=\"text-align:center\"><img decoding=\"async\" alt=\"Fournisseur de pompe de fontaine de Chine SUNSUN Vente chaude\" src=\"http:\/\/localhost\/media\/import\/detail\/532655079_607.jpg\"><img decoding=\"async\" alt=\"Fournisseur de pompes de fontaine de Chine SUNSUN Vente chaude\" src=\"http:\/\/localhost\/media\/import\/detail\/532655082_060.jpg\"> <\/p>\n<p style=\"text-align:center\"> <span style=\"font-size:14px\"><strong><span style=\"color:#0000ff\">Style fus\u00e9e en mousse<\/span><\/strong><\/span><\/p>\n<p style=\"text-align:center\"><img decoding=\"async\" alt=\"Fournisseur de pompe de fontaine de Chine SUNSUN Vente chaude\" src=\"http:\/\/localhost\/media\/import\/detail\/532655084_174.jpg\"><img decoding=\"async\" alt=\"Fournisseur de pompes de fontaine de Chine SUNSUN Vente chaude\" src=\"http:\/\/localhost\/media\/import\/detail\/532655086_916.jpg\"><\/p>\n<p style=\"text-align:center\"> <span style=\"font-size:14px\"><strong><span style=\"color:#0000ff\">Style champagne<\/span><\/strong><\/span> <span style=\"font-size:14px\"><strong><span style=\"color:#0000ff\"> Tente Style<\/span><\/strong><\/span><\/p>\n<p style=\"text-align:center\">\n<p style=\"text-align:center\"><span style=\"font-size:14px\"><strong><span style=\"color:#0000ff\"><br \/><\/span><\/strong><\/span><\/p>\n<\/p>\n<p style=\"text-align:center\">\n<div id=\"ali-anchor-AliPostDhMb-1iu0w\" style=\"padding-top:8px\" data-section=\"AliPostDhMb-1iu0w\" data-section-title=\"Informations sur la soci\u00e9t\u00e9\">\n<div style=\"clear:both\"><\/div>\n<p><strong><span style=\"color:#ff9900;font-family:Arial\"><\/span><\/strong><\/div>\n","protected":false},"excerpt":{"rendered":"<p>Fournisseur de pompe de fontaine de Chine SUNSUN Vente chaude CQB-2503<\/p>\n","protected":false},"featured_media":5777,"comment_status":"open","ping_status":"closed","template":"","meta":[],"product_brand":[],"product_cat":[1380],"product_tag":[],"class_list":{"0":"post-39207","1":"product","2":"type-product","3":"status-publish","4":"has-post-thumbnail","6":"product_cat-pompes-a-eau-et-amp-tetes-motrices","8":"first","9":"instock","10":"shipping-taxable","11":"purchasable","12":"product-type-simple"},"_links":{"self":[{"href":"https:\/\/www.myaquastore.com\/fr\/wp-json\/wp\/v2\/product\/39207","targetHints":{"allow":["GET"]}}],"collection":[{"href":"https:\/\/www.myaquastore.com\/fr\/wp-json\/wp\/v2\/product"}],"about":[{"href":"https:\/\/www.myaquastore.com\/fr\/wp-json\/wp\/v2\/types\/product"}],"replies":[{"embeddable":true,"href":"https:\/\/www.myaquastore.com\/fr\/wp-json\/wp\/v2\/comments?post=39207"}],"wp:featuredmedia":[{"embeddable":true,"href":"https:\/\/www.myaquastore.com\/fr\/wp-json\/wp\/v2\/media\/5777"}],"wp:attachment":[{"href":"https:\/\/www.myaquastore.com\/fr\/wp-json\/wp\/v2\/media?parent=39207"}],"wp:term":[{"taxonomy":"product_brand","embeddable":true,"href":"https:\/\/www.myaquastore.com\/fr\/wp-json\/wp\/v2\/product_brand?post=39207"},{"taxonomy":"product_cat","embeddable":true,"href":"https:\/\/www.myaquastore.com\/fr\/wp-json\/wp\/v2\/product_cat?post=39207"},{"taxonomy":"product_tag","embeddable":true,"href":"https:\/\/www.myaquastore.com\/fr\/wp-json\/wp\/v2\/product_tag?post=39207"}],"curies":[{"name":"wp","href":"https:\/\/api.w.org\/{rel}","templated":true}]}}