{"id":39208,"date":"2016-09-25T23:28:36","date_gmt":"2016-09-25T23:28:36","guid":{"rendered":"https:\/\/www.myaquastore.com\/product\/pompe-de-bassin-decorative-sunsun-ce-gs-pour-aquarium-jardin-cfp-9000-95w-3-6m-9000l-h\/"},"modified":"2025-03-16T09:06:51","modified_gmt":"2025-03-16T09:06:51","slug":"pompe-de-bassin-decorative-sunsun-ce-gs-pour-aquarium-jardin-cfp-9000-95w-3-6m-9000l-h","status":"publish","type":"product","link":"https:\/\/www.myaquastore.com\/fr\/product\/pompe-de-bassin-decorative-sunsun-ce-gs-pour-aquarium-jardin-cfp-9000-95w-3-6m-9000l-h\/","title":{"rendered":"Pompe de bassin d\u00e9corative SUNSUN CE\/GS pour aquarium\/jardin CFP-9000 (95W 3.6m 9000L\/h)"},"content":{"rendered":"<div style=\"clear:both\"><\/div>\n<div id=\"ali-anchor-AliPostDhMb-s2iaa\" style=\"padding-top:8px\" data-section=\"AliPostDhMb-s2iaa\" data-section-title=\"signboard\">\n<div id=\"ali-title-AliPostDhMb-s2iaa\" style=\"border-bottom:#ddd 1px solid;padding-bottom:8px;padding-top:8px;padding-left:0px;padding-right:0px\"> <\/div>\n<p><span><\/span><\/p>\n<\/div>\n<p style=\"text-align:center\"><span style=\"font-size:24px\"><strong>Pompe de bassin d\u00e9corative SUNSUN CE\/GS pour aquarium\/jardin CFP-9000 (95W 3,6m 9000L\/h)<\/strong><\/span><\/p>\n<div id=\"ali-anchor-AliPostDhMb-pxw28\" style=\"padding-top:8px\" data-section=\"AliPostDhMb-pxw28\" data-section-title=\"Description du produit\">\n<div id=\"ali-title-AliPostDhMb-pxw28\" style=\"border-bottom:#ddd 1px solid;padding-bottom:8px;padding-top:8px;padding-left:0px;padding-right:0px\"><span style=\"font-weight:bold;color:#333;padding-bottom:8px;padding-top:8px;padding-left:10px;line-height:12px;padding-right:10px;background-color:#ddd\">Description du produit<\/span><\/div>\n<div style=\"padding-bottom:10px;padding-top:10px;padding-left:0px;padding-right:0px\">\n<p><strong><span style=\"font-size:11pt\">Pompes de bassin haute performance pour toutes les solutions de bassin.<\/span><\/strong><\/p>\n<\/div>\n<\/div>\n<p><span style=\"font-size:11pt;font-family:times new roman,times\"> <\/span><\/p>\n<p><span style=\"font-size:11pt;font-family:times new roman,times\">Si vous recherchez des pompes de bassin n\u00e9cessitant peu d&rsquo;entretien, nous pouvons vous aider. Que vous repartiez de z\u00e9ro ou que vous remplaciez d\u2019anciennes pompes de bassin, nous sommes convaincus que nous avons les produits qu\u2019il vous faut. Commencez d\u00e8s aujourd&rsquo;hui votre recherche d&rsquo;une pompe de bassin d\u00e9corative dans votre gamme de prix.<\/span><\/p>\n<\/p>\n<p><span style=\"font-family:'times new roman', times;background-color:#ffff00\"><strong><span style=\"font-size:14pt;color:black\">[Param\u00e8tre de la pompe de bassin d\u00e9corative CFP-9000]<\/span><\/strong><\/span><\/p>\n<p><span style=\"font-family:times new roman,times\"><strong><span style=\"font-size:13.5pt;color:black\">Tension\u00a0: 110\u00a0V\/220V\/240V<\/span><\/strong><\/span><\/p>\n<p><span style=\"font-family:times new roman,times\"><strong><span style=\"font-size:13.5pt;color:black\">Fr\u00e9quence\u00a0: 50 Hz\/60 Hz<\/span><\/strong><strong><span style=\"font-size:13.5pt;color:black\"> <\/span><\/strong><\/span><\/p>\n<p><span style=\"font-family:times new roman,times\"><strong><span style=\"font-size:13.5pt;color:black\">Puissance\u00a0: 95\u00a0W<\/span><\/strong><\/span><\/p>\n<p><span style=\"font-family:times new roman,times\"><strong><span style=\"font-size:13.5pt;color:black\">D\u00e9bit\u00a0: 9\u00a0000\u00a0L\/h<\/span><\/strong><\/span><\/p>\n<p><span style=\"font-family:times new roman,times\"><strong><span style=\"font-size:13.5pt;color:black\">H-max\u00a0: 3,6\u00a0m<\/span><\/strong><\/span><\/p>\n<p><span style=\"font-family:times new roman,times\"><strong><span style=\"font-size:13.5pt;color:black\">Longueur du c\u00e2ble\u00a0: 10 m<\/span><\/strong><\/span><\/p>\n<p><span style=\"font-family:times new roman,times\"><strong><span style=\"font-size:13.5pt;color:black\">Dimensions\u00a0: 310x300x150mm<\/span><\/strong><\/span><\/p>\n<p><span style=\"font-family:times new roman,times\"><strong><span style=\"font-size:14pt;color:red\">GRATUIT<\/span><\/strong><strong><span style=\"font-size:14pt;color:red\"> Garantie 12 mois !!!<\/span><\/strong><\/span><\/p>\n<p><span style=\"font-family:times new roman,times;background-color:#ffff00\"><span style=\"font-size:18px\"><strong><span style=\"color:black\">[D\u00e9coratif<\/span><\/strong><\/span><strong><span style=\"font-size:13.5pt;color:black\">\u00c9tang Escarpin<\/span><\/strong><strong><span style=\"font-size:14pt;color:black\">Caract\u00e9ristiques<\/span><span style=\"font-size:medium;color:black\">]<\/span><\/strong><strong><\/strong><\/span><\/p>\n<p><span style=\"font-size:medium;font-family:times new roman,times;color:black\">1. Cette pompe de bassin d\u00e9corative adopte un arbre en c\u00e9ramique inoxydable et r\u00e9siste \u00e0 l&rsquo;effilochage et \u00e0 la rouille. Le moteur asynchrone standard de haute performance avec un nouveau design permet de<strong><span style=\"color:#ff0000\">\u00e9conomie d&rsquo;\u00e9nergie de cette pompe jusqu&rsquo;\u00e0 50\u00a0% par rapport \u00e0 avant<\/span><\/strong>.<\/span><\/p>\n<p><span style=\"font-size:medium;font-family:times new roman,times;color:black\">2. Enduit de r\u00e9sine import\u00e9e de haute qualit\u00e9, les performances d\u2019\u00e9tanch\u00e9it\u00e9 et d\u2019isolation sont excellentes. L&rsquo;h\u00e9lice en spirale de cette pompe de bassin d\u00e9corative permet une taille de particules de salet\u00e9 pouvant atteindre 6 mm.<\/span><\/p>\n<p><span style=\"font-size:medium;font-family:times new roman,times;color:black\">3. Conception multifonctionnelle &#8212;&#8211; pompage, filtrage et fontaine 3 en 1. Peut \u00eatre utilis\u00e9 aussi bien dans l&rsquo;eau douce que dans l&rsquo;eau de mer.<\/span><\/p>\n<p><span style=\"font-size:medium;font-family:times new roman,times;color:black\">4. La sortie de cette pompe de bassin d\u00e9corative peut \u00eatre tourn\u00e9e \u00e0 360 degr\u00e9s et pr\u00e9sente un bel aspect\u00a0; le tuyau de fontaine est facile \u00e0 assembler et peut \u00eatre utilis\u00e9 dans des pompes de n&rsquo;importe quelle taille.<\/span><\/p>\n<p><span style=\"font-size:medium;font-family:times new roman,times;color:black\">5. La conception du tamis filtrant avec une zone surdimensionn\u00e9e prolonge la p\u00e9riode de maintenance<\/span><\/p>\n<p><span style=\"font-size:medium;font-family:times new roman,times;color:black\">6. Diff\u00e9rentes formes de tuyaux de fontaine sont disponibles. La taille et la hauteur de la belle fontaine peuvent \u00eatre ajust\u00e9es \u00e0 votre guise.<\/span><\/p>\n<p><span style=\"font-size:medium;font-family:'times new roman', times;color:black;background-color:#ffff00\"><span style=\"font-family:times new roman,times\"><strong><span style=\"font-size:14pt;color:black\">[<\/span><\/strong><strong><span style=\"font-size:13.5pt;color:black\">Autre pompe de bassin d\u00e9corative<\/span><\/strong><strong><span style=\"font-size:14pt;color:black\"> Param\u00e8tre]<\/span><\/strong><\/span><\/span><\/p>\n<\/p>\n<p><img decoding=\"async\" alt=\"SUNSUN CE\/GS pompe de bassin d\u00e9corative pour aquarium\/jardin CFP-9000 (95W 3.6m 9000L\/h)\" src=\"http:\/\/localhost\/media\/import\/detail\/701948065_446.jpg\"><\/p>\n<p><span style=\"font-size:medium;font-family:times new roman,times;color:black;background-color:#808080\"><span style=\"font-size:medium;font-family:times new roman,times;color:black\"><span style=\"font-family:times new roman,times\"><strong><span style=\"font-size:14pt;color:black\">[<strong><span style=\"font-size:large;font-family:Times New Roman\">D\u00e9coratif<\/span><\/strong><\/span><\/strong><strong><span style=\"font-size:13.5pt;color:black\">Pompe de bassin<\/span><\/strong><strong><span style=\"font-size:14pt;color:black\"> Courbes de fonction]<\/span><\/strong><\/span><\/span><\/span><\/p>\n<\/p>\n<p><img decoding=\"async\" alt=\"SUNSUN CE\/GS pompe de bassin d\u00e9corative pour aquarium\/jardin CFP-9000 (95W 3.6m 9000L\/h)\" src=\"http:\/\/localhost\/media\/import\/detail\/703620855_104.jpg\"><\/p>\n<p><span style=\"font-family:'times new roman', times;background-color:#ffff00\"><strong><span style=\"font-size:medium;color:black\">[<strong><span style=\"font-size:large;font-family:Times New Roman\">D\u00e9coratif<\/span><\/strong><\/span><\/strong><strong><span style=\"font-size:13.5pt;color:black\">Pompe de bassin<\/span><\/strong><strong><span style=\"font-size:14pt;color:black\">Applicable Port\u00e9es<\/span><span style=\"font-size:medium;color:black\">]<\/span><\/strong><\/span><\/p>\n<p><span style=\"font-size:medium;font-family:times new roman,times\"><span style=\"color:black\">Cette pompe de bassin d\u00e9corative<\/span> convient pour pomper et faire circuler l&rsquo;eau dans les aquariums, les piscines de fruits de mer et les \u00e9tangs de jardin\u00a0; filtrer et nettoyer l&rsquo;eau de reproduction et pulv\u00e9riser les fontaines int\u00e9rieures et ext\u00e9rieures.<\/span><\/p>\n<p><span style=\"font-family:'times new roman', times;background-color:#ffff00\"><strong><span style=\"font-size:14pt;color:black\"><span style=\"font-family:'times new roman', times\"><strong><span style=\"font-size:medium;color:black\"><span style=\"font-size:large\">[<\/span><\/span><\/strong><\/span>D\u00e9corative <\/span><\/strong><strong><span style=\"font-size:13.5pt;color:black\">Pompe de bassin<\/span><\/strong><strong><span style=\"font-size:14pt;color:black\"> Affichage]<\/span><\/strong><\/span><\/p>\n<\/p>\n<\/p>\n<p><img decoding=\"async\" alt=\"Pompe de bassin d\u00e9corative SUNSUN CE\/GS pour aquarium\/jardin CFP-9000 (95W 3,6m 9000L\/h)\" src=\"http:\/\/localhost\/media\/import\/detail\/703623091_071.jpg\"><img decoding=\"async\" alt=\"Pompe de bassin d\u00e9corative SUNSUN CE\/GS pour aquarium\/jardin CFP-9000 (95W 3,6m 9000L\/h)\" src=\"http:\/\/localhost\/media\/import\/detail\/703623094_968.jpg\"><\/p>\n<p><img decoding=\"async\" alt=\"Pompe de bassin d\u00e9corative SUNSUN CE\/GS pour aquarium\/jardin CFP-9000 (95W 3,6m 9000L\/h)\" src=\"http:\/\/localhost\/media\/import\/detail\/703624614_085.jpg\"><\/p>\n<div id=\"ali-anchor-AliPostDhMb-f36um\" style=\"padding-top:8px\" data-section=\"AliPostDhMb-f36um\" data-section-title=\"Informations sur la soci\u00e9t\u00e9\"> <\/div>\n","protected":false},"excerpt":{"rendered":"<p>Pompe de bassin d\u00e9corative SUNSUN CE\/GS pour aquarium\/jardin CFP-9000 (95W 3.6m 9000L\/h)<\/p>\n","protected":false},"featured_media":5779,"comment_status":"open","ping_status":"closed","template":"","meta":[],"product_brand":[],"product_cat":[1380],"product_tag":[],"class_list":{"0":"post-39208","1":"product","2":"type-product","3":"status-publish","4":"has-post-thumbnail","6":"product_cat-pompes-a-eau-et-amp-tetes-motrices","8":"first","9":"instock","10":"shipping-taxable","11":"purchasable","12":"product-type-simple"},"_links":{"self":[{"href":"https:\/\/www.myaquastore.com\/fr\/wp-json\/wp\/v2\/product\/39208","targetHints":{"allow":["GET"]}}],"collection":[{"href":"https:\/\/www.myaquastore.com\/fr\/wp-json\/wp\/v2\/product"}],"about":[{"href":"https:\/\/www.myaquastore.com\/fr\/wp-json\/wp\/v2\/types\/product"}],"replies":[{"embeddable":true,"href":"https:\/\/www.myaquastore.com\/fr\/wp-json\/wp\/v2\/comments?post=39208"}],"wp:featuredmedia":[{"embeddable":true,"href":"https:\/\/www.myaquastore.com\/fr\/wp-json\/wp\/v2\/media\/5779"}],"wp:attachment":[{"href":"https:\/\/www.myaquastore.com\/fr\/wp-json\/wp\/v2\/media?parent=39208"}],"wp:term":[{"taxonomy":"product_brand","embeddable":true,"href":"https:\/\/www.myaquastore.com\/fr\/wp-json\/wp\/v2\/product_brand?post=39208"},{"taxonomy":"product_cat","embeddable":true,"href":"https:\/\/www.myaquastore.com\/fr\/wp-json\/wp\/v2\/product_cat?post=39208"},{"taxonomy":"product_tag","embeddable":true,"href":"https:\/\/www.myaquastore.com\/fr\/wp-json\/wp\/v2\/product_tag?post=39208"}],"curies":[{"name":"wp","href":"https:\/\/api.w.org\/{rel}","templated":true}]}}