{"id":39216,"date":"2016-09-25T23:28:36","date_gmt":"2016-09-25T23:28:36","guid":{"rendered":"https:\/\/www.myaquastore.com\/product\/pompe-a-eau-submersible-a-economie-denergie-sunsun-15000l-h-jep-15000\/"},"modified":"2025-03-16T09:06:54","modified_gmt":"2025-03-16T09:06:54","slug":"pompe-a-eau-submersible-a-economie-denergie-sunsun-15000l-h-jep-15000","status":"publish","type":"product","link":"https:\/\/www.myaquastore.com\/fr\/product\/pompe-a-eau-submersible-a-economie-denergie-sunsun-15000l-h-jep-15000\/","title":{"rendered":"Pompe \u00e0 eau submersible \u00e0 \u00e9conomie d&rsquo;\u00e9nergie SUNSUN 15000L\/h JEP-15000"},"content":{"rendered":"<div style=\"clear:both\"><\/div>\n<p style=\"text-align:left\"><span style=\"font-size:24px\"><strong><span style=\"background-color:#ffff00\">Pompe \u00e0 eau submersible SUNSUN \u00e0 \u00e9conomie d&rsquo;\u00e9nergie de 15\u00a0000\u00a0L\/h en Chine<\/span><\/strong><\/span><\/p>\n<p style=\"text-align:left\"><strong><\/strong> <\/p>\n<p style=\"text-align:left\"><strong><span style=\"font-size:18px;color:#ff9900\">1. <\/span><\/strong><strong><span style=\"font-size:18px;color:#ff9900\">Description du produit<\/span><\/strong><\/p>\n<p style=\"text-align:left\"><span style=\"font-size:18px\"> <span style=\"font-size:14px;font-family:comic sans ms, sans-serif\"> <\/span><\/span><\/p>\n<p style=\"text-align:left\"><span style=\"font-size:14px;font-family:comic sans ms,sans-serif\">1. Taille de sortie multiple pour diff\u00e9rents tuyaux.<\/span> <\/p>\n<p><span style=\"font-size:14px;font-family:comic sans ms,sans-serif\">2. La fonction amphibie peut convenir dans une large gamme.<\/span> <\/p>\n<p><span style=\"font-size:14px;font-family:comic sans ms,sans-serif\">3. efficacit\u00e9.<\/span><\/p>\n<p><span style=\"font-size:14px\"><span style=\"font-family:comic sans ms,sans-serif\">4. Moteur asynchrone standard de haute performance avec un nouveau design, \u00e0 faible bruit, <\/span><span style=\"font-family:comic sans ms,sans-serif\">\u00e9conomie d&rsquo;\u00e9nergie et \u00e9tanche.<\/span><\/span><\/p>\n<p><span style=\"font-size:14px\"><span style=\"font-family:comic sans ms,sans-serif\">5. Conception sp\u00e9ciale du moteur, arbre en c\u00e9ramique r\u00e9sistant \u00e0 l&rsquo;usure, longue dur\u00e9e de vie et adapt\u00e9 <\/span><span style=\"font-family:comic sans ms,sans-serif\">pour les amphibies terrestres.<\/span><\/span><\/p>\n<p><span style=\"font-size:14px\"><span style=\"font-family:comic sans ms,sans-serif\">6. Il utilise un noyau d&rsquo;arbre \u00e0 haute r\u00e9sistance et r\u00e9sistant \u00e0 l&rsquo;usure, a une \u00e9nergie tr\u00e8s efficace <\/span><span style=\"font-family:comic sans ms,sans-serif\">\u00e9conomie et longue dur\u00e9e de vie.<\/span><\/span><\/p>\n<p style=\"text-align:left\"><span style=\"font-size:14px;font-family:comic sans ms,sans-serif;background:#ffffff;color:#000000\"> <\/span><strong><\/strong> <\/p>\n<p><strong><span style=\"font-size:18px;font-family:comic sans ms, sans-serif;color:#ff9900;background-color:#ffffff\"><span style=\"font-family:arial, helvetica, sans-serif\">2. D\u00e9tails de la pompe \u00e0 eau submersible JEP-15000<\/span> <\/span><\/strong> <\/p>\n<\/p>\n<p> <img loading=\"lazy\" decoding=\"async\" alt=\"Pompe \u00e0 eau submersible SUNSUN \u00e0 \u00e9conomie d'\u00e9nergie de 15 000 L\/h en Chine\" src=\"http:\/\/localhost\/media\/import\/detail\/716740527_054.jpg\" width=\"594\" height=\"200\"><\/p>\n<\/p>\n<p><img decoding=\"async\" alt=\"Pompe \u00e0 eau submersible SUNSUN \u00e0 \u00e9conomie d'\u00e9nergie de 15 000 L\/h en Chine\" src=\"http:\/\/localhost\/media\/import\/detail\/883432929_870.jpg\"><\/p>\n<\/p>\n<p><span style=\"font-family:arial, helvetica, sans-serif;color:#ff9900;background-color:#ffffff\"><strong><span style=\"font-size:18px\">3. Bouchons<\/span><\/strong><\/span><\/p>\n<\/p>\n<p> <img loading=\"lazy\" decoding=\"async\" alt=\"Pompe \u00e0 eau submersible SUNSUN \u00e0 \u00e9conomie d'\u00e9nergie de 15\u00a0000\u00a0L\/h en Chine\" src=\"http:\/\/localhost\/media\/import\/detail\/701358586_388.jpg\" width=\"594\" height=\"363\"><\/p>\n<\/p>\n<p style=\"text-align:center\">\n<p><span style=\"font-size:18px;color:#ff9900\"><span style=\"font-family:arial, helvetica, sans-serif\"><strong><\/strong><\/span><\/span><\/p>\n","protected":false},"excerpt":{"rendered":"<p>Pompe \u00e0 eau submersible \u00e0 \u00e9conomie d&rsquo;\u00e9nergie SUNSUN 15000L\/h JEP-15000<\/p>\n","protected":false},"featured_media":5795,"comment_status":"open","ping_status":"closed","template":"","meta":[],"product_brand":[],"product_cat":[1380],"product_tag":[],"class_list":{"0":"post-39216","1":"product","2":"type-product","3":"status-publish","4":"has-post-thumbnail","6":"product_cat-pompes-a-eau-et-amp-tetes-motrices","8":"first","9":"instock","10":"shipping-taxable","11":"purchasable","12":"product-type-simple"},"_links":{"self":[{"href":"https:\/\/www.myaquastore.com\/fr\/wp-json\/wp\/v2\/product\/39216","targetHints":{"allow":["GET"]}}],"collection":[{"href":"https:\/\/www.myaquastore.com\/fr\/wp-json\/wp\/v2\/product"}],"about":[{"href":"https:\/\/www.myaquastore.com\/fr\/wp-json\/wp\/v2\/types\/product"}],"replies":[{"embeddable":true,"href":"https:\/\/www.myaquastore.com\/fr\/wp-json\/wp\/v2\/comments?post=39216"}],"wp:featuredmedia":[{"embeddable":true,"href":"https:\/\/www.myaquastore.com\/fr\/wp-json\/wp\/v2\/media\/5795"}],"wp:attachment":[{"href":"https:\/\/www.myaquastore.com\/fr\/wp-json\/wp\/v2\/media?parent=39216"}],"wp:term":[{"taxonomy":"product_brand","embeddable":true,"href":"https:\/\/www.myaquastore.com\/fr\/wp-json\/wp\/v2\/product_brand?post=39216"},{"taxonomy":"product_cat","embeddable":true,"href":"https:\/\/www.myaquastore.com\/fr\/wp-json\/wp\/v2\/product_cat?post=39216"},{"taxonomy":"product_tag","embeddable":true,"href":"https:\/\/www.myaquastore.com\/fr\/wp-json\/wp\/v2\/product_tag?post=39216"}],"curies":[{"name":"wp","href":"https:\/\/api.w.org\/{rel}","templated":true}]}}