{"id":39224,"date":"2016-09-25T23:28:36","date_gmt":"2016-09-25T23:28:36","guid":{"rendered":"https:\/\/www.myaquastore.com\/product\/aquarium-koi-fish-pond-fontaine-cascade-pompe-42w-3500l-h-cqp-3500f\/"},"modified":"2025-03-16T09:06:56","modified_gmt":"2025-03-16T09:06:56","slug":"aquarium-koi-fish-pond-fontaine-cascade-pompe-42w-3500l-h-cqp-3500f","status":"publish","type":"product","link":"https:\/\/www.myaquastore.com\/fr\/product\/aquarium-koi-fish-pond-fontaine-cascade-pompe-42w-3500l-h-cqp-3500f\/","title":{"rendered":"Aquarium Koi Fish Pond Fontaine Cascade Pompe 42W 3500L\/h CQP-3500F"},"content":{"rendered":"<div style=\"clear:both\"><\/div>\n<p style=\"font-size:13px;font-family:Arial, Helvetica, sans-serif;background-color:#f5f5f5\"><span style=\"background-color:#ffffff;font-family:Tahoma\"><\/span> <\/p>\n<p style=\"font-size:13px;font-family:Arial, Helvetica, sans-serif;text-align:center\">\n<\/p>\n<\/p>\n<p><span style=\"font-size:16px\"><strong><span style=\"color:#000080\"><span style=\"font-size:24px;color:#ff9900\">Pompe cascade pour fontaine d&rsquo;aquarium Koi Fish Pond 42W 3500L\/h CQP-3500F<\/span> <\/span><\/strong><\/span><\/p>\n<\/p>\n<p><span style=\"font-size:14px\">sp\u00e9cifications\u00a0:<\/span><\/p>\n<p><span style=\"font-size:14px\">1. moteur asynchrone standard de haute performance avec un nouveau design et <span style=\"background-color:#ffffff\"><em><strong>\u00e9conomie d&rsquo;\u00e9nergie jusqu&rsquo;\u00e0 50\u00a0%<\/strong><\/em> <\/span><\/span><\/p>\n<p><span style=\"font-size:14px\">qu&rsquo;avant.<\/span><\/p>\n<p><span style=\"font-size:14px\">2. il utilise un noyau d&rsquo;arbre \u00e0 haute r\u00e9sistance et r\u00e9sistant \u00e0 l&rsquo;usure,<span style=\"background-color:#ffffff\"><strong><em> longue dur\u00e9e de vie<\/em><\/strong><\/span>.<\/span><\/p>\n<p><span style=\"font-size:14px\">3. il a une bonne r\u00e9sistance di\u00e9lectrique imperm\u00e9able et \u00e9lev\u00e9e\u00a0; il est <span style=\"background-color:#ffffff\"><em><strong>s\u00fbr et fiable<\/strong><\/em><\/span>.<\/span><\/p>\n<p><span style=\"font-size:14px\">4. vous pouvez l&rsquo;utiliser comme <span style=\"background-color:#ffffff\"><strong><em>fontaine de pompage et de filtration<\/em><\/strong>.<\/span><\/span><\/p>\n<p><span style=\"font-size:14px\">5. <span style=\"background-color:#ffffff\"><em><strong>s&rsquo;applique aux \u00e9tangs<\/strong><\/em><\/span>, avec un \u00e9quipement de recyclage de l&rsquo;eau correspondant.<\/span><\/p>\n<\/p>\n<p><span style=\"font-size:14px;color:#000080\"><strong><span style=\"font-size:16px;color:#0000ff;background-color:#ffff00\">Param\u00e8tres des pompes de fontaine d&rsquo;\u00e9tang<\/span> <\/strong><\/span><\/p>\n<\/p>\n<table class=\"aliDataTable\" style=\"width:80%\" border=\"5\">\n<tbody>\n<tr>\n<td>Mod\u00e8le<\/td>\n<td>Tension<\/td>\n<td>Fr\u00e9quence<\/td>\n<td>Puissance<\/td>\n<td>H-max<\/td>\n<td>Sortie<\/td>\n<td>C\u00e2ble Longueur<\/td>\n<td>Dimensions<\/td>\n<\/tr>\n<tr>\n<td>CQP-8000<\/td>\n<td>110V\/220V\/240V<\/td>\n<td>50 Hz\/60Hz<\/td>\n<td>70W<\/td>\n<td>3,2m<\/td>\n<td>8000L\/h<\/td>\n<td>10m<\/td>\n<td>275*152*165mm<\/td>\n<\/tr>\n<tr>\n<td>CQP-9000<\/td>\n<td>110V\/220V\/240V<\/td>\n<td>50Hz\/60Hz<\/td>\n<td>95W<\/td>\n<td>3 .6m<\/td>\n<td>9000L\/h<\/td>\n<td>10m<\/td>\n<td>275*152*165mm<\/td>\n<\/tr>\n<tr>\n<td>CQP-10000<\/td>\n<td>110V\/220V\/240V<\/td>\n<td>50Hz\/60Hz<\/td>\n<td>155W<\/td>\n<td>5,0m<\/td>\n<td>10000L\/h<\/td>\n<p>10m<\/td>\n<td>275*152*165mm<\/td>\n<\/tr>\n<tr>\n<td>CQP-13000<\/td>\n<td>110V\/220V\/240V<\/td>\n<td> 50Hz\/60Hz<\/td>\n<td>180W<\/td>\n<td>5,2m<\/td>\n<td>13000L\/h<\/td>\n<td>10m<\/td>\n<td>305*170*180mm <\/td>\n<\/tr>\n<tr>\n<td>CQP-15000<\/td>\n<td>110V\/220V\/240V<\/td>\n<td>50Hz\/60Hz<\/td>\n<td>215W<\/td>\n<td>5,8 m<\/td>\n<td>15 000 L\/h<\/td>\n<td>10 m<\/td>\n<td>305*170*180 mm<\/tr>\n<tr>\n<td>CQP-1800 0<\/td>\n<td>110V\/220V\/240V<\/td>\n<td>50Hz\/60Hz<\/td>\n<td>315W<\/td>\n<td>6,2m<\/td>\n<td>18000L\/h<\/td>\n<td>10 m<\/td>\n<td>305*170*180mm<\/td>\n<\/tr>\n<tr>\n<td><strong>CQP-3500P\/F<\/strong><\/td>\n<p>110V\/220V\/240V<\/td>\n<td>50Hz\/60Hz<\/td>\n<td>42w<\/td>\n<td>2,5m<\/td>\n<td>3500L\/h<\/td>\n<td>10 m<\/td>\n<td>267*223*132mm<\/td>\n<\/tr>\n<tr>\n<td>CQP-4500P\/F<\/td>\n<td>110V\/220V\/240V<\/td>\n<td>5 0Hz\/60Hz<\/td>\n<td>75W<\/td>\n<td>3,5m<\/td>\n<td>4500L\/h<\/td>\n<td>10m<\/td>\n<td>267*223*132mm<\/tr>\n<tr>\n<td>CQP-5000P\/F<\/td>\n<td>110V\/220V\/240V<\/td>\n<td>50Hz\/60Hz<\/td>\n<td>100W<\/td>\n<td>3,8 m<\/td>\n<td>5 000 L\/h<\/td>\n<td>10 m<\/td>\n<td>267*223*132 mm<\/td>\n<\/tr>\n<\/tbody>\n<\/table>\n<p><span style=\"font-size:16px;color:#0000ff;background-color:#ffff00\"><strong>Pompes de fontaine d&rsquo;\u00e9tang montrent<\/strong><\/span> <\/p>\n<\/p>\n<p><img decoding=\"async\" alt=\"Pompe de cascade de fontaine d'\u00e9tang \u00e0 poissons Koi d'aquarium 42W 3500L\/h CQP-3500F\" src=\"http:\/\/localhost\/media\/import\/detail\/563796701_652.jpg\"><img decoding=\"async\" alt=\"Aquarium Koi Fish Pond Fontaine Cascade Pompe 42W 3500L\/h CQP-3500F\" src=\"http:\/\/localhost\/media\/import\/detail\/563796704_550.jpg\"><img decoding=\"async\" alt=\"Pompe de cascade de fontaine d'\u00e9tang \u00e0 poissons Koi d'aquarium 42W 3500L\/h CQP-3500F\" src=\"http:\/\/localhost\/media\/import\/detail\/563796707_044.jpg\"><\/p>\n<p><img decoding=\"async\" alt=\"Pompe de cascade de fontaine d'\u00e9tang \u00e0 poissons Koi d'aquarium 42W 3500L\/h CQP-3500F\" src=\"http:\/\/localhost\/media\/import\/detail\/563799365_618.jpg\"><img decoding=\"async\" alt=\"Aquarium Koi Fish Pond Fontaine Cascade Pompe 42W 3500L\/h CQP-3500F\" src=\"http:\/\/localhost\/media\/import\/detail\/563799368_178.jpg\"><img decoding=\"async\" alt=\"Aquarium Koi Fish Pond Fontaine Cascade Pompe 42W 3500L\/h CQP-3500F\" src=\"http:\/\/localhost\/media\/import\/detail\/563799372_626.jpg\"> <\/p>\n<\/p>\n<p><span style=\"color:#000080\"><strong><span style=\"font-size:14px\"><span style=\"font-size:16px;color:#0000ff;background-color:#ffff00\">Diff\u00e9rentes t\u00eates de fontaine diff\u00e9rentes caract\u00e9ristiques de la fontaine <\/span> <\/span><\/strong><\/span><\/p>\n<\/p>\n<p> <img decoding=\"async\" alt=\"Pompe cascade de fontaine d'\u00e9tang \u00e0 poissons Koi d'aquarium 42W 3500L\/h CQP-3500F\" src=\"http:\/\/localhost\/media\/import\/detail\/563800829_655.jpg\"><img loading=\"lazy\" decoding=\"async\" alt=\"Aquarium Koi Fish Pond Fontaine Cascade Pompe 42W 3500L\/h CQP-3500F\" src=\"http:\/\/localhost\/media\/import\/detail\/563800832_686.jpg\" width=\"603\" height=\"310\"><\/p>\n<p style=\"text-align:left\">\n<div style=\"clear:both\"><strong><span style=\"background-color:#ffff00;color:#0000ff\"><\/span><\/strong><\/div>\n","protected":false},"excerpt":{"rendered":"<p>Aquarium Koi Fish Pond Fontaine Cascade Pompe 42W 3500L\/h CQP-3500F<\/p>\n","protected":false},"featured_media":5811,"comment_status":"open","ping_status":"closed","template":"","meta":[],"product_brand":[],"product_cat":[1380],"product_tag":[],"class_list":{"0":"post-39224","1":"product","2":"type-product","3":"status-publish","4":"has-post-thumbnail","6":"product_cat-pompes-a-eau-et-amp-tetes-motrices","8":"first","9":"instock","10":"shipping-taxable","11":"purchasable","12":"product-type-simple"},"_links":{"self":[{"href":"https:\/\/www.myaquastore.com\/fr\/wp-json\/wp\/v2\/product\/39224","targetHints":{"allow":["GET"]}}],"collection":[{"href":"https:\/\/www.myaquastore.com\/fr\/wp-json\/wp\/v2\/product"}],"about":[{"href":"https:\/\/www.myaquastore.com\/fr\/wp-json\/wp\/v2\/types\/product"}],"replies":[{"embeddable":true,"href":"https:\/\/www.myaquastore.com\/fr\/wp-json\/wp\/v2\/comments?post=39224"}],"wp:featuredmedia":[{"embeddable":true,"href":"https:\/\/www.myaquastore.com\/fr\/wp-json\/wp\/v2\/media\/5811"}],"wp:attachment":[{"href":"https:\/\/www.myaquastore.com\/fr\/wp-json\/wp\/v2\/media?parent=39224"}],"wp:term":[{"taxonomy":"product_brand","embeddable":true,"href":"https:\/\/www.myaquastore.com\/fr\/wp-json\/wp\/v2\/product_brand?post=39224"},{"taxonomy":"product_cat","embeddable":true,"href":"https:\/\/www.myaquastore.com\/fr\/wp-json\/wp\/v2\/product_cat?post=39224"},{"taxonomy":"product_tag","embeddable":true,"href":"https:\/\/www.myaquastore.com\/fr\/wp-json\/wp\/v2\/product_tag?post=39224"}],"curies":[{"name":"wp","href":"https:\/\/api.w.org\/{rel}","templated":true}]}}