{"id":39225,"date":"2016-09-25T23:28:36","date_gmt":"2016-09-25T23:28:36","guid":{"rendered":"https:\/\/www.myaquastore.com\/product\/sunsun-offre-speciale-6000l-h-pompe-a-eau-daquaculture-jap-6000\/"},"modified":"2025-03-16T09:06:56","modified_gmt":"2025-03-16T09:06:56","slug":"sunsun-offre-speciale-6000l-h-pompe-a-eau-daquaculture-jap-6000","status":"publish","type":"product","link":"https:\/\/www.myaquastore.com\/fr\/product\/sunsun-offre-speciale-6000l-h-pompe-a-eau-daquaculture-jap-6000\/","title":{"rendered":"SUNSUN offre sp\u00e9ciale 6000L\/h pompe \u00e0 eau d&rsquo;aquaculture JAP-6000"},"content":{"rendered":"<div style=\"clear:both\"><\/div>\n<div style=\"font-size:13px;font-family:Arial, Helvetica, sans-serif;color:#000000;width:726px\">\n<div>\n<p style=\"text-align:center\"><strong><span style=\"font-size:24px\">SUNSUN offre sp\u00e9ciale 6000L\/h pompe \u00e0 eau d&rsquo;aquaculture <\/span><\/strong><\/p>\n<p data-section-blank=\"AliPostDhMb-edxsy\">\n<\/div>\n<\/div>\n<div id=\"ali-anchor-AliPostDhMb-edxsy\" style=\"padding-top:8px\" data-section=\"AliPostDhMb-edxsy\" data-section-title=\"Description du produit\">\n<div id=\"ali-title-AliPostDhMb-edxsy\" style=\"border-bottom:#ddd 1px solid;padding-bottom:8px;padding-top:8px;padding-left:0px;padding-right:0px\"><span style=\"font-weight:bold;color:#333;padding-bottom:8px;padding-top:8px;padding-left:10px;line-height:12px;padding-right:10px;background-color:#ddd\">Description du produit<\/span><\/div>\n<div style=\"padding-bottom:10px;padding-top:10px;padding-left:0px;padding-right:0px\">\n<div style=\"height:42px;width:750px\">\n<div style=\"height:42px;float:left;width:25px;background-color:#00ccff\"> <\/div>\n<div style=\"float:droite;padding-bottom:5px;padding-top:5px;padding-left:0px;padding-right:0px;background-color:#0099ff\">\n<div style=\"font-size:24px;border-top:#ffffff 1px solid;font-family:Arial;border-bottom:#ffffff 1px solid;font-weight:bold;font-style:italic;padding-left:10px;line-height:30px;width:720px\">Affichage du produit<\/div>\n<\/div>\n<\/div>\n<\/div>\n<\/div>\n<p data-section-blank=\"AliPostDhMb-edxsy\">\n<p><span style=\"font-size:16px;font-family:arial,helvetica,sans-serif\"><strong><span style=\"color:#008000\">Caract\u00e9ristiques\u00a0:<\/span><\/strong><\/span><\/p>\n<p><span style=\"font-size:10.5pt;font-family:arial,helvetica,sans-serif\">1. Connecteur de d\u00e9charge multiple pour divers tuyaux.<\/span><\/p>\n<p><span style=\"font-size:10.5pt;font-family:arial,helvetica,sans-serif\">2. La fonction amphibie peut convenir dans une large gamme.<\/span><\/p>\n<p><span style=\"font-size:10.5pt;font-family:arial,helvetica,sans-serif\">3.Conception d&rsquo;apparence rationalis\u00e9e, structure raisonnable et haute efficacit\u00e9.<\/span><\/p>\n<p><span style=\"font-family:arial,helvetica,sans-serif\"><span style=\"font-size:10.5pt\">4. Moteur asynchrone standard de haute performance avec un nouveau design, \u00e0 faible bruit, <\/span><span style=\"font-size:10.5pt\"> \u00e9conomie d&rsquo;\u00e9nergie et \u00e9tanche.<\/span><\/span><\/p>\n<p><span style=\"font-family:arial,helvetica,sans-serif\"><span style=\"font-size:10.5pt\">5. Conception sp\u00e9ciale du moteur, arbre en c\u00e9ramique r\u00e9sistant \u00e0 l&rsquo;usure, longue dur\u00e9e de vie et adapt\u00e9 <\/span><span style=\"font-size:10.5pt\"> pour les amphibies terrestres.<\/span><\/span><\/p>\n<p><span style=\"font-family:arial,helvetica,sans-serif\"><span style=\"font-size:10.5pt\">6. Il utilise un noyau d&rsquo;arbre \u00e0 haute r\u00e9sistance et r\u00e9sistant \u00e0 l&rsquo;usure, a une \u00e9conomie d&rsquo;\u00e9nergie tr\u00e8s efficace<\/span><span style=\"font-size:10.5pt\"> et une longue dur\u00e9e de vie.<\/span><\/span><\/p>\n<p><span style=\"font-family:arial,helvetica,sans-serif\"> 7. Prise UE<\/span><\/p>\n<p><span style=\"font-family:arial,helvetica,sans-serif\"><strong><span style=\"font-size:16px\"><span style=\"color:#008000\">Pr\u00e9cautions de s\u00e9curit\u00e9 importantes\u00a0:<\/span><br \/><\/span><\/strong><span style=\"font-size:10.5pt\">1. Assurez-vous que vous utilisez la bonne alimentation.<\/span><span style=\"font-size:10.5pt\"><br \/><\/span><span style=\"font-size:10.5pt\">2. Le cordon d&rsquo;alimentation n&rsquo;est pas remplac\u00e9<\/span><span style=\"font-size:10.5pt\"> a<\/span><span style=\"font-size:10.5pt\"> ble. N&rsquo;essayez pas de raccourcir le cordon d&rsquo;alimentation ou de retirer le p<\/span><span style=\"font-size:10.5pt\"> lu<\/span><span style=\"font-size:10.5pt\"> g. Le non-respect de ce point peut endommager le produit.<\/span><span style=\"font-size:10.5pt\"><br \/><\/span><span style=\"font-size:10.5pt\">3. Si une odeur ou un bruit anormal est d\u00e9tect\u00e9 sur le produit, d\u00e9branchez-le imm\u00e9diatement et v\u00e9rifiez-en la cause. Contactez votre d\u00e9taillant\/distributeur si n\u00e9cessaire.<\/span><span style=\"font-size:10.5pt\"> c<\/span><span style=\"font-size:10.5pt\"> 4. Assurez-vous que votre main et la fiche sont s\u00e8ches lorsque vous branchez ou d\u00e9branchez le produit.<\/span><span style=\"font-size:10.5pt\"><br \/><\/span><span style=\"font-size:10.5pt\">5. Ne sortez pas la pompe directement avec la ligne \u00e9lectrique, car cela pourrait couper la ligne \u00e9lectrique.<\/span><span style=\"font-size:10.5pt\"><br \/><\/span><span style=\"font-size:10.5pt\">6. D\u00e9branchez le produit avant l&rsquo;installation et le nettoyage. Ne tirez pas brusquement sur le cordon d&rsquo;alimentation. Pour d\u00e9brancher, saisissez la fiche et retirez-la de la prise.<\/span><span style=\"font-size:10.5pt\"><br \/><\/span><span style=\"font-size:10.5pt\">7. La pompe convient uniquement \u00e0 l&rsquo;eau douce et \u00e0 l&rsquo;eau marine. Ne le laissez pas<\/span><span style=\"font-size:10.5pt\"> <\/span><span style=\"font-size:10.5pt\"> dans un environnement \u00e0 plus de 35\u00b0C ou en dessous des conditions de cong\u00e9lation.<\/span><\/span><\/p>\n<\/p>\n<table class=\"aliDataTable\" style=\"height:196px;width:749px\" border=\"1\">\n<tbody>\n<tr>\n<td style=\"text-align:center\"><strong>Mod\u00e8le<\/strong><\/td>\n<td style=\"text-align:center\"><strong>Tension<\/strong><\/td>\n<td style=\"text-align:center\"><strong>Fr\u00e9quence<\/strong><\/td>\n<td style=\"text-align:center\"><strong>Puissance<\/strong><\/td>\n<td style=\"text-align:center\"><strong>H-max<\/strong><\/td>\n<td style=\"text-align:center\"><strong>Sortie<\/strong><\/td>\n<td style=\"text-align:center\"><strong>Longueur du c\u00e2ble<\/strong><\/td>\n<td style=\"text-align:center\"><strong>Poids<\/strong><\/td>\n<td style=\"text-align:center\"><strong>L*W*H(mm)<\/strong><\/td>\n<\/tr>\n<tr>\n<td style=\"text-align:center\"> JAP-6000<\/td>\n<td style=\"text-align:center\"> 110 V\/220 V\/240 V<\/td>\n<td style=\"text-align:center\"> 50 Hz\/60 Hz<\/td>\n<td style=\"text-align:center\">140W<\/td>\n<td style=\"text-align:center\"> 6,0m<\/td>\n<td style=\"text-align:center\"> 6000L\/h<\/td>\n<td style=\"text-align:center\"> 5m<\/td>\n<td style=\"text-align:center\"> 3,5kg<\/td>\n<td style=\"text-align:center\">355*125*145<\/td>\n<\/tr>\n<tr>\n<td style=\"text-align:center\"> JAP-7500<\/td>\n<td style=\"text-align:center\"> 110V\/220V\/240V<\/td>\n<td style=\"text-align:center\"> 50Hz\/60Hz<\/td>\n<td style=\"text-align:center\"> 140 W<\/td>\n<td style=\"text-align:center\"> 5,0 m<\/td>\n<td style=\"text-align:center\"> 7 500 L\/h<\/td>\n<td style=\"text-align:center\"> 5 m<\/td>\n<td style=\"text-align:center\"> 3,5 kg<\/td>\n<td style=\"text-align:center\"> 355*125*145<\/td>\n<\/tr>\n<tr>\n<td style=\"text-align:center\"> JAP-8500<\/td>\n<td style=\"text-align:center\"> 110V\/220V\/240V<\/td>\n<td style=\"text-align:center\"> 50Hz\/60Hz<\/td>\n<td style=\"text-align:center\"> 230 W<\/td>\n<td style=\"text-align:center\"> 7,0 m<\/td>\n<td style=\"text-align:center\"> 8 500 L\/h<\/td>\n<td style=\"text-align:center\"> 5 m<\/td>\n<td style=\"text-align:center\"> 5,0 kg<\/td>\n<td style=\"text-align:center\"> 375*130*153<\/td>\n<\/tr>\n<tr>\n<td style=\"text-align:center\"> JAP-10000<\/td>\n<td style=\"text-align:center\"> 110V\/220V\/240V<\/td>\n<td style=\"text-align:center\"> 50Hz\/60Hz<\/td>\n<td style=\"text-align:center\"> 230 W<\/td>\n<td style=\"text-align:center\"> 6,0 m<\/td>\n<td style=\"text-align:center\"> 10 000 L\/h<\/td>\n<td style=\"text-align:center\"> 5 m<\/td>\n<td style=\"text-align:center\"> 5,0 kg<\/td>\n<td style=\"text-align:center\"> 375*130*153<\/td>\n<\/tr>\n<tr>\n<td style=\"text-align:center\"> JAP-13000<\/td>\n<td style=\"text-align:center\"> 110V\/220V\/240V<\/td>\n<td style=\"text-align:center\"> 50Hz\/60Hz<\/td>\n<td style=\"text-align:center\"> 400W<\/td>\n<td style=\"text-align:center\"> 7,5m<\/td>\n<td style=\"text-align:center\"> 13000L\/h<\/td>\n<td style=\"text-align:center\"> 5m<\/td>\n<td style=\"text-align:center\"> 5,5kg<\/td>\n<td style=\"text-align:center\"> 400*140*165<\/td>\n<\/tr>\n<tr>\n<td style=\"text-align:center\"> JAP-15000<\/td>\n<td style=\"text-align:center\"> 110V\/220V\/240V<\/td>\n<td style=\"text-align:center\"> 50Hz\/60Hz<\/td>\n<td style=\"text-align:center\"> 420 W<\/td>\n<td style=\"text-align:center\"> 7,0 m<\/td>\n<td style=\"text-align:center\"> 15 000 L\/h<\/td>\n<td style=\"text-align:center\"> 5 m<\/td>\n<td style=\"text-align:center\"> 5,5 kg<\/td>\n<td style=\"text-align:center\"> 400*140*165<\/td>\n<\/tr>\n<tr>\n<td style=\"text-align:center\"> JAP-18000<\/td>\n<td style=\"text-align:center\"> 110V\/220V\/240V<\/td>\n<td style=\"text-align:center\"> 50Hz\/60Hz<\/td>\n<td style=\"text-align:center\"> 420 W<\/td>\n<td style=\"text-align:center\">6,5 m<\/td>\n<td style=\"text-align:center\"> 18 000 L\/h<\/td>\n<td style=\"text-align:center\"> 5 m<\/td>\n<td style=\"text-align:center\"> 5,5 kg<\/td>\n<td style=\"text-align:center\"> 400*140*165<\/td>\n<\/tr>\n<\/tbody>\n<\/table>\n<p><img decoding=\"async\" alt=\"JAP-8500_01.jpg\" src=\"http:\/\/localhost\/media\/import\/detail\/HTB12kk6GXXXXXbpXVXXq6xXFXXXD.jpg\"><img decoding=\"async\" alt=\"JAP-8500_02.jpg\" src=\"http:\/\/localhost\/media\/import\/detail\/HTB1ehwOGXXXXXaNaXXXq6xXFXXX5.jpg\"><img decoding=\"async\" alt=\"JAP-8500_03.jpg\" src=\"http:\/\/localhost\/media\/import\/detail\/HTB1LMwEGXXXXXapaXXXq6xXFXXXq.jpg\"><img decoding=\"async\" alt=\"JAP-8500_04.jpg\" src=\"http:\/\/localhost\/media\/import\/detail\/HTB1Jr7QGXXXXXbvXVXXq6xXFXXXI.jpg\"><img decoding=\"async\" alt=\"JAP-8500_05.jpg\" src=\"http:\/\/localhost\/media\/import\/detail\/HTB1vY.3GXXXXXXSXVXXq6xXFXXXj.jpg\"><img decoding=\"async\" alt=\"JAP-8500_06.jpg\" src=\"http:\/\/localhost\/media\/import\/detail\/HTB1QEgYGXXXXXb0XFXXq6xXFXXXg.jpg\"><img decoding=\"async\" alt=\"JAP-8500_07.jpg\" src=\"http:\/\/localhost\/media\/import\/detail\/HTB1KgAYGXXXXXcYXVXXq6xXFXXXQ.jpg\"><img decoding=\"async\" alt=\"JAP-8500_08.jpg\" src=\"http:\/\/localhost\/media\/import\/detail\/HTB1xNZZGXXXXXaPXVXXq6xXFXXXA.jpg\"><\/p>\n<\/p>\n<p style=\"text-align:center\"><span style=\"font-size:10.5pt;font-family:'Comic Sans MS'\"><span style=\"font-family:Comic Sans MS\"><img decoding=\"async\" alt=\"08.jpg\" src=\"http:\/\/localhost\/media\/import\/detail\/HTB11QJDGVXXXXXlXVXXq6xXFXXXD.jpg\"><img decoding=\"async\" alt=\"03.jpg\" src=\"http:\/\/localhost\/media\/import\/detail\/HTB1yK3FGXXXXXaOaXXXq6xXFXXXV.jpg\"><img decoding=\"async\" alt=\"4.jpg\" src=\"http:\/\/localhost\/media\/import\/detail\/HTB1Hm3TGXXXXXa_XVXXq6xXFXXXL.jpg\"><img loading=\"lazy\" decoding=\"async\" alt=\"SUNSUN Vente chaude 6000L\/h Pompe \u00e0 eau d'aquaculture\" src=\"http:\/\/localhost\/media\/import\/detail\/523278359_920.jpg\" width=\"600\" height=\"484\"><\/span><\/span><\/p>\n<p style=\"text-align:center\">\n<p data-section-blank=\"AliPostDhMb-amj5q\">\n<div id=\"ali-anchor-AliPostDhMb-amj5q\" style=\"padding-top:8px\" data-section=\"AliPostDhMb-amj5q\" data-section-title=\"Informations sur la soci\u00e9t\u00e9\"> <\/div>\n","protected":false},"excerpt":{"rendered":"<p>SUNSUN offre sp\u00e9ciale 6000L\/h pompe \u00e0 eau d&rsquo;aquaculture JAP-6000<\/p>\n","protected":false},"featured_media":5813,"comment_status":"open","ping_status":"closed","template":"","meta":[],"product_brand":[],"product_cat":[1380],"product_tag":[],"class_list":{"0":"post-39225","1":"product","2":"type-product","3":"status-publish","4":"has-post-thumbnail","6":"product_cat-pompes-a-eau-et-amp-tetes-motrices","8":"first","9":"instock","10":"shipping-taxable","11":"purchasable","12":"product-type-simple"},"_links":{"self":[{"href":"https:\/\/www.myaquastore.com\/fr\/wp-json\/wp\/v2\/product\/39225","targetHints":{"allow":["GET"]}}],"collection":[{"href":"https:\/\/www.myaquastore.com\/fr\/wp-json\/wp\/v2\/product"}],"about":[{"href":"https:\/\/www.myaquastore.com\/fr\/wp-json\/wp\/v2\/types\/product"}],"replies":[{"embeddable":true,"href":"https:\/\/www.myaquastore.com\/fr\/wp-json\/wp\/v2\/comments?post=39225"}],"wp:featuredmedia":[{"embeddable":true,"href":"https:\/\/www.myaquastore.com\/fr\/wp-json\/wp\/v2\/media\/5813"}],"wp:attachment":[{"href":"https:\/\/www.myaquastore.com\/fr\/wp-json\/wp\/v2\/media?parent=39225"}],"wp:term":[{"taxonomy":"product_brand","embeddable":true,"href":"https:\/\/www.myaquastore.com\/fr\/wp-json\/wp\/v2\/product_brand?post=39225"},{"taxonomy":"product_cat","embeddable":true,"href":"https:\/\/www.myaquastore.com\/fr\/wp-json\/wp\/v2\/product_cat?post=39225"},{"taxonomy":"product_tag","embeddable":true,"href":"https:\/\/www.myaquastore.com\/fr\/wp-json\/wp\/v2\/product_tag?post=39225"}],"curies":[{"name":"wp","href":"https:\/\/api.w.org\/{rel}","templated":true}]}}