{"id":39227,"date":"2016-09-25T23:28:36","date_gmt":"2016-09-25T23:28:36","guid":{"rendered":"https:\/\/www.myaquastore.com\/product\/pompe-de-fontaine-daquarium-sunsun-8000l-h-90w-pour-etang-ce-gs-jep-8000f\/"},"modified":"2025-03-16T09:06:57","modified_gmt":"2025-03-16T09:06:57","slug":"pompe-de-fontaine-daquarium-sunsun-8000l-h-90w-pour-etang-ce-gs-jep-8000f","status":"publish","type":"product","link":"https:\/\/www.myaquastore.com\/fr\/product\/pompe-de-fontaine-daquarium-sunsun-8000l-h-90w-pour-etang-ce-gs-jep-8000f\/","title":{"rendered":"Pompe de fontaine d&rsquo;aquarium SUNSUN 8000L\/h 90W pour \u00e9tang (CE, GS) JEP-8000F"},"content":{"rendered":"<div style=\"clear:both\"><\/div>\n<p style=\"text-align:left\"><span style=\"font-family:arial,helvetica,sans-serif;background-color:#993366\"><strong><span style=\"font-size:24px;color:#000000\">1. Caract\u00e9ristiques\u00a0:<\/span><\/strong> <\/span><\/p>\n<p><span style=\"font-size:18px;font-family:arial,helvetica,sans-serif;color:#000000\">1. Utilis\u00e9 pour l&rsquo;\u00e9tang et le r\u00e9servoir.<\/span><\/p>\n<p><span style=\"font-size:18px;font-family:arial,helvetica,sans-serif;color:#000000\">2. Moteur asynchrone standard de haute performance avec un nouveau design, \u00e0 faible bruit,<\/span><\/p>\n<p><span style=\"font-size:18px;font-family:arial,helvetica,sans-serif;color:#000000\"> \u00e9conomie d&rsquo;\u00e9nergie et \u00e9tanche.<\/span><\/p>\n<\/p>\n<p><span style=\"font-size:18px;font-family:arial,helvetica,sans-serif;color:#000000\">3. Conception sp\u00e9ciale pour le rotor, arbre en c\u00e9ramique \u00e9tanche, longue dur\u00e9e de vie et adapt\u00e9<\/span><\/p>\n<p><span style=\"font-size:18px;font-family:arial,helvetica,sans-serif;color:#000000\"> pour les amphibies terrestres.<\/span><\/p>\n<p><span style=\"font-size:18px;font-family:arial,helvetica,sans-serif;color:#000000\">4. Connecteur de d\u00e9charge multiple pour divers tuyaux.<\/span><\/p>\n<p><span style=\"font-size:18px;font-family:arial,helvetica,sans-serif;color:#000000\">5. Peut contr\u00f4ler le flux.<\/span><\/p>\n<\/p>\n<p><span style=\"font-size:18px;font-family:arial,helvetica,sans-serif;color:#000000\">6. T\u00eates de fontaine personnalis\u00e9es avec diff\u00e9rents designs. Alimentez les \u00e9tangs en oxyg\u00e8ne<\/span><\/p>\n<p><span style=\"font-size:18px;font-family:arial,helvetica,sans-serif;color:#000000\"> de mani\u00e8re \u00e0 la mode.<\/span><\/p>\n<p><span style=\"font-size:18px;font-family:arial,helvetica,sans-serif;color:#000000\">7. Ils ont \u00e9t\u00e9 \u00e9quip\u00e9s d&rsquo;un r\u00e9gulateur qui peut \u00eatre tir\u00e9 d&rsquo;avant en arri\u00e8re.<\/span><\/p>\n<p><span style=\"font-size:18px;font-family:arial,helvetica,sans-serif;color:#000000\"> Facile \u00e0 r\u00e9gler la hauteur.<\/span><\/p>\n<\/p>\n<p style=\"text-align:left\"> <img decoding=\"async\" alt=\"SUNSUN 8000L\/h Pompe de fontaine d'aquarium 90 W pour \u00e9tang (CE, GS)\" src=\"http:\/\/localhost\/media\/import\/detail\/714642924_138.jpg\"><\/p>\n<p style=\"text-align:left\">\n<p style=\"text-align:left\">\n<p style=\"text-align:left\"><span style=\"font-family:arial,helvetica,sans-serif;background-color:#993366\"><strong><span style=\"font-size:24px\">2.Les param\u00e8tres\u00a0:<\/span><\/strong> <\/span><\/p>\n<p style=\"text-align:left\"><span style=\"font-size:18px;font-family:arial,helvetica,sans-serif\"><span style=\"color:#0000ff\">Mod\u00e8le\u00a0:<\/span> JEP-8000F<\/span><\/p>\n<p style=\"text-align:left\">\n<p style=\"text-align:left\">\n<p style=\"text-align:left\"><span style=\"font-size:18px;font-family:arial,helvetica,sans-serif\"><span style=\"color:#0000ff\">Tension\u00a0:<\/span> 110V\/220V\/240V<\/span><\/p>\n<p style=\"text-align:left\">\n<p style=\"text-align:left\">\n<p style=\"text-align:left\"><span style=\"font-size:18px;font-family:arial,helvetica,sans-serif\"><span style=\"color:#0000ff\">Fr\u00e9quence\u00a0:<\/span> 50 Hz\/60 Hz<\/span><\/p>\n<p style=\"text-align:left\">\n<p style=\"text-align:left\">\n<p style=\"text-align:left\"><span style=\"font-size:18px;font-family:arial,helvetica,sans-serif\"><span style=\"color:#0000ff\">Puissance\u00a0:<\/span> 90 W<\/span><\/p>\n<p style=\"text-align:left\">\n<p style=\"text-align:left\">\n<p style=\"text-align:left\"><span style=\"font-size:18px;font-family:arial,helvetica,sans-serif\"><span style=\"color:#0000ff\">H-Max\u00a0:<\/span> 3,6\u00a0m<\/span><\/p>\n<p style=\"text-align:left\">\n<p style=\"text-align:left\">\n<p style=\"text-align:left\"><span style=\"font-size:18px;font-family:arial,helvetica,sans-serif\"><span style=\"color:#0000ff\">D\u00e9bit\u00a0:<\/span> 8000L\/h<\/span><\/p>\n<p style=\"text-align:left\">\n<p style=\"text-align:left\">\n<p style=\"text-align:left\"><span style=\"font-size:18px;font-family:arial,helvetica,sans-serif\"><span style=\"color:#0000ff\">Poids\u00a0:<\/span> 3,0 kg<\/span><\/p>\n<p style=\"text-align:left\">\n<p style=\"text-align:left\">\n<p style=\"text-align:left\"><span style=\"font-size:18px;font-family:arial,helvetica,sans-serif\"><span style=\"color:#0000ff\">Dimensions<\/span><strong><span style=\"color:#0000ff\">\u00a0:<\/span><\/strong> 265*115*130mm<\/span><\/p>\n<p style=\"text-align:left\">\n<p style=\"text-align:left\">\n<p style=\"text-align:left\"><span style=\"background-color:#993366\"><strong><span style=\"font-size:24px;font-family:verdana,geneva\">3.Autres mod\u00e8les\u00a0:<\/span><\/strong> <\/span><\/p>\n<p style=\"text-align:left\">\n<p style=\"text-align:left\"> <img loading=\"lazy\" decoding=\"async\" alt=\"SUNSUN 8000L\/h 90W Pompe de fontaine d'aquarium pour \u00e9tang (CE, GS)\" src=\"http:\/\/localhost\/media\/import\/detail\/714644065_900.jpg\" width=\"600\" height=\"600\"><\/p>\n<p style=\"text-align:left\">\n<p style=\"text-align:left\">\n<p style=\"text-align:left\">\n<table class=\"aliDataTable\" style=\"height:135px;width:631px\">\n<tbody>\n<tr align=\"left\">\n<td style=\"width:53.6pt\" valign=\"top\">\n<p><span style=\"font-size:14px;font-family:arial,helvetica,sans-serif\">Mod\u00e8le<\/span><\/p>\n<\/td>\n<td style=\"width:73.85pt\" valign=\"top\">\n<p><span style=\"font-size:14px;font-family:arial,helvetica,sans-serif\">Tension<\/span><\/p>\n<\/td>\n<td style=\"width:51.9pt\" valign=\"top\">\n<p><span style=\"font-size:14px;font-family:arial,helvetica,sans-serif\">Fr\u00e9quence<\/span><\/p>\n<\/td>\n<td style=\"width:45.1pt\" valign=\"top\">\n<p><span style=\"font-size:14px;font-family:arial,helvetica,sans-serif\">Puissance<\/span><\/p>\n<\/td>\n<td style=\"width:45.1pt\" valign=\"top\">\n<p><span style=\"font-size:14px;font-family:arial,helvetica,sans-serif\">H-max<\/span><\/p>\n<\/td>\n<td style=\"width:45.1pt\" valign=\"top\">\n<p><span style=\"font-size:14px;font-family:arial,helvetica,sans-serif\">Sortie<\/span><\/p>\n<\/td>\n<td style=\"width:45.1pt\" valign=\"top\">\n<p><span style=\"font-size:14px;font-family:arial,helvetica,sans-serif\"> Poids<\/span><\/p>\n<\/td>\n<td style=\"width:72.35pt\" valign=\"top\">\n<p><span style=\"font-size:14px;font-family:arial,helvetica,sans-serif\">Dimensions<\/span><\/p>\n<\/td>\n<\/tr>\n<tr align=\"left\">\n<td valign=\"top\">\n<p><span style=\"font-size:14px;font-family:arial,helvetica,sans-serif\">JEP-5000F<\/span><\/p>\n<\/td>\n<td valign=\"top\">\n<p><span style=\"font-size:14px;font-family:arial,helvetica,sans-serif\">110V\/220V\/240V<\/span><\/p>\n<\/td>\n<td valign=\"top\">\n<p><span style=\"font-size:14px;font-family:arial,helvetica,sans-serif;background:#ffffff\">50Hz\/60Hz<\/span><\/p>\n<\/td>\n<td valign=\"top\">\n<p><span style=\"font-size:14px;font-family:arial,helvetica,sans-serif\">60W<\/span><\/p>\n<\/td>\n<td valign=\"top\">\n<p><span style=\"font-size:14px;font-family:arial,helvetica,sans-serif\">3,0\u00a0m<\/span><\/p>\n<\/td>\n<td valign=\"top\">\n<p><span style=\"font-size:14px;font-family:arial,helvetica,sans-serif\">5\u00a0000 L\/h<\/span><\/p>\n<\/td>\n<td valign=\"top\">\n<p><span style=\"font-size:14px;font-family:arial,helvetica,sans-serif\"> 3,0 kg<\/span><\/p>\n<\/td>\n<td valign=\"top\">\n<p><span style=\"font-size:14px;font-family:arial,helvetica,sans-serif\">265*115*130mm<\/span><\/p>\n<\/td>\n<\/tr>\n<tr align=\"left\">\n<td valign=\"top\">\n<p><strong><span style=\"font-size:14px;font-family:arial,helvetica,sans-serif;color:#0000ff\">JEP-8000F<\/span><\/strong><\/p>\n<\/td>\n<td valign=\"top\">\n<p><strong><span style=\"font-size:14px;font-family:arial,helvetica,sans-serif;color:#0000ff\">110V\/220V\/240V<\/span><\/strong><\/p>\n<\/td>\n<td valign=\"top\">\n<p><strong><span style=\"font-size:14px;font-family:arial,helvetica,sans-serif;background:#ffffff;color:#0000ff\">50Hz\/60Hz<\/span><\/strong><\/p>\n<\/td>\n<td valign=\"top\">\n<p><strong><span style=\"font-size:14px;font-family:arial,helvetica,sans-serif;color:#0000ff\">90W<\/span><\/strong><\/p>\n<\/td>\n<td valign=\"top\">\n<p><strong><span style=\"font-size:14px;font-family:arial,helvetica,sans-serif;color:#0000ff\">3,6\u00a0m<\/span><\/strong><\/p>\n<\/td>\n<td valign=\"top\">\n<p><strong><span style=\"font-size:14px;font-family:arial,helvetica,sans-serif;color:#0000ff\">8000L\/h<\/span><\/strong><\/p>\n<\/td>\n<td valign=\"top\">\n<p><strong><span style=\"font-size:14px;font-family:arial,helvetica,sans-serif;color:#0000ff\"> 3,0\u00a0kg<\/span><\/strong><\/p>\n<\/td>\n<td valign=\"top\">\n<p><strong><span style=\"font-size:14px;font-family:arial,helvetica,sans-serif;color:#0000ff\">265*115*130mm<\/span><\/strong><\/p>\n<\/td>\n<\/tr>\n<tr align=\"left\">\n<td valign=\"top\">\n<p><span style=\"font-size:14px;font-family:arial,helvetica,sans-serif\">JEP-9000F<\/span><\/p>\n<\/td>\n<td valign=\"top\">\n<p><span style=\"font-size:14px;font-family:arial,helvetica,sans-serif\">110V\/220V\/240V<\/span><\/p>\n<\/td>\n<td valign=\"top\">\n<p><span style=\"font-size:14px;font-family:arial,helvetica,sans-serif;background:#ffffff;color:#000000\">50Hz\/60Hz<\/span><\/p>\n<\/td>\n<td valign=\"top\">\n<p><span style=\"font-size:14px;font-family:arial,helvetica,sans-serif\">125W<\/span><\/p>\n<\/td>\n<td valign=\"top\">\n<p><span style=\"font-size:14px;font-family:arial,helvetica,sans-serif\">4,5\u00a0m<\/span><\/p>\n<\/td>\n<td valign=\"top\">\n<p><span style=\"font-size:14px;font-family:arial,helvetica,sans-serif\">9000L\/h<\/span><\/p>\n<\/td>\n<td valign=\"top\">\n<p><span style=\"font-size:14px;font-family:arial,helvetica,sans-serif\"> 3,5kg<\/span><\/p>\n<\/td>\n<td valign=\"top\">\n<p><span style=\"font-size:14px;font-family:arial,helvetica,sans-serif\">270*123*140mm<\/span><\/p>\n<\/td>\n<\/tr>\n<tr align=\"left\">\n<td valign=\"top\">\n<p><span style=\"font-size:14px;font-family:arial,helvetica,sans-serif\">JEP-10000F<\/span><\/p>\n<\/td>\n<td valign=\"top\">\n<p><span style=\"font-size:14px;font-family:arial,helvetica,sans-serif\">110V\/220V\/240V<\/span><\/p>\n<\/td>\n<td valign=\"top\">\n<p><span style=\"font-size:14px;font-family:arial,helvetica,sans-serif;background:#ffffff;color:#000000\">50Hz\/60Hz<\/span><\/p>\n<\/td>\n<td valign=\"top\">\n<p><span style=\"font-size:14px;font-family:arial,helvetica,sans-serif\">155W<\/span><\/p>\n<\/td>\n<td valign=\"top\">\n<p><span style=\"font-size:14px;font-family:arial,helvetica,sans-serif\">4,75\u00a0m<\/span><\/p>\n<\/td>\n<td valign=\"top\">\n<p><span style=\"font-size:14px;font-family:arial,helvetica,sans-serif\">10 000 L\/h<\/span><\/p>\n<\/td>\n<td valign=\"top\">\n<p><span style=\"font-size:14px;font-family:arial,helvetica,sans-serif\"> 3,5 kg<\/span><\/p>\n<\/td>\n<td valign=\"top\">\n<p><span style=\"font-size:14px;font-family:arial,helvetica,sans-serif\">270*123*140mm<\/span><\/p>\n<\/td>\n<\/tr>\n<\/tbody>\n<\/table>\n<p><span style=\"font-family:arial,helvetica,sans-serif;background-color:#993366\"><strong><span style=\"font-size:24px\">4. L&rsquo;utilisation\u00a0:<\/span><\/strong><\/span><\/p>\n<p style=\"text-align:left\">\n<p style=\"text-align:left\">\n<p style=\"text-align:left\"> <img decoding=\"async\" alt=\"SUNSUN 8000L\/h 90W Pompe de fontaine d'aquarium pour \u00e9tang (CE, GS)\" src=\"http:\/\/localhost\/media\/import\/detail\/714610209_929.jpg\"><\/p>\n<p style=\"text-align:left\">\n<p style=\"text-align:left\"><span style=\"font-size:16px;font-family:verdana,geneva\"><img loading=\"lazy\" decoding=\"async\" alt=\"SUNSUN 8000L\/h 90W Pompe de fontaine d'aquarium pour \u00e9tang (CE, GS)\" src=\"http:\/\/localhost\/media\/import\/detail\/695298849_200.jpg\" width=\"593\" height=\"310\"><\/span><\/p>\n<p style=\"text-align:left\">\n<p style=\"text-align:left\">\n<p style=\"text-align:left\"><span style=\"font-family:arial,helvetica,sans-serif;background-color:#993366\"><strong><span style=\"font-size:24px\">5.<strong><span style=\"font-size:x-large\">Diverses fontaines styles<\/span><\/strong>\u00a0:<\/span><\/strong><strong><\/strong> <\/span><\/p>\n<p style=\"text-align:left\">\n<p style=\"text-align:left\"> <img loading=\"lazy\" decoding=\"async\" alt=\"SUNSUN 8000L\/h 90W Pompe de fontaine d'aquarium pour \u00e9tang (CE, GS)\" src=\"http:\/\/localhost\/media\/import\/detail\/714638313_760.jpg\" width=\"600\" height=\"600\"><\/p>\n<p style=\"text-align:left\"> <img loading=\"lazy\" decoding=\"async\" alt=\"SUNSUN 8000L\/h 90W Pompe de fontaine d'aquarium pour \u00e9tang (CE, GS)\" src=\"http:\/\/localhost\/media\/import\/detail\/714640311_502.jpg\" width=\"600\" height=\"600\"><\/p>\n<p style=\"text-align:left\"><strong><\/strong> <\/p><\/p>\n","protected":false},"excerpt":{"rendered":"<p>Pompe de fontaine d&rsquo;aquarium SUNSUN 8000L\/h 90W pour \u00e9tang (CE, GS) JEP-8000F<\/p>\n","protected":false},"featured_media":5817,"comment_status":"open","ping_status":"closed","template":"","meta":[],"product_brand":[],"product_cat":[1380],"product_tag":[],"class_list":{"0":"post-39227","1":"product","2":"type-product","3":"status-publish","4":"has-post-thumbnail","6":"product_cat-pompes-a-eau-et-amp-tetes-motrices","8":"first","9":"instock","10":"shipping-taxable","11":"purchasable","12":"product-type-simple"},"_links":{"self":[{"href":"https:\/\/www.myaquastore.com\/fr\/wp-json\/wp\/v2\/product\/39227","targetHints":{"allow":["GET"]}}],"collection":[{"href":"https:\/\/www.myaquastore.com\/fr\/wp-json\/wp\/v2\/product"}],"about":[{"href":"https:\/\/www.myaquastore.com\/fr\/wp-json\/wp\/v2\/types\/product"}],"replies":[{"embeddable":true,"href":"https:\/\/www.myaquastore.com\/fr\/wp-json\/wp\/v2\/comments?post=39227"}],"wp:featuredmedia":[{"embeddable":true,"href":"https:\/\/www.myaquastore.com\/fr\/wp-json\/wp\/v2\/media\/5817"}],"wp:attachment":[{"href":"https:\/\/www.myaquastore.com\/fr\/wp-json\/wp\/v2\/media?parent=39227"}],"wp:term":[{"taxonomy":"product_brand","embeddable":true,"href":"https:\/\/www.myaquastore.com\/fr\/wp-json\/wp\/v2\/product_brand?post=39227"},{"taxonomy":"product_cat","embeddable":true,"href":"https:\/\/www.myaquastore.com\/fr\/wp-json\/wp\/v2\/product_cat?post=39227"},{"taxonomy":"product_tag","embeddable":true,"href":"https:\/\/www.myaquastore.com\/fr\/wp-json\/wp\/v2\/product_tag?post=39227"}],"curies":[{"name":"wp","href":"https:\/\/api.w.org\/{rel}","templated":true}]}}