{"id":39236,"date":"2016-09-25T23:28:37","date_gmt":"2016-09-25T23:28:37","guid":{"rendered":"https:\/\/www.myaquastore.com\/product\/pompe-detang-50-eco-a-economie-denergie-sunsun-cqb-7500\/"},"modified":"2025-03-16T09:06:59","modified_gmt":"2025-03-16T09:06:59","slug":"pompe-detang-50-eco-a-economie-denergie-sunsun-cqb-7500","status":"publish","type":"product","link":"https:\/\/www.myaquastore.com\/fr\/product\/pompe-detang-50-eco-a-economie-denergie-sunsun-cqb-7500\/","title":{"rendered":"Pompe d&rsquo;\u00e9tang 50% ECO \u00e0 \u00e9conomie d&rsquo;\u00e9nergie SUNSUN CQB-7500"},"content":{"rendered":"<div style=\"clear:both\"><\/div>\n<p style=\"text-align:center\"><span style=\"font-size:24px\"><strong>SUNSUN \u00e9conomie d&rsquo;\u00e9nergie 50% ECO pompe de bassin CQB-7500<\/strong> <\/span><\/p>\n<p style=\"text-align:center\">\n<p><span style=\"font-size:18px;font-family:book antiqua, palatino\"><strong><span style=\"color:#0000ff;text-decoration:underline\">Description de l&rsquo;article\u00a0:<\/span><\/strong><\/span><\/p>\n<p> <span style=\"font-family:tahoma,arial,helvetica,sans-serif\"> <span style=\"font-size:14px;font-family:trebuchet ms,geneva\">Cette pompe d&rsquo;\u00e9tang s&rsquo;applique \u00e0 \u00e9tangs, rockey, bourn, r\u00e9servoirs d&rsquo;aquarium et r\u00e9servoirs de fruits de mer avec \u00e9quipements de recyclage de l&rsquo;eau correspondant. <\/span><\/span><\/p>\n<\/p>\n<p><span style=\"font-size:18px;font-family:book antiqua,palatino\"><strong><span style=\"color:#0000ff;text-decoration:underline\">Caract\u00e9ristiques de la pompe de bassin\u00a0:<\/span><\/strong><\/span><\/p>\n<ul>\n<li><span style=\"font-size:18px;font-family:trebuchet ms,geneva\"><span style=\"color:#000000\"><span style=\"font-size:14px\"><span style=\"font-size:14px\"><span style=\"font-family:Arial\">Aspiration \u00e0 faible levier et faible bruit<\/span><\/span><\/span><\/span><\/span><\/li>\n<li><span style=\"font-size:18px;font-family:trebuchet ms,geneva\"><span style=\"color:#000000\"><span style=\"font-size:14px\"><span style=\"font-size:14px\"><span style=\"font-family:Arial\">Moteur asynchrone standard haute performance avec un nouveau design et une \u00e9conomie d&rsquo;\u00e9nergie jusqu&rsquo;\u00e0 50 % par rapport \u00e0 avant.<\/span><\/span><\/span><\/span><\/span><\/li>\n<li><span style=\"font-size:18px;font-family:trebuchet ms,geneva\"><span style=\"color:#000000\"><span style=\"font-size:14px\"><span style=\"font-size:14px\"><span style=\"font-family:Arial\">la conception du grand panier filtrant facilite grandement l&rsquo;entretien plus longtemps.<\/span><\/span><\/span><\/span><\/span><\/li>\n<li><span style=\"font-size:18px;font-family:trebuchet ms,geneva\"><span style=\"color:#000000\"><span style=\"font-size:14px\"><span style=\"font-size:14px\"><span style=\"font-family:Arial\">Double joint en r\u00e9sine et anneau en caoutchouc le rendre plus s\u00fbr \u00e0 utiliser.<\/span><\/span><\/span><\/span><\/span><\/li>\n<li><span style=\"font-size:18px;font-family:trebuchet ms,geneva\"><span style=\"color:#000000\"><span style=\"font-size:14px\"><span style=\"font-size:14px\"><span style=\"font-family:Arial\">Tige et usure en c\u00e9ramique \u00e0 haute r\u00e9sistance, longue dur\u00e9e de vie.<\/span><\/span><\/span><\/span><\/span><\/li>\n<li><span style=\"font-size:18px;font-family:trebuchet ms,geneva\"><span style=\"font-size:18px;font-family:trebuchet ms,geneva\"><span style=\"color:#000000\"><span style=\"font-size:14px\"><span style=\"font-size:14px\"><span style=\"font-family:Arial\">L&rsquo;h\u00e9lice en spirale permet une taille de particules de salet\u00e9 allant jusqu&rsquo;\u00e0 6\u00a0mm.<\/span><\/span><\/span><\/span><\/span><\/span><\/li>\n<\/ul>\n<p><span style=\"font-size:18px;font-family:book antiqua,palatino\"><strong><span style=\"color:#0000ff;text-decoration:underline\">Pompe d&rsquo;\u00e9tang CQB-7500 date\u00a0:<\/span><\/strong><\/span><\/p>\n<\/p>\n<\/p>\n<table class=\"aliDataTable ke-zeroborder\" cellpadding=\"0\" border=\"0\">\n<tbody>\n<tr>\n<td>Nom du produit\u00a0:<\/td>\n<td> Pompe de bassin SUNSUN \u00e0 \u00e9conomie d&rsquo;\u00e9nergie 50\u00a0% ECO CQB-7500<\/td>\n<\/tr>\n<tr>\n<td> Inclut\u00a0:<\/td>\n<td> pompe de bassin<\/td>\n<\/tr>\n<tr>\n<td> <\/td>\n<td> Adaptateur de tuyau<\/td>\n<\/tr>\n<tr>\n<td> <\/td>\n<td> connexion<\/td>\n<\/tr>\n<tr>\n<td> <\/td>\n<td> quelques autres pi\u00e8ces<\/td>\n<\/tr>\n<tr>\n<td> Fonction\u00a0:<\/td>\n<td> Fonctionne jour et nuit avec vanne d&rsquo;eau<\/td>\n<\/tr>\n<tr>\n<td> <\/td>\n<td> Minuterie 1H\/2H\/4H<\/td>\n<\/tr>\n<tr>\n<td> Caract\u00e9ristique\u00a0:<\/td>\n<td> \u00c9l\u00e9vation d&rsquo;eau Max\u00a0: 3,3\u00a0m<\/td>\n<\/tr>\n<tr>\n<td> <\/td>\n<td> D\u00e9bit d&rsquo;eau max\u00a0: 7\u00a0500 L\/H <span style=\"background-color:#ffff00\">(2000gal\/heure)<\/span><\/td>\n<\/tr>\n<tr>\n<td> Carton d&rsquo;exportation\u00a0:<\/td>\n<td> 6PCS\/CTN<\/td>\n<\/tr>\n<tr>\n<td> N.W;G.W\/ Carton\u00a0:<\/td>\n<td> 16KG,17KG<\/td>\n<\/tr>\n<tr>\n<td>Dimensions de la pompe<\/td>\n<td> 220*115*140mm<\/td>\n<\/tr>\n<tr>\n<td> MOQ\u00a0:<\/td>\n<td> 60PCS<\/td>\n<\/tr>\n<\/tbody>\n<\/table>\n<\/p>\n<p><span style=\"font-size:18px;font-family:book antiqua,palatino\"><strong><span style=\"color:#0000ff;text-decoration:underline\">CQB-7500 Photos\u00a0:<\/span><\/strong><\/span><\/p>\n<p><img decoding=\"async\" alt=\"SUNSUN \u00e9conomie d'\u00e9nergie 50% ECO pompe de bassin CQB-7500\" src=\"http:\/\/localhost\/media\/import\/detail\/829463577_498.jpg\"><\/p>\n<p><span style=\"font-size:18px;font-family:book antiqua,palatino\"><span style=\"color:#000000\"><span style=\"font-size:14px;font-family:trebuchet ms,geneva\"><span style=\"font-size:14px;font-family:trebuchet ms,geneva\"><span style=\"font-family:Arial\"><img loading=\"lazy\" decoding=\"async\" alt=\"SUNSUN \u00e9conomie d'\u00e9nergie 50% ECO pompe de bassin CQB-7500\" src=\"http:\/\/localhost\/media\/import\/detail\/529319103_523.jpg\" width=\"602\" height=\"207\"><img loading=\"lazy\" decoding=\"async\" alt=\"SUNSUN \u00e9conomie d'\u00e9nergie 50% ECO pompe de bassin CQB-7500\" src=\"http:\/\/localhost\/media\/import\/detail\/529319102_018.jpg\" width=\"602\" height=\"527\"><\/span><\/span><\/span><\/span><\/span><\/p>\n<\/p>\n<div style=\"clear:both\"><\/div>\n","protected":false},"excerpt":{"rendered":"<p>Pompe d&rsquo;\u00e9tang 50% ECO \u00e0 \u00e9conomie d&rsquo;\u00e9nergie SUNSUN CQB-7500<\/p>\n","protected":false},"featured_media":5835,"comment_status":"open","ping_status":"closed","template":"","meta":[],"product_brand":[],"product_cat":[1380],"product_tag":[],"class_list":{"0":"post-39236","1":"product","2":"type-product","3":"status-publish","4":"has-post-thumbnail","6":"product_cat-pompes-a-eau-et-amp-tetes-motrices","8":"first","9":"instock","10":"shipping-taxable","11":"purchasable","12":"product-type-simple"},"_links":{"self":[{"href":"https:\/\/www.myaquastore.com\/fr\/wp-json\/wp\/v2\/product\/39236","targetHints":{"allow":["GET"]}}],"collection":[{"href":"https:\/\/www.myaquastore.com\/fr\/wp-json\/wp\/v2\/product"}],"about":[{"href":"https:\/\/www.myaquastore.com\/fr\/wp-json\/wp\/v2\/types\/product"}],"replies":[{"embeddable":true,"href":"https:\/\/www.myaquastore.com\/fr\/wp-json\/wp\/v2\/comments?post=39236"}],"wp:featuredmedia":[{"embeddable":true,"href":"https:\/\/www.myaquastore.com\/fr\/wp-json\/wp\/v2\/media\/5835"}],"wp:attachment":[{"href":"https:\/\/www.myaquastore.com\/fr\/wp-json\/wp\/v2\/media?parent=39236"}],"wp:term":[{"taxonomy":"product_brand","embeddable":true,"href":"https:\/\/www.myaquastore.com\/fr\/wp-json\/wp\/v2\/product_brand?post=39236"},{"taxonomy":"product_cat","embeddable":true,"href":"https:\/\/www.myaquastore.com\/fr\/wp-json\/wp\/v2\/product_cat?post=39236"},{"taxonomy":"product_tag","embeddable":true,"href":"https:\/\/www.myaquastore.com\/fr\/wp-json\/wp\/v2\/product_tag?post=39236"}],"curies":[{"name":"wp","href":"https:\/\/api.w.org\/{rel}","templated":true}]}}