{"id":39245,"date":"2016-09-25T23:28:37","date_gmt":"2016-09-25T23:28:37","guid":{"rendered":"https:\/\/www.myaquastore.com\/product\/sterilisateur-a-lampe-uv-pour-etang-et-aquarium-36-w-cuv-136\/"},"modified":"2025-03-16T09:07:02","modified_gmt":"2025-03-16T09:07:02","slug":"sterilisateur-a-lampe-uv-pour-etang-et-aquarium-36-w-cuv-136","status":"publish","type":"product","link":"https:\/\/www.myaquastore.com\/fr\/product\/sterilisateur-a-lampe-uv-pour-etang-et-aquarium-36-w-cuv-136\/","title":{"rendered":"St\u00e9rilisateur \u00e0 lampe UV pour \u00e9tang et aquarium 36 W CUV-136"},"content":{"rendered":"<div style=\"clear:both\"><\/div>\n<p><span style=\"font-size:32px;color:#ff0000\"><strong>St\u00e9rilisateur \u00e0 lampe UV pour \u00e9tang et aquarium 36\u00a0w<img decoding=\"async\" alt=\"St\u00e9rilisateur \u00e0 lampe UV pour \u00e9tang et aquarium 36\u00a0w\" src=\"http:\/\/localhost\/media\/import\/detail\/HTB1pFecFVXXXXb8XpXXq6xXFXXXo.jpg\"><img decoding=\"async\" alt=\"St\u00e9rilisateur \u00e0 lampe UV pour \u00e9tang et aquarium 36w\" src=\"http:\/\/localhost\/media\/import\/detail\/HTB1uqCvFVXXXXc1XXXXq6xXFXXXr.jpg\"><img decoding=\"async\" alt=\"36w Uv pour \u00e9tang et aquarium St\u00e9rilisateur de lampe\" src=\"http:\/\/localhost\/media\/import\/detail\/HTB1aOqfFVXXXXX2XpXXq6xXFXXXx.jpg\"><\/strong><\/span><\/p>\n<div id=\"ali-anchor-AliPostDhMb-uwooc\" style=\"padding-top:8px\" data-section=\"AliPostDhMb-uwooc\" data-section-title=\"Informations sur la soci\u00e9t\u00e9\"> <\/div>\n","protected":false},"excerpt":{"rendered":"<p>St\u00e9rilisateur \u00e0 lampe UV pour \u00e9tang et aquarium 36 W CUV-136<\/p>\n","protected":false},"featured_media":5853,"comment_status":"open","ping_status":"closed","template":"","meta":[],"product_brand":[],"product_cat":[1338],"product_tag":[],"class_list":{"0":"post-39245","1":"product","2":"type-product","3":"status-publish","4":"has-post-thumbnail","6":"product_cat-filtres-pour-aquariums","8":"first","9":"instock","10":"shipping-taxable","11":"purchasable","12":"product-type-simple"},"_links":{"self":[{"href":"https:\/\/www.myaquastore.com\/fr\/wp-json\/wp\/v2\/product\/39245","targetHints":{"allow":["GET"]}}],"collection":[{"href":"https:\/\/www.myaquastore.com\/fr\/wp-json\/wp\/v2\/product"}],"about":[{"href":"https:\/\/www.myaquastore.com\/fr\/wp-json\/wp\/v2\/types\/product"}],"replies":[{"embeddable":true,"href":"https:\/\/www.myaquastore.com\/fr\/wp-json\/wp\/v2\/comments?post=39245"}],"wp:featuredmedia":[{"embeddable":true,"href":"https:\/\/www.myaquastore.com\/fr\/wp-json\/wp\/v2\/media\/5853"}],"wp:attachment":[{"href":"https:\/\/www.myaquastore.com\/fr\/wp-json\/wp\/v2\/media?parent=39245"}],"wp:term":[{"taxonomy":"product_brand","embeddable":true,"href":"https:\/\/www.myaquastore.com\/fr\/wp-json\/wp\/v2\/product_brand?post=39245"},{"taxonomy":"product_cat","embeddable":true,"href":"https:\/\/www.myaquastore.com\/fr\/wp-json\/wp\/v2\/product_cat?post=39245"},{"taxonomy":"product_tag","embeddable":true,"href":"https:\/\/www.myaquastore.com\/fr\/wp-json\/wp\/v2\/product_tag?post=39245"}],"curies":[{"name":"wp","href":"https:\/\/api.w.org\/{rel}","templated":true}]}}