{"id":39256,"date":"2016-09-25T23:28:37","date_gmt":"2016-09-25T23:28:37","guid":{"rendered":"https:\/\/www.myaquastore.com\/product\/pompe-a-eau-daquarium-sunsun-50hz-60hz-serie-silencieuse-haute-qualite-hqb-5000b\/"},"modified":"2025-03-16T09:07:04","modified_gmt":"2025-03-16T09:07:04","slug":"pompe-a-eau-daquarium-sunsun-50hz-60hz-serie-silencieuse-haute-qualite-hqb-5000b","status":"publish","type":"product","link":"https:\/\/www.myaquastore.com\/fr\/product\/pompe-a-eau-daquarium-sunsun-50hz-60hz-serie-silencieuse-haute-qualite-hqb-5000b\/","title":{"rendered":"Pompe \u00e0 eau d&rsquo;aquarium SUNSUN 50Hz\/60Hz s\u00e9rie silencieuse haute qualit\u00e9 HQB-5000B"},"content":{"rendered":"<div style=\"clear:both\"><\/div>\n<p style=\"text-align:center\">\n<div style=\"padding-bottom:10px;padding-top:10px;padding-left:0px;padding-right:0px\">\n<p><span><\/span><\/p>\n<\/div>\n<p style=\"text-align:center\">\n<p style=\"text-align:center\"><span style=\"font-size:24px\"><strong><span style=\"background-color:#ffffff\">(offres sp\u00e9ciales) Pompe \u00e0 eau d&rsquo;aquarium SUNSUN 50Hz\/60Hz s\u00e9rie silencieuse de haute qualit\u00e9<\/span><\/strong><\/span><\/p>\n<\/p>\n<div id=\"ali-anchor-AliPostDhMb-zuc3g\" style=\"padding-top:8px\" data-section-title=\"Description du produit\" data-section=\"AliPostDhMb-zuc3g\">\n<div id=\"ali-title-AliPostDhMb-zuc3g\" style=\"border-bottom:#ddd 1px solid;padding-bottom:8px;padding-top:8px;padding-left:0px;padding-right:0px\"><span style=\"font-weight:bold;color:#333;padding-bottom:8px;padding-top:8px;padding-left:10px;line-height:12px;padding-right:10px;background-color:#ddd\">Description du produit<\/span><\/div>\n<div style=\"padding-bottom:10px;padding-top:10px;padding-left:0px;padding-right:0px\">\n<p><span style=\"font-size:18px;font-family:arial, helvetica, sans-serif;line-height:20px;background-color:#ffff00\">Fonctionnalit\u00e9s\u00a0:<\/span><\/p>\n<\/p>\n<p>1.il utilise un noyau d&rsquo;arbre \u00e0 haute r\u00e9sistance et r\u00e9sistant \u00e0 l&rsquo;usure, a une \u00e9conomie d&rsquo;\u00e9nergie tr\u00e8s efficace et une longue dur\u00e9e de vie<\/p>\n<p>2.il est \u00e9tanche \u00e0 l&rsquo;eau, une rigidit\u00e9 di\u00e9lectrique \u00e9lev\u00e9e, il est s\u00fbr et fiable<\/p>\n<p>3.il est con\u00e7u avec une turbine centrifuge, a un d\u00e9bit et une pression \u00e9lev\u00e9s<\/p>\n<p>4.il a diverses fonctions comme le pompage, le filtre et l&rsquo;oxyg\u00e8ne<\/p>\n<p>5. s&rsquo;applique aux aquariums, \u00e0 l&rsquo;eau des \u00e9tangs de rocaille correspondance des appareils de circulation<\/p>\n<\/div>\n<\/div>\n<table class=\"aliDataTable ke-zeroborder\" style=\"width:616px\" cellpadding=\"0\" border=\"0\">\n<tbody>\n<tr align=\"left\">\n<td width=\"77\">MOD\u00c8LE<\/td>\n<td width=\"116\">TENSION<\/td>\n<td width=\"89\">FR\u00c9QUENCE<\/td>\n<td width=\"55\">PUISSANCE<\/td>\n<td width=\"46\">H-MAX<\/td>\n<td width=\"68\">SORTIE<\/td>\n<td width=\"53\">POIDS<\/td>\n<td width=\"112\">DIMENSIONS<\/td>\n<\/tr>\n<tr align=\"left\">\n<td>HQB-2000<\/td>\n<td>110V\/220V\/240V<\/td>\n<td>50Hz\/60Hz<\/td>\n<td>24 L<\/td>\n<td>1,8 m<\/td>\n<td>1400 L\/h<\/td>\n<td>0,8 kg<\/td>\n<td>138x65x145 mm<\/td>\n<\/tr>\n<tr align=\"left\">\n<td>HQB-2200<\/td>\n<td>110V\/220V\/240V<\/td>\n<td>50Hz\/60Hz<\/td>\n<td>40W <\/td>\n<td>2,3m<\/td>\n<td>1900L\/h<\/td>\n<td>1,2kg<\/td>\n<td>135x105x115mm<\/td>\n<\/tr>\n<tr align=\"left\">\n<td>HQB-2500B<\/td>\n<td>110V\/220V\/240V<\/td>\n<td>50Hz\/60Hz<\/td>\n<td>55 L<\/td>\n<td>2,5m<\/td>\n<td>2000L\/h<\/td>\n<td>1,2kg<\/td>\n<td>153x105x135mm<\/td>\n<\/tr>\n<tr align=\"left\">\n<td>HQB-3000<\/td>\n<td>110V\/220V\/240V<\/td>\n<td>50Hz\/60Hz<\/td>\n<td>60W <\/td>\n<td>3,0m<\/td>\n<td>2500L\/h<\/td>\n<td>1,6kg<\/td>\n<td>153x105x127mm<\/td>\n<\/tr>\n<tr align=\"left\">\n<td>HQB-3500B<\/td>\n<td>110V\/220V\/240V<\/td>\n<td>50Hz\/60Hz<\/td>\n<td>85W <\/td>\n<td>3,5m<\/td>\n<td>3000L\/h<\/td>\n<td>1,25kg<\/td>\n<td>153x105x135mm<\/td>\n<\/tr>\n<tr align=\"left\">\n<td>HQB-4500B<\/td>\n<td>110V\/220V\/240V<\/td>\n<td>50Hz\/60Hz<\/td>\n<td>100 L<\/td>\n<td>4,5m<\/td>\n<td>4500L\/h<\/td>\n<td>2,7kg<\/td>\n<td>175x112x133mm<\/td>\n<\/tr>\n<tr align=\"left\">\n<td>HQB-5000B<\/td>\n<td>110V\/220V\/240V<\/td>\n<td>50Hz\/60Hz<\/td>\n<td>150 L<\/td>\n<td>5,0 m<\/td>\n<td>5 500 L\/h<\/td>\n<td>2,8 kg<\/td>\n<td>175x112x133 mm<\/td>\n<\/tr>\n<tr align=\"left\">\n<td>HQB-5500B<\/td>\n<td>110V\/220V\/240V<\/td>\n<td>50Hz\/60Hz<\/td>\n<td>200W<\/td>\n<p>5,5m<\/td>\n<td>6800L\/h<\/td>\n<td>4,0kg<\/td>\n<td>200x140x160mm<\/td>\n<\/tr>\n<\/tbody>\n<\/table>\n<\/p>\n<p> <img decoding=\"async\" alt=\"(ventes chaudes) Pompe \u00e0 eau d'aquarium SUNSUN 50Hz\/60Hz s\u00e9rie silencieuse de haute qualit\u00e9\" src=\"http:\/\/localhost\/media\/import\/detail\/471061403_052.jpg\"><img decoding=\"async\" alt=\"(ventes chaudes) Pompe \u00e0 eau d'aquarium SUNSUN S\u00e9rie silencieuse 50 Hz\/60 Hz de haute qualit\u00e9\" src=\"http:\/\/localhost\/media\/import\/detail\/471061406_034.jpg\"><img decoding=\"async\" alt=\"(ventes chaudes) Pompe \u00e0 eau d'aquarium SUNSUN 50 Hz\/60 Hz s\u00e9rie silencieuse de haute qualit\u00e9\" src=\"http:\/\/localhost\/media\/import\/detail\/471061408_379.jpg\"><img decoding=\"async\" alt=\"(offres sp\u00e9ciales) Pompe \u00e0 eau d'aquarium SUNSUN 50Hz\/60Hz s\u00e9rie silencieuse de haute qualit\u00e9\" src=\"http:\/\/localhost\/media\/import\/detail\/471061410_134.jpg\"><\/p><\/p>\n","protected":false},"excerpt":{"rendered":"<p>Pompe \u00e0 eau d&rsquo;aquarium SUNSUN 50Hz\/60Hz s\u00e9rie silencieuse haute qualit\u00e9 HQB-5000B<\/p>\n","protected":false},"featured_media":5873,"comment_status":"open","ping_status":"closed","template":"","meta":[],"product_brand":[],"product_cat":[1380],"product_tag":[],"class_list":{"0":"post-39256","1":"product","2":"type-product","3":"status-publish","4":"has-post-thumbnail","6":"product_cat-pompes-a-eau-et-amp-tetes-motrices","8":"first","9":"instock","10":"shipping-taxable","11":"purchasable","12":"product-type-simple"},"_links":{"self":[{"href":"https:\/\/www.myaquastore.com\/fr\/wp-json\/wp\/v2\/product\/39256","targetHints":{"allow":["GET"]}}],"collection":[{"href":"https:\/\/www.myaquastore.com\/fr\/wp-json\/wp\/v2\/product"}],"about":[{"href":"https:\/\/www.myaquastore.com\/fr\/wp-json\/wp\/v2\/types\/product"}],"replies":[{"embeddable":true,"href":"https:\/\/www.myaquastore.com\/fr\/wp-json\/wp\/v2\/comments?post=39256"}],"wp:featuredmedia":[{"embeddable":true,"href":"https:\/\/www.myaquastore.com\/fr\/wp-json\/wp\/v2\/media\/5873"}],"wp:attachment":[{"href":"https:\/\/www.myaquastore.com\/fr\/wp-json\/wp\/v2\/media?parent=39256"}],"wp:term":[{"taxonomy":"product_brand","embeddable":true,"href":"https:\/\/www.myaquastore.com\/fr\/wp-json\/wp\/v2\/product_brand?post=39256"},{"taxonomy":"product_cat","embeddable":true,"href":"https:\/\/www.myaquastore.com\/fr\/wp-json\/wp\/v2\/product_cat?post=39256"},{"taxonomy":"product_tag","embeddable":true,"href":"https:\/\/www.myaquastore.com\/fr\/wp-json\/wp\/v2\/product_tag?post=39256"}],"curies":[{"name":"wp","href":"https:\/\/api.w.org\/{rel}","templated":true}]}}