{"id":39258,"date":"2016-09-25T23:28:37","date_gmt":"2016-09-25T23:28:37","guid":{"rendered":"https:\/\/www.myaquastore.com\/product\/pompe-submersible-multifonction-sunsun-55w-hqb-2500-b\/"},"modified":"2025-03-16T09:07:05","modified_gmt":"2025-03-16T09:07:05","slug":"pompe-submersible-multifonction-sunsun-55w-hqb-2500-b","status":"publish","type":"product","link":"https:\/\/www.myaquastore.com\/fr\/product\/pompe-submersible-multifonction-sunsun-55w-hqb-2500-b\/","title":{"rendered":"Pompe submersible multifonction SUNSUN 55W HQB-2500\/B"},"content":{"rendered":"<div style=\"clear:both\"><\/div>\n<div id=\"ali-anchor-AliPostDhMb-obj43\" style=\"padding-top:8px\" data-section-title=\"signboard\" data-section=\"AliPostDhMb-obj43\">\n<p><span><\/span><\/p>\n<\/div>\n<p style=\"text-align:center\"><span style=\"font-size:24px;color:#000000\"><strong>Pompe submersible multifonction SUNSUN 55W HQB-2500B<\/strong><\/span><\/p>\n<div id=\"ali-anchor-AliPostDhMb-h69a4\" style=\"padding-top:8px\" data-section-title=\"Description du produit\" data-section=\"AliPostDhMb-h69a4\">\n<div id=\"ali-title-AliPostDhMb-h69a4\" style=\"border-bottom:#ddd 1px solid;padding-bottom:8px;padding-top:8px;padding-left:0px;padding-right:0px\"><span style=\"font-weight:bold;color:#333;padding-bottom:8px;padding-top:8px;padding-left:10px;line-height:12px;padding-right:10px;background-color:#ddd\">Description du produit<\/span><\/div>\n<div style=\"padding-bottom:10px;padding-top:10px;padding-left:0px;padding-right:0px\">\n<p><span style=\"font-size:18px;font-family:arial, helvetica, sans-serif;text-align:center;line-height:27px\">1. Pompe submersible super muette<\/span><\/p>\n<p><span style=\"font-family:arial, helvetica, sans-serif\"><span style=\"font-size:18px;text-align:center;line-height:27px\">2. Il utilise un noyau d&rsquo;arbre \u00e0 haute r\u00e9sistance et r\u00e9sistant \u00e0 l&rsquo;usure, offre une \u00e9conomie d&rsquo;\u00e9nergie tr\u00e8s efficace et une longue dur\u00e9e de vie.<\/span><\/span><\/p>\n<p><span style=\"font-family:arial, helvetica, sans-serif\"><span style=\"font-size:18px;line-height:27px\">3. Il a une bonne \u00e9tanch\u00e9it\u00e9, une rigidit\u00e9 di\u00e9lectrique \u00e9lev\u00e9e, il est s\u00fbr et fiable.<\/span><\/span><\/p>\n<p><span style=\"font-family:arial, helvetica, sans-serif\"><span style=\"font-size:18px;line-height:27px\">4. Vous pouvez l&rsquo;utiliser comme pompage et fontaine.<\/span><\/span><\/p>\n<p><span style=\"font-family:arial, helvetica, sans-serif\"><span style=\"font-size:18px;line-height:27px\">5. Appliquer sur les aquariums, les \u00e9tangs, avec un \u00e9quipement de recyclage de l&rsquo;eau correspondant.<\/span><\/span><\/p>\n<\/div>\n<\/div>\n<p><img decoding=\"async\" alt=\"SUNSUN 55W pompe submersible multifonction HQB-2500\/B\" src=\"http:\/\/localhost\/media\/import\/detail\/477193547_341.jpg\"><img decoding=\"async\" alt=\"Pompe submersible multifonction SUNSUN 55W HQB-2500\/B\" src=\"http:\/\/localhost\/media\/import\/detail\/477194010_935.jpg\"><img decoding=\"async\" alt=\"Pompe submersible multifonction SUNSUN 55W HQB-2500\/B\" src=\"http:\/\/localhost\/media\/import\/detail\/477194011_567.JPG\"><img decoding=\"async\" alt=\"SUNSUN 55W pompe submersible multifonction HQB-2500\/B\" src=\"http:\/\/localhost\/media\/import\/detail\/477194014_404.jpg\"><img decoding=\"async\" alt=\"Pompe submersible multifonction SUNSUN 55W HQB-2500\/B\" src=\"http:\/\/localhost\/media\/import\/detail\/477194019_980.jpg\"><\/p>\n","protected":false},"excerpt":{"rendered":"<p>Pompe submersible multifonction SUNSUN 55W HQB-2500\/B<\/p>\n","protected":false},"featured_media":5878,"comment_status":"open","ping_status":"closed","template":"","meta":[],"product_brand":[],"product_cat":[1380],"product_tag":[],"class_list":{"0":"post-39258","1":"product","2":"type-product","3":"status-publish","4":"has-post-thumbnail","6":"product_cat-pompes-a-eau-et-amp-tetes-motrices","8":"first","9":"instock","10":"shipping-taxable","11":"purchasable","12":"product-type-simple"},"_links":{"self":[{"href":"https:\/\/www.myaquastore.com\/fr\/wp-json\/wp\/v2\/product\/39258","targetHints":{"allow":["GET"]}}],"collection":[{"href":"https:\/\/www.myaquastore.com\/fr\/wp-json\/wp\/v2\/product"}],"about":[{"href":"https:\/\/www.myaquastore.com\/fr\/wp-json\/wp\/v2\/types\/product"}],"replies":[{"embeddable":true,"href":"https:\/\/www.myaquastore.com\/fr\/wp-json\/wp\/v2\/comments?post=39258"}],"wp:featuredmedia":[{"embeddable":true,"href":"https:\/\/www.myaquastore.com\/fr\/wp-json\/wp\/v2\/media\/5878"}],"wp:attachment":[{"href":"https:\/\/www.myaquastore.com\/fr\/wp-json\/wp\/v2\/media?parent=39258"}],"wp:term":[{"taxonomy":"product_brand","embeddable":true,"href":"https:\/\/www.myaquastore.com\/fr\/wp-json\/wp\/v2\/product_brand?post=39258"},{"taxonomy":"product_cat","embeddable":true,"href":"https:\/\/www.myaquastore.com\/fr\/wp-json\/wp\/v2\/product_cat?post=39258"},{"taxonomy":"product_tag","embeddable":true,"href":"https:\/\/www.myaquastore.com\/fr\/wp-json\/wp\/v2\/product_tag?post=39258"}],"curies":[{"name":"wp","href":"https:\/\/api.w.org\/{rel}","templated":true}]}}