{"id":39268,"date":"2016-09-25T23:28:39","date_gmt":"2016-09-25T23:28:39","guid":{"rendered":"https:\/\/www.myaquastore.com\/product\/pompe-de-filtre-de-fontaine-detang-de-piscine-de-poissons-koi-avec-sterilisateur-uv-cup-359-pompe-de-filtre-de-sterilisateur-uv-de-piscine\/"},"modified":"2025-03-16T09:07:08","modified_gmt":"2025-03-16T09:07:08","slug":"pompe-de-filtre-de-fontaine-detang-de-piscine-de-poissons-koi-avec-sterilisateur-uv-cup-359-pompe-de-filtre-de-sterilisateur-uv-de-piscine","status":"publish","type":"product","link":"https:\/\/www.myaquastore.com\/fr\/product\/pompe-de-filtre-de-fontaine-detang-de-piscine-de-poissons-koi-avec-sterilisateur-uv-cup-359-pompe-de-filtre-de-sterilisateur-uv-de-piscine\/","title":{"rendered":"Pompe de filtre de fontaine d&rsquo;\u00e9tang de piscine de poissons Koi avec st\u00e9rilisateur UV CUP-359 pompe de filtre de st\u00e9rilisateur uv de piscine"},"content":{"rendered":"<div style=\"clear:both\"><\/div>\n<p><span style=\"color:#ff0000\"><em><span style=\"font-size:32px\">Pompe de filtre de fontaine d&rsquo;\u00e9tang de piscine \u00e0 poissons Koi avec st\u00e9rilisateur UV Pompe de filtre de st\u00e9rilisateur uv de piscine CUP-359 <\/span><\/em><\/span><\/p>\n<\/p>\n<p><strong><span style=\"font-size:12px\"> Sp\u00e9cifications\u00a0:<\/span><\/strong><\/p>\n<p><strong><span style=\"font-size:12px\">1. Ce produit a roul\u00e9 le pompage d&rsquo;oxyg\u00e8ne de st\u00e9rilisation de fontaine \u00e0 filtre et de nombreuses autres fonctions en un seul, <\/span><\/strong><\/p>\n<p><strong><span style=\"font-size:12px\">armoire de configuration compacte en vrac.<\/span><\/strong><\/p>\n<p><p><strong><span style=\"font-size:12px\">2. Ce produit convient aux petits \u00e9tangs, piscines \u00e0 galets et accessoires, \u00e9quipements pour aquariums moyens et grands <\/span><\/strong><\/p>\n<p><strong><span style=\"font-size:12px\">. \u00e0 double usage d&rsquo;eau de mer et d&rsquo;eau douce.<\/span><\/strong><\/p>\n<p><strong><\/strong> <\/p>\n<p><span style=\"font-size:14px;color:#ff00ff\"><strong>Param\u00e8tres de la pompe de filtre de fontaine d&rsquo;\u00e9tang de koi avec st\u00e9rilisateur UV <\/strong><\/span><\/p>\n<table class=\"aliDataTable\" style=\"width:80%\" border=\"4\">\n<tbody>\n<tr>\n<td><span style=\"font-size:12px\">Mod\u00e8le <\/span><\/td>\n<td><span style=\"font-size:12px\">Tension<\/span><\/td>\n<td><span style=\"font-size:12px\">Fr\u00e9quence<\/span><\/td>\n<td><span style=\"font-size:12px\">Puissance (W)<\/span><\/td>\n<td><span style=\"font-size:12px\">Pompe (W)<\/span><\/td>\n<td><span style=\"font-size:12px\">Lampe UV (W)<\/span><\/td>\n<td><span style=\"font-size:12px\">UV(%)8000heures<\/span><\/td>\n<td><span style=\"font-size:12px\">Capacit\u00e9 (L)<\/span><\/td>\n<td><span style=\"font-size:12px\">D\u00e9bit traversant (L\/h)<\/span><\/td>\n<td><span style=\"font-size:12px\">H-max(m)<\/span><\/td>\n<td><span style=\"font-size:12px\">Dimensions L*W*H<\/span><\/td>\n<td>N.W.(KG)<\/td>\n<\/tr>\n<tr>\n<td><span style=\"font-size:12px\">CUP-129<\/span><\/td>\n<td><span style=\"font-size:12px\">110V\/220V\/240V<\/span><\/td>\n<td><span style=\"font-size:12px\">50Hz\/60Hz<\/span><\/td>\n<td><span style=\"font-size:12px\">24<\/span><\/td>\n<td><span style=\"font-size:12px\">12<\/span><\/td>\n<td><span style=\"font-size:12px\">9<\/span><\/td>\n<td><span style=\"font-size:12px\">80<\/span><\/td>\n<td><span style=\"font-size:12px\">6000<\/span><\/td>\n<td><span style=\"font-size:12px\">1000<\/span><\/td>\n<td><span style=\"font-size:12px\">1,4 m<\/span><\/td>\n<td><span style=\"font-size:12px\">330*100*105mm<\/span><\/td>\n<td>2.0<\/td>\n<\/tr>\n<tr>\n<td><span style=\"font-size:12px\">CUP-139<\/span><\/td>\n<td><span style=\"font-size:12px\">110V\/220V\/240V<\/span><\/td>\n<td><span style=\"font-size:12px\">50Hz\/60Hz<\/span><\/td>\n<td><span style=\"font-size:12px\">28<\/span><\/td>\n<td><span style=\"font-size:12px\">12<\/span><\/td>\n<td><span style=\"font-size:12px\">13<\/span><\/td>\n<td><span style=\"font-size:12px\">80<\/span><\/td>\n<td><span style=\"font-size:12px\">9 000<\/span><\/td>\n<td><span style=\"font-size:12px\">1 000<\/span><\/td>\n<td><span style=\"font-size:12px\">1,4 m<\/span><\/td>\n<td><span style=\"font-size:12px\">350*100*105mm<\/span><\/td>\n<td>2.2<\/td>\n<\/tr>\n<tr>\n<td><span style=\"font-size:12px\">CUP-609<\/span><\/td>\n<td><span style=\"font-size:12px\">110 V\/220 V\/240 V<\/span><\/td>\n<td><span style=\"font-size:12px\">50 Hz\/60 Hz<\/span><\/td>\n<td><span style=\"font-size:12px\">18<\/span><\/td>\n<td><span style=\"font-size:12px\">6<\/span><\/td>\n<td><span style=\"font-size:12px\">9<\/span><\/td>\n<td><span style=\"font-size:12px\">80<\/span><\/td>\n<td><span style=\"font-size:12px\">6\u00a0000<\/span><\/td>\n<td><span style=\"font-size:12px\">2000<\/span><\/td>\n<td><span style=\"font-size:12px\">\/<\/span><\/td>\n<td><span style=\"font-size:12px\">317*100*105mm<\/span><\/td>\n<td>1.8<\/td>\n<\/tr>\n<tr>\n<td><span style=\"font-size:12px\">CUP-613<\/span><\/td>\n<td><span style=\"font-size:12px\">110V\/220V\/240V<\/span><\/td>\n<td><span style=\"font-size:12px\">50Hz\/60Hz<\/span><\/td>\n<td><span style=\"font-size:12px\">22<\/span><\/td>\n<td><span style=\"font-size:12px\">6<\/span><\/td>\n<td><span style=\"font-size:12px\">13<\/span><\/td>\n<td><span style=\"font-size:12px\">80<\/span><\/td>\n<td><span style=\"font-size:12px\">9000<\/span><\/td>\n<td><span style=\"font-size:12px\">2000<\/span><\/td>\n<td><span style=\"font-size:12px\">\/<\/span><\/td>\n<td><span style=\"font-size:12px\">337*1000*105mm<\/span><\/td>\n<td>1.8<\/td>\n<\/tr>\n<tr>\n<td><span style=\"font-size:12px\">CUP-359<\/span><\/td>\n<td><span style=\"font-size:12px\">110 V\/220 V\/240 V<\/span><\/td>\n<td><span style=\"font-size:12px\">50 Hz\/60 Hz<\/span><\/td>\n<td><span style=\"font-size:12px\">45<\/span><\/td>\n<td><span style=\"font-size:12px\">32<\/span><\/td>\n<td><span style=\"font-size:12px\">9<\/span><\/td>\n<td><span style=\"font-size:12px\">80<\/span><\/td>\n<td><span style=\"font-size:12px\">12000<\/span><\/td>\n<td><span style=\"font-size:12px\">2000<\/span><\/td>\n<td><span style=\"font-size:12px\">2m<\/span><\/td>\n<td><span style=\"font-size:12px\">360*118*110mm<\/span><\/td>\n<td>2,5<\/td>\n<\/tr>\n<\/tbody>\n<\/table>\n<p><span style=\"font-size:14px;color:#ff00ff\"><strong>Pompe de filtre de fontaine d&rsquo;\u00e9tang de Koi avec st\u00e9rilisateur UV<\/strong><\/span><\/p>\n<p><span style=\"font-size:14px;color:#ff00ff\"><strong><img decoding=\"async\" alt=\"Pompe de filtre de fontaine d'\u00e9tang de piscine \u00e0 poissons Koi avec st\u00e9rilisateur UV CUP-359 pompe de filtre de st\u00e9rilisateur UV de piscine\" src=\"http:\/\/localhost\/media\/import\/detail\/783356289_973.jpg\"><\/strong><\/span><\/p>\n<p><span style=\"font-size:14px;color:#ff00ff\"><strong><img decoding=\"async\" alt=\"Koi Fish Pool Fountain Filtre Pompe avec st\u00e9rilisateur UV CUP-359 piscine Pompe de filtre de st\u00e9rilisateur uv\" src=\"http:\/\/localhost\/media\/import\/detail\/555136489_937.jpg\"><\/strong><\/span><\/p>\n<\/p>\n<p><img decoding=\"async\" alt=\"Pompe de filtre de fontaine d'\u00e9tang de piscine \u00e0 poissons Koi avec st\u00e9rilisateur UV CUP-359 pompe de filtre de st\u00e9rilisateur uv de piscine\" src=\"http:\/\/localhost\/media\/import\/detail\/515884526_692.jpg\"><\/p>\n<p><span style=\"font-size:14px;color:#ff00ff\"><strong>Utilisations pratiques des pompes \u00e0 eau de fontaine d&rsquo;\u00e9tang avec st\u00e9rilisateur UV<\/strong><\/span><\/p>\n<p><span style=\"font-size:14px;color:#ff00ff\"><strong><img decoding=\"async\" alt=\"Pompe de filtre de fontaine d'\u00e9tang de piscine \u00e0 poissons Koi avec st\u00e9rilisateur UV CUP-359 pompe de filtre de st\u00e9rilisateur uv de piscine\" src=\"http:\/\/localhost\/media\/import\/detail\/555145723_690.jpg\"><\/strong><\/span><\/p>\n<div id=\"ali-anchor-AliPostDhMb-847s3\" style=\"padding-top:8px\" data-section-title=\"Informations sur la soci\u00e9t\u00e9\" data-section=\"AliPostDhMb-847s3\">\n<div id=\"ali-title-AliPostDhMb-847s3\" style=\"border-bottom:#ddd 1px solid;padding-bottom:8px;padding-top:8px;padding-left:0px;padding-right:0px\"> <\/div>\n<\/div>\n<div style=\"clear:both\"><strong><span style=\"background-color:#dddddd;color:#333333\"><\/span><\/strong><\/div>\n","protected":false},"excerpt":{"rendered":"<p>Pompe de filtre de fontaine d&rsquo;\u00e9tang de piscine de poissons Koi avec st\u00e9rilisateur UV CUP-359 pompe de filtre de st\u00e9rilisateur uv de piscine<\/p>\n","protected":false},"featured_media":5898,"comment_status":"open","ping_status":"closed","template":"","meta":[],"product_brand":[],"product_cat":[1380],"product_tag":[],"class_list":{"0":"post-39268","1":"product","2":"type-product","3":"status-publish","4":"has-post-thumbnail","6":"product_cat-pompes-a-eau-et-amp-tetes-motrices","8":"first","9":"instock","10":"shipping-taxable","11":"purchasable","12":"product-type-simple"},"_links":{"self":[{"href":"https:\/\/www.myaquastore.com\/fr\/wp-json\/wp\/v2\/product\/39268","targetHints":{"allow":["GET"]}}],"collection":[{"href":"https:\/\/www.myaquastore.com\/fr\/wp-json\/wp\/v2\/product"}],"about":[{"href":"https:\/\/www.myaquastore.com\/fr\/wp-json\/wp\/v2\/types\/product"}],"replies":[{"embeddable":true,"href":"https:\/\/www.myaquastore.com\/fr\/wp-json\/wp\/v2\/comments?post=39268"}],"wp:featuredmedia":[{"embeddable":true,"href":"https:\/\/www.myaquastore.com\/fr\/wp-json\/wp\/v2\/media\/5898"}],"wp:attachment":[{"href":"https:\/\/www.myaquastore.com\/fr\/wp-json\/wp\/v2\/media?parent=39268"}],"wp:term":[{"taxonomy":"product_brand","embeddable":true,"href":"https:\/\/www.myaquastore.com\/fr\/wp-json\/wp\/v2\/product_brand?post=39268"},{"taxonomy":"product_cat","embeddable":true,"href":"https:\/\/www.myaquastore.com\/fr\/wp-json\/wp\/v2\/product_cat?post=39268"},{"taxonomy":"product_tag","embeddable":true,"href":"https:\/\/www.myaquastore.com\/fr\/wp-json\/wp\/v2\/product_tag?post=39268"}],"curies":[{"name":"wp","href":"https:\/\/api.w.org\/{rel}","templated":true}]}}