{"id":39273,"date":"2016-09-25T23:28:39","date_gmt":"2016-09-25T23:28:39","guid":{"rendered":"https:\/\/www.myaquastore.com\/product\/pompe-submersible-hydroponique-sunsun-2500l-h-de-haute-qualite-hqb-3000\/"},"modified":"2025-03-16T09:07:09","modified_gmt":"2025-03-16T09:07:09","slug":"pompe-submersible-hydroponique-sunsun-2500l-h-de-haute-qualite-hqb-3000","status":"publish","type":"product","link":"https:\/\/www.myaquastore.com\/fr\/product\/pompe-submersible-hydroponique-sunsun-2500l-h-de-haute-qualite-hqb-3000\/","title":{"rendered":"Pompe submersible hydroponique SUNSUN 2500L\/h de haute qualit\u00e9 HQB-3000"},"content":{"rendered":"<div style=\"clear:both\"><\/div>\n<p style=\"text-align:left\">\n<p style=\"text-align:left\"><span style=\"color:#2891d6\"><em><span style=\"font-size:24px\"><strong><span style=\"background-color:#ffff00\">Submersible hydroponique SUNSUN 2500L\/h de haute qualit\u00e9 Pompe<\/span><\/strong><\/span><\/em><\/span> <\/p>\n<p style=\"text-align:left\"><strong><\/strong> <\/p>\n<p style=\"text-align:left\"><strong><span style=\"font-size:18px;color:#ff9900\">1.<\/span><\/strong><strong><span style=\"font-size:18px;color:#ff9900\"> <\/span><\/strong><strong><span style=\"font-size:18px;color:#ff9900\">Description du produit<\/span><\/strong><\/p>\n<p style=\"text-align:left\">\n<p style=\"text-align:left\"><span style=\"font-size:14px;font-family:comic sans ms,sans-serif\">1. Tailles de prises multiples pour divers tuyaux.<\/span><\/p>\n<p><span style=\"font-size:14px;font-family:comic sans ms,sans-serif\">2. Convient dans une large gamme.<\/span><\/p>\n<p><span style=\"font-size:14px;font-family:comic sans ms,sans-serif\">3. Conception d&rsquo;apparence rationalis\u00e9e, structure raisonnable et haute efficacit\u00e9.<\/span><\/p>\n<p><span style=\"font-size:14px\"><span style=\"font-family:comic sans ms,sans-serif\">4. Moteur asynchrone standard de haute performance avec un nouveau design, \u00e0 faible bruit, <\/span><span style=\"font-family:comic sans ms,sans-serif\">\u00e9conomie d&rsquo;\u00e9nergie et \u00e9tanche.<\/span><\/span><\/p>\n<p><span style=\"font-size:14px\"><span style=\"font-family:comic sans ms,sans-serif\">5. Conception sp\u00e9ciale du moteur, arbre en c\u00e9ramique r\u00e9sistant \u00e0 l&rsquo;usure, longue dur\u00e9e de vie et adapt\u00e9 <\/span><span style=\"font-family:comic sans ms,sans-serif\">pour les amphibies terrestres.<\/span><\/span><\/p>\n<p><span style=\"font-size:14px\"><span style=\"font-family:comic sans ms,sans-serif\">6. Il utilise un noyau d&rsquo;arbre \u00e0 haute r\u00e9sistance et r\u00e9sistant \u00e0 l&rsquo;usure, a une \u00e9nergie tr\u00e8s efficace<\/span><span style=\"font-family:comic sans ms,sans-serif\">\u00e9conomie et une longue dur\u00e9e de vie.<\/span><\/span><\/p>\n<p><strong><\/strong> <\/p>\n<p><span style=\"font-family:arial,helvetica,sans-serif\"><strong><span style=\"font-size:18px;color:#ff9900;background-color:#ffffff\">2. D\u00e9tails de la pompe submersible hydroponique HQB-3000 <\/span><\/strong><\/span><\/p>\n<p><strong><\/strong><strong><span style=\"font-size:18px;font-family:comic sans ms, sans-serif;color:#ff9900;background-color:#ffffff\"> <\/span><\/strong><\/p>\n<p> <img loading=\"lazy\" decoding=\"async\" alt=\"SUNSUN de haute qualit\u00e9 Pompe submersible hydroponique 2500L\/h\" src=\"http:\/\/localhost\/media\/import\/detail\/719896350_617.jpg\" width=\"598\" height=\"220\"><\/p>\n<\/p>\n<p> <img loading=\"lazy\" decoding=\"async\" alt=\"SUNSUN 2500L\/h hydroponique de haute qualit\u00e9 Pompe submersible\" src=\"http:\/\/localhost\/media\/import\/detail\/888634122_555.jpg\" width=\"600\" height=\"600\"> <\/p><\/p>\n","protected":false},"excerpt":{"rendered":"<p>Pompe submersible hydroponique SUNSUN 2500L\/h de haute qualit\u00e9 HQB-3000<\/p>\n","protected":false},"featured_media":5908,"comment_status":"open","ping_status":"closed","template":"","meta":[],"product_brand":[],"product_cat":[1380],"product_tag":[],"class_list":{"0":"post-39273","1":"product","2":"type-product","3":"status-publish","4":"has-post-thumbnail","6":"product_cat-pompes-a-eau-et-amp-tetes-motrices","8":"first","9":"instock","10":"shipping-taxable","11":"purchasable","12":"product-type-simple"},"_links":{"self":[{"href":"https:\/\/www.myaquastore.com\/fr\/wp-json\/wp\/v2\/product\/39273","targetHints":{"allow":["GET"]}}],"collection":[{"href":"https:\/\/www.myaquastore.com\/fr\/wp-json\/wp\/v2\/product"}],"about":[{"href":"https:\/\/www.myaquastore.com\/fr\/wp-json\/wp\/v2\/types\/product"}],"replies":[{"embeddable":true,"href":"https:\/\/www.myaquastore.com\/fr\/wp-json\/wp\/v2\/comments?post=39273"}],"wp:featuredmedia":[{"embeddable":true,"href":"https:\/\/www.myaquastore.com\/fr\/wp-json\/wp\/v2\/media\/5908"}],"wp:attachment":[{"href":"https:\/\/www.myaquastore.com\/fr\/wp-json\/wp\/v2\/media?parent=39273"}],"wp:term":[{"taxonomy":"product_brand","embeddable":true,"href":"https:\/\/www.myaquastore.com\/fr\/wp-json\/wp\/v2\/product_brand?post=39273"},{"taxonomy":"product_cat","embeddable":true,"href":"https:\/\/www.myaquastore.com\/fr\/wp-json\/wp\/v2\/product_cat?post=39273"},{"taxonomy":"product_tag","embeddable":true,"href":"https:\/\/www.myaquastore.com\/fr\/wp-json\/wp\/v2\/product_tag?post=39273"}],"curies":[{"name":"wp","href":"https:\/\/api.w.org\/{rel}","templated":true}]}}