{"id":39276,"date":"2016-09-25T23:28:39","date_gmt":"2016-09-25T23:28:39","guid":{"rendered":"https:\/\/www.myaquastore.com\/product\/pompe-a-eau-submersible-pour-fontaine-detang-de-jardin-40w-1800l-h-hj-1843\/"},"modified":"2025-03-16T09:07:10","modified_gmt":"2025-03-16T09:07:10","slug":"pompe-a-eau-submersible-pour-fontaine-detang-de-jardin-40w-1800l-h-hj-1843","status":"publish","type":"product","link":"https:\/\/www.myaquastore.com\/fr\/product\/pompe-a-eau-submersible-pour-fontaine-detang-de-jardin-40w-1800l-h-hj-1843\/","title":{"rendered":"Pompe \u00e0 eau submersible pour fontaine d&rsquo;\u00e9tang de jardin 40W 1800L\/h HJ-1843"},"content":{"rendered":"<div style=\"clear:both\"><\/div>\n<div id=\"ali-anchor-AliPostDhMb-fa8di\" style=\"padding-top:8px\" data-section-title=\"signboard\" data-section=\"AliPostDhMb-fa8di\">\n<div id=\"ali-title-AliPostDhMb-fa8di\" style=\"border-bottom:#ddd 1px solid;padding-bottom:8px;padding-top:8px;padding-left:0px;padding-right:0px\"> <\/div>\n<p><span><\/span> <\/p>\n<\/div>\n<p style=\"text-align:center\"><span style=\"font-size:24px;color:#000000\"><strong>Pompe \u00e0 eau de fontaine d&rsquo;\u00e9tang de jardin submersible 40W 1800L\/h HJ-1843 <\/strong><\/span><\/p>\n<div id=\"ali-anchor-AliPostDhMb-1vhy2\" style=\"padding-top:8px\" data-section-title=\"Description du produit\" data-section=\"AliPostDhMb-1vhy2\">\n<div id=\"ali-title-AliPostDhMb-1vhy2\" style=\"border-bottom:#ddd 1px solid;padding-bottom:8px;padding-top:8px;padding-left:0px;padding-right:0px\"><span style=\"font-weight:bold;color:#333;padding-bottom:8px;padding-top:8px;padding-left:10px;line-height:12px;padding-right:10px;background-color:#ddd\">Description du produit<\/span><\/div>\n<div style=\"padding-bottom:10px;padding-top:10px;padding-left:0px;padding-right:0px\">\n<\/div>\n<\/div>\n<p style=\"text-align:center\">\n<\/p>\n<p><span style=\"font-size:18px;background-color:#ffff00\"><strong>sp\u00e9cifications\u00a0:<\/strong><\/span><\/p>\n<p><strong><span style=\"font-size:12px\">1. Il utilise un noyau d&rsquo;arbre \u00e0 haute r\u00e9sistance et r\u00e9sistant \u00e0 l&rsquo;usure, offre une \u00e9conomie d&rsquo;\u00e9nergie tr\u00e8s efficace,<\/span><\/strong><\/p>\n<p><strong><span style=\"font-size:12px\">et une longue dur\u00e9e de vie\u00a0;<\/span><\/strong><\/p>\n<p><strong><span style=\"font-size:12px\">2. Il a une bonne r\u00e9sistance di\u00e9lectrique imperm\u00e9able et \u00e9lev\u00e9e\u00a0; il est s\u00fbr et fiable ;<\/span><\/strong><\/p>\n<p><strong><span style=\"font-size:12px\">3. Vous pouvez l&rsquo;utiliser comme pompage et filtration.<\/span><\/strong><\/p>\n<\/p>\n<p><span style=\"font-size:18px;color:#000000;background-color:#ffff00\"><strong>Param\u00e8tres de la pompe de fontaine d&rsquo;\u00e9tang de jardin submersible<\/strong><\/span><\/p>\n<table class=\"aliDataTable\" style=\"height:138px;width:57.31%\" border=\"4\">\n<tbody>\n<tr>\n<td>Mod\u00e8le<\/td>\n<td>Tension<\/td>\n<td>Fr\u00e9quence<\/td>\n<td>Puissance<\/td>\n<td>H-max<\/td>\n<td>Sortie<\/td>\n<td>C\u00e2ble Longueur<\/td>\n<td>Poids<\/td>\n<td>Dimensions<\/td>\n<\/tr>\n<tr>\n<td>CQP-1000F<\/td>\n<td>110V\/220V\/240V<\/td>\n<td>50Hz\/60Hz<\/td>\n<td>16W<\/td>\n<td>1,5m<\/td>\n<td>1000L\/h<\/td>\n<td>5m<\/td>\n<td>1,6kg<\/td>\n<td>?110* 88 mm<\/td>\n<\/tr>\n<tr>\n<td>CQP-4500F<\/td>\n<td>110V\/220V240V<\/td>\n<td>50Hz\/60Hz<\/td>\n<td>75W<\/td>\n<td>3. 5m<\/td>\n<td>4500L\/h<\/td>\n<td>10m<\/td>\n<td>3,0kg<\/td>\n<td>267*223*132mm<\/td>\n<\/tr>\n<\/tbody>\n<\/table>\n<table class=\"aliDataTable\" border=\"4\">\n<tbody>\n<tr>\n<td>Mod\u00e8le<\/td>\n<td>Tension<\/td>\n<td>Fr\u00e9quence<\/td>\n<td>Puissance<\/td>\n<td>H-max<\/td>\n<td>Sortie<\/td>\n<td>Poids<\/td>\n<td>Dimensions<\/td>\n<\/tr>\n<tr>\n<td>HJ-18 43<\/td>\n<td>110V\/220V240V<\/td>\n<td>50Hz\/60Hz<\/td>\n<td>40W<\/td>\n<td>2,5m<\/td>\n<td>1800L\/h <\/td>\n<td>1,4kg<\/td>\n<td>155*106*108mm<\/td>\n<\/tr>\n<tr>\n<td>HJ-1543<\/td>\n<td>110V\/220V240V <\/td>\n<td>50Hz\/60Hz<\/td>\n<td>28W<\/td>\n<td>2,0m<\/td>\n<td>1400L\/h<\/td>\n<td>1,2kg<\/td>\n<td>138*98*100mm<\/td>\n<\/tr>\n<tr>\n<td>HJ-1143<\/td>\n<td>110V\/220V240V<\/td>\n<td>50Hz\/60Hz <\/td>\n<td>22W<\/td>\n<td>1,6m<\/td>\n<td>1000L\/h<\/td>\n<td>0,85kg<\/td>\n<td>123*82*85mm<\/td>\n<\/tr>\n<tr>\n<td>HJ-943<\/td>\n<td>110V\/220V240V <\/td>\n<td>50Hz\/60Hz<\/td>\n<td>16W<\/td>\n<td>1,3m<\/td>\n<td>800L\/h<\/td>\n<td>0,65kg<\/td>\n<td>108*73*75mm<\/td>\n<\/tr>\n<tr>\n<td>HJ-743<\/td>\n<td>110V\/220V240V <\/td>\n<td>50Hz\/60Hz<\/td>\n<td>8W<\/td>\n<td>1,0m<\/td>\n<td>600L\/h<\/td>\n<td>0,38kg<\/td>\n<td>98*66*68mm<\/td>\n<\/tr>\n<\/tbody>\n<\/table>\n<p><span style=\"font-size:14px\"><strong><span style=\"color:#000000\">Spectacle de pompes \u00e0 eau pour fontaines de jardin<\/span><\/strong><\/span><\/p>\n<p><span style=\"font-size:12px\"><strong><span style=\"color:#000000\">Tant de pompes de fontaine d&rsquo;\u00e9tang ici, avec ou sans lumi\u00e8re LED, mais nous en avons diff\u00e9rents types<\/span><\/strong><\/span><\/p>\n<p><span style=\"font-size:12px\"><strong><span style=\"color:#000000\">de<\/span><\/strong><\/span><span style=\"font-size:12px\"><strong><span style=\"color:#000000\">fontaine<\/span><\/strong><\/span><span style=\"font-size:12px\"><strong><span style=\"color:#000000\">des pompes \u00e0 eau,<\/span><\/strong><\/span><span style=\"font-size:12px\"><strong><span style=\"color:#000000\">tout comme une fontaine pompe le genre, n&rsquo;est-ce pas\u00a0?<\/span><\/strong><\/span><\/p>\n<p><span style=\"font-size:12px\"><strong><span style=\"color:#000000\">J&rsquo;esp\u00e8re que vous pourrez trouver celui que vous voulez vraiment ici\u00a0! J&rsquo;esp\u00e8re que vous pourrez vous amuser dans ce<\/span><\/strong><\/span><\/p>\n<p><span style=\"font-size:12px\"><strong><span style=\"color:#000000\">voyage !<\/span><\/strong><\/span><\/p>\n<p><span style=\"font-size:12px\"><strong><span style=\"color:#000000\"><span style=\"text-decoration:underline\"><span style=\"font-size:14px\"><span style=\"background-color:#ffff00\"><img decoding=\"async\" alt=\"Pompe \u00e0 eau submersible pour fontaine d'\u00e9tang de jardin 40W 1800L\/h HJ-1843\" src=\"http:\/\/localhost\/media\/import\/detail\/540521107_500.jpg\"><\/span><\/span><\/span><\/span><\/strong><\/span><\/p>\n<p><img decoding=\"async\" alt=\"Pompe \u00e0 eau submersible pour fontaine d'\u00e9tang de jardin 40W 1800L\/h HJ-1843\" src=\"http:\/\/localhost\/media\/import\/detail\/545816670_950.jpg\"><img decoding=\"async\" alt=\"Pompe \u00e0 eau submersible pour fontaine de bassin de jardin 40W 1800L\/h HJ-1843\" src=\"http:\/\/localhost\/media\/import\/detail\/545816672_665.jpg\"><img decoding=\"async\" alt=\"Pompe \u00e0 eau submersible pour fontaine de bassin de jardin 40W 1800L\/h HJ-1843\" src=\"http:\/\/localhost\/media\/import\/detail\/545816673_057.jpg\"><img decoding=\"async\" alt=\"Pompe \u00e0 eau submersible pour fontaine de bassin de jardin 40W 1800L\/h HJ-1843\" src=\"http:\/\/localhost\/media\/import\/detail\/545816676_916.jpg\"><\/p>\n<p><span style=\"text-decoration:underline\"><span style=\"font-size:14px\"><strong>T\u00eates de fontaine et jeux d&rsquo;eau de fontaine show<\/strong><\/span><\/span><\/p>\n<p><span style=\"font-size:14px\"><strong><span style=\"background-color:#ffff00\"><img decoding=\"async\" alt=\"Pompe \u00e0 eau submersible pour fontaine d'\u00e9tang de jardin 40W 1800L\/h HJ-1843\" src=\"http:\/\/localhost\/media\/import\/detail\/537332709_859.jpg\"><\/span><\/strong><\/span><\/p>\n<p><span style=\"font-size:14px\"><strong><span style=\"background-color:#ffff00\"><img loading=\"lazy\" decoding=\"async\" alt=\"Pompe \u00e0 eau submersible pour fontaine d'\u00e9tang de jardin 40W 1800L\/h HJ-1843\" src=\"http:\/\/localhost\/media\/import\/detail\/545817360_172.jpg\" width=\"611\" height=\"313\"><\/span><\/strong><\/span><\/p>\n<p><span style=\"color:#333300\"><strong>Nous avons de nombreux types de t\u00eates de fontaine pour vous, comme volcan, mousse, tente, champagne, fus\u00e9e,<\/strong><\/span><span style=\"color:#333300\"><strong>types de for\u00eat tropicale,<\/strong><\/span><\/p>\n<p><span style=\"color:#333300\"><strong>et<\/strong><\/span><span style=\"color:#333300\"><strong>vous<\/strong><strong>vous pouvez cr\u00e9er toutes sortes de belles pi\u00e8ces d&rsquo;eau selon vos<\/strong><\/span><span style=\"color:#333300\"><strong>int\u00e9r\u00eats\u00a0!<\/strong><\/span><\/p>\n<p><strong><\/strong> <\/p>\n<div id=\"ali-anchor-AliPostDhMb-ckitc\" style=\"padding-top:8px\" data-section-title=\"Informations sur la soci\u00e9t\u00e9\" data-section=\"AliPostDhMb-ckitc\">\n<div style=\"padding-bottom:10px;padding-top:10px;padding-left:0px;padding-right:0px\"> <\/div>\n<\/div>\n<div id=\"ali-anchor-AliPostDhMb-29akt\" style=\"padding-top:8px\" data-section-title=\"Accueil\" data-section=\"AliPostDhMb-29akt\">\n<div style=\"padding-bottom:10px;padding-top:10px;padding-left:0px;padding-right:0px\">\n<\/div>\n<\/div>\n<div style=\"clear:both\"><\/div>\n","protected":false},"excerpt":{"rendered":"<p>Pompe \u00e0 eau submersible pour fontaine d&rsquo;\u00e9tang de jardin 40W 1800L\/h HJ-1843<\/p>\n","protected":false},"featured_media":5914,"comment_status":"open","ping_status":"closed","template":"","meta":[],"product_brand":[],"product_cat":[1380],"product_tag":[],"class_list":{"0":"post-39276","1":"product","2":"type-product","3":"status-publish","4":"has-post-thumbnail","6":"product_cat-pompes-a-eau-et-amp-tetes-motrices","8":"first","9":"instock","10":"shipping-taxable","11":"purchasable","12":"product-type-simple"},"_links":{"self":[{"href":"https:\/\/www.myaquastore.com\/fr\/wp-json\/wp\/v2\/product\/39276","targetHints":{"allow":["GET"]}}],"collection":[{"href":"https:\/\/www.myaquastore.com\/fr\/wp-json\/wp\/v2\/product"}],"about":[{"href":"https:\/\/www.myaquastore.com\/fr\/wp-json\/wp\/v2\/types\/product"}],"replies":[{"embeddable":true,"href":"https:\/\/www.myaquastore.com\/fr\/wp-json\/wp\/v2\/comments?post=39276"}],"wp:featuredmedia":[{"embeddable":true,"href":"https:\/\/www.myaquastore.com\/fr\/wp-json\/wp\/v2\/media\/5914"}],"wp:attachment":[{"href":"https:\/\/www.myaquastore.com\/fr\/wp-json\/wp\/v2\/media?parent=39276"}],"wp:term":[{"taxonomy":"product_brand","embeddable":true,"href":"https:\/\/www.myaquastore.com\/fr\/wp-json\/wp\/v2\/product_brand?post=39276"},{"taxonomy":"product_cat","embeddable":true,"href":"https:\/\/www.myaquastore.com\/fr\/wp-json\/wp\/v2\/product_cat?post=39276"},{"taxonomy":"product_tag","embeddable":true,"href":"https:\/\/www.myaquastore.com\/fr\/wp-json\/wp\/v2\/product_tag?post=39276"}],"curies":[{"name":"wp","href":"https:\/\/api.w.org\/{rel}","templated":true}]}}