{"id":39288,"date":"2016-09-25T23:28:39","date_gmt":"2016-09-25T23:28:39","guid":{"rendered":"https:\/\/www.myaquastore.com\/product\/sunsun-1000l-h-etang-de-jardin-decoratif-mini-pompe-de-fontaine-deau-hj-1143\/"},"modified":"2025-03-16T09:07:13","modified_gmt":"2025-03-16T09:07:13","slug":"sunsun-1000l-h-etang-de-jardin-decoratif-mini-pompe-de-fontaine-deau-hj-1143","status":"publish","type":"product","link":"https:\/\/www.myaquastore.com\/fr\/product\/sunsun-1000l-h-etang-de-jardin-decoratif-mini-pompe-de-fontaine-deau-hj-1143\/","title":{"rendered":"SUNSUN 1000L\/h \u00e9tang de jardin d\u00e9coratif Mini pompe de fontaine d&rsquo;eau HJ-1143"},"content":{"rendered":"<div style=\"clear:both\"><\/div>\n<div id=\"ali-anchor-AliPostDhMb-ai4bu\" style=\"padding-top:8px\" data-section-title=\"name\" data-section=\"AliPostDhMb-ai4bu\"> <\/div>\n<div id=\"ali-anchor-AliPostDhMb-m8kig\" style=\"padding-top:8px\" data-section-title=\"Description du produit\" data-section=\"AliPostDhMb-m8kig\">\n<div id=\"ali-title-AliPostDhMb-m8kig\" style=\"border-bottom:#ddd 1px solid;padding-bottom:8px;padding-top:8px;padding-left:0px;padding-right:0px\"><span style=\"font-weight:bold;color:#333;padding-bottom:8px;padding-top:8px;padding-left:10px;line-height:12px;padding-right:10px;background-color:#ddd\"><\/span> <\/div>\n<div style=\"padding-bottom:10px;padding-top:10px;padding-left:0px;padding-right:0px\">\n<\/div>\n<\/div>\n<p style=\"text-align:center\">\n<table class=\"aliDataTable\" style=\"height:300px;width:598px\" cellpadding=\"0\" border=\"1\">\n<tbody>\n<tr align=\"gauche\">\n<td valign=\"top\">\n<p><span style=\"font-size:12pt\">1.Item<\/span><\/p>\n<\/td>\n<td style=\"width:197.05pt\" valign=\"top\">\n<p><span style=\"font-size:12pt\">Mini pompe \u00e0 eau pour fontaine d&rsquo;\u00e9tang de jardin SUNSUN <\/span><\/p>\n<\/td>\n<\/tr>\n<tr style=\"height:15.6pt\" align=\"gauche\">\n<td valign=\"top\">\n<p><span style=\"font-size:12pt\">2.Mod\u00e8le<\/span><\/p>\n<\/td>\n<td style=\"width:197.05pt\" valign=\"top\">\n<p><span style=\"font-size:12pt\">HJ-1843<\/span><\/p>\n<\/td>\n<\/tr>\n<tr align=\"gauche\">\n<td valign=\"top\">\n<p><span style=\"font-size:12pt\">3.Tension<\/span><\/p>\n<\/td>\n<td style=\"width:197.05pt\" valign=\"top\">\n<p><span style=\"font-size:12pt\">110V\/220V\/240V<\/span><\/p>\n<\/td>\n<\/tr>\n<tr style=\"height:16.35pt\" align=\"left\">\n<td valign=\"top\">\n<p><span style=\"font-size:12pt\">4.Fr\u00e9quence<\/span><\/p>\n<\/td>\n<td valign=\"top\">\n<p><span style=\"font-size:12pt\">50 Hz\/60 Hz<\/span><\/p>\n<\/td>\n<\/tr>\n<tr style=\"height:15.6pt\" align=\"left\">\n<td valign=\"top\">\n<p><span style=\"font-size:12pt\">5.Puissance<\/span><\/p>\n<\/td>\n<td valign=\"top\">\n<p><span style=\"font-size:12pt\">22W<\/span><\/p>\n<\/td>\n<\/tr>\n<tr style=\"height:16.35pt\" align=\"left\">\n<td valign=\"top\">\n<p><span style=\"font-size:12pt\">6. Sortie<\/span><\/p>\n<\/td>\n<td valign=\"top\">\n<p><span style=\"font-size:12pt\">1000L<\/span><span style=\"font-size:12pt\">\/h<\/span><\/p>\n<\/td>\n<\/tr>\n<tr align=\"left\">\n<td valign=\"top\">\n<p><span style=\"font-size:12pt\">7.Poids<\/span><\/p>\n<\/td>\n<td valign=\"top\">\n<p><span style=\"font-size:12pt\">0,85 kg<\/span><\/p>\n<\/td>\n<\/tr>\n<tr align=\"left\">\n<td valign=\"top\">\n<p><span style=\"font-size:12pt\">8.Dimensions<\/span><\/p>\n<\/td>\n<td valign=\"top\">\n<p><span style=\"font-size:12pt\">123*82*85mm<\/span><\/p>\n<\/td>\n<\/tr>\n<tr align=\"left\">\n<td valign=\"top\">\n<p><span style=\"font-size:12pt\">9.Marque<\/span><\/p>\n<\/td>\n<td valign=\"top\">\n<p><span style=\"font-size:12pt\">SUNSUN<\/span><\/p>\n<\/td>\n<\/tr>\n<tr style=\"height:15pt\" align=\"left\">\n<td valign=\"top\">\n<p><span style=\"font-size:16px\">10.Qualit\u00e9<\/span><\/p>\n<\/td>\n<td valign=\"top\">\n<p><span style=\"font-size:16px\">Meilleure qualit\u00e9\u00a0; <br \/><\/span><\/p>\n<p align=\"left\"><span style=\"font-size:16px\"><span style=\"font-size:16px\">la plus grande entreprise de produits aquatiques en Chine.<\/span> <\/span><\/p>\n<\/td>\n<\/tr>\n<tr style=\"height:4.6pt\" align=\"left\">\n<td valign=\"top\">\n<p><span style=\"font-size:16px\">12. Point de vente <\/span><\/p>\n<\/td>\n<td valign=\"top\">\n<p><span style=\"font-size:16px\">Marque bien connue en Chine\u00a0; s\u00fbr et fiable.approuv\u00e9 par GS,CE, produit brevet\u00e9.<\/span><\/p>\n<\/td>\n<\/tr>\n<\/tbody>\n<\/table>\n<p><img decoding=\"async\" alt=\"Garden\" src=\"http:\/\/localhost\/media\/import\/detail\/547485037_834.jpg\"> <\/p>\n<p><span style=\"font-size:24px;color:#ff0000;background-color:#c0c0c0\">1. D\u00e9tails de la mini pompe de fontaine pour bassin de jardin\u00a0:<\/span><\/p>\n<\/p>\n<p><img decoding=\"async\" style=\"text-align:center\" alt=\"SUNSUN 1000L\/h Mini pompe de fontaine d'eau d\u00e9corative pour bassin de jardin\" src=\"http:\/\/localhost\/media\/import\/detail\/547494026_654.jpg\"> <\/p>\n<p><span style=\"font-size:24px;color:#ff0000;background-color:#c0c0c0\">2. <span style=\"font-size:x-large;color:#ff0000\">Mini pompe de fontaine pour bassin de jardin <\/span>Caract\u00e9ristique\u00a0:<\/span><\/p>\n<\/p>\n<p style=\"text-align:left\"><span style=\"font-size:14px;font-family:comic sans ms, sans-serif\">1. Conception multifonctionnelle &#8212;&#8211; pompage, filtrage et fontaine 3 en 1.<\/span><\/p>\n<p style=\"text-align:left\"><span style=\"font-size:14px;font-family:comic sans ms, sans-serif\">2. Moteur asynchrone standard haute performance avec un nouveau design, faible bruit, \u00e9conomie d&rsquo;\u00e9nergie et \u00e9tanche<\/span><\/p>\n<p style=\"text-align:left\"><span style=\"font-size:14px;font-family:comic sans ms, sans-serif\">3. Conception sp\u00e9ciale du rotor, arbre en c\u00e9ramique r\u00e9sistant \u00e0 l&rsquo;usure, longue dur\u00e9e de vie et adapt\u00e9 aux amphibies terrestres.<\/span><\/p>\n<p style=\"text-align:left\"><span style=\"font-size:14px;font-family:comic sans ms, sans-serif\">4. Connecteur de d\u00e9charge multiple pour diff\u00e9rents tuyaux.<\/span><\/p>\n<p style=\"text-align:left\"><span style=\"font-size:14px;font-family:comic sans ms, sans-serif\">5. Des t\u00eates de fontaine personnalis\u00e9es avec diff\u00e9rents designs alimentent les \u00e9tangs en oxyg\u00e8ne de mani\u00e8re \u00e0 la mode.<\/span><\/p>\n<p style=\"text-align:left\"><span style=\"font-size:14px;font-family:comic sans ms, sans-serif\">6. Ont \u00e9t\u00e9 \u00e9quip\u00e9s du r\u00e9gulateur qui peut \u00eatre tir\u00e9 d&rsquo;avant en arri\u00e8re, facile \u00e0 r\u00e9gler la hauteur. <\/span><\/p>\n<p style=\"text-align:left\"><span style=\"font-size:14px;font-family:comic sans ms, sans-serif\">7. Diff\u00e9rentes formes de tuyaux de fontaine sont disponibles. la taille et la hauteur de la belle fontaine peuvent \u00eatre <\/span><\/p>\n<p style=\"text-align:left\"><span style=\"font-size:14px;font-family:comic sans ms, sans-serif\">a<\/span><span style=\"font-size:14px;font-family:comic sans ms, sans-serif\">ajust\u00e9es comme vous le souhaitez.<\/span><\/p>\n<p style=\"text-align:left\">\n<div style=\"clear:both\"><\/div>\n<p><strong><\/strong><\/p>\n","protected":false},"excerpt":{"rendered":"<p>SUNSUN 1000L\/h \u00e9tang de jardin d\u00e9coratif Mini pompe de fontaine d&rsquo;eau HJ-1143<\/p>\n","protected":false},"featured_media":5938,"comment_status":"open","ping_status":"closed","template":"","meta":[],"product_brand":[],"product_cat":[1380],"product_tag":[],"class_list":{"0":"post-39288","1":"product","2":"type-product","3":"status-publish","4":"has-post-thumbnail","6":"product_cat-pompes-a-eau-et-amp-tetes-motrices","8":"first","9":"instock","10":"shipping-taxable","11":"purchasable","12":"product-type-simple"},"_links":{"self":[{"href":"https:\/\/www.myaquastore.com\/fr\/wp-json\/wp\/v2\/product\/39288","targetHints":{"allow":["GET"]}}],"collection":[{"href":"https:\/\/www.myaquastore.com\/fr\/wp-json\/wp\/v2\/product"}],"about":[{"href":"https:\/\/www.myaquastore.com\/fr\/wp-json\/wp\/v2\/types\/product"}],"replies":[{"embeddable":true,"href":"https:\/\/www.myaquastore.com\/fr\/wp-json\/wp\/v2\/comments?post=39288"}],"wp:featuredmedia":[{"embeddable":true,"href":"https:\/\/www.myaquastore.com\/fr\/wp-json\/wp\/v2\/media\/5938"}],"wp:attachment":[{"href":"https:\/\/www.myaquastore.com\/fr\/wp-json\/wp\/v2\/media?parent=39288"}],"wp:term":[{"taxonomy":"product_brand","embeddable":true,"href":"https:\/\/www.myaquastore.com\/fr\/wp-json\/wp\/v2\/product_brand?post=39288"},{"taxonomy":"product_cat","embeddable":true,"href":"https:\/\/www.myaquastore.com\/fr\/wp-json\/wp\/v2\/product_cat?post=39288"},{"taxonomy":"product_tag","embeddable":true,"href":"https:\/\/www.myaquastore.com\/fr\/wp-json\/wp\/v2\/product_tag?post=39288"}],"curies":[{"name":"wp","href":"https:\/\/api.w.org\/{rel}","templated":true}]}}