{"id":39289,"date":"2016-09-25T23:28:39","date_gmt":"2016-09-25T23:28:39","guid":{"rendered":"https:\/\/www.myaquastore.com\/product\/sunsun-3000l-h-pompe-de-fontaine-daquarium-pompe-detang-pompe-a-eau-hqb-3500\/"},"modified":"2025-03-16T09:07:13","modified_gmt":"2025-03-16T09:07:13","slug":"sunsun-3000l-h-pompe-de-fontaine-daquarium-pompe-detang-pompe-a-eau-hqb-3500","status":"publish","type":"product","link":"https:\/\/www.myaquastore.com\/fr\/product\/sunsun-3000l-h-pompe-de-fontaine-daquarium-pompe-detang-pompe-a-eau-hqb-3500\/","title":{"rendered":"SUNSUN 3000L\/h pompe de fontaine d&rsquo;aquarium pompe d&rsquo;\u00e9tang pompe \u00e0 eau HQB-3500"},"content":{"rendered":"<div style=\"clear:both\"><\/div>\n<p><span style=\"font-size:18px\"> con\u00e7u pour une utilisation constante et pompera l&rsquo;eau \u00e0 travers votre syst\u00e8me de filtration d&rsquo;aquarium ou votre \u00e9l\u00e9ment d&rsquo;eau interne\/externe.<\/span><\/p>\n<h3> <strong><span style=\"font-size:24px;color:#ff6600\">3. La pompe \u00e0 eau de la pompe de bassin montre<\/span><\/strong> <\/h3>\n<h3> <\/h3>\n<p> <img loading=\"lazy\" decoding=\"async\" alt=\"SUNSUN 3000L\/h Pompe de fontaine d'aquarium Pompe de bassin Pompe \u00e0 eau\" src=\"http:\/\/localhost\/media\/import\/detail\/756050026_451.jpg\" width=\"600\" height=\"600\"><\/p>\n<h3><strong><\/strong><strong><span style=\"font-size:24px;color:#ff6600\">4.Autres pompes \u00e0 eau pour pompes d&rsquo;\u00e9tang<\/span><\/strong><\/h3>\n<h3><strong><span style=\"font-size:24px;color:#ff6600\"><img decoding=\"async\" alt=\"SUNSUN 3000L\/h Pompe de fontaine d'aquarium Pompe \u00e0 eau de pompe d'\u00e9tang\" src=\"http:\/\/localhost\/media\/import\/detail\/755943668_862.jpg\"><img decoding=\"async\" alt=\"SUNSUN 3000L\/h Pompe de fontaine d'aquarium Pompe de bassin Pompe \u00e0 eau\" src=\"http:\/\/localhost\/media\/import\/detail\/755081698_118.jpg\"><img loading=\"lazy\" decoding=\"async\" alt=\"SUNSUN 3000L\/h Pompe de fontaine d'aquarium Pompe \u00e0 eau Pompe \u00e0 eau\" src=\"http:\/\/localhost\/media\/import\/detail\/755002528_081.jpg\" width=\"600\" height=\"600\"><img loading=\"lazy\" decoding=\"async\" alt=\"SUNSUN 3000L\/h Pompe de fontaine d'aquarium Pompe de bassin Pompe \u00e0 eau\" src=\"http:\/\/localhost\/media\/import\/detail\/755008205_514.jpg\" width=\"600\" height=\"600\"><\/span><\/strong><\/h3>\n<h3> <\/h3>\n<h3><strong><span style=\"font-size:24px;color:#ff6600\">5.Le param\u00e8tre de pompe \u00e0 eau de la pompe de bassin<\/span><\/strong><\/h3>\n<h3><strong><span style=\"font-size:24px;color:#ff6600\"><img loading=\"lazy\" decoding=\"async\" alt=\"SUNSUN 3000L\/h Pompe de fontaine d'aquarium Pompe \u00e0 eau de pompe de bassin\" src=\"http:\/\/localhost\/media\/import\/detail\/725599113_715.jpg\" width=\"584\" height=\"761\"><\/span><\/strong><\/h3>\n<h3><strong><span style=\"font-size:24px;color:#ff6600\"><\/span><\/strong> <\/h3>\n","protected":false},"excerpt":{"rendered":"<p>SUNSUN 3000L\/h pompe de fontaine d&rsquo;aquarium pompe d&rsquo;\u00e9tang pompe \u00e0 eau HQB-3500<\/p>\n","protected":false},"featured_media":5940,"comment_status":"open","ping_status":"closed","template":"","meta":[],"product_brand":[],"product_cat":[1380],"product_tag":[],"class_list":{"0":"post-39289","1":"product","2":"type-product","3":"status-publish","4":"has-post-thumbnail","6":"product_cat-pompes-a-eau-et-amp-tetes-motrices","8":"first","9":"instock","10":"shipping-taxable","11":"purchasable","12":"product-type-simple"},"_links":{"self":[{"href":"https:\/\/www.myaquastore.com\/fr\/wp-json\/wp\/v2\/product\/39289","targetHints":{"allow":["GET"]}}],"collection":[{"href":"https:\/\/www.myaquastore.com\/fr\/wp-json\/wp\/v2\/product"}],"about":[{"href":"https:\/\/www.myaquastore.com\/fr\/wp-json\/wp\/v2\/types\/product"}],"replies":[{"embeddable":true,"href":"https:\/\/www.myaquastore.com\/fr\/wp-json\/wp\/v2\/comments?post=39289"}],"wp:featuredmedia":[{"embeddable":true,"href":"https:\/\/www.myaquastore.com\/fr\/wp-json\/wp\/v2\/media\/5940"}],"wp:attachment":[{"href":"https:\/\/www.myaquastore.com\/fr\/wp-json\/wp\/v2\/media?parent=39289"}],"wp:term":[{"taxonomy":"product_brand","embeddable":true,"href":"https:\/\/www.myaquastore.com\/fr\/wp-json\/wp\/v2\/product_brand?post=39289"},{"taxonomy":"product_cat","embeddable":true,"href":"https:\/\/www.myaquastore.com\/fr\/wp-json\/wp\/v2\/product_cat?post=39289"},{"taxonomy":"product_tag","embeddable":true,"href":"https:\/\/www.myaquastore.com\/fr\/wp-json\/wp\/v2\/product_tag?post=39289"}],"curies":[{"name":"wp","href":"https:\/\/api.w.org\/{rel}","templated":true}]}}