{"id":39292,"date":"2016-09-25T23:28:40","date_gmt":"2016-09-25T23:28:40","guid":{"rendered":"https:\/\/www.myaquastore.com\/product\/sunsun-hj-1100-filtre-et-pompe-hj-1100\/"},"modified":"2025-03-16T09:07:14","modified_gmt":"2025-03-16T09:07:14","slug":"sunsun-hj-1100-filtre-et-pompe-hj-1100","status":"publish","type":"product","link":"https:\/\/www.myaquastore.com\/fr\/product\/sunsun-hj-1100-filtre-et-pompe-hj-1100\/","title":{"rendered":"SUNSUN HJ-1100 filtre et pompe HJ-1100"},"content":{"rendered":"<div style=\"clear:both\"><\/div>\n<div id=\"ali-anchor-AliPostDhMb-9v1ep\" style=\"padding-top:8px\" data-section-title=\"Description du produit\" data-section=\"AliPostDhMb-9v1ep\"> <\/div>\n<div style=\"padding-top:8px\" data-section-title=\"Description du produit\" data-section=\"AliPostDhMb-9v1ep\">\n<div style=\"padding-bottom:10px;padding-top:10px;padding-left:0px;padding-right:0px\"> <\/div>\n<\/div>\n<p data-section-blank=\"AliPostDhMb-9v1ep\"><span style=\"font-size:24px\"><strong>SUNSUN Filtre et pompe HJ-1100 <\/strong><\/span><\/p>\n<p data-section-blank=\"AliPostDhMb-9v1ep\">\n<p data-section-blank=\"AliPostDhMb-9v1ep\"><strong><span style=\"font-size:16px\">Caract\u00e9ristiques <\/span><\/strong><\/p>\n<p data-section-blank=\"AliPostDhMb-9v1ep\"><span style=\"font-size:16px\"><span style=\"font-size:14px\">1. Le corps et le bo\u00eetier de la mini pompe \u00e0 eau HJ sont fabriqu\u00e9s en plastique de haute qualit\u00e9 <\/span><br \/><span style=\"font-size:14px\"> qui est anticorrosif et tr\u00e8s durable. <\/span><br \/><span style=\"font-size:14px\">2. Les pompes ont une excellente isolation du moteur <\/span><br \/><span style=\"font-size:14px\">\u00e9tant compl\u00e8tement scell\u00e9es. <\/span><br \/><span style=\"font-size:14px\">3. Les pompes combinent le pompage, la filtration, l&rsquo;oxyg\u00e8ne et la fontaine <\/span><br \/><span style=\"font-size:14px\">en un. <\/span><br \/><span style=\"font-size:14px\">4. Il utilise un noyau d&rsquo;arbre \u00e0 haute r\u00e9sistance et r\u00e9sistant \u00e0 l&rsquo;usure et une longue <\/span><br \/><span style=\"font-size:14px\">dur\u00e9e de vie. <\/span><\/span><\/p>\n<p data-section-blank=\"AliPostDhMb-9v1ep\">\n<p data-section-blank=\"AliPostDhMb-9v1ep\"><strong><span style=\"font-size:16px\"><span style=\"font-size:14px\">Param\u00e8tre <\/span><\/span><\/strong><\/p>\n<p data-section-blank=\"AliPostDhMb-9v1ep\">\n<table class=\"aliDataTable\" border=\"1\">\n<tbody>\n<tr>\n<td><strong>Mod\u00e8le <\/strong><\/td>\n<td><strong>Tension <\/strong><\/td>\n<td><strong>Fr\u00e9quence <\/strong><\/td>\n<td><strong>Puissance <\/strong><\/td>\n<td><strong>H-max <\/strong><\/td>\n<td><strong>Sortie <\/strong><\/td>\n<td><strong>Adaptateur maison <\/strong><\/td>\n<td><strong>C\u00e2ble(m) <\/strong><\/td>\n<td><strong>Poids (kg) <\/strong><\/td>\n<td><strong>L*W*H(mm) <\/strong><\/td>\n<\/tr>\n<tr>\n<td>HJ-500<\/td>\n<td>110V\/220V\/240V<\/td>\n<td>50Hz\/60Hz<\/td>\n<td>7w<\/td>\n<td>0,9m<\/td>\n<td>5 00L\/h<\/td>\n<td>13mm<\/td>\n<td>1,5m<\/td>\n<td>0,25kg<\/td>\n<td>99*56*77,5<\/td>\n<\/tr>\n<tr>\n<td>HJ-600<\/td>\n<td>110V\/220V\/2 40V<\/td>\n<td>50Hz\/60Hz<\/td>\n<td>8w<\/td>\n<td>1,3m<\/td>\n<td>600L\/h<\/td>\n<td>13mm<\/td>\n<td>1,5m<\/td>\n<td>0,35kg<\/td>\n<td>96*61*86<\/td>\n<\/tr>\n<tr>\n<td>HJ-1100<\/td>\n<td>110V\/220V\/240V<\/td>\n<td>50Hz\/60Hz<\/td>\n<td>20w<\/td>\n<td>1,5m<\/td>\n<td> 900L\/h<\/td>\n<td>13\/16mm<\/td>\n<td>1,5m<\/td>\n<td>0,5kg<\/td>\n<td>124*64*95<\/td>\n<\/tr>\n<tr>\n<td>HJ-1500<\/td>\n<td>110V\/220 V\/240V<\/td>\n<td>50Hz\/60Hz<\/td>\n<td>25w<\/td>\n<td>1,8m<\/td>\n<td>1500L\/h<\/td>\n<td>13\/16\/20mm<\/td>\n<td>1,5m<\/td>\n<td>0,6 5kg<\/td>\n<td>130*69*95<\/td>\n<\/tr>\n<tr>\n<td>HJ-2200<\/td>\n<td>110V\/220V\/240V<\/td>\n<td>50Hz\/60Hz<\/td>\n<td>35w<\/td>\n<td>2 .0m<\/td>\n<td>2000L\/h<\/td>\n<td>13\/16\/20mm<\/td>\n<td>2,5m<\/td>\n<td>0,9kg<\/td>\n<td>139*75*106,5<\/td>\n<\/tr>\n<tr>\n<td>HJ-25 00<\/td>\n<td>110V\/220V\/240V<\/td>\n<td>50Hz\/60Hz<\/td>\n<td>45w<\/td>\n<td>2,7m<\/td>\n<td>2500L\/h<\/td>\n<td>13\/16\/20mm<\/td>\n<td>2,5 m<\/td>\n<td>1,0 kg<\/td>\n<td>139*75*106,5<\/td>\n<\/tr>\n<tr>\n<td>HJ-3000<\/td>\n<td>110V\/220V\/240V<\/td>\n<td>50Hz\/60Hz<\/td>\n<td>55w<\/td>\n<td>3,0m<\/td>\n<td>3000L\/h<\/td>\n<td>13\/16\/20mm<\/td>\n<td>2,5m<\/td>\n<td>1,3kg<\/td>\n<td>166*85*118<\/td>\n<\/tr>\n<tr>\n<td>HJ-4500<\/td>\n<td>110V\/220V\/240V<\/td>\n<td>50Hz\/60Hz<\/td>\n<td>80w<\/td>\n<td>3,8m<\/td>\n<td>5000L\/h<\/td>\n<td>13\/25\/32mm<\/td>\n<td>2,5m<\/td>\n<td>2,3kg<\/td>\n<td>191*119*129<\/td>\n<\/tr>\n<tr>\n<td>HJ-5500<\/td>\n<td>110V\/220V\/240V<\/td>\n<td>50Hz\/60Hz<\/td>\n<td>100w<\/td>\n<td>4,0m<\/td>\n<td>6000L\/h<\/td>\n<td>13\/25\/32mm<\/td>\n<td>2,5m<\/td>\n<td>2,3kg<\/td>\n<td>191*119*129<\/td>\n<\/tr>\n<tr>\n<td>HJ-6000<\/td>\n<td>110V\/220V\/240V<\/td>\n<td>50Hz\/60Hz<\/td>\n<td>150w<\/td>\n<td>5,0m<\/td>\n<td>6800L\/h<\/td>\n<td>13\/25\/32mm<\/td>\n<td>2,5m<\/td>\n<td>2,4kg<\/td>\n<td>191*119*129<\/td>\n<\/tr>\n<\/tbody>\n<\/table>\n<p data-section-blank=\"AliPostDhMb-9v1ep\"><strong><span style=\"font-size:16px\"><span style=\"font-size:14px\"><br \/><\/span><\/span><\/strong><\/p>\n<p data-section-blank=\"AliPostDhMb-9v1ep\"><span style=\"font-size:16px\"><span style=\"font-size:14px\"><span style=\"font-size:16px\"><strong>Courbes de fonction <\/strong><\/span><\/span><\/span><\/p>\n<p data-section-blank=\"AliPostDhMb-9v1ep\"><img loading=\"lazy\" decoding=\"async\" alt=\"Filtre et pompe SUNSUN HJ-1100\" src=\"http:\/\/localhost\/media\/import\/detail\/HTB1t27nFVXXXXczXpXXq6xXFXXXY.jpg\" width=\"584\" height=\"431\"><\/p>\n<p data-section-blank=\"AliPostDhMb-9v1ep\">\n<p style=\"text-align:center\"><span style=\"font-size:24px\"><strong><span style=\"color:#000000\"><img decoding=\"async\" alt=\"Mini pompe de circulation d'eau SUNSUN s\u00e9rie HJ.jpg\" src=\"http:\/\/localhost\/media\/import\/detail\/HTB1gJ8IFVXXXXbPXFXXq6xXFXXX5.jpg\"><\/span><\/strong><\/span><\/p>\n<p data-section-blank=\"AliPostDhMb-9v1ep\"><span style=\"font-size:16px\"><span style=\"font-size:14px\"><img decoding=\"async\" alt=\"Prix de la mini pompe submersible \u00e9lectrique \u00e0 pulv\u00e9risation s\u00e9rie SUNSUN HJ (4).jpg\" src=\"http:\/\/localhost\/media\/import\/detail\/HTB1uEBFFVXXXXagXVXXq6xXFXXXP.jpg\"><img decoding=\"async\" alt=\"Prix de la mini pompe submersible \u00e9lectrique \u00e0 pulv\u00e9risation s\u00e9rie SUNSUN HJ (5).jpg\" src=\"http:\/\/localhost\/media\/import\/detail\/HTB1VFlLFVXXXXXwXXXXq6xXFXXX8.jpg\"><img decoding=\"async\" alt=\"Prix de la mini pompe submersible \u00e9lectrique de pulv\u00e9risation s\u00e9rie SUNSUN HJ (6).jpg\" src=\"http:\/\/localhost\/media\/import\/detail\/HTB1qhtGFVXXXXX6aXXXq6xXFXXXz.jpg\">&lt;img alt=&quot;Pulv\u00e9risation \u00e9lectrique s\u00e9rie SUNSUN HJ prix de la mini pompe submersible (7) <\/p>\n<div style=\"clear:both\"><\/div>\n","protected":false},"excerpt":{"rendered":"<p>SUNSUN HJ-1100 filtre et pompe HJ-1100<\/p>\n","protected":false},"featured_media":5946,"comment_status":"open","ping_status":"closed","template":"","meta":[],"product_brand":[],"product_cat":[1380],"product_tag":[],"class_list":{"0":"post-39292","1":"product","2":"type-product","3":"status-publish","4":"has-post-thumbnail","6":"product_cat-pompes-a-eau-et-amp-tetes-motrices","8":"first","9":"instock","10":"shipping-taxable","11":"purchasable","12":"product-type-simple"},"_links":{"self":[{"href":"https:\/\/www.myaquastore.com\/fr\/wp-json\/wp\/v2\/product\/39292","targetHints":{"allow":["GET"]}}],"collection":[{"href":"https:\/\/www.myaquastore.com\/fr\/wp-json\/wp\/v2\/product"}],"about":[{"href":"https:\/\/www.myaquastore.com\/fr\/wp-json\/wp\/v2\/types\/product"}],"replies":[{"embeddable":true,"href":"https:\/\/www.myaquastore.com\/fr\/wp-json\/wp\/v2\/comments?post=39292"}],"wp:featuredmedia":[{"embeddable":true,"href":"https:\/\/www.myaquastore.com\/fr\/wp-json\/wp\/v2\/media\/5946"}],"wp:attachment":[{"href":"https:\/\/www.myaquastore.com\/fr\/wp-json\/wp\/v2\/media?parent=39292"}],"wp:term":[{"taxonomy":"product_brand","embeddable":true,"href":"https:\/\/www.myaquastore.com\/fr\/wp-json\/wp\/v2\/product_brand?post=39292"},{"taxonomy":"product_cat","embeddable":true,"href":"https:\/\/www.myaquastore.com\/fr\/wp-json\/wp\/v2\/product_cat?post=39292"},{"taxonomy":"product_tag","embeddable":true,"href":"https:\/\/www.myaquastore.com\/fr\/wp-json\/wp\/v2\/product_tag?post=39292"}],"curies":[{"name":"wp","href":"https:\/\/api.w.org\/{rel}","templated":true}]}}