{"id":39293,"date":"2016-09-25T23:28:40","date_gmt":"2016-09-25T23:28:40","guid":{"rendered":"https:\/\/www.myaquastore.com\/product\/sunsun-eco-pompe-a-eau-pompe-a-chaleur-mini-split-jtp-6000r\/"},"modified":"2025-03-16T09:07:15","modified_gmt":"2025-03-16T09:07:15","slug":"sunsun-eco-pompe-a-eau-pompe-a-chaleur-mini-split-jtp-6000r","status":"publish","type":"product","link":"https:\/\/www.myaquastore.com\/fr\/product\/sunsun-eco-pompe-a-eau-pompe-a-chaleur-mini-split-jtp-6000r\/","title":{"rendered":"SUNSUN ECO pompe \u00e0 eau pompe \u00e0 chaleur mini split JTP-6000R"},"content":{"rendered":"<p style=\"text-align:center\">\n<p style=\"text-align:center\"> <\/p>\n<p> <strong><span style=\"font-size:16px\">CARACT\u00c9RISTIQUES\u00a0:<\/span><\/strong><\/p>\n<p><span style=\"font-size:14px\">1. Conception nouvelle et g\u00e9n\u00e9reuse, utilisez la technologie \u00e0 fr\u00e9quence variable\u00a0; petite puissance, grand d\u00e9bit. t\u00eate haute. super muet et \u00e0 la fois sur mer et sur terre.<\/span><\/p>\n<p><span style=\"font-size:14px\">2. Utilisez un arbre en c\u00e9ramique, r\u00e9sistance \u00e0 l&rsquo;usure, pas de rouille, longue dur\u00e9e de vie.<\/span><\/p>\n<p><span style=\"font-size:14px\">3. L&rsquo;eau douce et l&rsquo;eau de mer, ne contiennent pas d&rsquo;\u00e9l\u00e9ment en cuivre\u00a0;<\/span><\/p>\n<p><span style=\"font-size:14px\">4. Ce produit permet une d\u00e9molition gratuite des outils, facile \u00e0 nettoyer.<\/span><\/p>\n<p><span style=\"font-size:14px\">5. La sortie r\u00e9alise plusieurs \u00e9tages, adapt\u00e9e \u00e0 une vari\u00e9t\u00e9 de diam\u00e8tres de connexion de tuyau.<\/span><\/p>\n<p><span style=\"font-size:14px\">6. Le rotor verrouill\u00e9 prot\u00e8ge la coupure de courant apr\u00e8s la mise en marche de l&rsquo;eau (imm\u00e9diatement carte feuille morte).<\/span><\/p>\n<\/p>\n<div id=\"ali-anchor-AliPostDhMb-ccml4\" style=\"padding-top:8px\" data-section-title=\"Description du produit\" data-section=\"AliPostDhMb-ccml4\">\n<div id=\"ali-title-AliPostDhMb-ccml4\" style=\"border-bottom:#ddd 1px solid;padding-bottom:8px;padding-top:8px;padding-left:0px;padding-right:0px\"><span style=\"font-weight:bold;color:#333;padding-bottom:8px;padding-top:8px;padding-left:10px;line-height:12px;padding-right:10px;background-color:#ddd\">Description du produit<\/span><\/div>\n<div style=\"padding-bottom:10px;padding-top:10px;padding-left:0px;padding-right:0px\">\n<\/div>\n<\/div>\n<p><span style=\"font-size:14px\"><strong>PARAMETRE\u00a0:<\/strong><\/span><\/p>\n<table class=\"aliDataTable\" border=\"1\">\n<tbody>\n<tr>\n<td style=\"text-align:center\"><span style=\"font-size:12px\"><strong>Mod\u00e8le<\/strong><\/span><\/td>\n<td style=\"text-align:center\"><span style=\"font-size:12px\"><strong>Tension<\/strong><\/span><\/td>\n<td style=\"text-align:center\"><span style=\"font-size:12px\"><strong>Fr\u00e9quence<\/strong><\/span><\/td>\n<td style=\"text-align:center\"><span style=\"font-size:12px\"><strong>Puissance<\/strong><\/span><\/td>\n<td style=\"text-align:center\"><span style=\"font-size:12px\"><strong>H-max<\/strong><\/span><\/td>\n<td style=\"text-align:center\"><span style=\"font-size:12px\"><strong>Sortie<\/strong><\/span><\/td>\n<td style=\"text-align:center\"><span style=\"font-size:12px\"><strong>Hauteur interm\u00e9diaire<\/strong><\/span><\/td>\n<td style=\"text-align:center\"><span style=\"font-size:12px\"><strong>C\u00e2ble Longueur<\/strong><\/span><\/td>\n<td style=\"text-align:center\"><span style=\"font-size:12px\"><strong>Poids<\/strong><\/span><\/td>\n<td style=\"text-align:center\"><span style=\"font-size:12px\"><strong>L*W*H<\/strong><\/span>(mm)<\/td>\n<\/tr>\n<tr>\n<td style=\"text-align:center\">JTP-4000R<\/td>\n<td style=\"text-align:center\">110 V\/120 V\/240 V<\/td>\n<td style=\"text-align:center\">50 Hz\/60 Hz<\/td>\n<td style=\"text-align:center\">25 W<\/td>\n<td style=\"text-align:center\">3,2 m<\/td>\n<td style=\"text-align:center\">4000 L\/h<\/td>\n<td style=\"text-align:center\">65 mm<\/td>\n<td style=\"text-align:center\">2,5 m<\/td>\n<td style=\"text-align:center\">2,5 kg<\/td>\n<td style=\"text-align:center\">252*123*137<\/td>\n<\/tr>\n<tr>\n<td style=\"text-align:center\">JTP-5000R<\/td>\n<td style=\"text-align:center\">110V\/120V\/240V<\/td>\n<td style=\"text-align:center\">50Hz\/60Hz<\/td>\n<td style=\"text-align:center\">30w<\/td>\n<td style=\"text-align:center\">3,6m<\/td>\n<td style=\"text-align:center\">5000L\/h<\/td>\n<td style=\"text-align:center\">65mm<\/td>\n<td style=\"text-align:center\">2,5m<\/td>\n<td style=\"text-align:center\">2,5 kg<\/td>\n<td style=\"text-align:center\">252*123*137<\/td>\n<\/tr>\n<tr>\n<td style=\"text-align:center\">JTP-6000R<\/td>\n<td style=\"text-align:center\">110V\/120V\/240V<\/td>\n<td style=\"text-align:center\">50 Hz\/60 Hz<\/td>\n<td style=\"text-align:center\">40 W<\/td>\n<td style=\"text-align:center\">4,0 m<\/td>\n<td style=\"text-align:center\">6 000 L\/h<\/td>\n<td style=\"text-align:center\">65 mm<\/td>\n<td style=\"text-align:center\">2,5 m<\/td>\n<td style=\"text-align:center\">2,5 kg<\/td>\n<td style=\"text-align:center\">252*123*137<\/td>\n<\/tr>\n<tr>\n<td style=\"text-align:center\">JTP-7000R<\/td>\n<td style=\"text-align:center\">110V\/120V\/240V<\/td>\n<td style=\"text-align:center\">50Hz\/60Hz<\/td>\n<td style=\"text-align:center\">50w<\/td>\n<td style=\"text-align:center\">4,4m<\/td>\n<td style=\"text-align:center\">7000L\/h<\/td>\n<td style=\"text-align:center\">65mm<\/td>\n<td style=\"text-align:center\">5m<\/td>\n<td style=\"text-align:center\">2,5kg<\/td>\n<td style=\"text-align:center\">252*123*137<\/td>\n<\/tr>\n<tr>\n<td style=\"text-align:center\">JTP-8000R<\/td>\n<td style=\"text-align:center\">110 V\/120 V\/240 V<\/td>\n<td style=\"text-align:center\">50 Hz\/60 Hz<\/td>\n<td style=\"text-align:center\">60 W<\/td>\n<td style=\"text-align:center\">4,8 m<\/td>\n<td style=\"text-align:center\">8 000 L\/h<\/td>\n<td style=\"text-align:center\">65 mm<\/td>\n<td style=\"text-align:center\">5 m<\/td>\n<td style=\"text-align:center\">2,5 kg<\/td>\n<td style=\"text-align:center\">252*123*137<\/td>\n<\/tr>\n<tr>\n<td style=\"text-align:center\">JTP-9000R<\/td>\n<td style=\"text-align:center\">110V\/120V\/240V<\/td>\n<td style=\"text-align:center\">50Hz\/60Hz<\/td>\n<td style=\"text-align:center\">70w<\/td>\n<td style=\"text-align:center\">5,2m<\/td>\n<td style=\"text-align:center\">9000L\/h<\/td>\n<td style=\"text-align:center\">65mm<\/td>\n<td style=\"text-align:center\">5m<\/td>\n<td style=\"text-align:center\">2,5 kg<\/td>\n<td style=\"text-align:center\">252*123*137<\/td>\n<\/tr>\n<tr>\n<td style=\"text-align:center\">JTP-10000R<\/td>\n<td style=\"text-align:center\">110V\/120V\/240V<\/td>\n<td style=\"text-align:center\">50 Hz\/60 Hz<\/td>\n<td style=\"text-align:center\">80 W<\/td>\n<td style=\"text-align:center\">6,0 m<\/td>\n<td style=\"text-align:center\">10 000 L\/h<\/td>\n<td style=\"text-align:center\">72 mm<\/td>\n<td style=\"text-align:center\">5 m<\/td>\n<td style=\"text-align:center\">3,5 kg<\/td>\n<td style=\"text-align:center\">285*142*138<\/td>\n<\/tr>\n<tr>\n<td style=\"text-align:center\">JTP-12000R<\/td>\n<td style=\"text-align:center\">110V\/120V\/240V<\/td>\n<td style=\"text-align:center\">50Hz\/60Hz<\/td>\n<td style=\"text-align:center\">100w<\/td>\n<td style=\"text-align:center\">6,5m<\/td>\n<td style=\"text-align:center\">12000L\/h<\/td>\n<td style=\"text-align:center\">72mm<\/td>\n<td style=\"text-align:center\">5m<\/td>\n<td style=\"text-align:center\">3,5kg<\/td>\n<td style=\"text-align:center\">285*142*138<\/td>\n<\/tr>\n<tr>\n<td style=\"text-align:center\">JTP-14000R<\/td>\n<td style=\"text-align:center\">110 V\/120 V\/240 V<\/td>\n<td style=\"text-align:center\">50 Hz\/60 Hz<\/td>\n<td style=\"text-align:center\">120 W<\/td>\n<td style=\"text-align:center\">7,0 m<\/td>\n<td style=\"text-align:center\">14 000 L\/h<\/td>\n<td style=\"text-align:center\">72 mm<\/td>\n<td style=\"text-align:center\">5 m<\/td>\n<td style=\"text-align:center\">3,5 kg<\/td>\n<td style=\"text-align:center\">285*142*138<\/td>\n<\/tr>\n<tr>\n<td style=\"text-align:center\">JTP-16000R<\/td>\n<td style=\"text-align:center\">110V\/120V\/240V<\/td>\n<td style=\"text-align:center\">50Hz\/60Hz<\/td>\n<td style=\"text-align:center\">140w<\/td>\n<td style=\"text-align:center\">7,5m<\/td>\n<td style=\"text-align:center\">16000L\/h<\/td>\n<td style=\"text-align:center\">72mm<\/td>\n<td style=\"text-align:center\">5m<\/td>\n<td style=\"text-align:center\">3,5 kg<\/td>\n<td style=\"text-align:center\">285*142*138<\/td>\n<\/tr>\n<\/tbody>\n<\/table>\n<p><span style=\"font-size:14px\"><img decoding=\"async\" alt=\"-1.jpg\" src=\"http:\/\/localhost\/media\/import\/detail\/HTB1u.EkGpXXXXb5aXXXq6xXFXXX3.jpg\"><\/span><\/p>\n<p><img decoding=\"async\" alt=\"001.jpg\" src=\"http:\/\/localhost\/media\/import\/detail\/HTB1WICiGpXXXXb2XVXXq6xXFXXXV.jpg\"><img decoding=\"async\" alt=\"002.jpg\" src=\"http:\/\/localhost\/media\/import\/detail\/HTB1c7.YGXXXXXaQaXXXq6xXFXXXI.jpg\"><img decoding=\"async\" alt=\"003.jpg\" src=\"http:\/\/localhost\/media\/import\/detail\/HTB1oQJSGpXXXXapapXXq6xXFXXXA.jpg\"><\/p>\n<div id=\"ali-anchor-AliPostDhMb-zgm1x\" style=\"padding-top:8px\" data-section-title=\"Informations sur la soci\u00e9t\u00e9\" data-section=\"AliPostDhMb-zgm1x\"><strong><span style=\"background-color:#dddddd;color:#333333\"><\/span><\/strong> <\/div>\n","protected":false},"excerpt":{"rendered":"<p>SUNSUN ECO pompe \u00e0 eau pompe \u00e0 chaleur mini split JTP-6000R<\/p>\n","protected":false},"featured_media":5948,"comment_status":"open","ping_status":"closed","template":"","meta":[],"product_brand":[],"product_cat":[1380],"product_tag":[],"class_list":{"0":"post-39293","1":"product","2":"type-product","3":"status-publish","4":"has-post-thumbnail","6":"product_cat-pompes-a-eau-et-amp-tetes-motrices","8":"first","9":"instock","10":"shipping-taxable","11":"purchasable","12":"product-type-simple"},"_links":{"self":[{"href":"https:\/\/www.myaquastore.com\/fr\/wp-json\/wp\/v2\/product\/39293","targetHints":{"allow":["GET"]}}],"collection":[{"href":"https:\/\/www.myaquastore.com\/fr\/wp-json\/wp\/v2\/product"}],"about":[{"href":"https:\/\/www.myaquastore.com\/fr\/wp-json\/wp\/v2\/types\/product"}],"replies":[{"embeddable":true,"href":"https:\/\/www.myaquastore.com\/fr\/wp-json\/wp\/v2\/comments?post=39293"}],"wp:featuredmedia":[{"embeddable":true,"href":"https:\/\/www.myaquastore.com\/fr\/wp-json\/wp\/v2\/media\/5948"}],"wp:attachment":[{"href":"https:\/\/www.myaquastore.com\/fr\/wp-json\/wp\/v2\/media?parent=39293"}],"wp:term":[{"taxonomy":"product_brand","embeddable":true,"href":"https:\/\/www.myaquastore.com\/fr\/wp-json\/wp\/v2\/product_brand?post=39293"},{"taxonomy":"product_cat","embeddable":true,"href":"https:\/\/www.myaquastore.com\/fr\/wp-json\/wp\/v2\/product_cat?post=39293"},{"taxonomy":"product_tag","embeddable":true,"href":"https:\/\/www.myaquastore.com\/fr\/wp-json\/wp\/v2\/product_tag?post=39293"}],"curies":[{"name":"wp","href":"https:\/\/api.w.org\/{rel}","templated":true}]}}