{"id":39294,"date":"2016-12-27T16:03:44","date_gmt":"2016-12-27T16:03:44","guid":{"rendered":"https:\/\/www.myaquastore.com\/product\/red-devil-skimmer-skimmer-dsl-rationalise-diable-red-devil-serie-dsl-850-applicable-maximum-900-litres-de-plans-deau\/"},"modified":"2025-03-16T09:14:21","modified_gmt":"2025-03-16T09:14:21","slug":"red-devil-skimmer-skimmer-dsl-rationalise-diable-red-devil-serie-dsl-850-applicable-maximum-900-litres-de-plans-deau","status":"publish","type":"product","link":"https:\/\/www.myaquastore.com\/fr\/product\/red-devil-skimmer-skimmer-dsl-rationalise-diable-red-devil-serie-dsl-850-applicable-maximum-900-litres-de-plans-deau\/","title":{"rendered":"Red Devil skimmer skimmer DSL rationalis\u00e9 diable Red Devil s\u00e9rie DSL-850 applicable maximum 900 litres de plans d&rsquo;eau"},"content":{"rendered":"<h2>Description du produit <\/h2>\n<p>PS\u00a0: produits destin\u00e9s aux ventes directes d&rsquo;usine, commandes d&rsquo;usine en raison de la r\u00e9cente saison charg\u00e9e, cycle de rotation des marchandises plus rapide, nous ne pouvons donc pas garantir que chaque produit dispose d&rsquo;une tr\u00e9sorerie et d&rsquo;un stock, avant de commander, veuillez contacter notre personnel commercial pour confirmer le d\u00e9lai de livraison. <\/p>\n<p><a><img class=\" size-large=\"><\/a><\/p>\n<p><a><img class=\" size-large=\"><\/a><\/p>\n<p>&amp;Nbsp; pour <\/p>\n<p>&amp;Nbsp; pour <\/p>\n<p><strong>Sp\u00e9cifications : <\/strong><\/p>\n<div>\n<div>Mod\u00e8le : DSL-850 <br \/> Type de lieu : Int\u00e9gr\u00e9 <br \/> Sp\u00e9cifications (diam\u00e8tre MM) : 150\/510 <br \/> Equip\u00e9 d&rsquo;une pompe \u00e0 eau : Red Devil SP3 (Red Devil SP3) <\/div>\n<div>Puissance de fonctionnement : 15 W <\/div>\n<div>Capacit\u00e9 inspiratoire maximale : 700 L \/ H <br \/> Le r\u00e9servoir maximum recommand\u00e9 (L) : 850 <\/div>\n<div>Aquarium recommand\u00e9 : 350-850 L <\/div><\/div>\n<div>Sp\u00e9cifications du quai (MM) : 250\/210 <\/div>\n<div><a><img class=\" size-large=\"><\/a><\/p>\n<\/div>\n<div><a><img class=\" size-large=\"><\/a><\/p>\n<\/div>\n<div>\ufffd\ufffd <\/div>\n<div><a><img class=\" size-full=\"><\/a><\/p>\n<p><strong>Et la source de MARINE SOURCES DEVIL STREAMLINE SKIMMER (DSL) Caract\u00e9ristiques de la s\u00e9rie d&rsquo;\u00e9cumeurs simplifi\u00e9s Red Devil\u00a0: <\/strong><\/div>\n<div>1 bouteille de vin rouge du corps profil\u00e9 conique, ultra lisse et sans couture, non seulement l&rsquo;apparence des \u00c9tats-Unis, mais a plus de douceur que les performances traditionnelles de collecte de fuselage en mousse. <\/div>\n<div>2 apparence \u00e9poustouflante avec\u00a0: s\u00e9rie Red Devil DSL de pompe \u00e0 tuyau rouge de haute qualit\u00e9, production de match de diable rouge de la mode tr\u00e8s moderne <\/div>\n<div>3 entra\u00eenement de pompe \u00e0 conif\u00e8res haute performance, configur\u00e9 sp\u00e9cifiquement pour la conception et le d\u00e9veloppement de la pompe \u00e0 conif\u00e8res s\u00e9parateur diable (capacit\u00e9 maximale de la pompe \u00e0 double aspiration allant jusqu&rsquo;\u00e0 700 L\/H, la consommation \u00e9lectrique n&rsquo;est que de 15 W). <\/div>\n<div>4 Pour une bonne pompe version optimis\u00e9e en conif\u00e8re, bouche d&rsquo;aspiration venturi, retrait facile de la coupelle de collecte, bouchons d&rsquo;\u00e9gouts et d&rsquo;\u00e9gouts et donc tout. <\/div>\n<div>5 Toutes les pi\u00e8ces fabriqu\u00e9es par la technologie laser garantissent efficacement non seulement le degr\u00e9 de fabrication, mais sont \u00e9galement capables de maintenir une qualit\u00e9 de produit stable. <\/div>\n<div><\/div>\n<div><\/div>\n<div><a><img class=\" size-large=\"><\/a><\/p>\n<\/div>\n<div><a><img class=\" size-large=\"><\/a><\/p>\n<p><a><img class=\" size-large=\"><\/a><\/p>\n<p><a><img class=\" size-large=\"><\/a><\/p>\n<\/div>\n<div><\/div>\n<div><strong>DSL Autre mod\u00e8le <\/strong><\/div>\n<div><strong><a><img class=\" size-large=\"><\/a><\/p>\n<p><\/strong><\/div>\n<div><strong>Image de composition r\u00e9elle des produits <\/strong><\/p>\n<\/div>\n<div><a><img class=\" size-large=\"><\/a><\/div><\/div>\n","protected":false},"excerpt":{"rendered":"<p>Red Devil skimmer skimmer DSL rationalis\u00e9 diable Red Devil s\u00e9rie DSL-850 applicable maximum 900 litres de plans d&rsquo;eau<\/p>\n","protected":false},"featured_media":6347,"comment_status":"open","ping_status":"closed","template":"","meta":[],"product_brand":[],"product_cat":[358],"product_tag":[],"class_list":{"0":"post-39294","1":"product","2":"type-product","3":"status-publish","4":"has-post-thumbnail","6":"product_cat-ecumeurs-de-proteines","8":"first","9":"instock","10":"shipping-taxable","11":"purchasable","12":"product-type-simple"},"_links":{"self":[{"href":"https:\/\/www.myaquastore.com\/fr\/wp-json\/wp\/v2\/product\/39294","targetHints":{"allow":["GET"]}}],"collection":[{"href":"https:\/\/www.myaquastore.com\/fr\/wp-json\/wp\/v2\/product"}],"about":[{"href":"https:\/\/www.myaquastore.com\/fr\/wp-json\/wp\/v2\/types\/product"}],"replies":[{"embeddable":true,"href":"https:\/\/www.myaquastore.com\/fr\/wp-json\/wp\/v2\/comments?post=39294"}],"wp:featuredmedia":[{"embeddable":true,"href":"https:\/\/www.myaquastore.com\/fr\/wp-json\/wp\/v2\/media\/6347"}],"wp:attachment":[{"href":"https:\/\/www.myaquastore.com\/fr\/wp-json\/wp\/v2\/media?parent=39294"}],"wp:term":[{"taxonomy":"product_brand","embeddable":true,"href":"https:\/\/www.myaquastore.com\/fr\/wp-json\/wp\/v2\/product_brand?post=39294"},{"taxonomy":"product_cat","embeddable":true,"href":"https:\/\/www.myaquastore.com\/fr\/wp-json\/wp\/v2\/product_cat?post=39294"},{"taxonomy":"product_tag","embeddable":true,"href":"https:\/\/www.myaquastore.com\/fr\/wp-json\/wp\/v2\/product_tag?post=39294"}],"curies":[{"name":"wp","href":"https:\/\/api.w.org\/{rel}","templated":true}]}}