{"id":39296,"date":"2016-12-27T16:03:45","date_gmt":"2016-12-27T16:03:45","guid":{"rendered":"https:\/\/www.myaquastore.com\/product\/accessoires-dinstallation-de-systeme-daquarium-en-acrylique\/"},"modified":"2025-03-16T09:14:35","modified_gmt":"2025-03-16T09:14:35","slug":"accessoires-dinstallation-de-systeme-daquarium-en-acrylique","status":"publish","type":"product","link":"https:\/\/www.myaquastore.com\/fr\/product\/accessoires-dinstallation-de-systeme-daquarium-en-acrylique\/","title":{"rendered":"Accessoires d&rsquo;installation de syst\u00e8me d&rsquo;aquarium en acrylique"},"content":{"rendered":"<h2>Description du produit <\/h2>\n<div>\n<div><a><img class=\" alignnone=\"><\/a><\/p>\n<p>Manuel produit\u00a0: <\/p><\/div>\n<p><p>Support acrylique sp\u00e9cial SPS de corail vivant, une vari\u00e9t\u00e9 de sp\u00e9cifications\/trous \u00e0 choisir, configurer une ventouse forte, la ventouse peut tordre et serrer l&rsquo;\u00e9crou pour obtenir une forte adsorption ne tombe pas, mat\u00e9riau acrylique avanc\u00e9. <\/p>\n<p><p>Mod\u00e8le\u00a0: CRB-32 <\/p>\n<p>Sp\u00e9cifications du produit\u00a0: (longueur \/ largeur \/ hauteur)\u00a0: 335\/110\/60 MM &#8211; contenant une ventouse <\/p>\n<p>(Longueur \/ largeur \/ hauteur)\u00a0: 335\/105\/55 MM &#8211; sans ventouse <\/p>\n<p>Nombre de trous si\u00e8ges\u00a0: 32 <\/p>\n<p>Diam\u00e8tre du trou\u00a0: 13 MM <\/p>\n<p>Num\u00e9ro de ventouse\u00a0: 3 <\/p>\n<p><p>SPS sans support de si\u00e8ge, si n\u00e9cessaire, procurez-vous et installez le diagramme d&rsquo;effet de base SPS ci-dessous <\/p>\n<p><a><img class=\" alignnone=\"><\/a><\/p>\n<\/p><\/div><\/div>\n","protected":false},"excerpt":{"rendered":"<p>Accessoires d&rsquo;installation de syst\u00e8me d&rsquo;aquarium en acrylique<\/p>\n","protected":false},"featured_media":6257,"comment_status":"open","ping_status":"closed","template":"","meta":[],"product_brand":[],"product_cat":[358],"product_tag":[],"class_list":{"0":"post-39296","1":"product","2":"type-product","3":"status-publish","4":"has-post-thumbnail","6":"product_cat-ecumeurs-de-proteines","8":"first","9":"instock","10":"shipping-taxable","11":"purchasable","12":"product-type-simple"},"_links":{"self":[{"href":"https:\/\/www.myaquastore.com\/fr\/wp-json\/wp\/v2\/product\/39296","targetHints":{"allow":["GET"]}}],"collection":[{"href":"https:\/\/www.myaquastore.com\/fr\/wp-json\/wp\/v2\/product"}],"about":[{"href":"https:\/\/www.myaquastore.com\/fr\/wp-json\/wp\/v2\/types\/product"}],"replies":[{"embeddable":true,"href":"https:\/\/www.myaquastore.com\/fr\/wp-json\/wp\/v2\/comments?post=39296"}],"wp:featuredmedia":[{"embeddable":true,"href":"https:\/\/www.myaquastore.com\/fr\/wp-json\/wp\/v2\/media\/6257"}],"wp:attachment":[{"href":"https:\/\/www.myaquastore.com\/fr\/wp-json\/wp\/v2\/media?parent=39296"}],"wp:term":[{"taxonomy":"product_brand","embeddable":true,"href":"https:\/\/www.myaquastore.com\/fr\/wp-json\/wp\/v2\/product_brand?post=39296"},{"taxonomy":"product_cat","embeddable":true,"href":"https:\/\/www.myaquastore.com\/fr\/wp-json\/wp\/v2\/product_cat?post=39296"},{"taxonomy":"product_tag","embeddable":true,"href":"https:\/\/www.myaquastore.com\/fr\/wp-json\/wp\/v2\/product_tag?post=39296"}],"curies":[{"name":"wp","href":"https:\/\/api.w.org\/{rel}","templated":true}]}}