{"id":39303,"date":"2016-12-27T16:03:47","date_gmt":"2016-12-27T16:03:47","guid":{"rendered":"https:\/\/www.myaquastore.com\/product\/accessoires-dinstallation-aquarium-acrylique-annexe-hbf-3-support-de-sac-filtrant-de-grande-taille\/"},"modified":"2025-03-16T09:14:38","modified_gmt":"2025-03-16T09:14:38","slug":"accessoires-dinstallation-aquarium-acrylique-annexe-hbf-3-support-de-sac-filtrant-de-grande-taille","status":"publish","type":"product","link":"https:\/\/www.myaquastore.com\/fr\/product\/accessoires-dinstallation-aquarium-acrylique-annexe-hbf-3-support-de-sac-filtrant-de-grande-taille\/","title":{"rendered":"Accessoires d&rsquo;installation aquarium acrylique annexe HBF-3 support de sac filtrant de grande taille"},"content":{"rendered":"<h2>Description du produit <\/h2>\n<p><img><\/p>\n<p>MS Acrylique porte-sac <\/p>\n<p>\n<p>\n<table>\n<tbody>\n<tr>\n<td>\n<p>mod\u00e8le <\/p>\n<\/td>\n<td>\n<p><strong>Le diam\u00e8tre int\u00e9rieur du stent <\/strong><\/p>\n<\/td>\n<td>\n<p><strong>Recommand\u00e9 pour prendre en charge l&rsquo;utilisation de <\/strong><\/p>\n<\/td>\n<\/tr>\n<tr>\n<td>\n<p><strong>HBF-1 <\/strong><\/p>\n<\/td>\n<td>95 MM <\/td>\n<td>Sac MS FS-S, FS-M <\/td>\n<\/tr>\n<tr>\n<td>\n<p><strong>HBF-3 <\/strong><\/p>\n<\/td>\n<td>165 MM <\/td>\n<td>Sac MS FSL <\/td>\n<\/tr>\n<\/tbody>\n<\/table>\n<p>\n<p> Et la source des caract\u00e9ristiques du support de sac filtrant en acrylique MS\u00a0: <br \/> 1 est fabriqu\u00e9 en acrylique de haute qualit\u00e9. <br \/>2 \u00e0 travers la vis peut \u00eatre un bouchon solide dans l&rsquo;aquarium ou le r\u00e9servoir filtrant. <br \/> 3 Il existe deux tailles qui peuvent \u00eatre utilis\u00e9es, en particulier pour le support des sp\u00e9cifications MS ou d&rsquo;autres marques de sacs filtrants. <\/p>\n<p><p>Sp\u00e9cifications\u00a0: <\/p>\n<div>Diam\u00e8tre du trou\u00a0: 165\u00a0MM (convient aux SOURCES grand public ou MARINES et \u00e0 la source de la marque plus un grand sac filtrant). <\/div>\n<div>Longueur\/largeur\/hauteur (sp\u00e9cifications du stent en acrylique, sans vis)\u00a0: 232\/205\/60 MM <\/div>\n<div>L&rsquo;\u00e9paisseur maximale du verre pour la fixation\u00a0: 12 MM <\/div>\n<div>PS : mesure manuelle, il peut y avoir quelques erreurs ! <\/div>\n<p>PS\u00a0: \u00e0 ce stade choisir uniquement des \u00e9tag\u00e8res blanches <\/p>\n<p>Support de sac en acrylique MS en utilisant l&rsquo;exemple de la figure <\/p>\n<p><a><img class=\" alignnone=\"><\/a><\/p>\n<p>Nous vous recommandons de prendre en charge l&rsquo;utilisation de MS et la source du sac, cliquez sur <strong><a target=\"\">Ici <\/a><\/strong>Voir plus de la description du filtre MS sac. <\/p>\n<\/p><\/div>\n<p>\u00ab\u00a0<\/p>\n","protected":false},"excerpt":{"rendered":"<p>Accessoires d&rsquo;installation aquarium acrylique annexe HBF-3 support de sac filtrant de grande taille<\/p>\n","protected":false},"featured_media":6419,"comment_status":"open","ping_status":"closed","template":"","meta":[],"product_brand":[],"product_cat":[358],"product_tag":[],"class_list":{"0":"post-39303","1":"product","2":"type-product","3":"status-publish","4":"has-post-thumbnail","6":"product_cat-ecumeurs-de-proteines","8":"first","9":"instock","10":"shipping-taxable","11":"purchasable","12":"product-type-simple"},"_links":{"self":[{"href":"https:\/\/www.myaquastore.com\/fr\/wp-json\/wp\/v2\/product\/39303","targetHints":{"allow":["GET"]}}],"collection":[{"href":"https:\/\/www.myaquastore.com\/fr\/wp-json\/wp\/v2\/product"}],"about":[{"href":"https:\/\/www.myaquastore.com\/fr\/wp-json\/wp\/v2\/types\/product"}],"replies":[{"embeddable":true,"href":"https:\/\/www.myaquastore.com\/fr\/wp-json\/wp\/v2\/comments?post=39303"}],"wp:featuredmedia":[{"embeddable":true,"href":"https:\/\/www.myaquastore.com\/fr\/wp-json\/wp\/v2\/media\/6419"}],"wp:attachment":[{"href":"https:\/\/www.myaquastore.com\/fr\/wp-json\/wp\/v2\/media?parent=39303"}],"wp:term":[{"taxonomy":"product_brand","embeddable":true,"href":"https:\/\/www.myaquastore.com\/fr\/wp-json\/wp\/v2\/product_brand?post=39303"},{"taxonomy":"product_cat","embeddable":true,"href":"https:\/\/www.myaquastore.com\/fr\/wp-json\/wp\/v2\/product_cat?post=39303"},{"taxonomy":"product_tag","embeddable":true,"href":"https:\/\/www.myaquastore.com\/fr\/wp-json\/wp\/v2\/product_tag?post=39303"}],"curies":[{"name":"wp","href":"https:\/\/api.w.org\/{rel}","templated":true}]}}