{"id":39304,"date":"2016-12-27T16:03:47","date_gmt":"2016-12-27T16:03:47","guid":{"rendered":"https:\/\/www.myaquastore.com\/product\/accessoires-dinstallation-aquarium-acrylique-annexe-hbp-1-support-de-tuyau-de-sonde\/"},"modified":"2025-03-16T09:14:38","modified_gmt":"2025-03-16T09:14:38","slug":"accessoires-dinstallation-aquarium-acrylique-annexe-hbp-1-support-de-tuyau-de-sonde","status":"publish","type":"product","link":"https:\/\/www.myaquastore.com\/fr\/product\/accessoires-dinstallation-aquarium-acrylique-annexe-hbp-1-support-de-tuyau-de-sonde\/","title":{"rendered":"Accessoires d&rsquo;installation aquarium acrylique annexe HBP-1 support de tuyau de sonde"},"content":{"rendered":"<h2>Description du produit <\/h2>\n<p><a><img class=\" size-full=\"><\/a><\/p>\n<div>Et la source des caract\u00e9ristiques du support de sonde MS\u00a0: <\/div>\n<div>Une s\u00e9lection de mat\u00e9riaux acryliques de haute qualit\u00e9 en <\/div>\n<div>2 peuvent \u00eatre fix\u00e9s par des vis sur votre sonde et peuvent \u00eatre install\u00e9s dans votre aquarium et votre r\u00e9servoir filtrant. <\/div>\n<div>Trois paires de trous de sonde, peuvent \u00eatre fix\u00e9es simultan\u00e9ment deux petites sondes ou un tuyau <\/div>\n<div><\/div>\n<div>Sp\u00e9cifications\u00a0: <\/div>\n<div>\n<div>Diam\u00e8tre du trou\u00a0: 13\u00a0MM <\/div>\n<div>Longueur\/largeur\/hauteur (sp\u00e9cifications du stent en acrylique, sans vis)\u00a0: 80\/60\/45\u00a0MM <\/div>\n<div>L&rsquo;\u00e9paisseur maximale du verre pour la fixation\u00a0: 15\u00a0MM <\/div>\n<div><\/div>\n<div>PS : mesure manuelle, il peut y avoir quelques erreurs ! <\/div><\/div>\n<div><\/div>\n<div>Sp\u00e9cifications d&#8217;emballage\u00a0: 85 98 53MM <\/div>\n<div>\n<div>Poids\u00a0: 65 g <\/div>\n<div><\/div>\n<div><\/div><\/div>\n<div><\/div>\n<div>Ic\u00f4ne de support de sonde <\/div>\n<div><a><img class=\" alignnone=\"><\/a><\/div>\n<div><\/div>\n<div><\/div>\n<div>Ic\u00f4ne d&rsquo;immobilisation de la sonde <\/div>\n<div><\/div>\n<div><a><img class=\" alignnone=\"><\/a><\/div>\n<div><a><img class=\" alignnone=\"><\/a><\/p>\n<\/div>\n<div><\/div><\/div>\n","protected":false},"excerpt":{"rendered":"<p>Accessoires d&rsquo;installation aquarium acrylique annexe HBP-1 support de tuyau de sonde<\/p>\n","protected":false},"featured_media":6426,"comment_status":"open","ping_status":"closed","template":"","meta":[],"product_brand":[],"product_cat":[358],"product_tag":[],"class_list":{"0":"post-39304","1":"product","2":"type-product","3":"status-publish","4":"has-post-thumbnail","6":"product_cat-ecumeurs-de-proteines","8":"first","9":"instock","10":"shipping-taxable","11":"purchasable","12":"product-type-simple"},"_links":{"self":[{"href":"https:\/\/www.myaquastore.com\/fr\/wp-json\/wp\/v2\/product\/39304","targetHints":{"allow":["GET"]}}],"collection":[{"href":"https:\/\/www.myaquastore.com\/fr\/wp-json\/wp\/v2\/product"}],"about":[{"href":"https:\/\/www.myaquastore.com\/fr\/wp-json\/wp\/v2\/types\/product"}],"replies":[{"embeddable":true,"href":"https:\/\/www.myaquastore.com\/fr\/wp-json\/wp\/v2\/comments?post=39304"}],"wp:featuredmedia":[{"embeddable":true,"href":"https:\/\/www.myaquastore.com\/fr\/wp-json\/wp\/v2\/media\/6426"}],"wp:attachment":[{"href":"https:\/\/www.myaquastore.com\/fr\/wp-json\/wp\/v2\/media?parent=39304"}],"wp:term":[{"taxonomy":"product_brand","embeddable":true,"href":"https:\/\/www.myaquastore.com\/fr\/wp-json\/wp\/v2\/product_brand?post=39304"},{"taxonomy":"product_cat","embeddable":true,"href":"https:\/\/www.myaquastore.com\/fr\/wp-json\/wp\/v2\/product_cat?post=39304"},{"taxonomy":"product_tag","embeddable":true,"href":"https:\/\/www.myaquastore.com\/fr\/wp-json\/wp\/v2\/product_tag?post=39304"}],"curies":[{"name":"wp","href":"https:\/\/api.w.org\/{rel}","templated":true}]}}