{"id":39305,"date":"2016-12-27T16:03:47","date_gmt":"2016-12-27T16:03:47","guid":{"rendered":"https:\/\/www.myaquastore.com\/product\/accessoires-dinstallation-de-systeme-daquarium-en-acrylique-accessoires-mnd-20-buse-en-bec-de-canard-en-acrylique-acceleration-du-debit\/"},"modified":"2025-03-16T09:14:39","modified_gmt":"2025-03-16T09:14:39","slug":"accessoires-dinstallation-de-systeme-daquarium-en-acrylique-accessoires-mnd-20-buse-en-bec-de-canard-en-acrylique-acceleration-du-debit","status":"publish","type":"product","link":"https:\/\/www.myaquastore.com\/fr\/product\/accessoires-dinstallation-de-systeme-daquarium-en-acrylique-accessoires-mnd-20-buse-en-bec-de-canard-en-acrylique-acceleration-du-debit\/","title":{"rendered":"Accessoires d&rsquo;installation de syst\u00e8me d&rsquo;aquarium en acrylique, accessoires MND-20, buse en bec de canard en acrylique, acc\u00e9l\u00e9ration du d\u00e9bit"},"content":{"rendered":"<h2>Description du produit <\/h2>\n<p><a><img class=\" alignnone=\"><\/a><\/p>\n<p>Mod\u00e8le\u00a0: MND-20 <\/p>\n<p>Diam\u00e8tre du tube d&rsquo;alimentation\u00a0: 20MM <\/p>\n<p>Double buse d&rsquo;eau <\/p>\n<p><p>1 r\u00e9servoir pour l&rsquo;acc\u00e9l\u00e9ration de la buse de la pompe de circulation d&rsquo;eau ou \u00e0 d&rsquo;autres fins connexes <\/p>\n<p>2 mat\u00e9riaux acryliques avanc\u00e9s. Mat\u00e9riau non plastique bas de gamme. <\/p>\n<p>3 buses d&rsquo;acc\u00e9l\u00e9ration la direction de sortie peut \u00eatre ajust\u00e9e \u00e0 360 degr\u00e9s dans la direction horizontale (alimentateur rotatif droit). <\/p>\n<p>4 buses simples et tandem en deux mod\u00e8les au choix, un diam\u00e8tre int\u00e9rieur de 20MM connect\u00e9 <\/p>\n<\/p><\/div>\n","protected":false},"excerpt":{"rendered":"<p>Accessoires d&rsquo;installation de syst\u00e8me d&rsquo;aquarium en acrylique, accessoires MND-20, buse en bec de canard en acrylique, acc\u00e9l\u00e9ration du d\u00e9bit<\/p>\n","protected":false},"featured_media":6429,"comment_status":"open","ping_status":"closed","template":"","meta":[],"product_brand":[],"product_cat":[358],"product_tag":[],"class_list":{"0":"post-39305","1":"product","2":"type-product","3":"status-publish","4":"has-post-thumbnail","6":"product_cat-ecumeurs-de-proteines","8":"first","9":"instock","10":"shipping-taxable","11":"purchasable","12":"product-type-simple"},"_links":{"self":[{"href":"https:\/\/www.myaquastore.com\/fr\/wp-json\/wp\/v2\/product\/39305","targetHints":{"allow":["GET"]}}],"collection":[{"href":"https:\/\/www.myaquastore.com\/fr\/wp-json\/wp\/v2\/product"}],"about":[{"href":"https:\/\/www.myaquastore.com\/fr\/wp-json\/wp\/v2\/types\/product"}],"replies":[{"embeddable":true,"href":"https:\/\/www.myaquastore.com\/fr\/wp-json\/wp\/v2\/comments?post=39305"}],"wp:featuredmedia":[{"embeddable":true,"href":"https:\/\/www.myaquastore.com\/fr\/wp-json\/wp\/v2\/media\/6429"}],"wp:attachment":[{"href":"https:\/\/www.myaquastore.com\/fr\/wp-json\/wp\/v2\/media?parent=39305"}],"wp:term":[{"taxonomy":"product_brand","embeddable":true,"href":"https:\/\/www.myaquastore.com\/fr\/wp-json\/wp\/v2\/product_brand?post=39305"},{"taxonomy":"product_cat","embeddable":true,"href":"https:\/\/www.myaquastore.com\/fr\/wp-json\/wp\/v2\/product_cat?post=39305"},{"taxonomy":"product_tag","embeddable":true,"href":"https:\/\/www.myaquastore.com\/fr\/wp-json\/wp\/v2\/product_tag?post=39305"}],"curies":[{"name":"wp","href":"https:\/\/api.w.org\/{rel}","templated":true}]}}