{"id":39319,"date":"2016-12-27T16:03:44","date_gmt":"2016-12-27T16:03:44","guid":{"rendered":"https:\/\/www.myaquastore.com\/product\/red-devil-devil-ecumeur-a-cone-ecumeur-rdc-rdc-900-serie-red-devil\/"},"modified":"2025-03-16T09:14:16","modified_gmt":"2025-03-16T09:14:16","slug":"red-devil-devil-ecumeur-a-cone-ecumeur-rdc-rdc-900-serie-red-devil","status":"publish","type":"product","link":"https:\/\/www.myaquastore.com\/fr\/product\/red-devil-devil-ecumeur-a-cone-ecumeur-rdc-rdc-900-serie-red-devil\/","title":{"rendered":"Red Devil Devil \u00e9cumeur \u00e0 c\u00f4ne \u00e9cumeur RDC RDC-900 s\u00e9rie Red Devil"},"content":{"rendered":"<h2>Description du produit <\/h2>\n<p>&amp;Nbsp; pour <\/p>\n<p><strong>Sp\u00e9cifications : <\/strong><\/p>\n<div>\n<div>Mod\u00e8le : RDC-900 <br \/> Type de lieu : Int\u00e9gr\u00e9 <br \/> Sp\u00e9cifications (diam\u00e8tre MM) : 160\/510 <br \/> Equip\u00e9 d&rsquo;une pompe \u00e0 eau : Red Devil SP3 (Red Devil SP3) <\/div>\n<div>Puissance de fonctionnement : 13 W <\/div>\n<div>Capacit\u00e9 inspiratoire maximale : 700 L \/ H <br \/> Le r\u00e9servoir maximum recommand\u00e9 (L) : 900 <\/div>\n<div>Aquarium recommand\u00e9 : 350-900 L <\/div><\/div>\n<div>Sp\u00e9cifications du quai (MM) : <\/div>\n<div><a><img class=\" alignnone=\"><\/a><\/div>\n<div><\/div>\n<div>\n<\/div>\n<div><\/div>\n<div><\/div>\n<div><a><img class=\" size-full=\"><\/a><\/p>\n<\/div>\n<div><a><br \/> <\/a><\/p>\n<p><strong>Et la source des SOURCES MARINES RED DEVIL CONE (RDC) C\u00f4ne d&rsquo;\u00e9cumoire de pompe Red Devil (azote) Caract\u00e9ristiques de la gamme\u00a0: <\/strong><\/div>\n<div>Une apparence \u00e9poustouflante avec\u00a0: MS et la source de la version internationale de la s\u00e9rie RDC de pompe \u00e0 tuyau rouge de haute qualit\u00e9, production de match de diable rouge du sens de la mode tr\u00e8s moderne <\/div>\n<div>2 entra\u00eenements de pompe \u00e0 conif\u00e8res ultra-hautes performances, configur\u00e9s sp\u00e9cifiquement pour la conception et le d\u00e9veloppement de la pompe \u00e0 conif\u00e8res s\u00e9parateur diable (jusqu&rsquo;au volume inspiratoire maximum\u00a0: 700L\/H, la consommation \u00e9lectrique est d&rsquo;environ 13W). <\/div>\n<div>3 utilise la conception internationale du corps conique et l&rsquo;optimisation de l&rsquo;effet bulle, la mati\u00e8re organique p\u00e9n\u00e8tre plus facilement dans la coupelle de collecte. <\/div>\n<div>4 Pour une bonne pompe version optimis\u00e9e en conif\u00e8re, bouche d&rsquo;aspiration venturi, retrait facile de la coupelle de collecte, bouchons d&rsquo;\u00e9gouts et d&rsquo;\u00e9gouts et donc tout. <\/div>\n<div>5 Toutes les pi\u00e8ces fabriqu\u00e9es par la technologie laser garantissent efficacement non seulement le degr\u00e9 de fabrication, mais sont \u00e9galement capables de maintenir une qualit\u00e9 de produit stable. <\/div>\n<div><\/div>\n<div>Bo\u00eete d&#8217;emballage <\/div>\n<div><a><br \/> <\/a><\/p>\n<\/div>\n<div>Autres s\u00e9ries de mod\u00e8les d&rsquo;\u00e9cumeurs RDC <\/div>\n<div><a><img class=\" size-full=\"><\/a><\/p>\n<\/div>\n<div><a><img class=\" size-full=\"><\/a><\/div>\n<div>Comparaison g\u00e9n\u00e9rationnelle <\/p>\n<p><a><img class=\" wp-image-3179=\"><\/a><\/p>\n<\/div>\n<div>Le RDC-850 est \u00e0 gauche au milieu et le DC-250 est \u00e0 droite RDC-900 <\/div>\n<div>L&rsquo;image ci-dessus provient du plan du site CIPS de l&rsquo;exposition d&rsquo;aquarium, ajoutez une nouvelle eau sal\u00e9e de qualit\u00e9 temporaire <\/div>\n<div><\/div>\n<div><a><img class=\" size-full=\"><\/a><\/p>\n<\/div>\n<div><a><img class=\" size-full=\"><\/a><\/p>\n<\/div>\n<div><a><img class=\" size-full=\"><\/a><\/div>\n<div>\n<div>\n<\/div>\n<div>\n<div>\n<div>\n<div>\n<div>\n<p>Le RDC-850 est \u00e0 gauche au milieu, le DC-250 est le RDC-900 de droite <\/p><\/div>\n<div>\n<div>L&rsquo;image ci-dessus provient du plan du site CIPS de l&rsquo;exposition d&rsquo;aquarium, ajoutez une nouvelle eau sal\u00e9e de qualit\u00e9 temporaire <\/div>\n<div><a><img class=\" size-full=\"><\/a><\/div>\n<div><\/div>\n<div>D\u00e9tails de la section Produits <\/div>\n<div><img><\/div><\/div><\/div><\/div><\/div>\n<div><\/div><\/div>\n<\/div>\n<div><\/div>\n<div><\/div>\n<div><\/div><\/div>\n","protected":false},"excerpt":{"rendered":"<p>Red Devil Devil \u00e9cumeur \u00e0 c\u00f4ne \u00e9cumeur RDC RDC-900 s\u00e9rie Red Devil<\/p>\n","protected":false},"featured_media":6312,"comment_status":"open","ping_status":"closed","template":"","meta":[],"product_brand":[],"product_cat":[358],"product_tag":[],"class_list":{"0":"post-39319","1":"product","2":"type-product","3":"status-publish","4":"has-post-thumbnail","6":"product_cat-ecumeurs-de-proteines","8":"first","9":"instock","10":"shipping-taxable","11":"purchasable","12":"product-type-simple"},"_links":{"self":[{"href":"https:\/\/www.myaquastore.com\/fr\/wp-json\/wp\/v2\/product\/39319","targetHints":{"allow":["GET"]}}],"collection":[{"href":"https:\/\/www.myaquastore.com\/fr\/wp-json\/wp\/v2\/product"}],"about":[{"href":"https:\/\/www.myaquastore.com\/fr\/wp-json\/wp\/v2\/types\/product"}],"replies":[{"embeddable":true,"href":"https:\/\/www.myaquastore.com\/fr\/wp-json\/wp\/v2\/comments?post=39319"}],"wp:featuredmedia":[{"embeddable":true,"href":"https:\/\/www.myaquastore.com\/fr\/wp-json\/wp\/v2\/media\/6312"}],"wp:attachment":[{"href":"https:\/\/www.myaquastore.com\/fr\/wp-json\/wp\/v2\/media?parent=39319"}],"wp:term":[{"taxonomy":"product_brand","embeddable":true,"href":"https:\/\/www.myaquastore.com\/fr\/wp-json\/wp\/v2\/product_brand?post=39319"},{"taxonomy":"product_cat","embeddable":true,"href":"https:\/\/www.myaquastore.com\/fr\/wp-json\/wp\/v2\/product_cat?post=39319"},{"taxonomy":"product_tag","embeddable":true,"href":"https:\/\/www.myaquastore.com\/fr\/wp-json\/wp\/v2\/product_tag?post=39319"}],"curies":[{"name":"wp","href":"https:\/\/api.w.org\/{rel}","templated":true}]}}