{"id":39324,"date":"2016-12-27T16:03:44","date_gmt":"2016-12-27T16:03:44","guid":{"rendered":"https:\/\/www.myaquastore.com\/product\/red-devil-devil-ecumoire-murale-dho-dho-850-serie-mur-plus-grand-plan-deau-adapte-pour-850l\/"},"modified":"2025-03-16T09:14:22","modified_gmt":"2025-03-16T09:14:22","slug":"red-devil-devil-ecumoire-murale-dho-dho-850-serie-mur-plus-grand-plan-deau-adapte-pour-850l","status":"publish","type":"product","link":"https:\/\/www.myaquastore.com\/fr\/product\/red-devil-devil-ecumoire-murale-dho-dho-850-serie-mur-plus-grand-plan-deau-adapte-pour-850l\/","title":{"rendered":"Red Devil Devil \u00e9cumoire murale DHO DHO-850 s\u00e9rie mur-plus grand plan d&rsquo;eau adapt\u00e9 pour 850L"},"content":{"rendered":"<h2>Description du produit <\/h2>\n<p><a><img class=\" size-full=\"><\/a><\/p>\n<p><a><img class=\" size-full=\"><\/a><\/p>\n<p>Param\u00e8tres techniques\u00a0: <\/p>\n<div>\n<div>mod\u00e8le.\u00a0: <a>DHO-850 <\/a><\/div>\n<div align=\"\">Forme de lieu : bouteilles de type cylindre droit Mod\u00e8le ext\u00e9rieur suspendu \/ mural <\/div>\n<div align=\"\">Taille (longueur \/ largeur \/ hauteur MM) : 205\/145\/600 <\/div>\n<div align=\"\">\u00c9quip\u00e9 d&rsquo;une pompe \u00e0 eau : Red Devil SP2 (Red Devil SP2) <\/div>\n<div>Puissance de fonctionnement : 13W <\/div>\n<div>Capacit\u00e9 inspiratoire maximale : 400L\/H <\/div>\n<div>Le r\u00e9servoir maximum recommand\u00e9 (L) : 850 <\/div>\n<div align=\"\">R\u00e9servoir de densit\u00e9 g\u00e9n\u00e9rale (L)\u00a0: 500 ~ 850 <\/div>\n<div align=\"\">R\u00e9servoir haute densit\u00e9 (L)\u00a0: 250 ~ 500 <\/div>\n<div align=\"\"><\/div>\n<div align=\"\"><\/div>\n<div align=\"\">Et la source des caract\u00e9ristiques du skimmer mural DHO\u00a0: <\/div>\n<div align=\"\">\n<div align=\"\"><\/div>\n<div align=\"\">Un design int\u00e9rieur de r\u00e9acteur \u00e0 paroi cylindrique. Les r\u00e9sultats exp\u00e9rimentaux montrent que par rapport au skimmer mural rectangulaire traditionnel, l&rsquo;eau et le gaz sont m\u00e9lang\u00e9s, la chambre de r\u00e9action cylindrique est plus propice \u00e0 l&rsquo;efficacit\u00e9 et \u00e0 la stabilit\u00e9 de la mousse. <\/div>\n<div align=\"\">\u00c9cumeur mural 2 MS avec d\u00e9flecteur de bulles, mousse riche pour r\u00e9duire les chocs. <\/div>\n<div align=\"\">3 La pompe DHO-850 avec \u00e9cumeur \u00e0 brosse est con\u00e7ue pour le d\u00e9veloppement d&rsquo;aiguilles diable ultra efficaces. <\/div>\n<div align=\"\">4 contr\u00f4les de niveau faciles \u00e0 r\u00e9gler\u00a0: la barre de r\u00e9glage peut \u00eatre directement li\u00e9e \u00e0 la chambre de r\u00e9action pour ajuster le niveau d&rsquo;eau par l&rsquo;arri\u00e8re (contrairement \u00e0 d&rsquo;autres \u00e9cumeurs muraux rectangulaires traditionnels, il est n\u00e9cessaire de les ajuster via un levage passif et encombrant du gobelet collecteur) <\/div>\n<div align=\"\">5\u00a0gobelets de collecte d\u00e9tachables, extr\u00eamement faciles \u00e0 nettoyer. Livr\u00e9 avec un bouchon et un orifice d&rsquo;\u00e9vacuation des eaux us\u00e9es, les travaux d&rsquo;entretien continus sont plus faciles. <\/div>\n<div align=\"\"><\/div><\/div><\/div>\n<div align=\"\">\n<div align=\"\"><a href=\"\"><img decoding=\"async\" width=\"\" height=\"\" class=\"\" alt=\"\" src=\"\"><\/a><\/div>\n<div align=\"\"><\/div><\/div>\n<div align=\"\"><\/div>\n<div align=\"\"><strong>Le skimmer mural externe MS est introduit pour la premi\u00e8re fois <\/strong><\/div>\n<div align=\"\"><\/div>\n<div align=\"\">\n<div align=\"\">Pour la premi\u00e8re installation et la source du skimmer externe mural, nous devons vider le corps de la pompe afin de d\u00e9marrer l&rsquo;\u00e9cumeur d&rsquo;air. <\/div>\n<div align=\"\"><\/div>\n<div align=\"\">Veuillez d\u00e9marrer le s\u00e9parateur mural avec les deux \u00e9tapes suivantes\u00a0: <\/div>\n<div align=\"\"><\/div>\n<div align=\"\">\u00c9tape 1\u00a0: <strong>L&rsquo;eau a rempli le r\u00e9servoir jusqu&rsquo;\u00e0 la chambre de r\u00e9action de l&rsquo;\u00e9cumeur <\/strong>, l&rsquo;eau doit couvrir la chambre de r\u00e9action de l&rsquo;\u00e9cumeur de l&rsquo;entr\u00e9e de la pompe, le niveau d&rsquo;eau de la r\u00e9action Chambre d&rsquo;au moins 3CM plus appropri\u00e9e. <\/div>\n<div align=\"\"><\/div>\n<div align=\"\">\u00c9tape 2\u00a0: <strong>D\u00e9chargez le gaz de l&rsquo;\u00e9cumeur (pompe) \u00e0 l&rsquo;int\u00e9rieur, d\u00e9marrez l&rsquo;\u00e9cumeur <\/strong>\uffa1\uffa3 <\/div>\n<div align=\"\">\u00c9cumeur de prot\u00e9ines externe mural nouvellement install\u00e9. Une pompe \u00e0 essence interne existera, ces gaz peuvent affecter la pompe du skimmer pour la premi\u00e8re fois et commencer \u00e0 pomper. Le moyen le plus simple d&rsquo;exclure le gaz interne est\u00a0: <strong>Coller un doigt sur le tuyau d&rsquo;entr\u00e9e du double silencieux en m\u00eame temps, d\u00e9marrer la pompe <\/strong>\uffa1\uffa3 Lorsque la pompe extrait l&rsquo;eau s&rsquo;\u00e9coule dans la chambre de r\u00e9action et remplit la chambre de r\u00e9action, l&rsquo;eau s&rsquo;\u00e9coule du tuyau de sortie et appr\u00e9cie l&rsquo;\u00e9cumeur. Cette fois, nous pouvons desserrer nos doigts pour terminer le processus de d\u00e9marrage du skimmer mural. <\/div>\n<div align=\"\"><\/div>\n<div align=\"\">indice\u00a0: <\/div>\n<div align=\"\"><\/div>\n<div align=\"\">La proc\u00e9dure de d\u00e9marrage pneumatique \u00e0 1 ou plusieurs rang\u00e9es s&rsquo;applique uniquement aux <strong>\u00c9cumeurs de prot\u00e9ines externes muraux <\/strong>Les autres s\u00e9ries MS de tous les \u00e9cumeurs muraux et externes non int\u00e9gr\u00e9s peuvent directement ouvrir la pompe pour d\u00e9marrer l&rsquo;\u00e9cumeur. <\/div>\n<div align=\"\">2 Apr\u00e8s le premier lancement r\u00e9ussi, le skimmer mural externe est referm\u00e9 et le d\u00e9marrage n&rsquo;a pas besoin de r\u00e9p\u00e9ter les \u00e9tapes ci-dessus, vous pouvez directement ouvrir la pompe pour d\u00e9marrer le skimmer. <\/div>\n<div align=\"\">2 \u00e9tant donn\u00e9 qu&rsquo;une pompe d&rsquo;\u00e9cumoire murale externe a \u00e9t\u00e9 retir\u00e9e pour le nettoyage, r\u00e9installez le red\u00e9marrage, suivez les \u00e9tapes ci-dessus pour red\u00e9marrer l&rsquo;air \u00e9vacu\u00e9. <\/div>\n<div align=\"\"><\/div>\n<div align=\"\">Autres probl\u00e8mes\u00a0: <\/div>\n<div align=\"\">Q\u00a0: Qu&rsquo;est-ce qu&rsquo;un \u00e9cumeur externe mural et un \u00e9cumoire int\u00e9gr\u00e9 mural <\/div>\n<div align=\"\">R\u00a0: La diff\u00e9rence est qu&rsquo;il s&rsquo;agit d&rsquo;un endroit diff\u00e9rent sous la forme de la chambre de r\u00e9action. <\/div>\n<div align=\"\">\u00c9cumeur externe mural signifie que l&rsquo;\u00e9cumeur mural est suspendu dans la chambre de r\u00e9action principale \u00e0 l&rsquo;ext\u00e9rieur du cylindre\/r\u00e9servoir de filtration \u00e0 l&rsquo;ext\u00e9rieur de l&rsquo;\u00e9cumeur. C&rsquo;est-\u00e0-dire que la chambre de r\u00e9action n&rsquo;est pas directement immerg\u00e9e dans la masse d&rsquo;eau. Nous devons \u00e9vacuer la pompe \u00e0 air interne pour d\u00e9marrer. <\/div>\n<div align=\"\">\u00c9cumeur mural int\u00e9gr\u00e9 signifie que l&rsquo;\u00e9cumeur mural du corps de la chambre de r\u00e9action se trouve dans le cylindre\/r\u00e9servoir de filtration. C&rsquo;est-\u00e0-dire que la chambre de r\u00e9action principale et la pompe sont directement immerg\u00e9es dans le plan d&rsquo;eau. Pas besoin de d\u00e9charger la pompe \u00e0 air interne, la pompe peut \u00eatre d\u00e9marr\u00e9e directement ouverte. <\/div>\n<div align=\"\"><\/div>\n<div align=\"\">Produits DHO <\/div>\n<div align=\"\"><a href=\"\"><img decoding=\"async\" width=\"\" height=\"\" class=\"\" alt=\"\" src=\"\"><\/a><br class=\"\"><br class=\"\"><\/div><\/div>\n<div align=\"\"><\/div>\n<div align=\"\"><strong>DHO-900C <\/strong><\/div>\n<div align=\"\"><strong>Le produit FIG fonctionne correctement <\/strong><\/div>\n<div align=\"\"><strong><a href=\"\"><img decoding=\"async\" width=\"\" height=\"\" class=\"\" alt=\"\" src=\"\"><\/a><br class=\"\"><br class=\"\"><\/strong><br class=\"\"><a href=\"\"><img decoding=\"async\" width=\"\" height=\"\" class=\"\" alt=\"\" src=\"\"><\/a><\/div>\n<p>&amp;Nbsp; pour <\/p>\n<\/p><\/div>\n<p>\u00ab\u00a0<\/p>\n","protected":false},"excerpt":{"rendered":"<p>Red Devil Devil \u00e9cumoire murale DHO DHO-850 s\u00e9rie mur-plus grand plan d&rsquo;eau adapt\u00e9 pour 850L<\/p>\n","protected":false},"featured_media":6353,"comment_status":"open","ping_status":"closed","template":"","meta":[],"product_brand":[],"product_cat":[358],"product_tag":[],"class_list":{"0":"post-39324","1":"product","2":"type-product","3":"status-publish","4":"has-post-thumbnail","6":"product_cat-ecumeurs-de-proteines","8":"first","9":"instock","10":"shipping-taxable","11":"purchasable","12":"product-type-simple"},"_links":{"self":[{"href":"https:\/\/www.myaquastore.com\/fr\/wp-json\/wp\/v2\/product\/39324","targetHints":{"allow":["GET"]}}],"collection":[{"href":"https:\/\/www.myaquastore.com\/fr\/wp-json\/wp\/v2\/product"}],"about":[{"href":"https:\/\/www.myaquastore.com\/fr\/wp-json\/wp\/v2\/types\/product"}],"replies":[{"embeddable":true,"href":"https:\/\/www.myaquastore.com\/fr\/wp-json\/wp\/v2\/comments?post=39324"}],"wp:featuredmedia":[{"embeddable":true,"href":"https:\/\/www.myaquastore.com\/fr\/wp-json\/wp\/v2\/media\/6353"}],"wp:attachment":[{"href":"https:\/\/www.myaquastore.com\/fr\/wp-json\/wp\/v2\/media?parent=39324"}],"wp:term":[{"taxonomy":"product_brand","embeddable":true,"href":"https:\/\/www.myaquastore.com\/fr\/wp-json\/wp\/v2\/product_brand?post=39324"},{"taxonomy":"product_cat","embeddable":true,"href":"https:\/\/www.myaquastore.com\/fr\/wp-json\/wp\/v2\/product_cat?post=39324"},{"taxonomy":"product_tag","embeddable":true,"href":"https:\/\/www.myaquastore.com\/fr\/wp-json\/wp\/v2\/product_tag?post=39324"}],"curies":[{"name":"wp","href":"https:\/\/api.w.org\/{rel}","templated":true}]}}