{"id":39326,"date":"2016-12-27T16:03:44","date_gmt":"2016-12-27T16:03:44","guid":{"rendered":"https:\/\/www.myaquastore.com\/product\/red-devil-devil-ecumoire-murale-dho-dho-900-serie-mur-plus-grand-plan-deau-adapte-pour-900l\/"},"modified":"2025-03-16T09:14:23","modified_gmt":"2025-03-16T09:14:23","slug":"red-devil-devil-ecumoire-murale-dho-dho-900-serie-mur-plus-grand-plan-deau-adapte-pour-900l","status":"publish","type":"product","link":"https:\/\/www.myaquastore.com\/fr\/product\/red-devil-devil-ecumoire-murale-dho-dho-900-serie-mur-plus-grand-plan-deau-adapte-pour-900l\/","title":{"rendered":"Red Devil Devil \u00e9cumoire murale DHO DHO-900 s\u00e9rie mur-plus grand plan d&rsquo;eau adapt\u00e9 pour 900L"},"content":{"rendered":"<h2>Description du produit <\/h2>\n<\/p>\n<p><a><img class=\" alignnone=\"><\/a><\/p>\n<p><a><img class=\" alignnone=\"><\/a><\/p>\n<p>Param\u00e8tres techniques\u00a0: <\/p>\n<div>\n<div>Mod\u00e8le :. DHO-900 <\/div>\n<div>Forme de lieu : bouteilles de type cylindre droit Mod\u00e8le ext\u00e9rieur suspendu \/ mural <\/div>\n<div>Taille (longueur \/ largeur \/ hauteur MM)\u00a0: 205\/175\/600 <\/div>\n<div>Equip\u00e9 d&rsquo;une pompe \u00e0 eau : Red Devil SP3 (Red Devil SP3) <\/div>\n<div>Puissance de fonctionnement : 13W <\/div>\n<div>Capacit\u00e9 inspiratoire maximale : 700L\/H <\/div>\n<div>Le r\u00e9servoir maximum recommand\u00e9 (L) : 900 <\/div>\n<div>R\u00e9servoir de densit\u00e9 g\u00e9n\u00e9rale (L) : 550 ~ 900 <\/div>\n<div>R\u00e9servoir haute densit\u00e9 (L) : 250 ~ 550 <\/div>\n<div><\/div>\n<div><\/div>\n<div>Et la source des caract\u00e9ristiques du skimmer mural DHO\u00a0: <\/div>\n<div>\n<div><\/div>\n<div>Une conception int\u00e9rieure du r\u00e9acteur \u00e0 paroi cylindrique Les r\u00e9sultats exp\u00e9rimentaux montrent que par rapport au skimmer mural rectangulaire traditionnel, l&rsquo;eau et le gaz sont m\u00e9lang\u00e9s, la chambre de r\u00e9action cylindrique est plus propice \u00e0 l&rsquo;efficacit\u00e9 et \u00e0 la stabilit\u00e9 de la mousse. <\/div>\n<div>2 Skimmer mural MS avec un d\u00e9flecteur de bulles, mousse riche pour r\u00e9duire les chocs. <\/div>\n<div>3 DHO-850 est \u00e9quip\u00e9 d&rsquo;un skimmer d\u00e9velopp\u00e9 sp\u00e9cifiquement pour les diables \u00e0 pompe ultra-efficaces. Consommation d&rsquo;\u00e9nergie de 13 W, la quantit\u00e9 maximale d&rsquo;admission peut aller jusqu&rsquo;\u00e0 700 L\/H <\/div>\n<div>4 contr\u00f4le de niveau facile \u00e0 r\u00e9gler : la barre de r\u00e9glage peut \u00eatre directement li\u00e9e \u00e0 la chambre de r\u00e9action pour ajuster le niveau d&rsquo;eau par l&rsquo;arri\u00e8re (contrairement \u00e0 d&rsquo;autres \u00e9cumoires murales rectangulaires traditionnelles, il est n\u00e9cessaire de l&rsquo;ajuster via un levage passif et encombrant du gobelet collecteur) <\/div>\n<div>5 Conception de gobelet de collecte amovible, extr\u00eamement facile \u00e0 nettoyer. Livr\u00e9 avec un bouchon et un orifice d&rsquo;\u00e9vacuation des eaux us\u00e9es, les travaux d&rsquo;entretien continus sont plus faciles. <\/div><\/div><\/div>\n<p><a><br \/> <\/a><\/p>\n<div><\/div>\n<div>\n<div><a><img class=\" size-full=\"><\/a><\/div>\n<div><\/div><\/div>\n<div><\/div>\n<div><strong>\u00c9cumeur mural externe MS pour la premi\u00e8re fois m\u00e9thode de d\u00e9marrage introduite <\/strong><\/div>\n<div><\/div>\n<div>\n<div>Pour la premi\u00e8re installation et la source du skimmer externe mural, nous devons vider le corps de la pompe afin de d\u00e9marrer le skimmer \u00e0 air. <\/div>\n<div><\/div>\n<div>Veuillez d\u00e9marrer le s\u00e9parateur mural en deux \u00e9tapes\u00a0: <\/div>\n<div><\/div>\n<div>\u00c9tape 1\u00a0: <strong>L&rsquo;eau a rempli le r\u00e9servoir jusqu&rsquo;\u00e0 la chambre de r\u00e9action de l&rsquo;\u00e9cumeur <\/strong>, l&rsquo;eau doit couvrir la chambre de r\u00e9action de l&rsquo;\u00e9cumoire de l&rsquo;entr\u00e9e de la pompe, le niveau d&rsquo;eau de la chambre de r\u00e9action au moins 3 cm plus appropri\u00e9. <\/div>\n<div><\/div>\n<div>\u00c9tape 2\u00a0: <strong>D\u00e9chargez le gaz de l&rsquo;\u00e9cumeur (pompe) \u00e0 l&rsquo;int\u00e9rieur, d\u00e9marrez l&rsquo;\u00e9cumeur <\/strong>\uffa1\uffa3 <\/div>\n<div>\u00c9cumeur de prot\u00e9ines externe mural nouvellement install\u00e9. Une pompe \u00e0 gaz interne existera, ces gaz peuvent affecter la pompe de l&rsquo;\u00e9cumeur pour la premi\u00e8re fois et commencer \u00e0 pomper. Exclure le gaz interne. Le moyen le plus simple est\u00a0: <strong>Coller un doigt Tuyau d&rsquo;entr\u00e9e du double silencieux en m\u00eame temps, d\u00e9marrez la pompe <\/strong>\uffa1\uffa3 Lorsque la pompe extrait l&rsquo;eau s&rsquo;\u00e9coule dans la chambre de r\u00e9action et remplit la chambre de r\u00e9action, l&rsquo;eau s&rsquo;\u00e9coule du tuyau de sortie en appr\u00e9ciant le skimmer. Cette fois, nous pouvons desserrer nos doigts pour terminer le processus de d\u00e9marrage du skimmer mural <\/div>\n<div><\/div>\n<div>indice\u00a0: <\/div>\n<div><\/div>\n<div>La proc\u00e9dure de d\u00e9marrage pneumatique d&rsquo;une ou plusieurs rang\u00e9es s&rsquo;applique uniquement aux <strong>\u00c9cumeurs de prot\u00e9ines externes muraux <\/strong>Les autres s\u00e9ries MS de tous les \u00e9cumeurs muraux et externes non int\u00e9gr\u00e9s peuvent ouvrir directement la pompe pour d\u00e9marrer l&rsquo;\u00e9cumeur. <\/div>\n<div>2 Apr\u00e8s le premier lancement r\u00e9ussi, le skimmer mural externe est \u00e0 nouveau ferm\u00e9 et le d\u00e9marrage n&rsquo;a pas besoin de r\u00e9p\u00e9ter les \u00e9tapes ci-dessus, vous pouvez directement ouvrir la pompe pour d\u00e9marrer le skimmer. <\/div>\n<div>2 car une pompe de skimmer murale externe a \u00e9t\u00e9 retir\u00e9e pour le nettoyage, r\u00e9installez le red\u00e9marrage, suivez les \u00e9tapes ci-dessus pour red\u00e9marrer l&rsquo;air \u00e9vacu\u00e9. <\/div>\n<div><\/div>\n<div>Autres probl\u00e8mes\u00a0: <\/div>\n<div>Q\u00a0: Qu&rsquo;est-ce qu&rsquo;un \u00e9cumeur externe mural et un \u00e9cumeur int\u00e9gr\u00e9 mural <\/div>\n<div>A\u00a0: La diff\u00e9rence est qu&rsquo;il y a un endroit diff\u00e9rent sous la forme de la chambre de r\u00e9action. <\/div>\n<div>L&rsquo;\u00e9cumeur externe mural signifie que l&rsquo;\u00e9cumeur mural est suspendu dans la chambre de r\u00e9action principale \u00e0 l&rsquo;ext\u00e9rieur du cylindre\/r\u00e9servoir de filtration \u00e0 l&rsquo;ext\u00e9rieur de l&rsquo;\u00e9cumeur. C&rsquo;est-\u00e0-dire que la chambre de r\u00e9action n&rsquo;est pas directement immerg\u00e9e dans le plan d&rsquo;eau. Nous devons \u00e9vacuer la pompe \u00e0 air interne pour d\u00e9marrer. <\/div>\n<div>L&rsquo;\u00e9cumeur mural int\u00e9gr\u00e9 signifie que l&rsquo;\u00e9cumeur mural du corps de la chambre de r\u00e9action est dans le cylindre\/r\u00e9servoir de filtration. C&rsquo;est-\u00e0-dire que la chambre de r\u00e9action principale et la pompe sont directement immerg\u00e9es dans le plan d&rsquo;eau. Pas besoin de d\u00e9charger la pompe \u00e0 air interne, la pompe peut \u00eatre d\u00e9marr\u00e9e directement ouverte. <\/div>\n<div><\/div>\n<div>Produits DHO <\/div>\n<div><a><img class=\" size-full=\"><\/a><\/p>\n<\/div><\/div>\n<div><\/div>\n<div><strong>DHO-900C <\/strong><\/div>\n<div><strong>Le produit FIG fonctionne correctement <\/strong><\/div>\n<div><strong><a><img class=\" alignnone=\"><\/a><\/p>\n<p><\/strong><br \/><a><img class=\" alignnone=\"><\/a><\/div>\n<p>&amp;Nbsp; pour <\/p>\n<\/p><\/div>\n","protected":false},"excerpt":{"rendered":"<p>Red Devil Devil \u00e9cumoire murale DHO DHO-900 s\u00e9rie mur-plus grand plan d&rsquo;eau adapt\u00e9 pour 900L<\/p>\n","protected":false},"featured_media":6353,"comment_status":"open","ping_status":"closed","template":"","meta":[],"product_brand":[],"product_cat":[358],"product_tag":[],"class_list":{"0":"post-39326","1":"product","2":"type-product","3":"status-publish","4":"has-post-thumbnail","6":"product_cat-ecumeurs-de-proteines","8":"first","9":"instock","10":"shipping-taxable","11":"purchasable","12":"product-type-simple"},"_links":{"self":[{"href":"https:\/\/www.myaquastore.com\/fr\/wp-json\/wp\/v2\/product\/39326","targetHints":{"allow":["GET"]}}],"collection":[{"href":"https:\/\/www.myaquastore.com\/fr\/wp-json\/wp\/v2\/product"}],"about":[{"href":"https:\/\/www.myaquastore.com\/fr\/wp-json\/wp\/v2\/types\/product"}],"replies":[{"embeddable":true,"href":"https:\/\/www.myaquastore.com\/fr\/wp-json\/wp\/v2\/comments?post=39326"}],"wp:featuredmedia":[{"embeddable":true,"href":"https:\/\/www.myaquastore.com\/fr\/wp-json\/wp\/v2\/media\/6353"}],"wp:attachment":[{"href":"https:\/\/www.myaquastore.com\/fr\/wp-json\/wp\/v2\/media?parent=39326"}],"wp:term":[{"taxonomy":"product_brand","embeddable":true,"href":"https:\/\/www.myaquastore.com\/fr\/wp-json\/wp\/v2\/product_brand?post=39326"},{"taxonomy":"product_cat","embeddable":true,"href":"https:\/\/www.myaquastore.com\/fr\/wp-json\/wp\/v2\/product_cat?post=39326"},{"taxonomy":"product_tag","embeddable":true,"href":"https:\/\/www.myaquastore.com\/fr\/wp-json\/wp\/v2\/product_tag?post=39326"}],"curies":[{"name":"wp","href":"https:\/\/api.w.org\/{rel}","templated":true}]}}