{"id":39327,"date":"2016-12-27T16:03:48","date_gmt":"2016-12-27T16:03:48","guid":{"rendered":"https:\/\/www.myaquastore.com\/product\/red-devil-ecumeur-dc-onduleur-frequence-monsker-pro-serie-red-devil-monsker-1100p-pompe-a-vitesse-variable-boite-de-derivation-machine\/"},"modified":"2025-03-16T09:14:59","modified_gmt":"2025-03-16T09:14:59","slug":"red-devil-ecumeur-dc-onduleur-frequence-monsker-pro-serie-red-devil-monsker-1100p-pompe-a-vitesse-variable-boite-de-derivation-machine","status":"publish","type":"product","link":"https:\/\/www.myaquastore.com\/fr\/product\/red-devil-ecumeur-dc-onduleur-frequence-monsker-pro-serie-red-devil-monsker-1100p-pompe-a-vitesse-variable-boite-de-derivation-machine\/","title":{"rendered":"Red Devil \u00e9cumeur DC onduleur fr\u00e9quence MONSKER PRO s\u00e9rie Red Devil MONSKER-1100P pompe \u00e0 vitesse variable bo\u00eete de d\u00e9rivation machine"},"content":{"rendered":"<h2>Description du produit <\/h2>\n<div>\n<div><\/div>\n<div><\/div>\n<div><a><img class=\" size-full=\"><\/a><\/p>\n<p>\n<p>&amp;Nbsp; pour <\/p>\n<p>&amp;Nbsp; pour <\/p>\n<p><strong>&amp;Nbsp; pour <\/strong><\/p>\n<div>\n<div>\n<div><\/div>\n<div><\/div><\/div>\n<div><\/div>\n<div><a><img class=\" size-large=\"><\/a><\/p>\n<p><\/div>\n<div>\n<p><p><strong>Sp\u00e9cifications\u00a0: <\/strong><\/p>\n<div>\n<div>Mod\u00e8le : MONSKER-1100P <\/div>\n<div>Type de lieu : Encastrable <\/div>\n<div>Taille (diam\u00e8tre \/ hauteur MM) : 180\/535 <\/div>\n<div>Equip\u00e9 d&rsquo;une pompe \u00e0 eau : Pompe \u00e0 vitesse variable Red Devil DC3000S <\/div>\n<div>Puissance : 25W <\/div>\n<div>La quantit\u00e9 d&rsquo;admission maximale\u00a0: Vitesse maximale 1100 L\/H <\/div>\n<div>Le r\u00e9servoir maximum recommand\u00e9 (L)\u00a0: 1100 <\/div>\n<div>Aquarium recommand\u00e9\u00a0: 400 ~ 1100 L <\/div>\n<div>Sp\u00e9cifications du quai (MM)\u00a0: 285\/200 <\/div><\/div><\/div>\n<div>\n<p>Source au niveau de la mer MONSKER Warcraft open skimmer PRO Professional Series Derni\u00e8res fonctionnalit\u00e9s <\/p><\/div>\n<div>\n<div>1 MONSKER-1100P est la derni\u00e8re configuration de la pompe \u00e0 fr\u00e9quence de pompe conif\u00e8re Red Devil DC3000S. <\/div>\n<div>2 \u0153ufs six fois le d\u00e9bit du cylindre r\u00e9glable peuvent \u00eatre librement manipul\u00e9s, les performances de l&rsquo;\u00e9cumeur peuvent \u00eatre librement manipul\u00e9es, de faible \u00e0 forte, total de contr\u00f4le arbitraire \u00e0 six vitesses. <\/div>\n<div><strong>3-une pompe de d\u00e9rivation \u00e0 cartouche, les pompes \u00e0 eau et la bo\u00eete de d\u00e9rivation des stations de pompage apr\u00e8s avoir \u00e9t\u00e9 une int\u00e9gration de conception intelligente, combin\u00e9e avec de la vapeur d&rsquo;eau directement hors de la bo\u00eete \u00e0 travers la d\u00e9rivation pour minimiser la r\u00e9sistance \u00e0 la mousse pour jouer les meilleures performances de la pompe. La conception transparente et ouverte permet de surveiller clairement le d\u00e9but de la brosse \u00e0 broches rondes et de surveiller en temps opportun la situation interne de la pompe. <\/strong><\/div>\n<div><\/div>\n<div>\n<\/div><\/div><\/div>\n<\/div>\n<div>\n<div><a><img class=\" size-full=\"><\/a>4 puce intelligente, la surchauffe de la pompe s&rsquo;arr\u00eate automatiquement pour \u00e9viter les probl\u00e8mes de br\u00fblure. Les pompes pompent dans des conditions de fonctionnement anormales caus\u00e9es par l&rsquo;apparition d&rsquo;une force. <\/div>\n<div>5 pompes ont un mode d&rsquo;alimentation de 10 minutes, nourrissant le poisson lorsque le mode est activ\u00e9, l&rsquo;\u00e9cumeur s&rsquo;arr\u00eate automatiquement de fonctionner pendant 10 minutes, peut efficacement emp\u00eacher la suralimentation due aux changements de qualit\u00e9 de l&rsquo;eau caus\u00e9s par un fonctionnement anormal de l&rsquo;\u00e9cumeur ou un d\u00e9passement d&rsquo;explosion. <\/div>\n<div>6 avec un nouveau design professionnel et une nouvelle buse d&rsquo;aspiration Venturi VENTURII \u00e0 turbine \u00e0 aiguille, \u00e9cumeur aux performances sup\u00e9rieures. <\/div>\n<div>7 pompes \u00e0 fonctionnement silencieux, et avec un silencieux d&rsquo;aspiration sp\u00e9cial, r\u00e9duisent encore le bruit produit par le m\u00e9lange de vapeur d&rsquo;eau provoqu\u00e9. <\/div>\n<div>8 conception de corps \u00e0 c\u00f4ne complet grand public, \u00e9cumeur en mousse pour collecter une petite r\u00e9sistance, peut \u00eatre directement empil\u00e9 en douceur, acc\u00e9l\u00e9rant ainsi la collecte de mati\u00e8re organique. <\/div>\n<div>9 pompe d&rsquo;\u00e9cumoire utilisant la conception int\u00e9gr\u00e9e \u00e0 faible encombrement, m\u00eame si le puisard du filtre est petit, peut facilement s&rsquo;adapter. \uffa3\uffac <\/div>\n<div>10 avec contr\u00f4leur configur\u00e9 pour contr\u00f4ler directement les performances de l&rsquo;\u00e9cumeur et recueillir des informations. Que les \u00e9cumeurs traditionnels plus faciles \u00e0 manipuler. <\/div>\n<div>11 deux types de m\u00e9thodes d&rsquo;\u00e9puration des eaux us\u00e9es <\/div>\n<div>&#8211; La structure fixe du joint rotatif de la coupelle de collecte, il suffit de tourner doucement la coupelle de collecte, peut \u00eatre retir\u00e9e pour le nettoyage. <\/div>\n<div>&#8211; Avec le bouchon et les tuyaux d&rsquo;\u00e9gout, les eaux us\u00e9es c\u00f4t\u00e9 bouchon, branchez les eaux us\u00e9es, l&rsquo;eau sale peut \u00eatre directement export\u00e9e <\/div>\n<div>12 chacun avec des pi\u00e8ces amovibles sont con\u00e7us. Retrait de s\u00e9paration simple et facile \u00e0 assembler, il n&rsquo;est pas facile d&rsquo;effectuer un entretien de routine fastidieux. <\/div>\n<div>12 Tous les processus laser acryliques sont fabriqu\u00e9s et polis. Finition soign\u00e9e, qualit\u00e9 du produit et stabilit\u00e9. <\/div>\n<div><a><img class=\" size-large=\"><\/a><a><br \/> <\/a><\/p>\n<p><a><img class=\" size-large=\"><\/a><\/p>\n<p><a><img class=\" size-large=\"><\/a><\/p>\n<p><a><img class=\" size-large=\"><\/a><\/p>\n<p><a><img class=\" size-large=\"><\/a><\/p>\n<p><a><img class=\" size-large=\"><\/a><\/div><\/div><\/div>\n<p>&amp;Nbsp; pour <\/p>\n<\/p><\/div>\n","protected":false},"excerpt":{"rendered":"<p>Red Devil \u00e9cumeur DC onduleur fr\u00e9quence MONSKER PRO s\u00e9rie Red Devil MONSKER-1100P pompe \u00e0 vitesse variable bo\u00eete de d\u00e9rivation machine<\/p>\n","protected":false},"featured_media":6533,"comment_status":"open","ping_status":"closed","template":"","meta":[],"product_brand":[],"product_cat":[358],"product_tag":[],"class_list":{"0":"post-39327","1":"product","2":"type-product","3":"status-publish","4":"has-post-thumbnail","6":"product_cat-ecumeurs-de-proteines","8":"first","9":"instock","10":"shipping-taxable","11":"purchasable","12":"product-type-simple"},"_links":{"self":[{"href":"https:\/\/www.myaquastore.com\/fr\/wp-json\/wp\/v2\/product\/39327","targetHints":{"allow":["GET"]}}],"collection":[{"href":"https:\/\/www.myaquastore.com\/fr\/wp-json\/wp\/v2\/product"}],"about":[{"href":"https:\/\/www.myaquastore.com\/fr\/wp-json\/wp\/v2\/types\/product"}],"replies":[{"embeddable":true,"href":"https:\/\/www.myaquastore.com\/fr\/wp-json\/wp\/v2\/comments?post=39327"}],"wp:featuredmedia":[{"embeddable":true,"href":"https:\/\/www.myaquastore.com\/fr\/wp-json\/wp\/v2\/media\/6533"}],"wp:attachment":[{"href":"https:\/\/www.myaquastore.com\/fr\/wp-json\/wp\/v2\/media?parent=39327"}],"wp:term":[{"taxonomy":"product_brand","embeddable":true,"href":"https:\/\/www.myaquastore.com\/fr\/wp-json\/wp\/v2\/product_brand?post=39327"},{"taxonomy":"product_cat","embeddable":true,"href":"https:\/\/www.myaquastore.com\/fr\/wp-json\/wp\/v2\/product_cat?post=39327"},{"taxonomy":"product_tag","embeddable":true,"href":"https:\/\/www.myaquastore.com\/fr\/wp-json\/wp\/v2\/product_tag?post=39327"}],"curies":[{"name":"wp","href":"https:\/\/api.w.org\/{rel}","templated":true}]}}