{"id":39334,"date":"2016-12-27T16:03:36","date_gmt":"2016-12-27T16:03:36","guid":{"rendered":"https:\/\/www.myaquastore.com\/product\/accessoire-brosse-a-aiguille-skimmer-6540-pompe-haley\/"},"modified":"2025-03-16T09:07:33","modified_gmt":"2025-03-16T09:07:33","slug":"accessoire-brosse-a-aiguille-skimmer-6540-pompe-haley","status":"publish","type":"product","link":"https:\/\/www.myaquastore.com\/fr\/product\/accessoire-brosse-a-aiguille-skimmer-6540-pompe-haley\/","title":{"rendered":"Accessoire brosse \u00e0 aiguille Skimmer 6540 Pompe Haley"},"content":{"rendered":"<h2>Description du produit <\/h2>\n<div>Param\u00e8tres techniques\u00a0: <\/div>\n<div>Mod\u00e8le\u00a0: pompe \u00e0 brosse \u00e0 aiguille standard HX-6540 <\/div>\n<div>Puissance nominale de la pompe \/ Puissance OEM\u00a0: 100 W <\/div>\n<div>La pompe r\u00e9elle transporte suffisamment de puissance\u00a0: 33 W- (roue \u00e0 brosse \u00e0 broches) <\/div>\n<div>Sp\u00e9cifications de sortie\u00a0: 25\u00a0mm <\/div>\n<div>Types de pompe\u00a0: pompe \u00e0 conif\u00e8res \/ \u00e9cumeur (dispositif \u00e0 azote) d\u00e9di\u00e9 <\/div>\n<div>\u00c9cumeur fait maison\u00a0: Recommandation pour un diam\u00e8tre de corps de tube de 200 mm ou plus \u00e9cumeur <\/div>\n<div><\/div>\n<div><\/div>\n<div><\/div>\n<div><a><img class=\" size-large=\"><\/a><\/p>\n<\/div>\n<div><strong><br \/>Caract\u00e9ristiques et description du produit\u00a0: <\/strong><\/div>\n<div><\/div>\n<div>1 pompe de circulation Haley Haley Pump HX-6540 de conif\u00e8res pour la brosse \u00e0 broches de support, sp\u00e9cialement con\u00e7ue et d\u00e9velopp\u00e9e pour l&rsquo;\u00e9cumeur pour \u00e9cumeur fait maison diam\u00e8tre recommand\u00e9 de 200 mm ou plus. <\/div>\n<div>2 tags Puissance nominale de 100 W pour la pompe de circulation, con\u00e7ue apr\u00e8s l&rsquo;installation d&rsquo;une roue de brosse \u00e0 aiguilles \u00e0 \u00e9conomie d&rsquo;\u00e9nergie, la consommation d&rsquo;\u00e9nergie r\u00e9elle en cours d&rsquo;ex\u00e9cution est extr\u00eamement faible, la puissance mesur\u00e9e est de 33 W. <\/div>\n<div>3 est \u00e9quip\u00e9 d&rsquo;une buse d&rsquo;aspiration\/buse de gaz \u00e0 c\u00e2ble con\u00e7ue par Venturi, l&rsquo;effet d&rsquo;aspiration est plus robuste. <\/div>\n<div>4 produit convient \u00e9galement pour prendre en charge le MS et la source du produit skimmer. <\/div>\n<div>5, comme la prise en charge ou le remplacement d&rsquo;autres marques de pompes du m\u00eame type, veuillez comprendre l&rsquo;image ci-dessus qui pr\u00e9vaut, car chaque marque de m\u00e9thodes de connexion. Nous ne pouvons pas garantir que d&rsquo;autres marques conviennent \u00e9galement. <\/div>\n<div><\/div>\n<div><a><img class=\" alignnone=\"><\/a><\/div>\n<p>&amp;Nbsp; pour <\/p>\n<\/p><\/div>\n","protected":false},"excerpt":{"rendered":"<p>Accessoire brosse \u00e0 aiguille Skimmer 6540 Pompe Haley<\/p>\n","protected":false},"featured_media":6064,"comment_status":"open","ping_status":"closed","template":"","meta":[],"product_brand":[],"product_cat":[358],"product_tag":[],"class_list":{"0":"post-39334","1":"product","2":"type-product","3":"status-publish","4":"has-post-thumbnail","6":"product_cat-ecumeurs-de-proteines","8":"first","9":"instock","10":"shipping-taxable","11":"purchasable","12":"product-type-simple"},"_links":{"self":[{"href":"https:\/\/www.myaquastore.com\/fr\/wp-json\/wp\/v2\/product\/39334","targetHints":{"allow":["GET"]}}],"collection":[{"href":"https:\/\/www.myaquastore.com\/fr\/wp-json\/wp\/v2\/product"}],"about":[{"href":"https:\/\/www.myaquastore.com\/fr\/wp-json\/wp\/v2\/types\/product"}],"replies":[{"embeddable":true,"href":"https:\/\/www.myaquastore.com\/fr\/wp-json\/wp\/v2\/comments?post=39334"}],"wp:featuredmedia":[{"embeddable":true,"href":"https:\/\/www.myaquastore.com\/fr\/wp-json\/wp\/v2\/media\/6064"}],"wp:attachment":[{"href":"https:\/\/www.myaquastore.com\/fr\/wp-json\/wp\/v2\/media?parent=39334"}],"wp:term":[{"taxonomy":"product_brand","embeddable":true,"href":"https:\/\/www.myaquastore.com\/fr\/wp-json\/wp\/v2\/product_brand?post=39334"},{"taxonomy":"product_cat","embeddable":true,"href":"https:\/\/www.myaquastore.com\/fr\/wp-json\/wp\/v2\/product_cat?post=39334"},{"taxonomy":"product_tag","embeddable":true,"href":"https:\/\/www.myaquastore.com\/fr\/wp-json\/wp\/v2\/product_tag?post=39334"}],"curies":[{"name":"wp","href":"https:\/\/api.w.org\/{rel}","templated":true}]}}