{"id":39338,"date":"2016-12-27T16:03:49","date_gmt":"2016-12-27T16:03:49","guid":{"rendered":"https:\/\/www.myaquastore.com\/product\/red-devil-devil-ecumeur-cone-ecumeur-sdc-sdc-1800-serie-le-plus-grand-plan-deau-du-diable-rouge-adapte-1800l\/"},"modified":"2025-03-16T09:15:03","modified_gmt":"2025-03-16T09:15:03","slug":"red-devil-devil-ecumeur-cone-ecumeur-sdc-sdc-1800-serie-le-plus-grand-plan-deau-du-diable-rouge-adapte-1800l","status":"publish","type":"product","link":"https:\/\/www.myaquastore.com\/fr\/product\/red-devil-devil-ecumeur-cone-ecumeur-sdc-sdc-1800-serie-le-plus-grand-plan-deau-du-diable-rouge-adapte-1800l\/","title":{"rendered":"Red Devil Devil \u00e9cumeur c\u00f4ne \u00e9cumeur SDC SDC-1800 s\u00e9rie le plus grand plan d&rsquo;eau du diable rouge adapt\u00e9 1800L"},"content":{"rendered":"<h2>Description du produit <\/h2>\n<div>Param\u00e8tres techniques <\/div>\n<div>Mod\u00e8le : SDC-1800 <\/div>\n<div>Type de lieu : Int\u00e9gr\u00e9 <\/div>\n<div>Taille (diam\u00e8tre\/hauteur MM) : 200\/595 <\/div>\n<div>\u00c9quip\u00e9 d&rsquo;une pompe \u00e0 eau : Red Devil SP3 (Red Devil SP3) <\/div>\n<div>Puissance de fonctionnement : 15 W * 2 <\/div>\n<div>Capacit\u00e9 totale d&rsquo;admission maximale\u00a0: 1400L\/H <\/div>\n<div>Le r\u00e9servoir maximum recommand\u00e9 (L)\u00a0: 1800 <\/div>\n<div>Sp\u00e9cifications de sortie\u00a0: 50MM <\/div>\n<div>Sp\u00e9cifications de couverture MM\u00a0: 515\/305 <\/div>\n<div><\/div>\n<div><a><img class=\" alignnone=\"><\/a><br \/> Et la source des SOURCES MARINES SUPER DEVIL CONE (SDC) Super Devil pompe \u00e9cumeur c\u00f4ne (azote) Caract\u00e9ristiques de la gamme\u00a0: <\/div>\n<div>\n<div>\n<div>1 plus que l&rsquo;efficacit\u00e9, est configur\u00e9 sp\u00e9cifiquement pour l&rsquo;azote\/prot\u00e9ine \u00e9cumeur d\u00e9velopp\u00e9 pompe \u00e0 conif\u00e8res diable. <\/div>\n<div>2 entra\u00eenement de pompe de conif\u00e8re Devil (jusqu&rsquo;au volume inspiratoire maximum\u00a0: 700 L\/H, consommation d&rsquo;\u00e9nergie d&rsquo;environ 15 W. <\/div>\n<div>3 utilise la conception du corps conique populaire internationale et l&rsquo;optimisation de l&rsquo;effet bulle, la mati\u00e8re organique plus facilement dans la tasse de collecte. <\/div>\n<div>4 Conception de fuselage du corps d&rsquo;\u00e9cumoire amovible, la chambre de r\u00e9action et la base cylindrique peuvent \u00eatre facilement retir\u00e9es, facile \u00e0 nettoyer. <\/div>\n<div>5 \u00e9quip\u00e9 de la derni\u00e8re version d&rsquo;aiguille de turbine optimis\u00e9e, la mousse riche est extr\u00eamement d\u00e9licate. <\/div>\n<div>6 Les derniers ports d&rsquo;admission am\u00e9lior\u00e9s du tube venturi (venturi tube) que d&rsquo;autres produits similaires ont une plus grande quantit\u00e9 d&rsquo;admission <\/div>\n<div>7 conception unique de silencieux \u00e0 double porosit\u00e9, r\u00e9duit le bruit, fonctionnement plus silencieux de la machine. <\/div>\n<p>8 Toutes les pi\u00e8ces fabriqu\u00e9es au laser. Technologie, garantit efficacement non seulement le degr\u00e9 de fabrication, mais \u00e9galement la qualit\u00e9 et la stabilit\u00e9 du produit. <\/p>\n<\/p><\/div><\/div>\n<div><\/div>\n<div><\/div>\n<div><\/div>\n<div>S\u00e9rie SDC Autres mod\u00e8les de skimmer <\/div>\n<div><a><img class=\" size-full=\"><\/a><\/p>\n<\/div>\n<div>\n<\/div>\n<div><\/div>\n<div><\/div>\n<div><a>&amp;Nbsp; pour <\/a><\/div><\/div>\n","protected":false},"excerpt":{"rendered":"<p>Red Devil Devil \u00e9cumeur c\u00f4ne \u00e9cumeur SDC SDC-1800 s\u00e9rie le plus grand plan d&rsquo;eau du diable rouge adapt\u00e9 1800L<\/p>\n","protected":false},"featured_media":6560,"comment_status":"open","ping_status":"closed","template":"","meta":[],"product_brand":[],"product_cat":[358],"product_tag":[],"class_list":{"0":"post-39338","1":"product","2":"type-product","3":"status-publish","4":"has-post-thumbnail","6":"product_cat-ecumeurs-de-proteines","8":"first","9":"instock","10":"shipping-taxable","11":"purchasable","12":"product-type-simple"},"_links":{"self":[{"href":"https:\/\/www.myaquastore.com\/fr\/wp-json\/wp\/v2\/product\/39338","targetHints":{"allow":["GET"]}}],"collection":[{"href":"https:\/\/www.myaquastore.com\/fr\/wp-json\/wp\/v2\/product"}],"about":[{"href":"https:\/\/www.myaquastore.com\/fr\/wp-json\/wp\/v2\/types\/product"}],"replies":[{"embeddable":true,"href":"https:\/\/www.myaquastore.com\/fr\/wp-json\/wp\/v2\/comments?post=39338"}],"wp:featuredmedia":[{"embeddable":true,"href":"https:\/\/www.myaquastore.com\/fr\/wp-json\/wp\/v2\/media\/6560"}],"wp:attachment":[{"href":"https:\/\/www.myaquastore.com\/fr\/wp-json\/wp\/v2\/media?parent=39338"}],"wp:term":[{"taxonomy":"product_brand","embeddable":true,"href":"https:\/\/www.myaquastore.com\/fr\/wp-json\/wp\/v2\/product_brand?post=39338"},{"taxonomy":"product_cat","embeddable":true,"href":"https:\/\/www.myaquastore.com\/fr\/wp-json\/wp\/v2\/product_cat?post=39338"},{"taxonomy":"product_tag","embeddable":true,"href":"https:\/\/www.myaquastore.com\/fr\/wp-json\/wp\/v2\/product_tag?post=39338"}],"curies":[{"name":"wp","href":"https:\/\/api.w.org\/{rel}","templated":true}]}}