{"id":39342,"date":"2016-12-27T16:03:36","date_gmt":"2016-12-27T16:03:36","guid":{"rendered":"https:\/\/www.myaquastore.com\/product\/reacteur-biologique-bpr1-0-pois-reacteur-biologique-pois\/"},"modified":"2025-03-16T09:07:37","modified_gmt":"2025-03-16T09:07:37","slug":"reacteur-biologique-bpr1-0-pois-reacteur-biologique-pois","status":"publish","type":"product","link":"https:\/\/www.myaquastore.com\/fr\/product\/reacteur-biologique-bpr1-0-pois-reacteur-biologique-pois\/","title":{"rendered":"R\u00e9acteur biologique BPR1.0 Pois R\u00e9acteur biologique Pois"},"content":{"rendered":"<h2>Description du produit <\/h2>\n<p>Param\u00e8tres techniques\u00a0: <\/p>\n<p>Mod\u00e8le\u00a0: BRP1.0 <\/p>\n<p>Diam\u00e8tre\/hauteur r\u00a0: 70\u00a0\/\u00a0320\u00a0MM <br \/> La capacit\u00e9 de la chambre de r\u00e9action\u00a0: 1,0\u00a0L <br \/> Sp\u00e9cifications de couverture\u00a0: 105\u00a0\/\u00a0105\u00a0MM <br \/> Sp\u00e9cifications d&rsquo;acc\u00e8s \u00e0 l&rsquo;eau et d&rsquo;entr\u00e9e\u00a0: 15 ~ 18\u00a0MM <\/p>\n<p>&amp;Nbsp; pour <\/p>\n<p>PS\u00a0: sans tuyau flexible externe ou autre \u00e0 prendre en charge, veuillez acheter et raccorder le client lui-m\u00eame. <\/p>\n<p>&amp;Nbsp; pour <\/p>\n<p><a><img class=\" size-large=\"><\/a><\/p>\n<p>&amp;Nbsp; pour <\/p>\n<\/p>\n<p>Description des caract\u00e9ristiques\u00a0: <\/p>\n<p>1 et la source du filtre\/r\u00e9acteur biologique MS Peas est sp\u00e9cialement con\u00e7u pour les pois biologiques\/haricots NP, par rapport au filtre \u00e0 sable polyvalent, am\u00e9lior\u00e9 sa conception de mod\u00e8le de rotation n\u00e9gative peut \u00eatre ajout\u00e9e directement sans que les pois biologiques ne placent \u00e9galement des filtres en coton, ce qui peut rendre les pois plus fluides, et donc un nettoyage quotidien Plus facile. <\/p>\n<p>&amp;Nbsp; pour <\/p>\n<p><a><img class=\" size-full=\"><\/a><\/p>\n<\/p>\n<p>&amp;Nbsp; pour <\/p>\n<p>2 Nouveau design Housse amovible. Et d&rsquo;autres d\u00e9mod\u00e9s par rapport \u00e0 la conception, il suffit de faire pivoter le dessus, vous pouvez retirer tout le toit, ajoutant ainsi des pois biologiques, ce qui rend le travail d&rsquo;ajout plus fastidieux. (Habituellement, d&rsquo;autres vieilles vis sont con\u00e7ues pour refaire toutes les pi\u00e8ces une par une. Niuchu peut s&rsquo;ouvrir apr\u00e8s avoir retir\u00e9 le couvercle sup\u00e9rieur, pensez au nombre de vis ! Vous devez \u00e9galement r\u00e9installer les pi\u00e8ces une par une) <\/p>\n<p><a><img class=\" size-large=\"><\/a><\/p>\n<p>&amp;Nbsp; pour <\/p>\n<p>3 Chaque pi\u00e8ce de r\u00e9acteur est une production de gravure laser de pr\u00e9cision et polie, la majeure partie de la production pour assurer la stabilit\u00e9 des performances et de la qualit\u00e9 du produit. <\/p>\n<p>&amp;Nbsp; pour <\/p>\n<p>S\u00e9rie BRP d&rsquo;autres mod\u00e8les <\/p>\n<p>&amp;Nbsp; pour <\/p>\n<p><a><img class=\" size-full=\"><\/a><\/p>\n<p>Autres composants optionnels\u00a0: <\/p>\n<p>1 r\u00e9acteur sans membre externe prend le relais. La configuration du r\u00e9acteur hors du connecteur d&rsquo;eau, adapt\u00e9e \u00e0 tous les types de tuyaux r\u00e9gl\u00e9s dans un diam\u00e8tre int\u00e9rieur de 15 ~ 18 mm. <\/p>\n<p>2 Afin de contr\u00f4ler plus efficacement le d\u00e9bit d&rsquo;eau, il est recommand\u00e9 d&rsquo;affiner l&rsquo;ensemble soupape d&rsquo;admission MS. Num\u00e9ro d&rsquo;article WV1616 <\/p>\n<p>Une autre source de pois biologiques MS 3 Sea peut \u00eatre utilis\u00e9e pour l&rsquo;achat. Sp\u00e9cifications d&#8217;emballage existantes pour 300ML, 500ML et 1000ML <\/p>\n<p>&amp;Nbsp; pour <\/p>\n<\/p><\/div>\n","protected":false},"excerpt":{"rendered":"<p>R\u00e9acteur biologique BPR1.0 Pois R\u00e9acteur biologique Pois<\/p>\n","protected":false},"featured_media":6087,"comment_status":"open","ping_status":"closed","template":"","meta":[],"product_brand":[],"product_cat":[358],"product_tag":[],"class_list":{"0":"post-39342","1":"product","2":"type-product","3":"status-publish","4":"has-post-thumbnail","6":"product_cat-ecumeurs-de-proteines","8":"first","9":"instock","10":"shipping-taxable","11":"purchasable","12":"product-type-simple"},"_links":{"self":[{"href":"https:\/\/www.myaquastore.com\/fr\/wp-json\/wp\/v2\/product\/39342","targetHints":{"allow":["GET"]}}],"collection":[{"href":"https:\/\/www.myaquastore.com\/fr\/wp-json\/wp\/v2\/product"}],"about":[{"href":"https:\/\/www.myaquastore.com\/fr\/wp-json\/wp\/v2\/types\/product"}],"replies":[{"embeddable":true,"href":"https:\/\/www.myaquastore.com\/fr\/wp-json\/wp\/v2\/comments?post=39342"}],"wp:featuredmedia":[{"embeddable":true,"href":"https:\/\/www.myaquastore.com\/fr\/wp-json\/wp\/v2\/media\/6087"}],"wp:attachment":[{"href":"https:\/\/www.myaquastore.com\/fr\/wp-json\/wp\/v2\/media?parent=39342"}],"wp:term":[{"taxonomy":"product_brand","embeddable":true,"href":"https:\/\/www.myaquastore.com\/fr\/wp-json\/wp\/v2\/product_brand?post=39342"},{"taxonomy":"product_cat","embeddable":true,"href":"https:\/\/www.myaquastore.com\/fr\/wp-json\/wp\/v2\/product_cat?post=39342"},{"taxonomy":"product_tag","embeddable":true,"href":"https:\/\/www.myaquastore.com\/fr\/wp-json\/wp\/v2\/product_tag?post=39342"}],"curies":[{"name":"wp","href":"https:\/\/api.w.org\/{rel}","templated":true}]}}