{"id":39352,"date":"2016-12-27T16:03:44","date_gmt":"2016-12-27T16:03:44","guid":{"rendered":"https:\/\/www.myaquastore.com\/product\/le-calcium-complete-la-chambre-de-reacteur-de-reacteur-de-calcium-chambre-de-reaction-anti-calcium-aoc-150\/"},"modified":"2025-03-16T09:14:31","modified_gmt":"2025-03-16T09:14:31","slug":"le-calcium-complete-la-chambre-de-reacteur-de-reacteur-de-calcium-chambre-de-reaction-anti-calcium-aoc-150","status":"publish","type":"product","link":"https:\/\/www.myaquastore.com\/fr\/product\/le-calcium-complete-la-chambre-de-reacteur-de-reacteur-de-calcium-chambre-de-reaction-anti-calcium-aoc-150\/","title":{"rendered":"Le calcium compl\u00e8te la chambre de r\u00e9acteur de r\u00e9acteur de calcium Chambre de r\u00e9action anti-calcium AOC-150"},"content":{"rendered":"<h2>Description du produit <\/h2>\n<div class=\" mod=\">\n<div>\n<div>\n<div class=\" d\u00e9tail-inside=\">\n<div>\n<div>\n<div class=\" r\u00e9gion-custom=\">\n<div class=\" widget-custom=\">\n<div>\n<div class=\" mod-detail-description=\" data-mod-config='{\"showOn\":[\"mod-detail-description\"],\"title\":\"\ufffd\ufffd\u03f8\ufffd\ufffd\u03e2\",\"tabConfig\":{\"trace\":\"tabdetail\",\"showKey\":\"mod-detail-description\"}}'>\n<div class=\" de-description-detail=\">\n<div data-url=\"\">\n<p align=\"\"><strong>Param\u00e8tres techniques\u00a0: <\/strong><br \/> Mod\u00e8le\u00a0: AOC-150 <br \/> Formes de lieu\u00a0: mod\u00e8le externe <br \/> Taille (unit\u00e9 de diam\u00e8tre \/ hauteur\u00a0: mm)\u00a0: 150\/500 <br \/> Sp\u00e9cifications du quai (Unit\u00e9\u00a0: mm)\u00a0: 225\/180 <br \/> Remarque\u00a0: aucun mat\u00e9riau interne <\/p>\n<p align=\"\">&amp;Nbsp; pour <a href=\"\"><img decoding=\"async\" width=\"\" height=\"\" class=\"\" alt=\"\" src=\"\"><\/a><\/p>\n<p align=\"\">\n<p align=\"\"><br class=\"\"><br class=\"\"><\/p>\n<p align=\"\">Source de sources marines de chambre de r\u00e9acteur de suppl\u00e9ment de calcium \u00e0 des fins\u00a0: la chambre de r\u00e9action des suppl\u00e9ments doit \u00eatre \u00e9quip\u00e9e de la bonne quantit\u00e9 de comprim\u00e9s de calcium, le r\u00e9acteur de calcium via la connexion de sortie qui peut absorber l&rsquo;exc\u00e8s de dioxyde de carbone de l&rsquo;effluent du r\u00e9acteur de calcium pour en faire \u00e0 nouveau la r\u00e9action des comprim\u00e9s de calcium du calcium. Afin de pr\u00e9venir efficacement les risques excessifs li\u00e9s aux r\u00e9servoirs de dioxyde de carbone. <br class=\"\"><br class=\"\"><\/p>\n<p align=\"\"><strong>S\u00e9rie AOC d&rsquo;autres mod\u00e8les <\/strong><\/p>\n<p align=\"\"><a href=\"\"><img decoding=\"async\" width=\"\" height=\"\" class=\"\" alt=\"\" src=\"\"><\/a><br class=\"\"><br class=\"\"><\/p>\n<p>&amp;Nbsp; pour <\/p>\n<\/p><\/div><\/div><\/div><\/div><\/div>\n<div class=\"\" data-widget-name=\"\"><\/div><\/div><\/div><\/div><\/div><\/div><\/div><\/div>\n<div class=\"\" data-view-config='{\"\"showResult\"\":false,\"\"feature\"\":\"\"WP_WIDGET_OFFER_DETAIL\"\",\"\"showTitle\"\":false}' data-app='{\"\"styles\"\":[],\"\"title\"\":\"\"offer\ufffd\ufffd\u03f8\ufffd\ufffd\ufffd\ufffd3\"\",\"\"name\"\":\"\"offerDetailContext3\"\",\"\"id\"\":\"\"6d7584a1f4714f37868f62b60e1b3f6a\"\"}'> \u200b\u200b<\/p>\n<div class=\"\">\n<div class=\"\">\n<div class=\"\" data-area-config=\"\">\n<div class=\"\">\n<div class=\"\">\n<div class=\"\" data-region-config='{\"\"name\"\":\"\"region-detail-credit\"\",\"\"direction\"\":\"\"vertical\"\"}'> \u200b\u200b<\/p>\n<div class=\"\" data-widget-name=\"\">\n<div class=\"\"> &lt;div class=&quot;&quot; mod-detail-dealrecord=&quot;&quot; mod-info&quot;&quot;=&quot;&quot; id=&quot;&quot; mod-detail-dealrecord&quot;&quot;=&quot;&quot; style=&quot;&quot; margin:=&quot;&quot; 0px=&quot;&quot; 0px=&quot;&quot; 32px;=&quot;&quot; position:=&quot;&quot; relative;&quot;&quot;=&quot;&quot; data-mod-config=&#039;{&quot;&quot;showOn&quot;&quot;:[&quot;&quot;mod-detail-description&quot;&quot;,&quot;&quot;mod-detail-dealrecord&quot;&quot;],&quot;&quot;title&quot;&quot;:&quot;&quot;\ufffd\u027d\ufffd<em>0<\/em>\u00ab\u00a0\u00a0\u00bb,\u00a0\u00bb\u00a0\u00bbtabConfig\u00a0\u00bb\u00a0\u00bb:{\u00ab\u00a0\u00a0\u00bbtrace\u00a0\u00bb\u00a0\u00bb:\u00a0\u00bb\u00a0\u00bbtabdealrecord\u00a0\u00bb\u00a0\u00bb,\u00a0\u00bb\u00a0\u00bbshowKey\u00a0\u00bb\u00a0\u00bb:\u00a0\u00bb\u00a0\u00bbmod-detail-dealrecord\u00a0\u00bb \u00ab\u00a0},\u00a0\u00bb\u00a0\u00bbremarkListUrl\u00a0\u00bb\u00a0\u00bb:\u00a0\u00bb\u00a0\u00bbhttp:\/\/rate.1688.com\/remark\/offerDetail\/saleRecords.json?offerId=1277298626&Prime;\u00a0\u00bb,\u00a0\u00bb\u00a0\u00bbtotal\u00a0\u00bb\u00a0\u00bb:\u00a0\u00bb\u00a0\u00bb0&Prime;\u00a0\u00bb,\u00a0\u00bb\u00a0\u00bbhalfYearTotal\u00a0\u00bb\u00a0\u00bb:\u00a0\u00bb\u00a0\u00bb0&Prime;\u00a0\u00bb,\u00a0\u00bb\u00a0\u00bbtotalRate\u00a0\u00bb\u00a0\u00bb:\u00a0\u00bb\u00a0\u00bb0&Prime;\u00a0\u00bb,\u00a0\u00bb\u00a0\u00bbisTgcSKUOffer\u00a0\u00bb\u00a0\u00bb:\u00a0\u00bb\u00a0\u00bbfalse\u00a0\u00bb\u00a0\u00bb}&rsquo;&gt; <\/p>\n<div class=\"\">\n<h2 class=\"\">Enregistrement de transaction <\/h2>\n<\/p><\/div><\/div><\/div><\/div><\/div><\/div><\/div><\/div><\/div><\/div><\/div><\/div>\n<p>\u00ab\u00a0<\/p>\n","protected":false},"excerpt":{"rendered":"<p>Le calcium compl\u00e8te la chambre de r\u00e9acteur de r\u00e9acteur de calcium Chambre de r\u00e9action anti-calcium AOC-150<\/p>\n","protected":false},"featured_media":6394,"comment_status":"open","ping_status":"closed","template":"","meta":[],"product_brand":[],"product_cat":[358],"product_tag":[],"class_list":{"0":"post-39352","1":"product","2":"type-product","3":"status-publish","4":"has-post-thumbnail","6":"product_cat-ecumeurs-de-proteines","8":"first","9":"instock","10":"shipping-taxable","11":"purchasable","12":"product-type-simple"},"_links":{"self":[{"href":"https:\/\/www.myaquastore.com\/fr\/wp-json\/wp\/v2\/product\/39352","targetHints":{"allow":["GET"]}}],"collection":[{"href":"https:\/\/www.myaquastore.com\/fr\/wp-json\/wp\/v2\/product"}],"about":[{"href":"https:\/\/www.myaquastore.com\/fr\/wp-json\/wp\/v2\/types\/product"}],"replies":[{"embeddable":true,"href":"https:\/\/www.myaquastore.com\/fr\/wp-json\/wp\/v2\/comments?post=39352"}],"wp:featuredmedia":[{"embeddable":true,"href":"https:\/\/www.myaquastore.com\/fr\/wp-json\/wp\/v2\/media\/6394"}],"wp:attachment":[{"href":"https:\/\/www.myaquastore.com\/fr\/wp-json\/wp\/v2\/media?parent=39352"}],"wp:term":[{"taxonomy":"product_brand","embeddable":true,"href":"https:\/\/www.myaquastore.com\/fr\/wp-json\/wp\/v2\/product_brand?post=39352"},{"taxonomy":"product_cat","embeddable":true,"href":"https:\/\/www.myaquastore.com\/fr\/wp-json\/wp\/v2\/product_cat?post=39352"},{"taxonomy":"product_tag","embeddable":true,"href":"https:\/\/www.myaquastore.com\/fr\/wp-json\/wp\/v2\/product_tag?post=39352"}],"curies":[{"name":"wp","href":"https:\/\/api.w.org\/{rel}","templated":true}]}}