{"id":39357,"date":"2016-12-27T16:03:44","date_gmt":"2016-12-27T16:03:44","guid":{"rendered":"https:\/\/www.myaquastore.com\/product\/reacteur-a-calcium-le-reacteur-a-calcium-avec-reacteur-a-calcium-haley-pump-cr-200-6530\/"},"modified":"2025-03-16T09:14:30","modified_gmt":"2025-03-16T09:14:30","slug":"reacteur-a-calcium-le-reacteur-a-calcium-avec-reacteur-a-calcium-haley-pump-cr-200-6530","status":"publish","type":"product","link":"https:\/\/www.myaquastore.com\/fr\/product\/reacteur-a-calcium-le-reacteur-a-calcium-avec-reacteur-a-calcium-haley-pump-cr-200-6530\/","title":{"rendered":"R\u00e9acteur \u00e0 calcium le r\u00e9acteur \u00e0 calcium &#8211; avec r\u00e9acteur \u00e0 calcium Haley Pump CR-200-6530"},"content":{"rendered":"<h2>Description du produit <\/h2>\n<p>Param\u00e8tres techniques : <\/p>\n<p>Mod\u00e8le : CR-200-6530 <br \/> Taille (diam\u00e8tre \/ hauteur <br \/> Unit\u00e9 : mm) : 200\/740 <br \/> Pompe \/ puissance : HX-6530 \/ 50W <br \/> Traitement de l&rsquo;eau (unit\u00e9 : litre) : 5000 <br \/> Sp\u00e9cifications du quai (Unit\u00e9 : mm) : 300\/250 <\/p>\n<p>&amp;Nbsp; pour <\/p>\n<p>&amp;Nbsp; pour <\/p>\n<p>&amp;Nbsp; pour <\/p>\n<p><a><img class=\" size-full=\"><\/a><\/p>\n<p>&amp;Nbsp; pour <\/p>\n<p>PS\u00a0: parce que chaque client partage des particules de marque de calcium\/sable de calcium, des sp\u00e9cifications diff\u00e9rentes, le produit ne contient pas d&rsquo;usine de mat\u00e9riaux int\u00e9rieurs. Les clients doivent \u00eatre achet\u00e9s <\/p>\n<p>&amp;Nbsp; pour <\/p>\n<p>1 corps avec des mat\u00e9riaux acryliques (acrylique) de haute qualit\u00e9 produits. <br \/>2 Chaque r\u00e9acteur est \u00e9quip\u00e9 d&rsquo;une buse venturi gaz (prise d&rsquo;air venturi), l&rsquo;autre meilleure. <br \/> 3 de la chambre de r\u00e9action est une conception scell\u00e9e, innovante et esth\u00e9tique (un r\u00e9acteur \u00e0 calcium g\u00e9n\u00e9ralement ouvert gaspillera beaucoup de dioxyde de carbone, tout en ne fournissant pas suffisamment de calcium) <br \/> 4 chambres de r\u00e9action de conception microporeuse anti-d\u00e9contract\u00e9e, sans coton biochimique, adapt\u00e9 \u00e0 toutes les tailles de comprim\u00e9s de calcium <br \/> 5 eau interne sp\u00e9cialement con\u00e7ue contenant du CO2 de cycle rapide continu, chaque cycle \u00e0 travers tous les comprim\u00e9s de calcium, le bicarbonate de calcium dissous dans l&rsquo;eau sera beaucoup de <br \/> La buse d&rsquo;aspiration sp\u00e9cialement con\u00e7ue 6 peut \u00eatre r\u00e9cup\u00e9r\u00e9e efficacement CO2 sans gaspiller le dessus. <br \/> 7, acc\u00e8s \u00e0 l&rsquo;eau sp\u00e9cialement con\u00e7u, facile \u00e0 r\u00e9gler <br \/> 8 chilly Chu lit le num\u00e9ro du barboteur, facilement rempla\u00e7able <br \/> 9 \u00e0 l&rsquo;int\u00e9rieur du r\u00e9acteur ne contient pas de comprim\u00e9s de calcium ni d&rsquo;autres mat\u00e9riaux, veuillez les acheter eux-m\u00eames. <\/p>\n<p>&amp;Nbsp; pour <\/p>\n<p>Autres informations facultatives sur le package\u00a0: <\/p>\n<p>&amp;Nbsp; pour <\/p>\n<div>1 chambre de r\u00e9acteur \u00e0 calcium ajout\u00e9e\u00a0: syst\u00e8me de r\u00e9servoir d&rsquo;\u00e9coulement de pr\u00e9curseur de d\u00e9fection de calcium, connect\u00e9 au MS <a target=\"\"><strong>Chambre de r\u00e9action de suppl\u00e9ments de calcium <\/strong><\/a>Pour absorber l&rsquo;exc\u00e8s de dioxyde de carbone, afin d&rsquo;\u00e9viter d&rsquo;endommager le syst\u00e8me de r\u00e9servoir. <\/div>\n<div><\/div>\n<div>2 MS sable \u00e0 haute teneur en calcium\u00a0: particules de sable de calcium naturel, aucun dommage au syst\u00e8me. Particules non artificielles. <\/div>\n<p>&amp;Nbsp; pour <\/p>\n<p>&amp;Nbsp; pour <\/p>\n<p>La figure suivante montre le sch\u00e9ma r\u00e9el de la machine <\/p>\n<p>&amp;Nbsp; pour <\/p>\n<p><a href=\"\"><img decoding=\"async\" width=\"\" height=\"\" class=\"\" alt=\"\" src=\"\"><\/a><\/p>\n<p>&amp;Nbsp; pour <\/p>\n<\/p><\/div>\n<p>\u00ab\u00a0<\/p>\n","protected":false},"excerpt":{"rendered":"<p>R\u00e9acteur \u00e0 calcium le r\u00e9acteur \u00e0 calcium &#8211; avec r\u00e9acteur \u00e0 calcium Haley Pump CR-200-6530<\/p>\n","protected":false},"featured_media":6385,"comment_status":"open","ping_status":"closed","template":"","meta":[],"product_brand":[],"product_cat":[358],"product_tag":[],"class_list":{"0":"post-39357","1":"product","2":"type-product","3":"status-publish","4":"has-post-thumbnail","6":"product_cat-ecumeurs-de-proteines","8":"first","9":"instock","10":"shipping-taxable","11":"purchasable","12":"product-type-simple"},"_links":{"self":[{"href":"https:\/\/www.myaquastore.com\/fr\/wp-json\/wp\/v2\/product\/39357","targetHints":{"allow":["GET"]}}],"collection":[{"href":"https:\/\/www.myaquastore.com\/fr\/wp-json\/wp\/v2\/product"}],"about":[{"href":"https:\/\/www.myaquastore.com\/fr\/wp-json\/wp\/v2\/types\/product"}],"replies":[{"embeddable":true,"href":"https:\/\/www.myaquastore.com\/fr\/wp-json\/wp\/v2\/comments?post=39357"}],"wp:featuredmedia":[{"embeddable":true,"href":"https:\/\/www.myaquastore.com\/fr\/wp-json\/wp\/v2\/media\/6385"}],"wp:attachment":[{"href":"https:\/\/www.myaquastore.com\/fr\/wp-json\/wp\/v2\/media?parent=39357"}],"wp:term":[{"taxonomy":"product_brand","embeddable":true,"href":"https:\/\/www.myaquastore.com\/fr\/wp-json\/wp\/v2\/product_brand?post=39357"},{"taxonomy":"product_cat","embeddable":true,"href":"https:\/\/www.myaquastore.com\/fr\/wp-json\/wp\/v2\/product_cat?post=39357"},{"taxonomy":"product_tag","embeddable":true,"href":"https:\/\/www.myaquastore.com\/fr\/wp-json\/wp\/v2\/product_tag?post=39357"}],"curies":[{"name":"wp","href":"https:\/\/api.w.org\/{rel}","templated":true}]}}