{"id":39360,"date":"2016-12-27T16:03:44","date_gmt":"2016-12-27T16:03:44","guid":{"rendered":"https:\/\/www.myaquastore.com\/product\/reacteur-a-calcium-le-reacteur-a-calcium-avec-pompes-red-devil-reacteur-a-calcium-dcr-150\/"},"modified":"2025-03-16T09:14:27","modified_gmt":"2025-03-16T09:14:27","slug":"reacteur-a-calcium-le-reacteur-a-calcium-avec-pompes-red-devil-reacteur-a-calcium-dcr-150","status":"publish","type":"product","link":"https:\/\/www.myaquastore.com\/fr\/product\/reacteur-a-calcium-le-reacteur-a-calcium-avec-pompes-red-devil-reacteur-a-calcium-dcr-150\/","title":{"rendered":"R\u00e9acteur \u00e0 calcium le r\u00e9acteur \u00e0 calcium &#8211; avec pompes Red Devil R\u00e9acteur \u00e0 calcium DCR-150"},"content":{"rendered":"<h2>Description du produit <\/h2>\n<p>Param\u00e8tres techniques : <\/p>\n<div>\n<div>Mod\u00e8le : DCR-150 <\/div>\n<div>Taille (diam\u00e8tre\/hauteur MM) : 150\/665 <\/div>\n<div>Pompe \/ puissance : Devil D3000 \/ 40W <\/div>\n<div>Applicable \u00e0 la plus grande \u00e9tendue d&rsquo;eau : (L) : 3500 <\/div>\n<div>Sp\u00e9cification de la zone (MM)\u00a0: 240\/210 <\/div><\/div>\n<div><\/div>\n<p>&amp;Nbsp; pour <\/p>\n<p><a><img class=\" size-full=\"><\/a><\/p>\n<p><a><img class=\" size-full=\"><\/a><\/p>\n<p>&amp;Nbsp; pour <\/p>\n<p>PS\u00a0: parce que chaque client partage des particules de marque de calcium\/sable de calcium, des sp\u00e9cifications diff\u00e9rentes, le produit ne contient pas d&rsquo;usine de mat\u00e9riaux int\u00e9rieurs. Les clients doivent \u00eatre achet\u00e9s <\/p>\n<p>&amp;Nbsp; pour <\/p>\n<div>Caract\u00e9ristiques de la s\u00e9rie de r\u00e9acteurs \u00e0 calcium Devil (DCR)\u00a0: <\/div>\n<div>1 est \u00e9quip\u00e9 de pompes efficaces de la s\u00e9rie Devil <\/div>\n<div>PH 2 est \u00e9quip\u00e9 d&rsquo;un support de sonde pour une insertion facile de la sonde de surveillance du niveau de PH <\/div>\n<div>3 r\u00e9cup\u00e9ration de dioxyde de carbone con\u00e7ue pour absorber compl\u00e8tement l&rsquo;exc\u00e8s ne sera pas gaspill\u00e9e. <\/div>\n<p>4 corps est fait de mat\u00e9riaux acryliques (acrylique) de haute qualit\u00e9 produits. <br \/>5 Chaque r\u00e9acteur est \u00e9quip\u00e9 d&rsquo;une buse venturi gaz (prise d&rsquo;air venturi), l&rsquo;autre meilleure. <br \/> 6 pour sceller la conception de la chambre de r\u00e9action, l&rsquo;innovation et l&rsquo;apparence esth\u00e9tique (un r\u00e9acteur \u00e0 calcium g\u00e9n\u00e9ralement ouvert gaspillera beaucoup de dioxyde de carbone, tout en ne fournissant pas suffisamment de calcium) <br \/> 7 de la chambre de r\u00e9action de conception microporeuse anti-d\u00e9contract\u00e9e, sans coton biochimique, adapt\u00e9 \u00e0 toutes les tailles de comprim\u00e9s de calcium <br \/> 8 eau interne sp\u00e9cialement con\u00e7ue contenant du CO2 de cycle rapide continu, chaque cycle \u00e0 travers tous les comprim\u00e9s de calcium, le bicarbonate de calcium dissous dans l&rsquo;eau sera beaucoup de <br \/> 9, acc\u00e8s \u00e0 l&rsquo;eau sp\u00e9cialement con\u00e7u, facile \u00e0 r\u00e9gler <br \/> 10 chilly Chu lit le num\u00e9ro du barboteur, facilement rempla\u00e7able <br \/> 11 \u00e0 l&rsquo;int\u00e9rieur du r\u00e9acteur ne contient pas de comprim\u00e9s de calcium ni d&rsquo;autres mat\u00e9riaux, veuillez les acheter vous-m\u00eame. <\/p>\n<p>&amp;Nbsp; pour <\/p>\n<p><a><img class=\" size-full=\"><\/a><\/p>\n<p>&amp;Nbsp; pour <\/p>\n<p>Liste des mod\u00e8les de la s\u00e9rie DCR <\/p>\n<p>&amp;Nbsp; pour <\/p>\n<p>&amp;Nbsp; pour <\/p>\n<p>&amp;Nbsp; pour <\/p>\n<p><a><img class=\" size-full=\"><\/a><\/p>\n<p>&amp;Nbsp; pour <\/p>\n<p>Autres informations facultatives sur le package\u00a0: <\/p>\n<p>&amp;Nbsp; pour <\/p>\n<div>1 chambre de r\u00e9acteur \u00e0 calcium ajout\u00e9e\u00a0: syst\u00e8me de r\u00e9servoir d&rsquo;\u00e9coulement de pr\u00e9curseur de d\u00e9fection de calcium, connect\u00e9 au MS <a target=\"\"><strong>Chambre de r\u00e9action de suppl\u00e9ments de calcium <\/strong><\/a>Pour absorber l&rsquo;exc\u00e8s de dioxyde de carbone, afin d&rsquo;\u00e9viter d&rsquo;endommager le syst\u00e8me de r\u00e9servoir. <\/div>\n<div><\/div>\n<div>2 MS sable \u00e0 haute teneur en calcium\u00a0: particules de sable de calcium naturel, aucun dommage au syst\u00e8me. Particules non artificielles. <\/div>\n<p>&amp;Nbsp; pour <\/p>\n<p>&amp;Nbsp; pour <\/p>\n<p>La figure suivante montre le sch\u00e9ma r\u00e9el de la machine, la configuration du r\u00e9acteur pompe qui pompe Haley <\/p>\n<p>&amp;Nbsp; pour <\/p>\n<p><a href=\"\"><img decoding=\"async\" width=\"\" height=\"\" class=\"\" alt=\"\" src=\"\"><\/a><\/p>\n<p><strong>Apr\u00e8s que la source du r\u00e9acteur \u00e0 calcium marin ait install\u00e9 du sable de calcium MS <\/strong><\/p>\n<p>&amp;Nbsp; pour <\/p>\n<p><strong><a href=\"\"><img decoding=\"async\" width=\"\" height=\"\" class=\"\" alt=\"\" src=\"\"><\/a><br class=\"\"><br class=\"\">Recommander l&rsquo;utilisation de sable marin source de calcium <\/strong><\/p>\n<p>&amp;Nbsp; pour <\/p>\n<p><a href=\"\"><img decoding=\"async\" width=\"\" height=\"\" class=\"\" alt=\"\" src=\"\"><\/a><\/p>\n<\/p><\/div>\n<p>\u00ab\u00a0<\/p>\n","protected":false},"excerpt":{"rendered":"<p>R\u00e9acteur \u00e0 calcium le r\u00e9acteur \u00e0 calcium &#8211; avec pompes Red Devil R\u00e9acteur \u00e0 calcium DCR-150<\/p>\n","protected":false},"featured_media":6379,"comment_status":"open","ping_status":"closed","template":"","meta":[],"product_brand":[],"product_cat":[358],"product_tag":[],"class_list":{"0":"post-39360","1":"product","2":"type-product","3":"status-publish","4":"has-post-thumbnail","6":"product_cat-ecumeurs-de-proteines","8":"first","9":"instock","10":"shipping-taxable","11":"purchasable","12":"product-type-simple"},"_links":{"self":[{"href":"https:\/\/www.myaquastore.com\/fr\/wp-json\/wp\/v2\/product\/39360","targetHints":{"allow":["GET"]}}],"collection":[{"href":"https:\/\/www.myaquastore.com\/fr\/wp-json\/wp\/v2\/product"}],"about":[{"href":"https:\/\/www.myaquastore.com\/fr\/wp-json\/wp\/v2\/types\/product"}],"replies":[{"embeddable":true,"href":"https:\/\/www.myaquastore.com\/fr\/wp-json\/wp\/v2\/comments?post=39360"}],"wp:featuredmedia":[{"embeddable":true,"href":"https:\/\/www.myaquastore.com\/fr\/wp-json\/wp\/v2\/media\/6379"}],"wp:attachment":[{"href":"https:\/\/www.myaquastore.com\/fr\/wp-json\/wp\/v2\/media?parent=39360"}],"wp:term":[{"taxonomy":"product_brand","embeddable":true,"href":"https:\/\/www.myaquastore.com\/fr\/wp-json\/wp\/v2\/product_brand?post=39360"},{"taxonomy":"product_cat","embeddable":true,"href":"https:\/\/www.myaquastore.com\/fr\/wp-json\/wp\/v2\/product_cat?post=39360"},{"taxonomy":"product_tag","embeddable":true,"href":"https:\/\/www.myaquastore.com\/fr\/wp-json\/wp\/v2\/product_tag?post=39360"}],"curies":[{"name":"wp","href":"https:\/\/api.w.org\/{rel}","templated":true}]}}