{"id":39366,"date":"2016-12-27T16:03:37","date_gmt":"2016-12-27T16:03:37","guid":{"rendered":"https:\/\/www.myaquastore.com\/product\/le-filtre-a-sable-fbf900-applique-le-plus-grand-plan-deau-900l\/"},"modified":"2025-03-16T09:07:47","modified_gmt":"2025-03-16T09:07:47","slug":"le-filtre-a-sable-fbf900-applique-le-plus-grand-plan-deau-900l","status":"publish","type":"product","link":"https:\/\/www.myaquastore.com\/fr\/product\/le-filtre-a-sable-fbf900-applique-le-plus-grand-plan-deau-900l\/","title":{"rendered":"Le filtre \u00e0 sable FBF900 applique le plus grand plan d&rsquo;eau 900L"},"content":{"rendered":"<h2>Description du produit <\/h2>\n<h2>Description du produit <\/h2>\n<div>Param\u00e8tres techniques\u00a0: <\/div>\n<div>Mod\u00e8le\u00a0: FBF900 <br \/> Taille (diam\u00e8tre\/hauteur MM)\u00a0: 120\/500 <\/div>\n<div>La base occupe les sp\u00e9cifications (\u00e0 l&rsquo;exclusion du haut du tuyau) : 140 * 140 MM <\/div>\n<div>La capacit\u00e9 maximale de la chambre de r\u00e9action\u00a0: 4,5 L <\/div>\n<div>Sp\u00e9cifications de l&rsquo;eau\u00a0: 20\u00a0MM (un tuyau en PVC de 20\u00a0MM peut \u00eatre directement connect\u00e9 ou fix\u00e9 \u00e0 un adaptateur de tuyau pour connecter un tuyau de 14 \u00e0 18\u00a0mm) <\/div>\n<div>Sp\u00e9cifications de l&rsquo;eau\u00a0: 20\u00a0MM <br \/> Quantit\u00e9 d&rsquo;eau recommand\u00e9e\u00a0: 900\u00a0L <\/div>\n<div><\/div>\n<div><a><img class=\" size-full=\"><\/a><\/p>\n<p><a><img class=\" size-full=\"><\/a><\/p>\n<\/div>\n<div><\/div>\n<div><\/div>\n<div>Et la source de SOURCES MARINES Le filtre \u00e0 sable FBF utilise un mat\u00e9riau acrylique avanc\u00e9 (non plastique). Utilisez l&rsquo;agitation de l&rsquo;eau pour cultiver les bact\u00e9ries selon le principe du sable, afin que les bact\u00e9ries d\u00e9nitrifiantes puissent se multiplier dans le sable avec une culture bact\u00e9rienne de la majorit\u00e9 de la surface. Depuis l&rsquo;eau en remuant constamment pleine, pas de lit de sable de culture de bact\u00e9ries mortes, grande densit\u00e9 de bact\u00e9ries nitrifiantes, p\u00f4le semblable \u00e0 des bact\u00e9ries. La plupart du nouveau r\u00e9servoir pour \u00e9tablir un temps de lit de sable de culture bact\u00e9rienne compl\u00e8te est de 20 \u00e0 30 jours. <\/div>\n<div><\/div>\n<div>\u00c9galement en ajoutant diff\u00e9rents mat\u00e9riaux filtrants, de mani\u00e8re \u00e0 avoir diff\u00e9rentes utilisations, par exemple, ajout de charbon, r\u00e9acteur \u00e0 charbon, etc. Vous pouvez \u00e9galement ajouter des haricots biologiques, des billes bio, des billes ana\u00e9robies, des billes de soufre, un anneau biologique. Anneau en c\u00e9ramique, mat\u00e9riau d&rsquo;absorption du phosphore, sable de quartz et autres types de mat\u00e9riaux. <\/div>\n<div><\/div>\n<div>PS : filtres \u00e0 sable \u00e0 flux fabriqu\u00e9s \u00e0 l&rsquo;int\u00e9rieur du corps avec deux \u00e9ponges s\u00e9par\u00e9es. Il n\u00e9cessite l&rsquo;utilisation d&rsquo;un support \u00e9ponge interne (tel que le sable de quartz, etc.) et le fond de la feuille acrylique s\u00e9par\u00e9, afin de prolonger la dur\u00e9e de vie de l&rsquo;\u00e9quipement. V\u00e9rifiez l&rsquo;utilisation r\u00e9guli\u00e8re de l&rsquo;\u00e9ponge, comme l&rsquo;amincissement de l&rsquo;usure, remplacez-la. <\/div>\n<div><\/div>\n<div>En tant que r\u00e9servoir de sable acrylique, utilisation d&rsquo;un corps acrylique complet avanc\u00e9, le fonctionnement interne d&rsquo;un mat\u00e9riau PP de conception cristalline et non ferm\u00e9 autre que. Ferm\u00e9 en raison de probl\u00e8mes de mat\u00e9riaux de conception, on ne peut pas voir clairement le fonctionnement du skimmer du mus\u00e9e, un probl\u00e8me n&rsquo;est pas la premi\u00e8re fois qu&rsquo;il est capable de d\u00e9tecter et de r\u00e9soudre. <\/div>\n<div><\/div>\n<div>\n<p><a><img class=\" size-full=\"><\/a><a><img class=\" size-full=\"><\/a><\/div>\n<div><\/div>\n<p>S\u00e9rie autres mod\u00e8les <\/p>\n<p>&amp;Nbsp; pour <\/p>\n<p><a><img class=\" size-full=\"><\/a><\/p>\n<\/p><\/div>\n","protected":false},"excerpt":{"rendered":"<p>Le filtre \u00e0 sable FBF900 applique le plus grand plan d&rsquo;eau 900L<\/p>\n","protected":false},"featured_media":6143,"comment_status":"open","ping_status":"closed","template":"","meta":[],"product_brand":[],"product_cat":[358],"product_tag":[],"class_list":{"0":"post-39366","1":"product","2":"type-product","3":"status-publish","4":"has-post-thumbnail","6":"product_cat-ecumeurs-de-proteines","8":"first","9":"instock","10":"shipping-taxable","11":"purchasable","12":"product-type-simple"},"_links":{"self":[{"href":"https:\/\/www.myaquastore.com\/fr\/wp-json\/wp\/v2\/product\/39366","targetHints":{"allow":["GET"]}}],"collection":[{"href":"https:\/\/www.myaquastore.com\/fr\/wp-json\/wp\/v2\/product"}],"about":[{"href":"https:\/\/www.myaquastore.com\/fr\/wp-json\/wp\/v2\/types\/product"}],"replies":[{"embeddable":true,"href":"https:\/\/www.myaquastore.com\/fr\/wp-json\/wp\/v2\/comments?post=39366"}],"wp:featuredmedia":[{"embeddable":true,"href":"https:\/\/www.myaquastore.com\/fr\/wp-json\/wp\/v2\/media\/6143"}],"wp:attachment":[{"href":"https:\/\/www.myaquastore.com\/fr\/wp-json\/wp\/v2\/media?parent=39366"}],"wp:term":[{"taxonomy":"product_brand","embeddable":true,"href":"https:\/\/www.myaquastore.com\/fr\/wp-json\/wp\/v2\/product_brand?post=39366"},{"taxonomy":"product_cat","embeddable":true,"href":"https:\/\/www.myaquastore.com\/fr\/wp-json\/wp\/v2\/product_cat?post=39366"},{"taxonomy":"product_tag","embeddable":true,"href":"https:\/\/www.myaquastore.com\/fr\/wp-json\/wp\/v2\/product_tag?post=39366"}],"curies":[{"name":"wp","href":"https:\/\/api.w.org\/{rel}","templated":true}]}}