{"id":39368,"date":"2016-12-27T16:03:37","date_gmt":"2016-12-27T16:03:37","guid":{"rendered":"https:\/\/www.myaquastore.com\/product\/filtre-a-sable-filtre-a-sable-coton-dedie\/"},"modified":"2025-03-16T09:07:48","modified_gmt":"2025-03-16T09:07:48","slug":"filtre-a-sable-filtre-a-sable-coton-dedie","status":"publish","type":"product","link":"https:\/\/www.myaquastore.com\/fr\/product\/filtre-a-sable-filtre-a-sable-coton-dedie\/","title":{"rendered":"Filtre \u00e0 sable filtre \u00e0 sable coton d\u00e9di\u00e9"},"content":{"rendered":"<h2>Description du produit <\/h2>\n<div class=\" mod=\">\n<div>\n<div>\n<div class=\" d\u00e9tail-inside=\">\n<div>\n<div>\n<div class=\" r\u00e9gion-custom=\">\n<div class=\" widget-custom=\">\n<div>\n<div class=\" mod-detail-description=\" data-mod-config='{\"showOn\":[\"mod-detail-description\"],\"title\":\"\ufffd\ufffd\u03f8\ufffd\ufffd\u03e2\",\"tabConfig\":{\"trace\":\"tabdetail\",\"showKey\":\"mod-detail-description\"}}'>\n<div class=\" de-description-detail=\">\n<div>\n<p><strong><a><img class=\" alignnone=\"><\/a><\/p>\n<p><\/strong><\/p>\n<p><strong>Filtres \u00e0 sable \u00e0 flux \u00e9ponge sp\u00e9ciale <\/strong><\/p>\n<p><strong>Filtres \u00e0 sable \u00e0 flux \u00e9ponge sp\u00e9ciale <\/strong>S&rsquo;applique et est la source d&rsquo;une vari\u00e9t\u00e9 de filtres \u00e0 sable \u00e0 flux. Les sp\u00e9cifications existantes suivantes sont disponibles. <\/p>\n<p>Filtres en coton 120Mm appliqu\u00e9s aux origines du filtre \u00e0 sable marin FBF900 <br \/> Filtres en coton 150Mm appliqu\u00e9s aux origines du filtre \u00e0 sable marin FBF1600 <br \/> Filtres en coton 200Mm appliqu\u00e9s aux origines des filtres \u00e0 sable marin FBF2700, FBF5400 <br \/> Filtres en coton 250Mm appliqu\u00e9s aux origines du filtre \u00e0 sable marin FBF10800 <\/p>\n<p>PS\u00a0: L&rsquo;origine de l&rsquo;usine de filtre \u00e0 sable marin \u00e0 l&rsquo;int\u00e9rieur du corps a \u00e9t\u00e9 \u00e9quip\u00e9e de deux \u00e9ponges s\u00e9par\u00e9es. Il n\u00e9cessite l&rsquo;utilisation d&rsquo;un support \u00e9ponge interne (tel que le sable de quartz, etc.) et le fond de la feuille acrylique s\u00e9par\u00e9, afin de prolonger la dur\u00e9e de vie de l&rsquo;\u00e9quipement. V\u00e9rifiez l&rsquo;utilisation r\u00e9guli\u00e8re de l&rsquo;\u00e9ponge, comme l&rsquo;amincissement de l&rsquo;usure, remplacez-la. <\/p>\n<\/p><\/div><\/div><\/div><\/div><\/div><\/div><\/div><\/div><\/div><\/div><\/div><\/div><\/div>\n","protected":false},"excerpt":{"rendered":"<p>Filtre \u00e0 sable filtre \u00e0 sable coton d\u00e9di\u00e9<\/p>\n","protected":false},"featured_media":6149,"comment_status":"open","ping_status":"closed","template":"","meta":[],"product_brand":[],"product_cat":[358],"product_tag":[],"class_list":{"0":"post-39368","1":"product","2":"type-product","3":"status-publish","4":"has-post-thumbnail","6":"product_cat-ecumeurs-de-proteines","8":"first","9":"instock","10":"shipping-taxable","11":"purchasable","12":"product-type-simple"},"_links":{"self":[{"href":"https:\/\/www.myaquastore.com\/fr\/wp-json\/wp\/v2\/product\/39368","targetHints":{"allow":["GET"]}}],"collection":[{"href":"https:\/\/www.myaquastore.com\/fr\/wp-json\/wp\/v2\/product"}],"about":[{"href":"https:\/\/www.myaquastore.com\/fr\/wp-json\/wp\/v2\/types\/product"}],"replies":[{"embeddable":true,"href":"https:\/\/www.myaquastore.com\/fr\/wp-json\/wp\/v2\/comments?post=39368"}],"wp:featuredmedia":[{"embeddable":true,"href":"https:\/\/www.myaquastore.com\/fr\/wp-json\/wp\/v2\/media\/6149"}],"wp:attachment":[{"href":"https:\/\/www.myaquastore.com\/fr\/wp-json\/wp\/v2\/media?parent=39368"}],"wp:term":[{"taxonomy":"product_brand","embeddable":true,"href":"https:\/\/www.myaquastore.com\/fr\/wp-json\/wp\/v2\/product_brand?post=39368"},{"taxonomy":"product_cat","embeddable":true,"href":"https:\/\/www.myaquastore.com\/fr\/wp-json\/wp\/v2\/product_cat?post=39368"},{"taxonomy":"product_tag","embeddable":true,"href":"https:\/\/www.myaquastore.com\/fr\/wp-json\/wp\/v2\/product_tag?post=39368"}],"curies":[{"name":"wp","href":"https:\/\/api.w.org\/{rel}","templated":true}]}}