{"id":39371,"date":"2016-12-27T16:03:45","date_gmt":"2016-12-27T16:03:45","guid":{"rendered":"https:\/\/www.myaquastore.com\/product\/dissolvant-de-nitrate-avec-les-pompes-red-devil-dissolvant-de-nitrate-dnr-200\/"},"modified":"2025-03-16T09:14:35","modified_gmt":"2025-03-16T09:14:35","slug":"dissolvant-de-nitrate-avec-les-pompes-red-devil-dissolvant-de-nitrate-dnr-200","status":"publish","type":"product","link":"https:\/\/www.myaquastore.com\/fr\/product\/dissolvant-de-nitrate-avec-les-pompes-red-devil-dissolvant-de-nitrate-dnr-200\/","title":{"rendered":"Dissolvant de nitrate avec les pompes Red Devil Dissolvant de nitrate DNR-200"},"content":{"rendered":"<h2>Description du produit <\/h2>\n<p>Et la source du dissolvant de nitrate de SOURCES MARINES \/ dispositif de contr\u00f4le chimique des nitrates \/ dispositif pour nitrater <\/p>\n<p>&amp;Nbsp; pour <\/p>\n<p>Param\u00e8tres du produit\u00a0: <\/p>\n<p>&amp;Nbsp; pour <\/p>\n<p>\u00e9liminateur de nitrate DNR-150, par vanne de r\u00e9gulation pour aquarium ou bassin de 1800-4500L. <br \/> Mod\u00e8le : DNR-200 <br \/> (Unit\u00e9 de diam\u00e8tre\/hauteur : mm) : 200\/740 <br \/> Pompe \/ puissance : Devil D4000 \/ 55W <br \/> L&rsquo;eau maximale applicable (unit\u00e9 : litre) : 4500 <br \/> Sp\u00e9cifications du quai (Unit\u00e9 : mm) : 290\/260 <\/p>\n<p><a><img class=\" size-large=\"><\/a><\/p>\n<p>&amp;Nbsp; pour <\/p>\n<\/p>\n<p>&amp;Nbsp; pour <\/p>\n<p>Caract\u00e9ristiques du produit\u00a0: <\/p>\n<p>1 corps avec des mat\u00e9riaux acryliques (acrylique) de haute qualit\u00e9 produits. <br \/> La chambre de r\u00e9action 2 est une conception de joint multicouche, d&rsquo;innovation et d&rsquo;aspect esth\u00e9tique, <br \/> 3 Conception microporeuse anti-d\u00e9contract\u00e9e de la chambre de r\u00e9action inf\u00e9rieure, sans coton biochimique, nettoyage et entretien faciles, applicable \u00e0 une vari\u00e9t\u00e9 de mat\u00e9riaux de filtration <br \/> 4 sp\u00e9cialement con\u00e7ue pour que l&rsquo;eau interne \u00e0 grande vitesse circule en permanence, chaque cycle \u00e0 travers tous les mat\u00e9riaux filtrants, <br \/> 5 sorties, eau sp\u00e9cialement con\u00e7ue, facile \u00e0 r\u00e9gler <br \/> 6 \u00e9quip\u00e9e de diff\u00e9rents mat\u00e9riaux filtrants peuvent \u00eatre des utilisations vari\u00e9es (telles que la boule bio, bio-anneaux, charbon actif, mat\u00e9riaux d&rsquo;absorption du phosphore, billes de soufre + comprim\u00e9s de calcium, etc.), voir tableau <\/p>\n<p>Utilisation de mat\u00e9riaux avec un d\u00e9bit correspondant aux besoins d&rsquo;utilisation du r\u00e9acteur <br \/> 6-1 Le contr\u00f4le chimique \u00e0 bille avec le nitrate biologique est lent <br \/> 6-2 La boucle de contr\u00f4le chimique du nitrate biologique est lente <br \/> 6-3 Le biofiltre \u00e0 anneau biologique rapide <br \/> 6-4 Le filtre \u00e0 charbon actif rapide <br \/> 6-5 Le contr\u00f4le chimique du phosphate par le mat\u00e9riau d&rsquo;absorption du phosphore est lent <br \/> 6 \u00e0 6 billes de soufre + comprim\u00e9s de calcium en plus du phosphate de calcium lent <\/p>\n<p>7 \u00e0 l&rsquo;int\u00e9rieur du r\u00e9acteur ne contiennent pas de mat\u00e9riau, veuillez acheter les leurs. <\/p>\n<p>Utilisation recommand\u00e9e et source des bioballs, veuillez vous r\u00e9f\u00e9rer aux donn\u00e9es suivantes\u00a0: <\/p>\n<table>\n<tbody>\n<tr>\n<td>\n<p>mod\u00e8le <\/p>\n<\/td>\n<td>\n<p>Recommandations en mati\u00e8re de ballon de match et de biologie ana\u00e9robie sur le nombre de <\/p>\n<\/td>\n<\/tr>\n<tr>\n<td>\n<p>DNR-120 <\/p>\n<\/td>\n<td>\n<p>Billes bio ana\u00e9robies 80 balles 10 <\/p>\n<\/td>\n<\/tr>\n<tr>\n<td>\n<p>DNR-150 <\/p>\n<\/td>\n<td>\n<p>Billes bio ana\u00e9robies 140 balles 18 <\/p>\n<\/td>\n<\/tr>\n<tr>\n<td>\n<p>DNR-200 <\/p>\n<\/td>\n<td>\n<p>Billes bio ana\u00e9robies 320 balles 40 <\/p>\n<\/td>\n<\/tr>\n<tr>\n<td>\n<p>DNR-200H <\/p>\n<\/td>\n<td>\n<p>Billes bio ana\u00e9robies 400 balles 50 <\/p>\n<\/td>\n<\/tr>\n<\/tbody>\n<\/table>\n<p><strong>S\u00e9rie DNR d&rsquo;autres mod\u00e8les <\/strong><\/p>\n<p><a><img class=\" size-full=\"><\/a><\/p>\n<\/p><\/div>\n","protected":false},"excerpt":{"rendered":"<p>Dissolvant de nitrate avec les pompes Red Devil Dissolvant de nitrate DNR-200<\/p>\n","protected":false},"featured_media":6407,"comment_status":"open","ping_status":"closed","template":"","meta":[],"product_brand":[],"product_cat":[358],"product_tag":[],"class_list":{"0":"post-39371","1":"product","2":"type-product","3":"status-publish","4":"has-post-thumbnail","6":"product_cat-ecumeurs-de-proteines","8":"first","9":"instock","10":"shipping-taxable","11":"purchasable","12":"product-type-simple"},"_links":{"self":[{"href":"https:\/\/www.myaquastore.com\/fr\/wp-json\/wp\/v2\/product\/39371","targetHints":{"allow":["GET"]}}],"collection":[{"href":"https:\/\/www.myaquastore.com\/fr\/wp-json\/wp\/v2\/product"}],"about":[{"href":"https:\/\/www.myaquastore.com\/fr\/wp-json\/wp\/v2\/types\/product"}],"replies":[{"embeddable":true,"href":"https:\/\/www.myaquastore.com\/fr\/wp-json\/wp\/v2\/comments?post=39371"}],"wp:featuredmedia":[{"embeddable":true,"href":"https:\/\/www.myaquastore.com\/fr\/wp-json\/wp\/v2\/media\/6407"}],"wp:attachment":[{"href":"https:\/\/www.myaquastore.com\/fr\/wp-json\/wp\/v2\/media?parent=39371"}],"wp:term":[{"taxonomy":"product_brand","embeddable":true,"href":"https:\/\/www.myaquastore.com\/fr\/wp-json\/wp\/v2\/product_brand?post=39371"},{"taxonomy":"product_cat","embeddable":true,"href":"https:\/\/www.myaquastore.com\/fr\/wp-json\/wp\/v2\/product_cat?post=39371"},{"taxonomy":"product_tag","embeddable":true,"href":"https:\/\/www.myaquastore.com\/fr\/wp-json\/wp\/v2\/product_tag?post=39371"}],"curies":[{"name":"wp","href":"https:\/\/api.w.org\/{rel}","templated":true}]}}