{"id":39388,"date":"2016-12-27T16:03:41","date_gmt":"2016-12-27T16:03:41","guid":{"rendered":"https:\/\/www.myaquastore.com\/product\/pompe-de-titrage-et-fournitures-prenant-en-charge-le-titrage-a-quatre-canaux-dsp-2-unite-dextension-de-pompe\/"},"modified":"2025-03-16T09:07:57","modified_gmt":"2025-03-16T09:07:57","slug":"pompe-de-titrage-et-fournitures-prenant-en-charge-le-titrage-a-quatre-canaux-dsp-2-unite-dextension-de-pompe","status":"publish","type":"product","link":"https:\/\/www.myaquastore.com\/fr\/product\/pompe-de-titrage-et-fournitures-prenant-en-charge-le-titrage-a-quatre-canaux-dsp-2-unite-dextension-de-pompe\/","title":{"rendered":"Pompe de titrage et fournitures prenant en charge le titrage \u00e0 quatre canaux DSP-2 Unit\u00e9 d&rsquo;extension de pompe"},"content":{"rendered":"<h2>Description du produit <\/h2>\n<p><span>&amp;Nbsp; pour <\/span><\/p>\n<div class=\" widget-custom=\"><\/div>\n<div class=\" widget-custom=\"><\/div>\n<div class=\" widget-custom=\">\n<div>\n<div class=\" mod-detail-description=\" data-mod-config='{\"showOn\":[\"mod-detail-description\"],\"title\":\"\ufffd\ufffd\u03f8\ufffd\ufffd\u03e2\",\"tabConfig\":{\"trace\":\"tabdetail\",\"showKey\":\"mod-detail-description\"}}'>\n<div class=\" de-description-detail=\">\n<div>\n<p><span><a><img class=\" size-full=\"><\/a><\/p>\n<p><\/span><\/p>\n<p><strong><span>Mod\u00e8le\u00a0: le mod\u00e8le DSP-2 pour l&rsquo;extension de ce type doit \u00eatre connect\u00e9 \u00e0 l&rsquo;ordinateur h\u00f4te pour pouvoir utiliser DSP-1 <\/span><\/strong><\/p>\n<p>&amp;Nbsp; pour <\/p>\n<p>Et la source de la pompe de micro-titration MARINE SOURCES est principalement utilis\u00e9e pour les aquariums de mariculture domestique. <\/p>\n<p>&amp;Nbsp; pour <\/p>\n<p>Puce de micro-ordinateur intelligente con\u00e7ue pour fournir un timing, une quantification et une pr\u00e9cision pour ajouter divers \u00e9l\u00e9ments des besoins biologiques marins, tels que le calcium, le magn\u00e9sium, l&rsquo;am\u00e9liorant de kh, d&rsquo;autres types d&rsquo;additifs d&rsquo;oligo-\u00e9l\u00e9ments ajoutent des suppl\u00e9ments. En ajoutant l&rsquo;automatisation, \u00e9conomisez de la main-d&rsquo;\u0153uvre, ajoutez de la g\u00eane, \u00e9vitez le r\u00e9sultat suppl\u00e9mentaire de main-d&rsquo;\u0153uvre caus\u00e9e par la fuite du Canada, des erreurs excessives ou inad\u00e9quates. <\/p>\n<p>&amp;Nbsp; pour <\/p>\n<p>L&rsquo;h\u00f4te de source de mer de pompe de titrage DSP-1 fournit trois t\u00eates de titrage avec un adaptateur secteur s\u00e9par\u00e9. <\/p>\n<p>L&rsquo;unit\u00e9 d&rsquo;extension DSP-2 a quatre t\u00eates de titrage, sans adaptateur secteur, pas d&rsquo;alimentation suppl\u00e9mentaire, il suffit de se connecter \u00e0 l&rsquo;h\u00f4te DSP-1, l&rsquo;alimentation de l&rsquo;ordinateur peut \u00eatre allum\u00e9e pour fonctionner. <\/p>\n<p>Connexion h\u00f4te de type DSP-1 au mod\u00e8le de machine d&rsquo;extension DSP-2, peut atteindre jusqu&rsquo;\u00e0 11 param\u00e8tres de t\u00eate de travail. Voir le sch\u00e9ma de connexion suivant. <\/p>\n<p>&amp;Nbsp; pour <\/p>\n<p>DSP-1 est un ordinateur central \u00e0 3 canaux, avec contr\u00f4le. <\/p>\n<p>Le DSP-2 est une extension d&rsquo;un 4 canaux, il doit \u00eatre pilot\u00e9 par le DSP-1. <\/p>\n<p>Le DSP-1 peut piloter jusqu&rsquo;\u00e0 deux DSP-2, voir les recommandations de solutions de connectivit\u00e9 suivantes <\/p>\n<p>Premi\u00e8re option\u00a0: un ordinateur dot\u00e9 d&rsquo;un DSP-1, peut avoir une fonction de contr\u00f4le de titrage \u00e0 3 canaux <\/p>\n<p>Option deux\u00a0: Un DSP-1 + un DSP-2, composition \u00e0 7 canaux avec un ordinateur ayant une fonction de contr\u00f4le de titrage <\/p>\n<p>Option trois\u00a0: Un DSP-1 + deux DSP-2, avec une composition ayant une fonction de titrage contr\u00f4l\u00e9e par ordinateur \u00e0 11 canaux <\/p>\n<p>Plus de trois programmes, une seule alimentation. <\/p>\n<p>Le DSP-2 seul ne peut pas r\u00e9aliser de fonctions de titrage contr\u00f4l\u00e9es par ordinateur. <\/p>\n<p>&amp;Nbsp; pour <\/p>\n<p><a><img class=\" alignnone=\"><\/a><\/p>\n<p>&amp;Nbsp; pour <\/p>\n<p>&amp;Nbsp; pour <\/p>\n<p>&amp;Nbsp; pour <\/p>\n<p>La pompe de titrage de mer Source pr\u00e9sente les caract\u00e9ristiques suivantes <\/p>\n<p>1 mod\u00e8les d&rsquo;extension DSP-2, doivent \u00eatre connect\u00e9s \u00e0 l&rsquo;utilisation du DSP-1, et non \u00e0 une alimentation \u00e9lectrique s\u00e9par\u00e9e. <\/p>\n<p>2 puces de micro-ordinateur de qualit\u00e9 militaire, produits de circuit stables, pr\u00e9cision de chute <\/p>\n<p>3 s\u00e9lection de cinq moteurs silencieux \u00e0 couple \u00e9lev\u00e9 et longue dur\u00e9e de vie. <\/p>\n<p>4 coques de pompe en plastique autolubrifiant \u00e0 haute r\u00e9sistance de niveau instrument automobile. <\/p>\n<p>5 dispose d&rsquo;une fonction d&rsquo;\u00e9conomie d&rsquo;\u00e9nergie pour \u00e9viter les pannes de courant et n\u00e9cessiter de r\u00e9p\u00e9ter l&rsquo;ensemble. <\/p>\n<p>6 burettes de qualit\u00e9 m\u00e9dicale de haute qualit\u00e9 et long\u00e9vit\u00e9, longue dur\u00e9e de vie, ne contiennent pas d&rsquo;\u00e9l\u00e9ments nocifs. <\/p>\n<p>7 conception \u00e9tanche du panneau de commande de l&rsquo;ordinateur. <\/p>\n<p>8 \u00e9crans LCD \u00e0 cristaux liquides, interface de commande interactive de l&rsquo;op\u00e9rateur conviviale. <\/p>\n<p>&amp;Nbsp; pour <\/p>\n<p>&amp;Nbsp; pour <\/p>\n<p>Mod\u00e8le\u00a0: DSP-2 <\/p>\n<p>Puissance du produit\u00a0: AC100-240V, vous devez vous connecter \u00e0 l&rsquo;h\u00f4te \u00e0 l&rsquo;aide du DSP-1 <\/p>\n<p>Taille du produit\u00a0: 230 * 130 * 75 mm <\/p>\n<p>Mode de fonctionnement\u00a0: cycles d&rsquo;intervalle apr\u00e8s la chute, chute d&rsquo;un d\u00e9bit et d&rsquo;intervalles d\u00e9finis, le produit sera conforme aux intervalles d\u00e9finis, au nombre d&rsquo;heures d&rsquo;\u00e9gouttement intermittent. D\u00e9bit de gouttes simples 00-99 ml r\u00e9glable, intervalle de temps r\u00e9glable de 00 \u00e0 99 heures, et l&rsquo;autre avec mode anti-interf\u00e9rence automatique, en m\u00eame temps il y a deux t\u00eates ou plus qui doivent tomber, la t\u00eate de pompe est automatiquement convertie en mode anti-interf\u00e9rence, la t\u00eate de pompe sera diff\u00e9rente en file d&rsquo;attente goutte \u00e0 goutte apr\u00e8s la t\u00eate pr\u00e9c\u00e9dente, une t\u00eate apr\u00e8s avoir attendu deux minutes apr\u00e8s l&rsquo;\u00e9gouttement, l&rsquo;\u00e9gouttement tout en \u00e9vitant diff\u00e9rents \u00e9l\u00e9ments peut produire une vari\u00e9t\u00e9 de r\u00e9actions physiques ou chimiques et d&rsquo;interf\u00e9rences. <\/p>\n<p>&amp;Nbsp; pour <\/p>\n<\/p><\/div><\/div><\/div><\/div><\/div>\n<p>&amp;Nbsp; pour <\/p>\n<p>Et la source de la pompe de micro-titration MARINE SOURCES est principalement utilis\u00e9e pour les aquariums de mariculture domestique. <\/p>\n<p>&amp;Nbsp; pour <\/p>\n<p>Puce de micro-ordinateur intelligente con\u00e7ue pour fournir un timing, une quantification et une pr\u00e9cision pour ajouter divers \u00e9l\u00e9ments des besoins biologiques marins, tels que le calcium, le magn\u00e9sium, l&rsquo;am\u00e9liorant de kh, d&rsquo;autres types d&rsquo;additifs d&rsquo;oligo-\u00e9l\u00e9ments ajoutent des suppl\u00e9ments. En ajoutant l&rsquo;automatisation, \u00e9conomisez de la main-d&rsquo;\u0153uvre, ajoutez de la g\u00eane, \u00e9vitez le r\u00e9sultat suppl\u00e9mentaire de main-d&rsquo;\u0153uvre caus\u00e9e par la fuite du Canada, des erreurs excessives ou inad\u00e9quates. <\/p>\n<p>&amp;Nbsp; pour <\/p>\n<p>L&rsquo;h\u00f4te de source de mer de pompe de titrage DSP-1 fournit trois t\u00eates de titrage avec un adaptateur secteur s\u00e9par\u00e9. <\/p>\n<p>L&rsquo;unit\u00e9 d&rsquo;extension DSP-2 a quatre t\u00eates de titrage, sans adaptateur secteur, pas d&rsquo;alimentation suppl\u00e9mentaire, il suffit de se connecter \u00e0 l&rsquo;h\u00f4te DSP-1, l&rsquo;alimentation de l&rsquo;ordinateur peut \u00eatre allum\u00e9e pour fonctionner. <\/p>\n<p>Connexion h\u00f4te de type DSP-1 au mod\u00e8le de machine d&rsquo;extension DSP-2, peut atteindre jusqu&rsquo;\u00e0 11 param\u00e8tres de t\u00eate de travail. Voir le sch\u00e9ma de connexion suivant. <\/p>\n<p>&amp;Nbsp; pour <\/p>\n<p><strong><a><br \/> <\/a><\/p>\n<p><a><img class=\" size-full=\"><\/a><br \/><a><img class=\" size-full=\"><\/a><\/p>\n<p><a><img class=\" size-full=\"><\/a><\/p>\n<p><a><img class=\" size-full=\"><\/a><\/p>\n<p><\/strong><\/p>\n<p><a><img class=\" size-full=\"><\/a><\/p>\n<p>&amp;Nbsp; pour <\/p>\n<\/p><\/div>\n","protected":false},"excerpt":{"rendered":"<p>Pompe de titrage et fournitures prenant en charge le titrage \u00e0 quatre canaux DSP-2 Unit\u00e9 d&rsquo;extension de pompe<\/p>\n","protected":false},"featured_media":6184,"comment_status":"open","ping_status":"closed","template":"","meta":[],"product_brand":[],"product_cat":[358],"product_tag":[],"class_list":{"0":"post-39388","1":"product","2":"type-product","3":"status-publish","4":"has-post-thumbnail","6":"product_cat-ecumeurs-de-proteines","8":"first","9":"instock","10":"shipping-taxable","11":"purchasable","12":"product-type-simple"},"_links":{"self":[{"href":"https:\/\/www.myaquastore.com\/fr\/wp-json\/wp\/v2\/product\/39388","targetHints":{"allow":["GET"]}}],"collection":[{"href":"https:\/\/www.myaquastore.com\/fr\/wp-json\/wp\/v2\/product"}],"about":[{"href":"https:\/\/www.myaquastore.com\/fr\/wp-json\/wp\/v2\/types\/product"}],"replies":[{"embeddable":true,"href":"https:\/\/www.myaquastore.com\/fr\/wp-json\/wp\/v2\/comments?post=39388"}],"wp:featuredmedia":[{"embeddable":true,"href":"https:\/\/www.myaquastore.com\/fr\/wp-json\/wp\/v2\/media\/6184"}],"wp:attachment":[{"href":"https:\/\/www.myaquastore.com\/fr\/wp-json\/wp\/v2\/media?parent=39388"}],"wp:term":[{"taxonomy":"product_brand","embeddable":true,"href":"https:\/\/www.myaquastore.com\/fr\/wp-json\/wp\/v2\/product_brand?post=39388"},{"taxonomy":"product_cat","embeddable":true,"href":"https:\/\/www.myaquastore.com\/fr\/wp-json\/wp\/v2\/product_cat?post=39388"},{"taxonomy":"product_tag","embeddable":true,"href":"https:\/\/www.myaquastore.com\/fr\/wp-json\/wp\/v2\/product_tag?post=39388"}],"curies":[{"name":"wp","href":"https:\/\/api.w.org\/{rel}","templated":true}]}}