{"id":39389,"date":"2016-12-27T16:03:41","date_gmt":"2016-12-27T16:03:41","guid":{"rendered":"https:\/\/www.myaquastore.com\/product\/materiau-filtrant-a-base-de-coton-filtrant-a-haute-teneur-en-fibres-de-type-mspf-00\/"},"modified":"2025-03-16T09:07:57","modified_gmt":"2025-03-16T09:07:57","slug":"materiau-filtrant-a-base-de-coton-filtrant-a-haute-teneur-en-fibres-de-type-mspf-00","status":"publish","type":"product","link":"https:\/\/www.myaquastore.com\/fr\/product\/materiau-filtrant-a-base-de-coton-filtrant-a-haute-teneur-en-fibres-de-type-mspf-00\/","title":{"rendered":"Mat\u00e9riau filtrant \u00e0 base de coton filtrant \u00e0 haute teneur en fibres de type MSPF-00"},"content":{"rendered":"<h2>Description du produit <\/h2>\n<p><a><img class=\" alignnone=\"><\/a><br \/>Sp\u00e9cifications : 320\/125 MM <\/p>\n<p>\u00c9paisseur : environ 20 MM <\/p>\n<p>Et la source de coton filtrant multi-marques efficace <\/p>\n<p>&amp;Nbsp; pour <\/p>\n<p>Vous pouvez couper librement, l&rsquo;eau saum\u00e2tre convient \u00e0 toutes sortes de filtres d&rsquo;aquarium de petite et moyenne taille plac\u00e9s dans le filtre d&rsquo;aquarium ou la grille de filtre. Vous pouvez m\u00e9langer et assortir diff\u00e9rentes races utilis\u00e9es ensemble, peut \u00e9galement \u00eatre utilis\u00e9e seule pour <\/p>\n<p>&amp;Nbsp; <\/p>\n<p>MSPF-0\u00a0: coton filtrant en fibre \u00e0 base d&rsquo;\u00c9PONGE POLYFIBRE <\/p>\n<p>Aide \u00e0 \u00e9liminer les d\u00e9chets et les d\u00e9bris flottants avant que les polluants ne se d\u00e9composent en toxines. Il peut \u00eatre coup\u00e9 pour s&rsquo;adapter \u00e0\u00a0:\u00a0? <\/p>\n<p>MSPF-0\u00a0: le syst\u00e8me d&rsquo;aquarium est le filtre en coton le plus basique, peut \u00eatre libre de couper n&rsquo;importe quelle forme et taille, plac\u00e9 dans n&rsquo;importe quel r\u00e9cipient de filtre\/r\u00e9servoir de filtre\/seau de filtre\/grille de filtre\/filtres de r\u00e9servoir, etc., avec une eau lisse, dont l&rsquo;arrangement \u00e0 haute densit\u00e9 de structure mol\u00e9culaire sp\u00e9ciale peut absorber efficacement toutes sortes d&rsquo;impuret\u00e9s d&rsquo;aquarium, telles que les excr\u00e9ments de poisson, <span>Nourrir les r\u00e9sidus, am\u00e9liorer la propret\u00e9 du filtre \u00e0 eau. Les meilleurs r\u00e9sultats. R\u00e9duire les poissons <\/span><\/p>\n<p>&amp;Nbsp; pour <\/p>\n<p>Caract\u00e9ristiques du produit\u00a0: <\/p>\n<p>Et la source de coton filtrant biochimique de SOURCES MARINES, suffisamment de t\u00e9nacit\u00e9, structure mol\u00e9culaire compacte, distribution du principe de nano-pulv\u00e9risation, divers effets de filtration et d&rsquo;adsorption des ions est significative, efficacit\u00e9 durable, son ensemble complet de filtres en coton peut \u00eatre coup\u00e9 librement, le syst\u00e8me d&rsquo;eau saum\u00e2tre est adapt\u00e9, adapt\u00e9 \u00e0 tous les types de filtres en coton plac\u00e9s dans une vari\u00e9t\u00e9 de filtration d&rsquo;aquarium. r\u00e9servoir ou grille filtrante \/ filtre pour \u00e9tang \u00e0 poissons <\/p>\n<p>&amp;Nbsp; pour <\/p>\n<p>Correspondance de recommandation <\/p>\n<p>La gamme compl\u00e8te MSPF de tous les types de filtres en coton peut \u00eatre utilis\u00e9e conjointement (utilis\u00e9e seule ou peut \u00eatre), mieux c&rsquo;est. <\/p>\n<p>En g\u00e9n\u00e9ral, notre conseil est le suivant\u00a0: <\/p>\n<p>Premi\u00e8re couche\u00a0: filtre en coton en fibre de base. Mod\u00e8le\u00a0: MSPF-00 <\/p>\n<p>Deuxi\u00e8me couche\u00a0: coton filtrant \u00e0 charbon actif de haute qualit\u00e9. Mod\u00e8le\u00a0: MSPF-01 <\/p>\n<p>Troisi\u00e8me couche\u00a0: filtres en coton de diff\u00e9rents types, par ordre alphab\u00e9tique s\u00e9quentiel multifonctionnel <\/p>\n<p>En plus de la filtration de l&rsquo;acide phosphorique. Mod\u00e8le : MSPF-02 <\/p>\n<p>Coton d&rsquo;\u00e9limination des nitrates\/nitrites. Mod\u00e8le\u00a0: MSPF-03 <\/p>\n<p>Meilleure absorption du coton ammoniac. Mod\u00e8le\u00a0: MSPF-04 <\/p>\n<p>&amp;Nbsp; pour <\/p>\n<p><a><img class=\" alignnone=\"><\/a><\/p>\n<p>Mode d&#8217;emploi\u00a0: <\/p>\n<p>1 en r\u00e9ponse au filtre du r\u00e9servoir d&rsquo;aquarium\/grille de filtre\/taille du filtre, d\u00e9coupez la forme et la taille appropri\u00e9es, n\u00e9cessitent g\u00e9n\u00e9ralement la plus grande surface possible de l&rsquo;eau qui coule \u00e0 travers le coton filtrant est meilleure. <\/p>\n<p>2 avant d&rsquo;utiliser un simple rin\u00e7age utilisable directement. <\/p>\n<p>3 \u00e9ponges avec un mat\u00e9riau adsorbant de fines particules unique \u00e0 la nanotechnologie, n&rsquo;endommageront pas le syst\u00e8me de r\u00e9servoir. <\/p>\n<p>Les filtres \u00e0 effets sp\u00e9ciaux en coton 4 doivent \u00eatre remplac\u00e9s r\u00e9guli\u00e8rement tous les 2 \u00e0 3 mois. Et v\u00e9rifiez r\u00e9guli\u00e8rement qu&rsquo;il est lisse, s&rsquo;il est bloqu\u00e9, le poisson contient g\u00e9n\u00e9ralement des impuret\u00e9s et peut \u00eatre r\u00e9utilis\u00e9 apr\u00e8s le nettoyage. <\/p>\n<p>5 Veuillez placer la pr\u00e9servation de l&rsquo;ombre. Gardez tous les m\u00e9dicaments hors de port\u00e9e des enfants et des animaux domestiques. <\/p>\n<p>&amp;Nbsp; pour <\/p>\n<p><strong>Autres caract\u00e9ristiques introduction \u00e0 la s\u00e9rie de coton filtrant\u00a0: <\/strong><\/p>\n<p>&amp;Nbsp; pour <\/p>\n<p>MSPF-0\u00a0: coton filtrant en fibre \u00e0 base d&rsquo;\u00c9PONGE POLYFIBRE <\/p>\n<p>Aide \u00e0 \u00e9liminer les d\u00e9chets et les d\u00e9bris flottants avant que les polluants ne puissent se d\u00e9composer en toxines. Il peut \u00eatre coup\u00e9 pour s&rsquo;adapter\u00a0:\u00a0? Cadres de cartouches filtrantes Filtres suspendus Filtres \u00e0 filet Filtres humides\/secs Bacs d&rsquo;\u00e9gouttage Accessoires de t\u00eate motrice Filtres \u00e0 cartouche Filtres de bassin ???? <\/p>\n<p>MSPF-0\u00a0: le syst\u00e8me d&rsquo;aquarium est le filtre en coton le plus basique, peut \u00eatre libre de couper n&rsquo;importe quelle forme et taille, plac\u00e9 dans n&rsquo;importe quel r\u00e9cipient de filtre\/r\u00e9servoir de filtre\/seau de filtre\/grille de filtre\/filtres de r\u00e9servoir, etc., avec une eau lisse, dont l&rsquo;arrangement \u00e0 haute densit\u00e9 de structure mol\u00e9culaire sp\u00e9ciale peut absorber efficacement toutes sortes d&rsquo;impuret\u00e9s d&rsquo;aquarium, telles que les excr\u00e9ments de poisson, <span>Nourrir les r\u00e9sidus, am\u00e9liorer la propret\u00e9 du filtre \u00e0 eau. Les meilleurs r\u00e9sultats. R\u00e9duire les poissons <\/span><\/p>\n<p>&amp;Nbsp; pour <\/p>\n<p>MSPF-1\u00a0: CARBON SPONGE coton filtre \u00e0 charbon actif <br \/> Le produit id\u00e9al pour nettoyer et pr\u00e9venir l&rsquo;eau trouble <br \/> Pi\u00e9ger les particules de salet\u00e9 flottantes, les mat\u00e9riaux lourds, les agents pathog\u00e8nes, le chlore, le fluorure et d&rsquo;autres contaminants <\/p>\n<p>MSPF-1 isole les petites particules solides en suspension dans la filtration de l&rsquo;eau et am\u00e9liore clairement la qualit\u00e9 de l&rsquo;eau. Les impuret\u00e9s, l&rsquo;optimisation de la microcirculation \u00e9cologique de l&rsquo;aquarium, jouent un bon r\u00f4le. C&rsquo;est l&rsquo;une des fournitures essentielles de l&rsquo;aquarium. <\/p>\n<p>&amp;Nbsp; pour <\/p>\n<p>MSPF-2\u00a0: PHOSPHATE MOINS \u00c9PONGE sauf coton filtre phosphate <br \/> Le produit id\u00e9al pour r\u00e9duire le phosphate nutritif dont les algues ont besoin pour stimuler leur croissance. De plus, il aide \u00e0 pr\u00e9venir l\u2019eau verte et la couverture et est sans danger pour les plantes \u00e0 poissons. <\/p>\n<p>MSPF-2, peut r\u00e9duire efficacement les niveaux de phosphate dans l&rsquo;eau de l&rsquo;aquarium pour emp\u00eacher les algues ou la mousse et autres productions \u00e0 plusieurs degr\u00e9s, une qualit\u00e9 stable, emp\u00eachant la d\u00e9t\u00e9rioration, \u00e9liminant les produits chimiques phosphat\u00e9s. Sa structure d&rsquo;arrangement mol\u00e9culaire unique aide \u00e9galement \u00e0 filtrer et \u00e0 purifier les impuret\u00e9s de l&rsquo;aquarium. <\/p>\n<p>&amp;Nbsp; pour <\/p>\n<p>MSPF-3\u00a0: \u00c9PONGE ABSORBANT LES NITRITES ET LES NITRATES aux filtres en coton nitrate\/nitrite <br \/> La technique innovante de nano pulv\u00e9risation, un m\u00e9lange de r\u00e9sines \u00e9changeuses de lons naturelles et synth\u00e9tiques \u00e9limine et \u00e9limine rapidement les nitrites et les nitrates dans l&rsquo;eau. Aide \u00e0 contr\u00f4ler les augmentations soudaines d&rsquo;ammoniac et de nitrite caus\u00e9es par l&rsquo;ajout de nouveaux poissons, ou \u00e0 chaque fois que du nitrite ou du nitrate est d\u00e9tect\u00e9. <\/p>\n<p>MSPF-3 utilisant une technologie de nano-rev\u00eatement unique, le m\u00e9lange d&rsquo;ions mol\u00e9culaires naturels peut avoir une \u00e9limination rapide et r\u00e9duire la teneur en nitrate et en nitrite dans l&rsquo;eau, l&rsquo;ammoniac et peut rapidement contr\u00f4ler l&rsquo;\u00e9l\u00e9ment en raison du nouveau nouvel ammoniac d&rsquo;origine biologique <\/span>Une augmentation soudaine (ammoniac, c&rsquo;est-\u00e0-dire, ammoniac) et les valeurs de nitrate. Il peut \u00e9galement contr\u00f4ler et supprimer la g\u00e9n\u00e9ration et r\u00e9duire les niveaux de nitrate ou de nitrite dans des circonstances normales. Sa structure d&rsquo;arrangement mol\u00e9culaire unique aide \u00e9galement \u00e0 filtrer et \u00e0 purifier les impuret\u00e9s de l&rsquo;aquarium. <\/p>\n<p>\u00c9PONGE DE R\u00c9DUCTION D&rsquo;AMMONIAC \u200b\u200ben coton absorbant l&rsquo;ammoniac. extrait l&rsquo;ammoniac de l&rsquo;eau, emp\u00eachant l&rsquo;\u00e9change entre le NO2 et le NO3. Aide \u00e0 contr\u00f4ler les toxines associ\u00e9es \u00e0 l&rsquo;introduction de nouveaux poissons dans un aquarium, \u00e0 la suralimentation et \u00e0 la surpopulation. <\/p>\n<p>MSPF-4 utilisant une technologie de nano-rev\u00eatement unique, peut avoir un \u00e9l\u00e9ment efficace d&rsquo;absorption de l&rsquo;eau de l&rsquo;ammoniac \/ <span>ammoniac <\/span> (ammoniac, c&rsquo;est-\u00e0-dire ammoniac) qui peut emp\u00eacher le dioxyde d&rsquo;azote et le trioxyde d&rsquo;azote dangereux. \u00e9change de mat\u00e9riaux g\u00e9n\u00e9r\u00e9, et capable d&rsquo;absorber la pr\u00e9vention et le contr\u00f4le de l&rsquo;ajout de nouveaux poissons d&rsquo;aquarium, ou de l&rsquo;accouplement, etc., de substances dangereuses g\u00e9n\u00e9r\u00e9es. Sa structure d&rsquo;arrangement mol\u00e9culaire unique aide \u00e9galement \u00e0 filtrer et \u00e0 purifier les impuret\u00e9s de l&rsquo;aquarium. <\/p>\n<\/p><\/div>\n","protected":false},"excerpt":{"rendered":"<p>Mat\u00e9riau filtrant \u00e0 base de coton filtrant \u00e0 haute teneur en fibres de type MSPF-00<\/p>\n","protected":false},"featured_media":6191,"comment_status":"open","ping_status":"closed","template":"","meta":[],"product_brand":[],"product_cat":[358],"product_tag":[],"class_list":{"0":"post-39389","1":"product","2":"type-product","3":"status-publish","4":"has-post-thumbnail","6":"product_cat-ecumeurs-de-proteines","8":"first","9":"instock","10":"shipping-taxable","11":"purchasable","12":"product-type-simple"},"_links":{"self":[{"href":"https:\/\/www.myaquastore.com\/fr\/wp-json\/wp\/v2\/product\/39389","targetHints":{"allow":["GET"]}}],"collection":[{"href":"https:\/\/www.myaquastore.com\/fr\/wp-json\/wp\/v2\/product"}],"about":[{"href":"https:\/\/www.myaquastore.com\/fr\/wp-json\/wp\/v2\/types\/product"}],"replies":[{"embeddable":true,"href":"https:\/\/www.myaquastore.com\/fr\/wp-json\/wp\/v2\/comments?post=39389"}],"wp:featuredmedia":[{"embeddable":true,"href":"https:\/\/www.myaquastore.com\/fr\/wp-json\/wp\/v2\/media\/6191"}],"wp:attachment":[{"href":"https:\/\/www.myaquastore.com\/fr\/wp-json\/wp\/v2\/media?parent=39389"}],"wp:term":[{"taxonomy":"product_brand","embeddable":true,"href":"https:\/\/www.myaquastore.com\/fr\/wp-json\/wp\/v2\/product_brand?post=39389"},{"taxonomy":"product_cat","embeddable":true,"href":"https:\/\/www.myaquastore.com\/fr\/wp-json\/wp\/v2\/product_cat?post=39389"},{"taxonomy":"product_tag","embeddable":true,"href":"https:\/\/www.myaquastore.com\/fr\/wp-json\/wp\/v2\/product_tag?post=39389"}],"curies":[{"name":"wp","href":"https:\/\/api.w.org\/{rel}","templated":true}]}}