{"id":39395,"date":"2016-12-27T16:03:42","date_gmt":"2016-12-27T16:03:42","guid":{"rendered":"https:\/\/www.myaquastore.com\/product\/materiau-de-filtre-volcanique-anneau-en-ceramique-a-infrarouge-lointain-de-qualite\/"},"modified":"2025-03-16T09:08:01","modified_gmt":"2025-03-16T09:08:01","slug":"materiau-de-filtre-volcanique-anneau-en-ceramique-a-infrarouge-lointain-de-qualite","status":"publish","type":"product","link":"https:\/\/www.myaquastore.com\/fr\/product\/materiau-de-filtre-volcanique-anneau-en-ceramique-a-infrarouge-lointain-de-qualite\/","title":{"rendered":"Mat\u00e9riau de filtre volcanique, anneau en c\u00e9ramique \u00e0 infrarouge lointain de qualit\u00e9"},"content":{"rendered":"<h2>Description du produit <\/h2>\n<p><img><br class=\"\"><br class=\"\"><\/p>\n<p><br class=\"\"><br class=\"\"><img decoding=\"async\" width=\"\" height=\"\" class=\"\" alt=\"\" src=\"\"><br class=\"\"><br class=\"\"><br class=\"\"><br class=\"\"><\/p>\n<p align=\"\">\n<p align=\"\"><strong>Source Mer \/ Mer \ufffd\ufffd source \/ SOURCES MARINES Maison de bact\u00e9ries \u00e0 anneau en c\u00e9ramique poreuse volcanique infrarouge lointain \u00e0 collectionner <\/strong> Est la version d&rsquo;exportation du filtre de haut niveau, est une maison de bact\u00e9ries infrarouge lointain riche en fonctionnalit\u00e9s, accompagn\u00e9e de pores fins caract\u00e9ristiques plus respirants. Sa fine structure poreuse en nid d&rsquo;abeille, des bact\u00e9ries plus b\u00e9n\u00e9fiques. En utilisant un minerai poreux, des bact\u00e9ries biologiques, riches en min\u00e9raux et cendres volcaniques micro-poreuses et raffin\u00e9es. Il offre un bon environnement aux micro-organismes parasites les plus appropri\u00e9s, peut former un grand nombre de bact\u00e9ries b\u00e9n\u00e9fiques, reconstruire la qualit\u00e9 \u00e9cologique d&rsquo;origine de l&rsquo;eau, une d\u00e9composition plus rapide due \u00e0 la suralimentation ou augmenter la charge accrue d&rsquo;alimentation des poissons caus\u00e9e par les nitrites. Convient \u00e0 toute utilisation \u00e0 long terme de cylindre de r\u00e9servoir d&rsquo;eau douce et d&rsquo;eau de mer. et peut favoriser le m\u00e9tabolisme des poissons et \u00e9liminer les substances nocives du corps. Augmente efficacement la quantit\u00e9 d&rsquo;oxyg\u00e8ne dissous dans l&rsquo;eau. l&rsquo;eau et l&rsquo;\u00e9limination des \u00e9l\u00e9ments de m\u00e9taux lourds nocifs. fournir la plus grande r\u00e9sidence aux bact\u00e9ries digestives b\u00e9n\u00e9fiques. Chaleur \u00e0 1600 degr\u00e9s apr\u00e8s saisie du traitement de la qualit\u00e9 de l&rsquo;eau, puis activation. induire la couleur des cheveux des poissons. est un mat\u00e9riau filtrant id\u00e9al <\/p>\n<p align=\"\">\n<p align=\"\">L&rsquo;effet filtrant est l&rsquo;effet des bact\u00e9ries communes 10 fois, changer l&rsquo;eau peut prolonger le temps n\u00e9cessaire pour garder l&rsquo;eau de l&rsquo;aquarium claire. <\/p>\n<p align=\"\">\n<p align=\"\"><strong>Profil d&rsquo;efficacit\u00e9\u00a0: <\/strong><\/p>\n<p align=\"\">Anneau en c\u00e9ramique infrarouge lointain volcan rouge, volcanique ajouter des \u00e9l\u00e9ments sp\u00e9ciaux et des anneaux de bio-verre traditionnels et d&rsquo;autres anneaux de filtre en c\u00e9ramique blanche, par rapport contiennent des min\u00e9raux et des oligo-\u00e9l\u00e9ments plus abondants, pour fournir un niveau plus stable de valeur de PH, peut efficacement maintenir la sant\u00e9 de l&rsquo;amour. Gr\u00e2ce \u00e0 la surface poreuse du processus de frittage \u00e0 haute temp\u00e9rature, la surface sp\u00e9cifique de la culture bact\u00e9rienne \u00e9tait 100 fois sup\u00e9rieure \u00e0 celle du filtre en c\u00e9ramique g\u00e9n\u00e9ral, acc\u00e9l\u00e9rant efficacement l&rsquo;\u00e9tablissement du syst\u00e8me de nitrification et de r\u00e9g\u00e9n\u00e9ration avec une structure de pores \u00e0 haute p\u00e9n\u00e9tration pour faciliter une couverture rapide de saturation de l&rsquo;eau, fournissant un espace a\u00e9robie et ana\u00e9robie, des populations bact\u00e9riennes de flore bact\u00e9rienne a\u00e9robie et ana\u00e9robie actives, contr\u00f4lent efficacement l&rsquo;accumulation de nitrite et de nitrate. <\/p>\n<p align=\"\">\n<p align=\"\"> <strong>Par rapport au filtre g\u00e9n\u00e9ral\u00a0: <\/strong><\/p>\n<p align=\"\"><strong>&amp;Nbsp; pour <\/strong><\/p>\n<ul>\n<li>\u00c9tant donn\u00e9 que les pores \u00e9taient de forme ouverte, m\u00eame apr\u00e8s une utilisation prolong\u00e9e, ils se bouchent. <\/li>\n<li>\u00c9l\u00e9ment particulier volcanique ajout\u00e9, teneur en min\u00e9raux plus riche, la valeur du PH est plus stable. <\/li>\n<li>L&rsquo;effet filtrant est l&rsquo;effet de la maison bact\u00e9rienne commune 10 fois, changer l&rsquo;eau peut prolonger le temps n\u00e9cessaire pour garder l&rsquo;eau de l&rsquo;aquarium claire. <\/li>\n<li>La d\u00e9composition des substances nocives est plus de 10 fois sup\u00e9rieure \u00e0 la vitesse d&rsquo;un anneau normal en verre ou en c\u00e9ramique\u00a0! <\/li>\n<li>La surface biologique est 300 fois sup\u00e9rieure \u00e0 celle de la balle\u00a0! <\/li>\n<li>Structure capillaire complexe, fixation plus efficace des bact\u00e9ries nitrifiantes\u00a0! <\/li>\n<li>Un grand nombre de pores ultra-fins constituent un terrain id\u00e9al pour les bact\u00e9ries d\u00e9nitrifiantes. <\/li>\n<li>La surface recouverte de pores tr\u00e8s fins est plus que la boucle de culture de bact\u00e9ries d\u00e9nitrifiantes biologiques habituelle 10 fois plus nombreuse <\/li>\n<li>Emballage pour la version d&rsquo;exportation de l&#8217;emballage en bo\u00eete super dure, beau \u00e0 la fois une meilleure r\u00e9sistance \u00e0 la compression (produits non marchands et emballage en bo\u00eete souple bon march\u00e9, mieux \u00e0 m\u00eame de prot\u00e9ger l&rsquo;int\u00e9grit\u00e9 de l&rsquo;anneau en c\u00e9ramique) <\/li>\n<\/ul>\n<p align=\"\">\n<p align=\"\">Taille des particules\u00a0: environ 16 X 16 MM <\/p>\n<p align=\"\">Emballage\u00a0: Capacit\u00e9 du filtre\u00a0: 1L \/ 2,5L <\/p>\n<p align=\"\">\n<p align=\"\">Veuillez rincer \u00e0 l&rsquo;eau et tremper pendant une demi-heure apr\u00e8s le d\u00e9ballage 1\u00a0: Rappel <\/p>\n<p align=\"\">2 \u00c9tant donn\u00e9 que le filtre est un article fragile, il peut entrer en collision lors de la production, le transport peut causer incomplet ou \u00e9caillage de l&rsquo;anneau en c\u00e9ramique, ceci est normal et n&rsquo;affecte pas l&rsquo;utilisation normale du produit <\/p>\n<p><br class=\"\"><br class=\"\"><img decoding=\"async\" width=\"\" height=\"\" class=\"\" alt=\"\" src=\"\"><\/p>\n<p><br class=\"\"><br class=\"\"><img decoding=\"async\" width=\"\" height=\"\" class=\"\" alt=\"\" src=\"\"><br class=\"\"><br class=\"\"><br class=\"\"><img decoding=\"async\" width=\"\" height=\"\" class=\"\" alt=\"\" src=\"\"><\/p>\n<\/p><\/div>\n<p>\u00ab\u00a0<\/p>\n","protected":false},"excerpt":{"rendered":"<p>Mat\u00e9riau de filtre volcanique, anneau en c\u00e9ramique \u00e0 infrarouge lointain de qualit\u00e9<\/p>\n","protected":false},"featured_media":6215,"comment_status":"open","ping_status":"closed","template":"","meta":[],"product_brand":[],"product_cat":[358],"product_tag":[],"class_list":{"0":"post-39395","1":"product","2":"type-product","3":"status-publish","4":"has-post-thumbnail","6":"product_cat-ecumeurs-de-proteines","8":"first","9":"instock","10":"shipping-taxable","11":"purchasable","12":"product-type-simple"},"_links":{"self":[{"href":"https:\/\/www.myaquastore.com\/fr\/wp-json\/wp\/v2\/product\/39395","targetHints":{"allow":["GET"]}}],"collection":[{"href":"https:\/\/www.myaquastore.com\/fr\/wp-json\/wp\/v2\/product"}],"about":[{"href":"https:\/\/www.myaquastore.com\/fr\/wp-json\/wp\/v2\/types\/product"}],"replies":[{"embeddable":true,"href":"https:\/\/www.myaquastore.com\/fr\/wp-json\/wp\/v2\/comments?post=39395"}],"wp:featuredmedia":[{"embeddable":true,"href":"https:\/\/www.myaquastore.com\/fr\/wp-json\/wp\/v2\/media\/6215"}],"wp:attachment":[{"href":"https:\/\/www.myaquastore.com\/fr\/wp-json\/wp\/v2\/media?parent=39395"}],"wp:term":[{"taxonomy":"product_brand","embeddable":true,"href":"https:\/\/www.myaquastore.com\/fr\/wp-json\/wp\/v2\/product_brand?post=39395"},{"taxonomy":"product_cat","embeddable":true,"href":"https:\/\/www.myaquastore.com\/fr\/wp-json\/wp\/v2\/product_cat?post=39395"},{"taxonomy":"product_tag","embeddable":true,"href":"https:\/\/www.myaquastore.com\/fr\/wp-json\/wp\/v2\/product_tag?post=39395"}],"curies":[{"name":"wp","href":"https:\/\/api.w.org\/{rel}","templated":true}]}}