{"id":39403,"date":"2016-12-27T16:03:42","date_gmt":"2016-12-27T16:03:42","guid":{"rendered":"https:\/\/www.myaquastore.com\/product\/peigne-de-trop-plein-pour-boite-de-trop-plein-en-acrylique-osc-1\/"},"modified":"2025-03-16T09:14:04","modified_gmt":"2025-03-16T09:14:04","slug":"peigne-de-trop-plein-pour-boite-de-trop-plein-en-acrylique-osc-1","status":"publish","type":"product","link":"https:\/\/www.myaquastore.com\/fr\/product\/peigne-de-trop-plein-pour-boite-de-trop-plein-en-acrylique-osc-1\/","title":{"rendered":"Peigne de trop-plein pour bo\u00eete de trop-plein en acrylique OSC-1"},"content":{"rendered":"<h2>Description du produit <\/h2>\n<div class=\" mod=\">\n<div>\n<div>\n<div class=\" d\u00e9tail-inside=\">\n<div>\n<div>\n<div class=\" r\u00e9gion-custom=\">\n<div class=\" widget-custom=\">\n<div>\n<div class=\" mod-detail-description=\" data-mod-config='{\"showOn\":[\"mod-detail-description\"],\"title\":\"\ufffd\ufffd\u03f8\ufffd\ufffd\u03e2\",\"tabConfig\":{\"trace\":\"tabdetail\",\"showKey\":\"mod-detail-description\"}}'>\n<div class=\" de-description-detail=\">\n<div data-url=\"\">\n<div>Source Sea SOURCES MARINES <strong>Peigne \u00e0 d\u00e9bordement<\/strong>Utiliser un mat\u00e9riau acrylique avanc\u00e9 <strong>\ufffd\ufffd <\/strong>Il s&rsquo;applique et la source du r\u00e9servoir de trop-plein peut \u00eatre uniform\u00e9ment dispers\u00e9e dans l&rsquo;eau pour emp\u00eacher les poissons, les cr\u00e9atures de l&rsquo;aquarium, les plantes et le gravier de p\u00e9n\u00e9trer dans le r\u00e9servoir de trop-plein. <\/div>\n<div><\/div>\n<div>Manuel du produit\u00a0: <\/div>\n<div>\n<div>OSC-1 (grande taille) s&rsquo;applique et la source de la bo\u00eete de trop-plein SOB-1 <\/div>\n<div><\/div>\n<div><\/div>\n<div>Un autre peut fournir des sp\u00e9cifications personnalis\u00e9es accept\u00e9es <\/div>\n<div><a href=\"\"><img decoding=\"async\" width=\"\" height=\"\" class=\"\" alt=\"\" src=\"\"><\/a><br class=\"\"><br class=\"\"><\/div><\/div><\/div><\/div><\/div><\/div><\/div>\n<div class=\"\" data-widget-name=\"\"><\/div><\/div><\/div><\/div><\/div><\/div><\/div><\/div>\n<div class=\"\" data-view-config='{\"\"showResult\"\":false,\"\"feature\"\":\"\"WP_WIDGET_OFFER_DETAIL\"\",\"\"showTitle\"\":false}' data-app='{\"\"styles\"\":[],\"\"title\"\":\"\"offer\ufffd\ufffd\u03f8\ufffd\ufffd\ufffd\ufffd3\"\",\"\"name\"\":\"\"offerDetailContext3\"\",\"\"id\"\":\"\"6d7584a1f4714f37868f62b60e1b3f6a\"\"}'> \u200b\u200b<\/p>\n<div class=\"\">\n<div class=\"\">\n<div class=\"\" data-area-config=\"\">\n<div class=\"\">\n<div class=\"\">\n<div class=\"\" data-region-config='{\"\"name\"\":\"\"region-detail-credit\"\",\"\"direction\"\":\"\"vertical\"\"}'> \u200b\u200b<\/p>\n<div class=\"\" data-widget-name=\"\">\n<div class=\"\"> &lt;div class=&quot;&quot; mod-detail-dealrecord=&quot;&quot; mod-info&quot;&quot;=&quot;&quot; id=&quot;&quot; mod-detail-dealrecord&quot;&quot;=&quot;&quot; style=&quot;&quot; margin:=&quot;&quot; 0px=&quot;&quot; 0px=&quot;&quot; 32px;=&quot;&quot; position:=&quot;&quot; relative;&quot;&quot;=&quot;&quot; data-mod-config=&#039;{&quot;&quot;showOn&quot;&quot;:[&quot;&quot;mod-detail-description&quot;&quot;,&quot;&quot;mod-detail-dealrecord&quot;&quot;],&quot;&quot;title&quot;&quot;:&quot;&quot;\ufffd\u027d\ufffd<em>0<\/em>\u00ab\u00a0\u00a0\u00bb,\u00a0\u00bb\u00a0\u00bbtabConfig\u00a0\u00bb\u00a0\u00bb:{\u00ab\u00a0\u00a0\u00bbtrace\u00a0\u00bb\u00a0\u00bb:\u00a0\u00bb\u00a0\u00bbtabdealrecord\u00a0\u00bb\u00a0\u00bb,\u00a0\u00bb\u00a0\u00bbshowKey\u00a0\u00bb\u00a0\u00bb:\u00a0\u00bb\u00a0\u00bbmod-detail-dealrecord\u00a0\u00bb \u00ab\u00a0},\u00a0\u00bb\u00a0\u00bbremarkListUrl\u00a0\u00bb\u00a0\u00bb:\u00a0\u00bb\u00a0\u00bbhttp:\/\/rate.1688.com\/remark\/offerDetail\/saleRecords.json?offerId=1276887648&Prime;\u00a0\u00bb,\u00a0\u00bb\u00a0\u00bbtotal\u00a0\u00bb\u00a0\u00bb:\u00a0\u00bb\u00a0\u00bb0&Prime;\u00a0\u00bb,\u00a0\u00bb\u00a0\u00bbhalfYearTotal\u00a0\u00bb\u00a0\u00bb:\u00a0\u00bb\u00a0\u00bb0&Prime;\u00a0\u00bb,\u00a0\u00bb\u00a0\u00bbtotalRate\u00a0\u00bb\u00a0\u00bb:\u00a0\u00bb\u00a0\u00bb0&Prime;\u00a0\u00bb,\u00a0\u00bb\u00a0\u00bbisTgcSKUOffer\u00a0\u00bb\u00a0\u00bb:\u00a0\u00bb\u00a0\u00bbfalse\u00a0\u00bb\u00a0\u00bb}&rsquo;&gt; <\/p>\n<div class=\"\">\n<h2 class=\"\">Enregistrement de transaction <\/h2>\n<\/p><\/div><\/div><\/div><\/div><\/div><\/div><\/div><\/div><\/div><\/div><\/div><\/div>\n<p>\u00ab\u00a0<\/p>\n","protected":false},"excerpt":{"rendered":"<p>Peigne de trop-plein pour bo\u00eete de trop-plein en acrylique OSC-1<\/p>\n","protected":false},"featured_media":6236,"comment_status":"open","ping_status":"closed","template":"","meta":[],"product_brand":[],"product_cat":[358],"product_tag":[],"class_list":{"0":"post-39403","1":"product","2":"type-product","3":"status-publish","4":"has-post-thumbnail","6":"product_cat-ecumeurs-de-proteines","8":"first","9":"instock","10":"shipping-taxable","11":"purchasable","12":"product-type-simple"},"_links":{"self":[{"href":"https:\/\/www.myaquastore.com\/fr\/wp-json\/wp\/v2\/product\/39403","targetHints":{"allow":["GET"]}}],"collection":[{"href":"https:\/\/www.myaquastore.com\/fr\/wp-json\/wp\/v2\/product"}],"about":[{"href":"https:\/\/www.myaquastore.com\/fr\/wp-json\/wp\/v2\/types\/product"}],"replies":[{"embeddable":true,"href":"https:\/\/www.myaquastore.com\/fr\/wp-json\/wp\/v2\/comments?post=39403"}],"wp:featuredmedia":[{"embeddable":true,"href":"https:\/\/www.myaquastore.com\/fr\/wp-json\/wp\/v2\/media\/6236"}],"wp:attachment":[{"href":"https:\/\/www.myaquastore.com\/fr\/wp-json\/wp\/v2\/media?parent=39403"}],"wp:term":[{"taxonomy":"product_brand","embeddable":true,"href":"https:\/\/www.myaquastore.com\/fr\/wp-json\/wp\/v2\/product_brand?post=39403"},{"taxonomy":"product_cat","embeddable":true,"href":"https:\/\/www.myaquastore.com\/fr\/wp-json\/wp\/v2\/product_cat?post=39403"},{"taxonomy":"product_tag","embeddable":true,"href":"https:\/\/www.myaquastore.com\/fr\/wp-json\/wp\/v2\/product_tag?post=39403"}],"curies":[{"name":"wp","href":"https:\/\/api.w.org\/{rel}","templated":true}]}}