{"id":39417,"date":"2016-12-27T16:03:48","date_gmt":"2016-12-27T16:03:48","guid":{"rendered":"https:\/\/www.myaquastore.com\/product\/ecumoire-du-diable-rouge-bouteille-droite-ecumoire-sdp-serie-sdp-750-le-plus-grand-plan-deau-du-diable-rouge-adapte-a-750l\/"},"modified":"2025-03-16T09:15:02","modified_gmt":"2025-03-16T09:15:02","slug":"ecumoire-du-diable-rouge-bouteille-droite-ecumoire-sdp-serie-sdp-750-le-plus-grand-plan-deau-du-diable-rouge-adapte-a-750l","status":"publish","type":"product","link":"https:\/\/www.myaquastore.com\/fr\/product\/ecumoire-du-diable-rouge-bouteille-droite-ecumoire-sdp-serie-sdp-750-le-plus-grand-plan-deau-du-diable-rouge-adapte-a-750l\/","title":{"rendered":"\u00c9cumoire du diable rouge, bouteille droite, \u00e9cumoire SDP s\u00e9rie SDP-750, le plus grand plan d&rsquo;eau du diable rouge, adapt\u00e9 \u00e0 750L"},"content":{"rendered":"<h2>Description du produit <\/h2>\n<p>&amp;Nbsp; pour <\/p>\n<p><strong>Sp\u00e9cifications : <\/strong><\/p>\n<div>\n<div>\n<div>Mod\u00e8le : SDP-750 <\/div>\n<div>Type de lieu : Int\u00e9gr\u00e9 <\/div>\n<div>Taille (diam\u00e8tre\/hauteur MM) : 120\/510 <\/div>\n<div>\u00c9quip\u00e9 d&rsquo;une pompe \u00e0 eau : Red Devil SP2 (Red Devil SP2) <\/div>\n<div>Puissance de fonctionnement : 13 W <\/div>\n<div>Capacit\u00e9 inspiratoire maximale : 400 L\/H <\/div>\n<div>Le r\u00e9servoir maximum recommand\u00e9 (L) : 750 <\/div>\n<div>Aquarium recommand\u00e9 : 300 ~ 750 L <\/div><\/div>\n<div>Sp\u00e9cifications du quai (MM) : 270\/160 <\/p>\n<p><a><img class=\" size-full=\"><\/a><\/p>\n<\/div>\n<div><\/div>\n<div>\n<div><strong>Et la source de MARINE SOURCES SUPER DEVIL PRO (SDP) Super Devil pompe \u00e9cumeur (unit\u00e9 d&rsquo;azote) Caract\u00e9ristiques professionnelles de la s\u00e9rie de bouteilles droites\u00a0: <\/strong><\/div>\n<div>Une nouvelle conception am\u00e9lior\u00e9e de grande cloche \u00e0 corps \u00e0 c\u00f4ne haut et une conception par rapport \u00e0 l&rsquo;\u00e9cumeur de prot\u00e9ines conventionnel, la mousse est collect\u00e9e plus facilement. <\/div>\n<div>2 plus que l&rsquo;efficacit\u00e9, est configur\u00e9 sp\u00e9cifiquement pour la pompe \u00e0 brosse \u00e0 aiguille du diable d\u00e9velopp\u00e9e par l&rsquo;\u00e9cumeur d&rsquo;azote\/prot\u00e9ine. <\/div>\n<div>3 pompe \u00e0 brosse \u00e0 broches du diable SP2 (jusqu&rsquo;au volume inspiratoire maximum\u00a0: 400 L\/H, consommation d&rsquo;\u00e9nergie d&rsquo;environ 13 W. <\/div>\n<div>4 est \u00e9quip\u00e9 d&rsquo;un petit d\u00e9flecteur de bulles conique peut \u00eatre une mousse riche et r\u00e9duire efficacement les chocs. corps. <\/div>\n<div>5 derniers moules modifi\u00e9s de ports d&rsquo;admission Venturi (Venturi) que d&rsquo;autres produits similaires ont une plus grande quantit\u00e9 d&rsquo;admission. <\/div>\n<div>6 conception unique de silencieux \u00e0 double porosit\u00e9, r\u00e9duisent le bruit, fonctionnement plus silencieux de la machine <\/div>\n<div>7 tasse de collecte de conception de capuchon de verrouillage amovible, tournez doucement dans le sens inverse des aiguilles d&rsquo;une montre, vous pouvez retirer la tasse de collecte, claire et extr\u00eamement pratique. Livr\u00e9 avec un bouchon et le. \u00e9vacuation des eaux us\u00e9es, entretien de routine ne vous inqui\u00e9tez plus. <\/div>\n<div>8 Toutes les pi\u00e8ces en acrylique fabriqu\u00e9es \u00e0 l&rsquo;aide d&rsquo;une technologie laser avanc\u00e9e garantissent efficacement non seulement le degr\u00e9 de fabrication, mais \u00e9galement la qualit\u00e9 et la stabilit\u00e9 du produit. <\/div>\n<div><\/div>\n<div><\/div>\n<div><a><img class=\" size-full=\"><\/a><\/div>\n<div><a><img class=\" size-full=\"><\/a><\/p>\n<p>SDP autre mod\u00e8le <\/div>\n<div><a><img class=\" size-full=\"><\/a><\/div><\/div><\/div>\n<p>&amp;Nbsp; pour <\/p>\n<\/p><\/div>\n","protected":false},"excerpt":{"rendered":"<p>\u00c9cumoire du diable rouge, bouteille droite, \u00e9cumoire SDP s\u00e9rie SDP-750, le plus grand plan d&rsquo;eau du diable rouge, adapt\u00e9 \u00e0 750L<\/p>\n","protected":false},"featured_media":6549,"comment_status":"open","ping_status":"closed","template":"","meta":[],"product_brand":[],"product_cat":[358],"product_tag":[],"class_list":{"0":"post-39417","1":"product","2":"type-product","3":"status-publish","4":"has-post-thumbnail","6":"product_cat-ecumeurs-de-proteines","8":"first","9":"instock","10":"shipping-taxable","11":"purchasable","12":"product-type-simple"},"_links":{"self":[{"href":"https:\/\/www.myaquastore.com\/fr\/wp-json\/wp\/v2\/product\/39417","targetHints":{"allow":["GET"]}}],"collection":[{"href":"https:\/\/www.myaquastore.com\/fr\/wp-json\/wp\/v2\/product"}],"about":[{"href":"https:\/\/www.myaquastore.com\/fr\/wp-json\/wp\/v2\/types\/product"}],"replies":[{"embeddable":true,"href":"https:\/\/www.myaquastore.com\/fr\/wp-json\/wp\/v2\/comments?post=39417"}],"wp:featuredmedia":[{"embeddable":true,"href":"https:\/\/www.myaquastore.com\/fr\/wp-json\/wp\/v2\/media\/6549"}],"wp:attachment":[{"href":"https:\/\/www.myaquastore.com\/fr\/wp-json\/wp\/v2\/media?parent=39417"}],"wp:term":[{"taxonomy":"product_brand","embeddable":true,"href":"https:\/\/www.myaquastore.com\/fr\/wp-json\/wp\/v2\/product_brand?post=39417"},{"taxonomy":"product_cat","embeddable":true,"href":"https:\/\/www.myaquastore.com\/fr\/wp-json\/wp\/v2\/product_cat?post=39417"},{"taxonomy":"product_tag","embeddable":true,"href":"https:\/\/www.myaquastore.com\/fr\/wp-json\/wp\/v2\/product_tag?post=39417"}],"curies":[{"name":"wp","href":"https:\/\/api.w.org\/{rel}","templated":true}]}}