{"id":39422,"date":"2016-12-27T16:03:48","date_gmt":"2016-12-27T16:03:48","guid":{"rendered":"https:\/\/www.myaquastore.com\/product\/accessoires-dinstallation-aquarium-acrylique-annexe-tlb-1-bouchon-de-reservoir-un-pack-de-4-baies\/"},"modified":"2025-03-16T09:14:55","modified_gmt":"2025-03-16T09:14:55","slug":"accessoires-dinstallation-aquarium-acrylique-annexe-tlb-1-bouchon-de-reservoir-un-pack-de-4-baies","status":"publish","type":"product","link":"https:\/\/www.myaquastore.com\/fr\/product\/accessoires-dinstallation-aquarium-acrylique-annexe-tlb-1-bouchon-de-reservoir-un-pack-de-4-baies\/","title":{"rendered":"Accessoires d&rsquo;installation aquarium acrylique annexe TLB-1 bouchon de r\u00e9servoir un pack de 4 baies"},"content":{"rendered":"<h2>Description du produit <\/h2>\n<p><a><img class=\" alignnone=\"><\/a><\/p>\n<p>Et la source du plateau de couvercle de r\u00e9servoir de SOURCES MARINES produit import\u00e9 bois de plexiglas transparent Tu <\/p>\n<p>Exposition pour une vari\u00e9t\u00e9 de cylindre ultra-blanc, r\u00e9servoir, cylindre d&rsquo;herbe, et le besoin d&rsquo;isolation du r\u00e9servoir Guiyi, de l&rsquo;aquarium et d&rsquo;autres animaux de compagnie <\/p>\n<p>&amp;Nbsp; pour <\/p>\n<p>Ce produit est un ensemble de quatre, comme le support de capuchon, la force est plus uniforme <\/p>\n<p>Caract\u00e9ristiques\u00a0: <\/p>\n<p>Pour une vari\u00e9t\u00e9 d&rsquo;exposition sans renfort, doit \u00eatre estamp\u00e9 pour le r\u00e9servoir\/chenil <\/p>\n<p>Cintrage de feuille acrylique import\u00e9e acier, beau et durable <\/p>\n<p>Peut \u00eatre accroch\u00e9 sur du verre de 6 \u00e0 12 mm d&rsquo;\u00e9paisseur, deux vis en acrylique peuvent \u00eatre serr\u00e9es pour le rendre plus stable <\/p>\n<\/p><\/div>\n","protected":false},"excerpt":{"rendered":"<p>Accessoires d&rsquo;installation aquarium acrylique annexe TLB-1 bouchon de r\u00e9servoir un pack de 4 baies<\/p>\n","protected":false},"featured_media":6435,"comment_status":"open","ping_status":"closed","template":"","meta":[],"product_brand":[],"product_cat":[358],"product_tag":[],"class_list":{"0":"post-39422","1":"product","2":"type-product","3":"status-publish","4":"has-post-thumbnail","6":"product_cat-ecumeurs-de-proteines","8":"first","9":"instock","10":"shipping-taxable","11":"purchasable","12":"product-type-simple"},"_links":{"self":[{"href":"https:\/\/www.myaquastore.com\/fr\/wp-json\/wp\/v2\/product\/39422","targetHints":{"allow":["GET"]}}],"collection":[{"href":"https:\/\/www.myaquastore.com\/fr\/wp-json\/wp\/v2\/product"}],"about":[{"href":"https:\/\/www.myaquastore.com\/fr\/wp-json\/wp\/v2\/types\/product"}],"replies":[{"embeddable":true,"href":"https:\/\/www.myaquastore.com\/fr\/wp-json\/wp\/v2\/comments?post=39422"}],"wp:featuredmedia":[{"embeddable":true,"href":"https:\/\/www.myaquastore.com\/fr\/wp-json\/wp\/v2\/media\/6435"}],"wp:attachment":[{"href":"https:\/\/www.myaquastore.com\/fr\/wp-json\/wp\/v2\/media?parent=39422"}],"wp:term":[{"taxonomy":"product_brand","embeddable":true,"href":"https:\/\/www.myaquastore.com\/fr\/wp-json\/wp\/v2\/product_brand?post=39422"},{"taxonomy":"product_cat","embeddable":true,"href":"https:\/\/www.myaquastore.com\/fr\/wp-json\/wp\/v2\/product_cat?post=39422"},{"taxonomy":"product_tag","embeddable":true,"href":"https:\/\/www.myaquastore.com\/fr\/wp-json\/wp\/v2\/product_tag?post=39422"}],"curies":[{"name":"wp","href":"https:\/\/api.w.org\/{rel}","templated":true}]}}