{"id":39423,"date":"2016-12-27T16:03:48","date_gmt":"2016-12-27T16:03:48","guid":{"rendered":"https:\/\/www.myaquastore.com\/product\/accessoires-dinstallation-mangeoire-daquarium-en-acrylique-reservoir-ouvert-suspendu\/"},"modified":"2025-03-16T09:14:56","modified_gmt":"2025-03-16T09:14:56","slug":"accessoires-dinstallation-mangeoire-daquarium-en-acrylique-reservoir-ouvert-suspendu","status":"publish","type":"product","link":"https:\/\/www.myaquastore.com\/fr\/product\/accessoires-dinstallation-mangeoire-daquarium-en-acrylique-reservoir-ouvert-suspendu\/","title":{"rendered":"Accessoires d&rsquo;installation, mangeoire d&rsquo;aquarium en acrylique, r\u00e9servoir ouvert suspendu"},"content":{"rendered":"<h2>Description du produit <\/h2>\n<p>&amp;Nbsp; pour <a><img class=\" alignnone=\"><\/a><\/p>\n<p>&amp;Nbsp; pour <\/p>\n<p>&amp;Nbsp; pour <\/p>\n<p>&amp;Nbsp; pour <\/p>\n<p>MS <strong>Anneau d&rsquo;alimentation pour poissons <\/strong>Utiliser des processus de production de mat\u00e9riaux acryliques de haute qualit\u00e9, en particulier pour les poissons p\u00e9lagiques, nourris au grain, nourris par l&rsquo;ajout de nourriture pour poisson en cercles, peuvent emp\u00eacher efficacement la nourriture pour poisson de d\u00e9river ou de s&rsquo;\u00e9couler dans le r\u00e9servoir filtrant, entra\u00eenant un gaspillage de nourriture pour poissons, plus de poissons d&rsquo;\u00e9levage. r\u00e9gime\u00a0: quand quelqu&rsquo;un est proche, il y aura des conditions pour que les poissons nagent pr\u00e8s du cercle radioactif d&rsquo;alimentation et rassemblent un ph\u00e9nom\u00e8ne int\u00e9ressant <\/p>\n<p>&amp;Nbsp; pour <\/p>\n<p>Mod\u00e8le\u00a0: FD-50W <\/p>\n<p>Diam\u00e8tre du cercle d&rsquo;alimentation\u00a0: 50\u00a0MM <\/p>\n<p>Longueur du tube d&rsquo;alimentation\u00a0: 95MM <\/p>\n<p>&amp;Nbsp; pour <\/p>\n<p>Mod\u00e8le\u00a0: FD-70W <\/p>\n<p>Diam\u00e8tre du cercle d&rsquo;alimentation\u00a0: 70\u00a0MM <\/p>\n<p>Longueur du tube d&rsquo;alimentation\u00a0: 95MM <\/p>\n<p>&amp;Nbsp; pour <\/p>\n<p>Mod\u00e8le\u00a0: FD-90W <\/p>\n<p>Diam\u00e8tre du cercle d&rsquo;alimentation\u00a0: 90\u00a0MM <\/p>\n<p>Longueur du tube d&rsquo;alimentation\u00a0: 95MM <\/p>\n<p>&amp;Nbsp; pour <\/p>\n<p>Mod\u00e8le\u00a0: FD-100W <\/p>\n<p>Diam\u00e8tre du cercle d&rsquo;alimentation\u00a0: 100\u00a0MM <\/p>\n<p>Longueur du tube d&rsquo;alimentation\u00a0: 95MM <\/p>\n<p>&amp;Nbsp; pour <\/p>\n<p>Autre description\u00a0: L&rsquo;image est accroch\u00e9e au mur de l&rsquo;aquarium, \u00e0 usage stationnaire, sans \u00e9tirement, uniquement sur le mur de l&rsquo;aquarium. <\/p>\n<p>Vous pouvez r\u00e9gler le niveau du cercle d&rsquo;auto-alimentation <\/p>\n<p>&amp;Nbsp; pour <\/p>\n<p>La figure suivante montre le mur <\/p>\n<p><a><img class=\" wp-image-3508=\"><\/a><\/p>\n<p><a><img class=\" size-full=\"><\/a><\/p>\n<p>&amp;Nbsp; pour <\/p>\n<\/p><\/div>\n","protected":false},"excerpt":{"rendered":"<p>Accessoires d&rsquo;installation, mangeoire d&rsquo;aquarium en acrylique, r\u00e9servoir ouvert suspendu<\/p>\n","protected":false},"featured_media":6438,"comment_status":"open","ping_status":"closed","template":"","meta":[],"product_brand":[],"product_cat":[358],"product_tag":[],"class_list":{"0":"post-39423","1":"product","2":"type-product","3":"status-publish","4":"has-post-thumbnail","6":"product_cat-ecumeurs-de-proteines","8":"first","9":"instock","10":"shipping-taxable","11":"purchasable","12":"product-type-simple"},"_links":{"self":[{"href":"https:\/\/www.myaquastore.com\/fr\/wp-json\/wp\/v2\/product\/39423","targetHints":{"allow":["GET"]}}],"collection":[{"href":"https:\/\/www.myaquastore.com\/fr\/wp-json\/wp\/v2\/product"}],"about":[{"href":"https:\/\/www.myaquastore.com\/fr\/wp-json\/wp\/v2\/types\/product"}],"replies":[{"embeddable":true,"href":"https:\/\/www.myaquastore.com\/fr\/wp-json\/wp\/v2\/comments?post=39423"}],"wp:featuredmedia":[{"embeddable":true,"href":"https:\/\/www.myaquastore.com\/fr\/wp-json\/wp\/v2\/media\/6438"}],"wp:attachment":[{"href":"https:\/\/www.myaquastore.com\/fr\/wp-json\/wp\/v2\/media?parent=39423"}],"wp:term":[{"taxonomy":"product_brand","embeddable":true,"href":"https:\/\/www.myaquastore.com\/fr\/wp-json\/wp\/v2\/product_brand?post=39423"},{"taxonomy":"product_cat","embeddable":true,"href":"https:\/\/www.myaquastore.com\/fr\/wp-json\/wp\/v2\/product_cat?post=39423"},{"taxonomy":"product_tag","embeddable":true,"href":"https:\/\/www.myaquastore.com\/fr\/wp-json\/wp\/v2\/product_tag?post=39423"}],"curies":[{"name":"wp","href":"https:\/\/api.w.org\/{rel}","templated":true}]}}