{"id":39424,"date":"2016-12-27T16:03:47","date_gmt":"2016-12-27T16:03:47","guid":{"rendered":"https:\/\/www.myaquastore.com\/product\/installation-daquarium-raccord-de-tuyau-en-plastique-pour-fixer-linterrupteur-de-vanne\/"},"modified":"2025-03-16T09:14:41","modified_gmt":"2025-03-16T09:14:41","slug":"installation-daquarium-raccord-de-tuyau-en-plastique-pour-fixer-linterrupteur-de-vanne","status":"publish","type":"product","link":"https:\/\/www.myaquastore.com\/fr\/product\/installation-daquarium-raccord-de-tuyau-en-plastique-pour-fixer-linterrupteur-de-vanne\/","title":{"rendered":"Installation d&rsquo;aquarium Raccord de tuyau en plastique pour fixer l&rsquo;interrupteur de vanne"},"content":{"rendered":"<h2>Description du produit <\/h2>\n<p>&amp;Nbsp; pour <\/p>\n<p><a><img class=\" alignnone=\"><\/a><\/p>\n<p>Param\u00e8tres techniques <\/p>\n<p>Mod\u00e8le\u00a0: WV1010 <\/p>\n<p>Sp\u00e9cifications\u00a0: Diam\u00e8tre\u00a0: \uffa6\uffb510 x \uffa6\uffb510MM <\/p>\n<p>Valves WV1010, applicables \u00e0 tous les types de syst\u00e8mes de connexion de tuyaux d&rsquo;aquarium, toutes sortes de pompes et d&rsquo;\u00e9quipements de contr\u00f4le de d\u00e9bit <\/p>\n<p><a><img class=\" size-large=\"><\/a><\/p>\n<p>Param\u00e8tres techniques <\/p>\n<p>Mod\u00e8le\u00a0: WV1212 <\/p>\n<p>Sp\u00e9cifications\u00a0: Diam\u00e8tre\u00a0: \uffa6\uffb512 x \uffa6\uffb512MM <\/p>\n<p>Valves WV1212, applicables \u00e0 tous les types de syst\u00e8me de connexion de tuyaux d&rsquo;aquarium, toutes sortes de pompes et d&rsquo;\u00e9quipements de contr\u00f4le de d\u00e9bit <\/p>\n<p><a><img class=\" size-large=\"><\/a><\/p>\n<p>Param\u00e8tres techniques <\/p>\n<p>Mod\u00e8le\u00a0: WV1616 <\/p>\n<p>Sp\u00e9cifications\u00a0: Diam\u00e8tre\u00a0: \uffa6\uffb516 x \uffa6\uffb516MM <\/p>\n<p>Valves WV1616, applicables \u00e0 tous les types de raccordement de tuyaux d&rsquo;aquarium syst\u00e8me, toutes sortes de pompes et d&rsquo;\u00e9quipements de contr\u00f4le de d\u00e9bit <\/p>\n<p><a><img class=\" size-full=\"><\/a><\/p>\n<p>Param\u00e8tres techniques <\/p>\n<p>Mod\u00e8le : WV2020 <\/p>\n<p>Sp\u00e9cifications : Diam\u00e8tre : \uffa6\uffb520 x \uffa6\uffb520MM <\/p>\n<p>Valves WV2020, applicables \u00e0 tous les types de syst\u00e8mes de connexion de tuyaux d&rsquo;aquarium, \u00e0 toutes sortes de pompes et d&rsquo;\u00e9quipements de contr\u00f4le de d\u00e9bit <\/p>\n<p><a><img class=\" size-full=\"><\/a><\/p>\n<p>Param\u00e8tres techniques <\/p>\n<p>Mod\u00e8le\u00a0: WV2525 <\/p>\n<p>Sp\u00e9cifications\u00a0: Diam\u00e8tre\u00a0:\uffa6\uffb525 x \uffa6\uffb525MM <\/p>\n<p>Valves WV2525, applicables \u00e0 tous les types de syst\u00e8mes de connexion de tuyaux d&rsquo;aquarium, toutes sortes de pompes et d&rsquo;\u00e9quipements de contr\u00f4le de d\u00e9bit <\/p>\n<p><a><img class=\" size-full=\"><\/a><\/p>\n<p>Param\u00e8tres techniques <\/p>\n<p>Mod\u00e8le\u00a0: WV1610 <\/p>\n<p>Sp\u00e9cifications\u00a0: Diam\u00e8tre\u00a0: \uffa6\uffb516 x \uffa6\uffb510MM <\/p>\n<p>Valves WV1610, applicables \u00e0 tous les types de syst\u00e8mes de connexion de tuyaux d&rsquo;aquarium, \u00e0 toutes sortes de pompes et d&rsquo;\u00e9quipements de contr\u00f4le de d\u00e9bit <\/p>\n<p><a><img class=\" size-full=\"><\/a><\/p>\n<\/p>\n<\/div>\n","protected":false},"excerpt":{"rendered":"<p>Installation d&rsquo;aquarium Raccord de tuyau en plastique pour fixer l&rsquo;interrupteur de vanne<\/p>\n","protected":false},"featured_media":6444,"comment_status":"open","ping_status":"closed","template":"","meta":[],"product_brand":[],"product_cat":[358],"product_tag":[],"class_list":{"0":"post-39424","1":"product","2":"type-product","3":"status-publish","4":"has-post-thumbnail","6":"product_cat-ecumeurs-de-proteines","8":"first","9":"instock","10":"shipping-taxable","11":"purchasable","12":"product-type-simple"},"_links":{"self":[{"href":"https:\/\/www.myaquastore.com\/fr\/wp-json\/wp\/v2\/product\/39424","targetHints":{"allow":["GET"]}}],"collection":[{"href":"https:\/\/www.myaquastore.com\/fr\/wp-json\/wp\/v2\/product"}],"about":[{"href":"https:\/\/www.myaquastore.com\/fr\/wp-json\/wp\/v2\/types\/product"}],"replies":[{"embeddable":true,"href":"https:\/\/www.myaquastore.com\/fr\/wp-json\/wp\/v2\/comments?post=39424"}],"wp:featuredmedia":[{"embeddable":true,"href":"https:\/\/www.myaquastore.com\/fr\/wp-json\/wp\/v2\/media\/6444"}],"wp:attachment":[{"href":"https:\/\/www.myaquastore.com\/fr\/wp-json\/wp\/v2\/media?parent=39424"}],"wp:term":[{"taxonomy":"product_brand","embeddable":true,"href":"https:\/\/www.myaquastore.com\/fr\/wp-json\/wp\/v2\/product_brand?post=39424"},{"taxonomy":"product_cat","embeddable":true,"href":"https:\/\/www.myaquastore.com\/fr\/wp-json\/wp\/v2\/product_cat?post=39424"},{"taxonomy":"product_tag","embeddable":true,"href":"https:\/\/www.myaquastore.com\/fr\/wp-json\/wp\/v2\/product_tag?post=39424"}],"curies":[{"name":"wp","href":"https:\/\/api.w.org\/{rel}","templated":true}]}}