{"id":39427,"date":"2016-12-27T16:03:48","date_gmt":"2016-12-27T16:03:48","guid":{"rendered":"https:\/\/www.myaquastore.com\/product\/systeme-de-reservoir-installe-tube-de-connexion-de-montage-daccessoires-vers-le-bas-du-reservoir-deau-raccords-en-pvc\/"},"modified":"2025-03-16T09:14:54","modified_gmt":"2025-03-16T09:14:54","slug":"systeme-de-reservoir-installe-tube-de-connexion-de-montage-daccessoires-vers-le-bas-du-reservoir-deau-raccords-en-pvc","status":"publish","type":"product","link":"https:\/\/www.myaquastore.com\/fr\/product\/systeme-de-reservoir-installe-tube-de-connexion-de-montage-daccessoires-vers-le-bas-du-reservoir-deau-raccords-en-pvc\/","title":{"rendered":"Syst\u00e8me de r\u00e9servoir install\u00e9, tube de connexion de montage d&rsquo;accessoires vers le bas du r\u00e9servoir d&rsquo;eau, raccords en PVC"},"content":{"rendered":"<h2>Description du produit <\/h2>\n<p>R\u00e9servoir d\u00e9di\u00e9 \/ bout de tuyau en plastique PVC \u00e9tanche \/ raccords de tuyaux directs accessoires accessoires d&rsquo;aquarium, un total de cinq types de sp\u00e9cifications\u00a0: 20MM \/ 25MM \/ 32MM \/ 40MM \/ 50MM <\/p>\n<p><a><img class=\" wp-image-3725=\"><\/a><\/p>\n<\/p><\/div>\n","protected":false},"excerpt":{"rendered":"<p>Syst\u00e8me de r\u00e9servoir install\u00e9, tube de connexion de montage d&rsquo;accessoires vers le bas du r\u00e9servoir d&rsquo;eau, raccords en PVC<\/p>\n","protected":false},"featured_media":6456,"comment_status":"open","ping_status":"closed","template":"","meta":[],"product_brand":[],"product_cat":[358],"product_tag":[],"class_list":{"0":"post-39427","1":"product","2":"type-product","3":"status-publish","4":"has-post-thumbnail","6":"product_cat-ecumeurs-de-proteines","8":"first","9":"instock","10":"shipping-taxable","11":"purchasable","12":"product-type-simple"},"_links":{"self":[{"href":"https:\/\/www.myaquastore.com\/fr\/wp-json\/wp\/v2\/product\/39427","targetHints":{"allow":["GET"]}}],"collection":[{"href":"https:\/\/www.myaquastore.com\/fr\/wp-json\/wp\/v2\/product"}],"about":[{"href":"https:\/\/www.myaquastore.com\/fr\/wp-json\/wp\/v2\/types\/product"}],"replies":[{"embeddable":true,"href":"https:\/\/www.myaquastore.com\/fr\/wp-json\/wp\/v2\/comments?post=39427"}],"wp:featuredmedia":[{"embeddable":true,"href":"https:\/\/www.myaquastore.com\/fr\/wp-json\/wp\/v2\/media\/6456"}],"wp:attachment":[{"href":"https:\/\/www.myaquastore.com\/fr\/wp-json\/wp\/v2\/media?parent=39427"}],"wp:term":[{"taxonomy":"product_brand","embeddable":true,"href":"https:\/\/www.myaquastore.com\/fr\/wp-json\/wp\/v2\/product_brand?post=39427"},{"taxonomy":"product_cat","embeddable":true,"href":"https:\/\/www.myaquastore.com\/fr\/wp-json\/wp\/v2\/product_cat?post=39427"},{"taxonomy":"product_tag","embeddable":true,"href":"https:\/\/www.myaquastore.com\/fr\/wp-json\/wp\/v2\/product_tag?post=39427"}],"curies":[{"name":"wp","href":"https:\/\/api.w.org\/{rel}","templated":true}]}}