{"id":39436,"date":"2016-12-27T16:03:48","date_gmt":"2016-12-27T16:03:48","guid":{"rendered":"https:\/\/www.myaquastore.com\/product\/accessoires-dinstallation-de-systeme-daquarium-en-acrylique-boite-de-barriere-daccessoires-fsb-4a-quadruple\/"},"modified":"2025-03-16T09:14:59","modified_gmt":"2025-03-16T09:14:59","slug":"accessoires-dinstallation-de-systeme-daquarium-en-acrylique-boite-de-barriere-daccessoires-fsb-4a-quadruple","status":"publish","type":"product","link":"https:\/\/www.myaquastore.com\/fr\/product\/accessoires-dinstallation-de-systeme-daquarium-en-acrylique-boite-de-barriere-daccessoires-fsb-4a-quadruple\/","title":{"rendered":"Accessoires d&rsquo;installation de syst\u00e8me d&rsquo;aquarium en acrylique, bo\u00eete de barri\u00e8re d&rsquo;accessoires FSB-4A quadruple"},"content":{"rendered":"<h2>Description du produit <\/h2>\n<div class=\" mod=\">\n<div>\n<div>\n<div class=\" d\u00e9tail-inside=\">\n<div>\n<div>\n<div class=\" r\u00e9gion-custom=\">\n<div class=\" widget-custom=\">\n<div>\n<div class=\" mod-detail-description=\" data-mod-config='{\"showOn\":[\"mod-detail-description\"],\"title\":\"\ufffd\ufffd\u03f8\ufffd\ufffd\u03e2\",\"tabConfig\":{\"trace\":\"tabdetail\",\"showKey\":\"mod-detail-description\"}}'>\n<div class=\" de-description-detail=\">\n<div>\n<p>Manuel produit <\/p>\n<p>Manuel produit <\/p>\n<p>Mod\u00e8le\u00a0: FSB-4A <\/p>\n<p>Taille (longueur\/largeur\/hauteur)\u00a0: 400\/120\/80\u00a0MM (sp\u00e9cifications du bo\u00eetier de filet d&rsquo;isolation sans support) <\/p>\n<p>Grille du bo\u00eetier d&rsquo;isolation\u00a0: quatre cadres avec une lucarne (toit) <\/p>\n<p><a><img class=\" size-large=\"><\/a><\/p>\n<p>&amp;Nbsp; pour <\/p>\n<\/p>\n<p>&amp;Nbsp; pour <\/p>\n<p>Caract\u00e9ristiques de la bo\u00eete de barri\u00e8re maritime Source <\/p>\n<p>1 mat\u00e9riaux de lentille acrylique haute luminosit\u00e9, technologie de traitement laser professionnelle de production, produits raffin\u00e9s et sens \u00e9lev\u00e9 de la perspective. <\/p>\n<p>Le design unique du pendentif 2, s&rsquo;applique \u00e0 tous les r\u00e9servoirs ouverts ou avec \u00e9tirement\/traction de l&rsquo;aquarium, la hauteur peut \u00eatre ajust\u00e9e librement. <\/p>\n<p>3 trous d&rsquo;eau des deux c\u00f4t\u00e9s d&rsquo;une longue conception \u00e0 bande permettent \u00e0 l&rsquo;eau de s&rsquo;\u00e9couler \u00e0 travers une bo\u00eete d&rsquo;isolation plus lisse et ne risque pas de provoquer de l&rsquo;eau stagnante, afin de garantir que l&rsquo;effet d&rsquo;isolation et d&rsquo;adaptation du poisson nouvellement ajout\u00e9 (apr\u00e8s l&rsquo;exp\u00e9rience, les trous ronds traditionnels, l&rsquo;eau s&rsquo;\u00e9coule facilement, les gouttes d&rsquo;eau accumul\u00e9es, provoquant un blocage, bloquant le flux fluide de l&rsquo;\u00e9change et l&rsquo;\u00e9coulement de l&rsquo;eau \u00e0 l&rsquo;int\u00e9rieur et \u00e0 l&rsquo;ext\u00e9rieur du corps) montr\u00e9 ci-dessous <\/p>\n<p><a><img class=\" alignnone=\"><\/a><\/p>\n<p>4 emball\u00e9s individuellement (contrairement \u00e0 certaines marques de bo\u00eetes d&rsquo;isolation, les feuilles acryliques doivent \u00eatre r\u00e9assembl\u00e9es, mais elles sont \u00e9galement faciles \u00e0 couper accidentellement en raison de probl\u00e8mes caus\u00e9s par la feuille acrylique qui ne peut pas \u00eatre combin\u00e9e avec succ\u00e8s ou cass\u00e9e \u00e0 moiti\u00e9), pr\u00eates \u00e0 l&#8217;emploi, faciles \u00e0 utiliser. <\/p>\n<p>5 sp\u00e9cifications diff\u00e9rentes ont \u00e9t\u00e9 enti\u00e8rement prises en compte et la taille du poisson commun scientifique et la port\u00e9e tourn\u00e9e, le rapport d&rsquo;aspect de la profondeur sont raisonnables. <\/p>\n<p>6 bo\u00eetes d&rsquo;isolation avec un dessus rabattable, le couvercle peut \u00eatre ouvert et ferm\u00e9 librement, facile \u00e0 entretenir. (Voir ci-dessous) <\/p>\n<p><a><img class=\" size-large=\"><\/a><\/p>\n<\/p>\n<p><strong>Ajouter de nouveaux poissons, la premi\u00e8re p\u00e9riode d&rsquo;isolement, pour pr\u00e9venir et combattre les poissons d&rsquo;origine et aider les nouveaux arrivants \u00e0 s&rsquo;adapter au nouvel environnement, la quantit\u00e9 de poissons, l&rsquo;image suivante montre des exemples <\/strong><\/p>\n<p><a><img class=\" alignnone=\"><\/a> <a><img class=\" alignnone=\"><\/a> <a><img class=\" alignnone=\"><\/a> <a><img class=\" alignnone=\"><\/a> <a><img class=\" alignnone=\"><\/a><\/p>\n<p><strong>Choisissez l&rsquo;une des trois options\u00a0: <\/strong><\/p>\n<p><a><img class=\" alignnone=\"><\/a><\/p>\n<\/p><\/div><\/div><\/div><\/div><\/div>\n<div class=\" widget-custom=\"><\/div><\/div><\/div><\/div><\/div><\/div><\/div><\/div>\n<div class=\" mod=\">\n<div>\n<div>\n<div class=\" d\u00e9tail-inside=\">\n<div>\n<div>\n<div class=\" r\u00e9gion-custom=\">\n<div class=\" widget-custom=\">\n<div> &lt;div class=&quot; mod-detail-dealrecord=&quot; mod-info&quot;=&quot; id=&quot; mod-detail-dealrecord&quot;=&quot; style=&quot; margin:=&quot; 0px=&quot; 0px=&quot; 32px;=&quot; position:=&quot; relative;&quot;=&quot; data-mod-config=&#039;{&quot;showOn&quot;:[&quot;mod-detail-description&quot;,&quot;mod-detail-dealrecord&quot;],&quot;title&quot;:&quot;\ufffd\ufffd\u027d\ufffd<em>0<\/em>\u00ab\u00a0,\u00a0\u00bbtabConfig\u00a0\u00bb:{\u00ab\u00a0trace\u00a0\u00bb:\u00a0\u00bbtabdealrecord\u00a0\u00bb,\u00a0\u00bbshowKey\u00a0\u00bb:\u00a0\u00bbmod-detail-dealrecord\u00a0\u00bb },\u00a0\u00bbremarkListUrl\u00a0\u00bb: \u00ab\u00a0http:\/\/rate.1688.com\/remark\/offerDetail\/saleRecords.json?offerId=523308774131\u00a0\u00bb, \u00ab\u00a0total\u00a0\u00bb: \u00ab\u00a00\u00a0\u00bb, \u00ab\u00a0halfYearTotal\u00a0\u00bb: \u00ab\u00a00\u00a0\u00bb, \u00ab\u00a0totalRate\u00a0\u00bb: \u00ab\u00a00\u00a0\u00bb, \u00ab\u00a0isTgcSKUOffer\u00a0\u00bb: \u00ab\u00a0false\u00a0\u00bb}&rsquo;&gt; <\/p>\n<div class=\" header=\">\n<h2>Enregistrement de transaction <\/h2>\n<\/p><\/div><\/div><\/div><\/div><\/div><\/div><\/div><\/div><\/div><\/div><\/div><\/div>\n","protected":false},"excerpt":{"rendered":"<p>Accessoires d&rsquo;installation de syst\u00e8me d&rsquo;aquarium en acrylique, bo\u00eete de barri\u00e8re d&rsquo;accessoires FSB-4A quadruple<\/p>\n","protected":false},"featured_media":6495,"comment_status":"open","ping_status":"closed","template":"","meta":[],"product_brand":[],"product_cat":[358],"product_tag":[],"class_list":{"0":"post-39436","1":"product","2":"type-product","3":"status-publish","4":"has-post-thumbnail","6":"product_cat-ecumeurs-de-proteines","8":"first","9":"instock","10":"shipping-taxable","11":"purchasable","12":"product-type-simple"},"_links":{"self":[{"href":"https:\/\/www.myaquastore.com\/fr\/wp-json\/wp\/v2\/product\/39436","targetHints":{"allow":["GET"]}}],"collection":[{"href":"https:\/\/www.myaquastore.com\/fr\/wp-json\/wp\/v2\/product"}],"about":[{"href":"https:\/\/www.myaquastore.com\/fr\/wp-json\/wp\/v2\/types\/product"}],"replies":[{"embeddable":true,"href":"https:\/\/www.myaquastore.com\/fr\/wp-json\/wp\/v2\/comments?post=39436"}],"wp:featuredmedia":[{"embeddable":true,"href":"https:\/\/www.myaquastore.com\/fr\/wp-json\/wp\/v2\/media\/6495"}],"wp:attachment":[{"href":"https:\/\/www.myaquastore.com\/fr\/wp-json\/wp\/v2\/media?parent=39436"}],"wp:term":[{"taxonomy":"product_brand","embeddable":true,"href":"https:\/\/www.myaquastore.com\/fr\/wp-json\/wp\/v2\/product_brand?post=39436"},{"taxonomy":"product_cat","embeddable":true,"href":"https:\/\/www.myaquastore.com\/fr\/wp-json\/wp\/v2\/product_cat?post=39436"},{"taxonomy":"product_tag","embeddable":true,"href":"https:\/\/www.myaquastore.com\/fr\/wp-json\/wp\/v2\/product_tag?post=39436"}],"curies":[{"name":"wp","href":"https:\/\/api.w.org\/{rel}","templated":true}]}}