{"id":32185,"date":"2014-06-21T15:54:00","date_gmt":"2014-06-21T15:54:00","guid":{"rendered":"https:\/\/www.myaquastore.com\/product\/a-bomba-dosadora-de-cores-maritimas-mcd-3-m-gerencia-ate-6-canais-de-expansao\/"},"modified":"2025-03-16T08:53:08","modified_gmt":"2025-03-16T08:53:08","slug":"a-bomba-dosadora-de-cores-maritimas-mcd-3-m-gerencia-ate-6-canais-de-expansao","status":"publish","type":"product","link":"https:\/\/www.myaquastore.com\/pt-br\/produto\/a-bomba-dosadora-de-cores-maritimas-mcd-3-m-gerencia-ate-6-canais-de-expansao\/","title":{"rendered":"A bomba dosadora de cores mar\u00edtimas MCD-3-M gerencia at\u00e9 6 canais de expans\u00e3o"},"content":{"rendered":"<p><strong>Recurso<\/strong><\/p>\n<ul style=\"list-style-type: nenhum\">\n<li style=\"background: url('http:\/\/www.reefshops.com\/skins\/default_blue\/customer\/images\/icons\/dot_dark.gif') no-repeat 1px 7px;padding-bottom: 6px;padding-top: 1px;padding-left: 11px;padding-right: 0px\"><strong>Microcomputador automaticamente controle<\/strong><\/li>\n<li style=\"background: url('http:\/\/www.reefshops.com\/skins\/default_blue\/customer\/images\/icons\/dot_dark.gif') no-repeat 1px 7px;padding-bottom: 6px;padding-top: 1px;padding-left: 11px;padding-right: 0px\"><strong>A bomba \u00e9 fornecida com longa vida \u00fatil Pharmed mangueira (a vida \u00fatil \u00e9 60 vezes maior que a dos tubos de silicone)<br \/><\/strong><\/li>\n<li style=\"background: url('http:\/\/www.reefshops.com\/skins\/default_blue\/customer\/images\/icons\/dot_dark.gif') no-repeat 1px 7px;padding-bottom: 6px;padding-top: 1px;padding-left: 11px;padding-right: 0px\"><strong>Configura\u00e7\u00f5es de par\u00e2metros da interface interativa<\/strong><\/li>\n<li style=\"background: url('http:\/\/www.reefshops.com\/skins\/default_blue\/customer\/images\/icons\/dot_dark.gif') no-repeat 1px 7px;padding-bottom: 6px;padding-top: 1px;padding-left: 11px;padding-right: 0px\"><strong><span style=\"background-color: #ffff00\">Use o sistema de calibra\u00e7\u00e3o para calibrar as bombas de maneira mais precisa<\/span><\/strong><\/li>\n<li style=\"background: url('http:\/\/www.reefshops.com\/skins\/default_blue\/customer\/images\/icons\/dot_dark.gif') no-repeat 1px 7px;padding-bottom: 6px;padding-top: 1px;padding-left: 11px;padding-right: 0px\"><strong>Pode gerenciar at\u00e9 6 canais de expans\u00e3o<\/strong><\/li>\n<li style=\"background: url('http:\/\/www.reefshops.com\/skins\/default_blue\/customer\/images\/icons\/dot_dark.gif') no-repeat 1px 7px;padding-bottom: 6px;padding-top: 1px;padding-left: 11px;padding-right: 0px\"><strong><span style=\"background-color: #ffff00\">a bomba pode ter o hor\u00e1rio de in\u00edcio e parada configurado separadamente<\/span><\/strong><\/li>\n<\/ul>\n<p><strong>Especifica\u00e7\u00f5es<\/strong><\/p>\n<ul style=\"list-style-type: nenhum\">\n<li style=\"background: url('http:\/\/www.reefshops.com\/skins\/default_blue\/customer\/images\/icons\/dot_dark.gif') no-repeat 1px 7px;padding-bottom: 6px;padding-top: 1px;padding-left: 11px;padding-right: 0px\"><strong>Modelo: MCD-3-M<\/strong><\/li>\n<li style=\"background: url('http:\/\/www.reefshops.com\/skins\/default_blue\/customer\/images\/icons\/dot_dark.gif') no-repeat 1px 7px;padding-bottom: 6px;padding-top: 1px;padding-left: 11px;padding-right: 0px\"><strong><strong><span lang=\"PT-BR\"><span style=\"font-size: small\">Fonte de alimenta\u00e7\u00e3o: 12V 2A (vem com o adaptador de energia para todo o mundo)<\/span><\/span><\/strong><\/strong><\/li>\n<li style=\"background: url('http:\/\/www.reefshops.com\/skins\/default_blue\/customer\/images\/icons\/dot_dark.gif') no-repeat 1px 7px;padding-bottom: 6px;padding-top: 1px;padding-left: 11px;padding-right: 0px\"><strong>Precis\u00e3o: melhor que \u00b1 3%<\/strong><\/li>\n<li style=\"background: url('http:\/\/www.reefshops.com\/skins\/default_blue\/customer\/images\/icons\/dot_dark.gif') no-repeat 1px 7px;padding-bottom: 6px;padding-top: 1px;padding-left: 11px;padding-right: 0px\"><strong>Tamanho: 220x140x60mm<\/strong><\/li>\n<li style=\"background: url('http:\/\/www.reefshops.com\/skins\/default_blue\/customer\/images\/icons\/dot_dark.gif') no-repeat 1px 7px;padding-bottom: 6px;padding-top: 1px;padding-left: 11px;padding-right: 0px\"><strong>Fluxo:1-4999ml<\/strong><\/li>\n<li style=\"background: url('http:\/\/www.reefshops.com\/skins\/default_blue\/customer\/images\/icons\/dot_dark.gif') no-repeat 1px 7px;padding-bottom: 6px;padding-top: 1px;padding-left: 11px;padding-right: 0px\"><strong>Ciclo: M\u00e1x.: 24 ciclos por dia<\/strong><\/li>\n<li style=\"background: url('http:\/\/www.reefshops.com\/skins\/default_blue\/customer\/images\/icons\/dot_dark.gif') no-repeat 1px 7px;padding-bottom: 6px;padding-top: 1px;padding-left: 11px;padding-right: 0px\"><strong>Silicone 6M?<\/strong><strong>Tubo incluir<\/strong><\/li>\n<li style=\"background: url('http:\/\/www.reefshops.com\/skins\/default_blue\/customer\/images\/icons\/dot_dark.gif') no-repeat 1px 7px;padding-bottom: 6px;padding-top: 1px;padding-left: 11px;padding-right: 0px\"><strong>Um cilindro de medi\u00e7\u00e3o inclu\u00eddo<\/strong><\/li>\n<\/ul>\n","protected":false},"excerpt":{"rendered":"<p>Use o sistema de calibra\u00e7\u00e3o, para calibrar as bombas, mais preciso, a bomba pode ser definida para iniciar e parar o tempo separadamente<\/p>\n","protected":false},"featured_media":71,"comment_status":"open","ping_status":"closed","template":"","meta":[],"product_brand":[],"product_cat":[1257],"product_tag":[],"class_list":{"0":"post-32185","1":"product","2":"type-product","3":"status-publish","4":"has-post-thumbnail","6":"product_cat-bomba-doseadora-e-acessorio","8":"first","9":"instock","10":"shipping-taxable","11":"purchasable","12":"product-type-simple"},"_links":{"self":[{"href":"https:\/\/www.myaquastore.com\/pt-br\/wp-json\/wp\/v2\/product\/32185","targetHints":{"allow":["GET"]}}],"collection":[{"href":"https:\/\/www.myaquastore.com\/pt-br\/wp-json\/wp\/v2\/product"}],"about":[{"href":"https:\/\/www.myaquastore.com\/pt-br\/wp-json\/wp\/v2\/types\/product"}],"replies":[{"embeddable":true,"href":"https:\/\/www.myaquastore.com\/pt-br\/wp-json\/wp\/v2\/comments?post=32185"}],"wp:featuredmedia":[{"embeddable":true,"href":"https:\/\/www.myaquastore.com\/pt-br\/wp-json\/wp\/v2\/media\/71"}],"wp:attachment":[{"href":"https:\/\/www.myaquastore.com\/pt-br\/wp-json\/wp\/v2\/media?parent=32185"}],"wp:term":[{"taxonomy":"product_brand","embeddable":true,"href":"https:\/\/www.myaquastore.com\/pt-br\/wp-json\/wp\/v2\/product_brand?post=32185"},{"taxonomy":"product_cat","embeddable":true,"href":"https:\/\/www.myaquastore.com\/pt-br\/wp-json\/wp\/v2\/product_cat?post=32185"},{"taxonomy":"product_tag","embeddable":true,"href":"https:\/\/www.myaquastore.com\/pt-br\/wp-json\/wp\/v2\/product_tag?post=32185"}],"curies":[{"name":"wp","href":"https:\/\/api.w.org\/{rel}","templated":true}]}}