{"id":32201,"date":"2014-06-24T07:59:44","date_gmt":"2014-06-24T07:59:44","guid":{"rendered":"https:\/\/www.myaquastore.com\/product\/filtro-externo-de-canister-sunsun-hw-603b-mini-aquario-106-gph-ate-20-galoes-para-uso-em-tanque-nano\/"},"modified":"2025-03-16T08:12:05","modified_gmt":"2025-03-16T08:12:05","slug":"filtro-externo-de-canister-sunsun-hw-603b-mini-aquario-106-gph-ate-20-galoes-para-uso-em-tanque-nano","status":"publish","type":"product","link":"https:\/\/www.myaquastore.com\/pt-br\/produto\/filtro-externo-de-canister-sunsun-hw-603b-mini-aquario-106-gph-ate-20-galoes-para-uso-em-tanque-nano\/","title":{"rendered":"FILTRO EXTERNO DE CANISTER SUNSUN HW-603B MINI AQU\u00c1RIO 106 GPH AT\u00c9 20 GAL\u00d5ES para uso em tanque nano"},"content":{"rendered":"<p><span style=\"font-family: Arial\">O filtro canister multiest\u00e1gio SunSun HW-603B \u00e9 ideal para tanques de at\u00e9 20 gal\u00f5es. Ele lida com at\u00e9 106 gal\u00f5es por hora. O SunSun HW-603B inclui almofadas de filtro, mangueiras e todas as pe\u00e7as que voc\u00ea precisa para come\u00e7ar. H\u00e1 espa\u00e7o acima e abaixo das almofadas de filtro onde voc\u00ea pode adicionar meios de filtra\u00e7\u00e3o, como carv\u00f5es ativados, an\u00e9is de cer\u00e2mica ou biobolas (vendidas separadamente) para obter excelente filtragem mec\u00e2nica, qu\u00edmica e biol\u00f3gica. Para sugar \u00e1gua para o filtro, basta encher o filtro com \u00e1gua e ligar a energia. O SunSun HW-603B tamb\u00e9m pode ser usado como pr\u00e9-filtro para outros filtros canister SunSun.<\/span><\/p>\n<div class=\"conte\u00fado\">\n<ul>\n<li><span style=\"font-family: Arial\">Bom para aqu\u00e1rios de at\u00e9 20 gal\u00f5es<\/span><\/li>\n<li><span style=\"font-family: Arial\">Dimens\u00e3o: 6,5&#8243; C X 6,5&#8243; L X 11&#8243; A<\/span><\/li>\n<li><span style=\"font-family: Arial\">Vaz\u00e3o: 106 GPH (400L\/h)<\/span><\/li>\n<li><span style=\"font-family: Arial\">Pot\u00eancia da bomba: 6W<\/span><\/li>\n<li><span style=\"font-family: Arial\">Tens\u00e3o: 220V\/50hz<\/span><\/li>\n<li><span style=\"font-family: Arial\">M\u00eddia adicional pode ser colocada no espa\u00e7o acima e abaixo das almofadas de filtro<\/span><\/li>\n<li><span style=\"font-family: Arial\">Capaz de filtragem mec\u00e2nica, biol\u00f3gica e qu\u00edmica<\/span><\/li>\n<li><span style=\"font-family: Arial\">F\u00e1cil instala\u00e7\u00e3o, sem montagem complicada<\/span><\/li>\n<li><span style=\"font-family: Arial\">Inclui almofadas de filtro, mangueiras e todas as pe\u00e7as para come\u00e7ar<\/span><\/li>\n<li><span style=\"font-family: Arial\">Adequado para \u00e1gua doce e marinha<\/span><\/li>\n<\/ul>\n<p><span style=\"font-family: Arial\">Incluir:<\/span><\/p>\n<p><span style=\"font-family: Arial;font-size: medium\">1x discri\u00e7\u00e3o de entrada e sa\u00edda<\/span><\/p>\n<p><span style=\"font-family: Arial;font-size: medium\">1x cabe\u00e7a de barril<\/span><\/p>\n<p><span style=\"font-family: Arial;font-size: medium\">1x Filtro Canister<\/span><\/p>\n<p><span style=\"font-family: Arial\">1<\/span><span style=\"font-family: Arial;font-size: Medium\">x Bomba de \u00e1gua<\/span><\/p>\n<p><span style=\"font-family: Arial;font-size: medium\">1x conector de entrada de \u00e1gua com v\u00e1lvula de controle de fluxo<\/span><\/p>\n<p><span style=\"font-family: Arial\">1<\/span><span style=\"font-family: Arial;font-size: Medium\">x Placa de filtro superior<\/span><\/p>\n<p><span style=\"font-family: Arial;font-size: medium\">1x sob a placa de filtro<\/span><\/p>\n<p><span style=\"font-family: Arial;font-size: medium\">1x barra curva de entrada<\/span><\/p>\n<p>1x Barra Curva de Sa\u00edda<\/p>\n<p><span style=\"font-family: Arial\">1<\/span><span style=\"font-family: Arial;font-size: Medium\">x barras de pulveriza\u00e7\u00e3o<\/span><\/p>\n<p><span style=\"font-family: Arial;font-size: Medium\">1x Sa\u00edda de \u00e1gua<\/span><\/p>\n<p><span style=\"font-family: Arial\">2<\/span><span style=\"font-family: Arial;font-size: medium\">x Barras de entrada<\/span><\/p>\n<p><span style=\"font-family: Arial;font-size: medium\">1x capa de entrada<\/span><\/p>\n<p><span style=\"font-family: Arial;font-size: medium\">3x esponja de filtro grosso<\/span><\/p>\n<p><span style=\"font-size: Medium\">4x Ventosas<\/span><\/p>\n<\/p><\/div>\n","protected":false},"excerpt":{"rendered":"<p>para uso em mini tanque nano,<br \/>\n ideia para aqu\u00e1rio fresco e marinho<br \/>\n economizando energia e alto efeito<\/p>\n","protected":false},"featured_media":169,"comment_status":"open","ping_status":"closed","template":"","meta":[],"product_brand":[],"product_cat":[1260],"product_tag":[],"class_list":{"0":"post-32201","1":"product","2":"type-product","3":"status-publish","4":"has-post-thumbnail","6":"product_cat-filtros-de-aquario-canister","8":"first","9":"instock","10":"shipping-taxable","11":"purchasable","12":"product-type-simple"},"_links":{"self":[{"href":"https:\/\/www.myaquastore.com\/pt-br\/wp-json\/wp\/v2\/product\/32201","targetHints":{"allow":["GET"]}}],"collection":[{"href":"https:\/\/www.myaquastore.com\/pt-br\/wp-json\/wp\/v2\/product"}],"about":[{"href":"https:\/\/www.myaquastore.com\/pt-br\/wp-json\/wp\/v2\/types\/product"}],"replies":[{"embeddable":true,"href":"https:\/\/www.myaquastore.com\/pt-br\/wp-json\/wp\/v2\/comments?post=32201"}],"wp:featuredmedia":[{"embeddable":true,"href":"https:\/\/www.myaquastore.com\/pt-br\/wp-json\/wp\/v2\/media\/169"}],"wp:attachment":[{"href":"https:\/\/www.myaquastore.com\/pt-br\/wp-json\/wp\/v2\/media?parent=32201"}],"wp:term":[{"taxonomy":"product_brand","embeddable":true,"href":"https:\/\/www.myaquastore.com\/pt-br\/wp-json\/wp\/v2\/product_brand?post=32201"},{"taxonomy":"product_cat","embeddable":true,"href":"https:\/\/www.myaquastore.com\/pt-br\/wp-json\/wp\/v2\/product_cat?post=32201"},{"taxonomy":"product_tag","embeddable":true,"href":"https:\/\/www.myaquastore.com\/pt-br\/wp-json\/wp\/v2\/product_tag?post=32201"}],"curies":[{"name":"wp","href":"https:\/\/api.w.org\/{rel}","templated":true}]}}