{"id":32204,"date":"2014-06-24T08:58:45","date_gmt":"2014-06-24T08:58:45","guid":{"rendered":"https:\/\/www.myaquastore.com\/product\/filtro-cascata-sunsun-hbl-302-hang-on-220-240v-para-tanque-fresco-sal-planta\/"},"modified":"2025-03-16T08:12:06","modified_gmt":"2025-03-16T08:12:06","slug":"filtro-cascata-sunsun-hbl-302-hang-on-220-240v-para-tanque-fresco-sal-planta","status":"publish","type":"product","link":"https:\/\/www.myaquastore.com\/pt-br\/produto\/filtro-cascata-sunsun-hbl-302-hang-on-220-240v-para-tanque-fresco-sal-planta\/","title":{"rendered":"Filtro cascata SUNSUN HBL-302 Hang On 220-240V para tanque fresco\/sal\/planta"},"content":{"rendered":"<p><span style=\"color: #800000;font-family: 'Arial Unicode MS';font-size: large\">Filtro Aquarium SUNSUN Hang On 220-240V para tanque de plantas frescas\/salgadas<\/span><\/p>\n<\/p>\n<ul>\n<li>\n<p align=\"left\"><span style=\"font-family: 'Arial Unicode MS'\">NOVIDADE<span lang=\"zh-cn\">.<\/span><\/span><\/p>\n<\/li>\n<li>\n<p align=\"left\"><span lang=\"zh-cn\"><span style=\"font-family: 'Arial Unicode MS'\">A entrada de \u00e1gua pode ser ajustada de acordo com o n\u00edvel de \u00e1gua no aqu\u00e1rio.<\/span><\/span><\/p>\n<\/li>\n<li>\n<p align=\"left\"><span lang=\"zh-cn\"><span style=\"font-family: 'Arial Unicode MS'\">O fluxo pode ser ajustado de acordo com sua necessidade pelo switch.<\/span><\/span><\/p>\n<\/li>\n<li>\n<p align=\"left\"><span style=\"font-family: 'Arial Unicode MS'\">Excelente <span lang=\"zh-cn\">filtro<\/span> para tanque de \u00e1gua salgada ou doce<span lang=\"zh-cn\">, combinando o filtro bioqu\u00edmico.<\/span><\/span><\/p>\n<\/li>\n<li>\n<p align=\"left\"><span lang=\"zh-cn\"><span style=\"font-family: 'Arial Unicode MS'\">A placa de carv\u00e3o ativado deve ser lavada regularmente.<\/span><\/span><\/p>\n<\/li>\n<li>\n<p align=\"left\"><span lang=\"zh-cn\"><span style=\"font-family: 'Arial Unicode MS'\">Com design de raz\u00e3o, f\u00e1cil e conveniente para lavar.<\/span><\/span><\/p>\n<\/li>\n<li>\n<p align=\"left\"><span lang=\"zh-cn\"><span style=\"font-family: 'Arial Unicode MS'\">Baixo ru\u00eddo operacional.<\/span><\/span><\/p>\n<\/li>\n<li>\n<p align=\"left\"><span lang=\"zh-cn\"><span style=\"font-family: 'Arial Unicode MS'\">Ele vem com uma bomba.<\/span><\/span><\/p>\n<\/li>\n<\/ul>\n<p align=\"left\"><span>Especifica\u00e7\u00e3o:<\/span><\/p>\n<p align=\"left\"><span>Modelo:<\/span><\/p>\n<\/p>\n<p><span style=\"font-family: 'Arial Unicode MS'\"> <\/span><\/p>\n<p align=\"left\"><span>HBL-302<\/span><\/p>\n<\/p>\n<ul>\n<li>\n<p align=\"left\"><span lang=\"en-us\"><span style=\"font-family: 'Arial Unicode MS'\">Tens\u00e3o: 220-240V <span style=\"color: #ff0000\">(N\u00e3o funciona nos EUA\/Canad\u00e1 110\/120V)<\/span><\/span><\/span><\/p>\n<\/li>\n<li>\n<p align=\"left\"><span lang=\"en-us\"><span style=\"font-family: 'Arial Unicode MS'\">Pot\u00eancia: Pot\u00eancia 3W<\/span><\/span><\/p>\n<\/li>\n<li>\n<p align=\"left\"><span lang=\"en-us\"><span style=\"font-family: 'Arial Unicode MS'\">Sa\u00edda da bomba: 350L\/H<\/span><\/span><\/p>\n<\/li>\n<li>\n<p align=\"left\"><span lang=\"en-us\"><span style=\"font-family: 'Arial Unicode MS'\">Comprimento do cabo: ~1,4M<\/span><\/span><\/p>\n<\/li>\n<li>\n<p align=\"left\"><span>Tamanho HBL-302: 65X140X115 (L X L X A). <\/span><\/p>\n<\/li>\n<\/ul>\n","protected":false},"excerpt":{"rendered":"<p>pequena pot\u00eancia, alto efeito, f\u00e1cil limpeza<\/p>\n","protected":false},"featured_media":193,"comment_status":"open","ping_status":"closed","template":"","meta":[],"product_brand":[],"product_cat":[627],"product_tag":[],"class_list":{"0":"post-32204","1":"product","2":"type-product","3":"status-publish","4":"has-post-thumbnail","6":"product_cat-filtros-de-aquario","8":"first","9":"instock","10":"shipping-taxable","11":"purchasable","12":"product-type-simple"},"_links":{"self":[{"href":"https:\/\/www.myaquastore.com\/pt-br\/wp-json\/wp\/v2\/product\/32204","targetHints":{"allow":["GET"]}}],"collection":[{"href":"https:\/\/www.myaquastore.com\/pt-br\/wp-json\/wp\/v2\/product"}],"about":[{"href":"https:\/\/www.myaquastore.com\/pt-br\/wp-json\/wp\/v2\/types\/product"}],"replies":[{"embeddable":true,"href":"https:\/\/www.myaquastore.com\/pt-br\/wp-json\/wp\/v2\/comments?post=32204"}],"wp:featuredmedia":[{"embeddable":true,"href":"https:\/\/www.myaquastore.com\/pt-br\/wp-json\/wp\/v2\/media\/193"}],"wp:attachment":[{"href":"https:\/\/www.myaquastore.com\/pt-br\/wp-json\/wp\/v2\/media?parent=32204"}],"wp:term":[{"taxonomy":"product_brand","embeddable":true,"href":"https:\/\/www.myaquastore.com\/pt-br\/wp-json\/wp\/v2\/product_brand?post=32204"},{"taxonomy":"product_cat","embeddable":true,"href":"https:\/\/www.myaquastore.com\/pt-br\/wp-json\/wp\/v2\/product_cat?post=32204"},{"taxonomy":"product_tag","embeddable":true,"href":"https:\/\/www.myaquastore.com\/pt-br\/wp-json\/wp\/v2\/product_tag?post=32204"}],"curies":[{"name":"wp","href":"https:\/\/api.w.org\/{rel}","templated":true}]}}