{"id":32206,"date":"2014-06-26T04:32:10","date_gmt":"2014-06-26T04:32:10","guid":{"rendered":"https:\/\/www.myaquastore.com\/product\/bombas-submersiveis-para-tanque-de-peixes-aquario-fresco-marinho-bomba-de-agua-hqb-2500-55w-530gph\/"},"modified":"2025-03-16T08:12:06","modified_gmt":"2025-03-16T08:12:06","slug":"bombas-submersiveis-para-tanque-de-peixes-aquario-fresco-marinho-bomba-de-agua-hqb-2500-55w-530gph","status":"publish","type":"product","link":"https:\/\/www.myaquastore.com\/pt-br\/produto\/bombas-submersiveis-para-tanque-de-peixes-aquario-fresco-marinho-bomba-de-agua-hqb-2500-55w-530gph\/","title":{"rendered":"Bombas submers\u00edveis para tanque de peixes, aqu\u00e1rio fresco marinho, bomba de \u00e1gua HQB-2500 55W 530gph"},"content":{"rendered":"<div align=\"left\"><span style=\"font-size: large\">HQB-2500<br \/><\/span><\/div>\n<div align=\"left\"><span style=\"font-size: large\">Recursos:<\/span><\/div>\n<div>\n<ul>\n<li>Bombas <span style=\"color: #ff0000\">530 gal\u00f5es por hora<\/span>.<\/li>\n<li>Usado como fonte de \u00e1gua, bomba estatu\u00e1ria ou bomba de aqu\u00e1rio.<\/li>\n<li>Eixo de cer\u00e2mica <span style=\"color: #ff0000\">\u00e0 prova de desgaste<\/span> significa bomba mais duradoura.<\/li>\n<li><span style=\"color: #ff0000\">Motor sem \u00f3leo<\/span><\/li>\n<li><span style=\"color: #ff0000\">Muito silencioso<\/span><\/li>\n<\/ul><\/div>\n<div align=\"left\"><span style=\"font-size: large\">Esta pot\u00eancia de bomba \u00e9 boa para:<\/span><\/div>\n<div>\n<ul>\n<li><span style=\"color: #ff0000\">Fontes\/Estatu\u00e1ria<\/span> &#8211; Recomendado: Dobre a altura da fonte de \u00e1gua ou da est\u00e1tua at\u00e9 a altura m\u00e1xima da bomba. Se houver muita energia, \u00e9 melhor diminuir o volume do que comprar uma bomba que n\u00e3o seja forte o suficiente.<\/li>\n<li>\u00d3timo para <span style=\"color: #ff0000\">c\u00e1rteres de aqu\u00e1rio, filtros \u00famidos\/secos, filtros de gotejamento e uso como cabe\u00e7a motriz!!!<\/span><\/li>\n<\/ul><\/div>\n<p align=\"left\"><span style=\"font-size: large\">Especifica\u00e7\u00f5es:<\/span><\/p>\n<div>\n<ul>\n<li>\n<div align=\"left\">220V &#8211; 50Hz<\/div>\n<\/li>\n<li>\n<div align=\"left\">Watts: 55W<\/div>\n<\/li>\n<li>\n<div align=\"left\">Dimens\u00f5es: 6&#8243; x 3 3\/16&#8243; x 3 5\/8&#8243;<\/div>\n<\/li>\n<li>\n<div align=\"left\">Dimens\u00f5es b\u00e1sicas: 4 11\/16&#8243; x 4 1\/8&#8243; x 1\/2&#8243;<\/div>\n<\/li>\n<li>\n<div align=\"left\">Cord\u00e3o: 9&#8242;<\/div>\n<\/li>\n<li>\n<div align=\"left\">Entrada: 7\/8&#8243;<\/div>\n<\/li>\n<li>\n<div align=\"left\">Sa\u00edda: 3\/4&#8243;<\/div>\n<\/li>\n<li>\n<div align=\"left\">Taxa de fluxo: 530gph<\/div>\n<\/li>\n<\/ul>\n<ul>\n<li>\n<div align=\"left\"><span style=\"font-size: large\">Cabe\u00e7alho m\u00e1ximo: 8,0&#8242;<\/span><\/div>\n<\/li>\n<\/ul><\/div>\n","protected":false},"excerpt":{"rendered":"<p>f\u00e1cil de usar e limpar<br \/>\n para aqu\u00e1rio marinho e fresco<\/p>\n","protected":false},"featured_media":215,"comment_status":"open","ping_status":"closed","template":"","meta":[],"product_brand":[],"product_cat":[777],"product_tag":[],"class_list":{"0":"post-32206","1":"product","2":"type-product","3":"status-publish","4":"has-post-thumbnail","6":"product_cat-bombas-de-agua","8":"first","9":"instock","10":"shipping-taxable","11":"purchasable","12":"product-type-simple"},"_links":{"self":[{"href":"https:\/\/www.myaquastore.com\/pt-br\/wp-json\/wp\/v2\/product\/32206","targetHints":{"allow":["GET"]}}],"collection":[{"href":"https:\/\/www.myaquastore.com\/pt-br\/wp-json\/wp\/v2\/product"}],"about":[{"href":"https:\/\/www.myaquastore.com\/pt-br\/wp-json\/wp\/v2\/types\/product"}],"replies":[{"embeddable":true,"href":"https:\/\/www.myaquastore.com\/pt-br\/wp-json\/wp\/v2\/comments?post=32206"}],"wp:featuredmedia":[{"embeddable":true,"href":"https:\/\/www.myaquastore.com\/pt-br\/wp-json\/wp\/v2\/media\/215"}],"wp:attachment":[{"href":"https:\/\/www.myaquastore.com\/pt-br\/wp-json\/wp\/v2\/media?parent=32206"}],"wp:term":[{"taxonomy":"product_brand","embeddable":true,"href":"https:\/\/www.myaquastore.com\/pt-br\/wp-json\/wp\/v2\/product_brand?post=32206"},{"taxonomy":"product_cat","embeddable":true,"href":"https:\/\/www.myaquastore.com\/pt-br\/wp-json\/wp\/v2\/product_cat?post=32206"},{"taxonomy":"product_tag","embeddable":true,"href":"https:\/\/www.myaquastore.com\/pt-br\/wp-json\/wp\/v2\/product_tag?post=32206"}],"curies":[{"name":"wp","href":"https:\/\/api.w.org\/{rel}","templated":true}]}}